{"id":1303,"date":"2024-07-15T21:28:59","date_gmt":"2024-07-15T18:28:59","guid":{"rendered":"https:\/\/wristbandfactory.eu\/toode\/vivid-wrist-silicone-keyholders-2\/"},"modified":"2026-01-09T18:30:08","modified_gmt":"2026-01-09T15:30:08","slug":"silicone-bangle-keyholders","status":"publish","type":"product","link":"https:\/\/wristbandfactory.eu\/et\/p\/silicone-bangle-keyholders\/","title":{"rendered":"Silikoonist k\u00e4epael v\u00f5tmehoidjad"},"content":{"rendered":"<p>Kombineeri praktilisus ja silmapaistev br\u00e4nding meie silikoonist k\u00e4epaeldega v\u00f5tmehoidjate abil. See toode on t\u00f5hus reklaamvahend firma\u00fcritustele, kinnisvarab\u00fcroodele v\u00f5i funktsionaalse kingitusena t\u00f6\u00f6tajatele ja klientidele.<\/p>\n<p>Mugavaks randmel kandmiseks loodud suur 8,6 cm l\u00e4bim\u00f5\u00f5duga k\u00e4epael hoiab v\u00f5tmed turvaliselt ja k\u00e4ed vabad. See disain on v\u00e4ga praktiline h\u00f5ivatud spetsialistidele, \u00fcritustel osalejatele v\u00f5i t\u00f6\u00f6tajatele, kes vajavad sagedast juurdep\u00e4\u00e4su v\u00f5tmetele v\u00f5i v\u00f5tmehoidjatele.<\/p>\n<p>See v\u00f5tmehoidja on valmistatud kvaliteetsest ja vastupidavast silikoonist ning on loodud igap\u00e4evaseks kasutamiseks. Igal v\u00f5tmel on vastupidav metallr\u00f5ngas mitme v\u00f5tme v\u00f5i l\u00e4bip\u00e4\u00e4sukaardi turvaliseks hoiustamiseks. Saadaval laias v\u00e4rvivalikus ning neid v\u00f5tmehoidjaid saab h\u00f5lpsasti teie ettev\u00f5tte identiteediga sobitada, tagades, et teie br\u00e4nd j\u00e4\u00e4b n\u00e4htavaks ja kasulikuks ka kaua p\u00e4rast \u00fcritust.<\/p>\n<p><b>Peamised omadused:<\/b><\/p>\n<ul>\n<li><b>Vastupidav silikoonist k\u00e4epael:<\/b> Suur 8,6 cm l\u00e4bim\u00f5\u00f5duga r\u00f5ngas sobib k\u00e4ed-vabad mugavuse tagamiseks kergesti randmele.<\/li>\n<li><b>Kvaliteetne materjal:<\/b> Valmistatud kvaliteetsest ja vastupidavast silikoonist, mis on loodud igap\u00e4evaseks professionaalseks kasutamiseks.<\/li>\n<li><b>Turvaline metallist v\u00f5tmehoidja:<\/b> Vastupidav metallr\u00f5ngas v\u00f5tmete ja v\u00f5tmehoidjate turvaliseks hoidmiseks.<\/li>\n<li><b>K\u00f5rgelt n\u00e4htav br\u00e4nding:<\/b> Praktiline kingitus, mis hoiab teie br\u00e4ndi pidevalt k\u00e4es v\u00f5i randmel.<\/li>\n<li><b>Mitmed v\u00e4rvivalikud:<\/b> Saadaval laias v\u00e4rvivalikus, et see sobiks teie ettev\u00f5tte br\u00e4ndiga.<\/li>\n<\/ul>","protected":false},"excerpt":{"rendered":"<ul>\n<li>Hoiab v\u00f5tmed randmel kergesti ligip\u00e4\u00e4setavana, et saaksite k\u00e4si vabalt kasutada.<\/li>\n<li>Vastupidav, kvaliteetsest silikoonist konstruktsioon igap\u00e4evaseks kasutamiseks.<\/li>\n<li>Saadaval laias v\u00e4rvivalikus, et see sobiks teie ettev\u00f5tte identiteediga.<\/li>\n<li>Praktiline ja h\u00e4sti n\u00e4htav reklaammaterjal messidele.<\/li>\n<\/ul>","protected":false},"featured_media":6668,"comment_status":"closed","ping_status":"closed","template":"","meta":[],"product_brand":[],"product_cat":[94],"product_tag":[],"class_list":{"0":"post-1303","1":"product","2":"type-product","3":"status-publish","4":"has-post-thumbnail","6":"product_cat-keychains","8":"first","9":"instock","10":"shipping-taxable","11":"purchasable","12":"product-type-simple"},"_links":{"self":[{"href":"https:\/\/wristbandfactory.eu\/et\/wp-json\/wp\/v2\/product\/1303","targetHints":{"allow":["GET"]}}],"collection":[{"href":"https:\/\/wristbandfactory.eu\/et\/wp-json\/wp\/v2\/product"}],"about":[{"href":"https:\/\/wristbandfactory.eu\/et\/wp-json\/wp\/v2\/types\/product"}],"replies":[{"embeddable":true,"href":"https:\/\/wristbandfactory.eu\/et\/wp-json\/wp\/v2\/comments?post=1303"}],"wp:featuredmedia":[{"embeddable":true,"href":"https:\/\/wristbandfactory.eu\/et\/wp-json\/wp\/v2\/media\/6668"}],"wp:attachment":[{"href":"https:\/\/wristbandfactory.eu\/et\/wp-json\/wp\/v2\/media?parent=1303"}],"wp:term":[{"taxonomy":"product_brand","embeddable":true,"href":"https:\/\/wristbandfactory.eu\/et\/wp-json\/wp\/v2\/product_brand?post=1303"},{"taxonomy":"product_cat","embeddable":true,"href":"https:\/\/wristbandfactory.eu\/et\/wp-json\/wp\/v2\/product_cat?post=1303"},{"taxonomy":"product_tag","embeddable":true,"href":"https:\/\/wristbandfactory.eu\/et\/wp-json\/wp\/v2\/product_tag?post=1303"}],"curies":[{"name":"t\u00f6\u00f6leht","href":"https:\/\/api.w.org\/{rel}","templated":true}]}}