{"id":1300,"date":"2024-10-27T11:53:51","date_gmt":"2024-10-27T08:53:51","guid":{"rendered":"https:\/\/wristbandfactory.eu\/toode\/vivid-wrist-silicone-keyholders\/"},"modified":"2025-12-19T21:48:24","modified_gmt":"2025-12-19T18:48:24","slug":"rfid-silicone-wristbands","status":"publish","type":"product","link":"https:\/\/wristbandfactory.eu\/et\/p\/rfid-silicone-wristbands\/","title":{"rendered":"Silikoonist RFID k\u00e4epaelad"},"content":{"rendered":"<p data-path-to-node=\"12\">Sujuvamaks muutke \u00fcrituste logistika ja rajatiste turvalisus meie suure j\u00f5udlusega lahenduste abil <b data-path-to-node=\"12\" data-index-in-node=\"100\">Eridisainiga silikoonist RFID-k\u00e4epaelad<\/b>. Kombineerides esmaklassilise silikooni vastupidavuse t\u00e4iustatud raadiosagedustuvastuse (RFID) tehnoloogiaga, on need k\u00e4epaelad parim lahendus kontaktivabaks rahvahulkade haldamiseks. Need toimivad kantava v\u00f5tme, rahakoti ja isikutunnistusena, muutes need asendamatuks festivalidel, veeparkides, spordisaalides ja ettev\u00f5tete kontorites.<\/p>\n<h2 data-path-to-node=\"13\">Peamised omadused<\/h2>\n<ul data-path-to-node=\"14\">\n<li>\n<p data-path-to-node=\"14,0,0\"><b data-path-to-node=\"14,0,0\" data-index-in-node=\"0\">L\u00e4hedus- ja NFC-valmidus:<\/b> \u00dchildub peamiste s\u00fcsteemidega (LF, HF, UHF) sujuva juurdep\u00e4\u00e4sukontrolli, sularahata tehingute ja ajaj\u00e4lgimise tagamiseks.<\/p>\n<\/li>\n<li>\n<p data-path-to-node=\"14,1,0\"><b data-path-to-node=\"14,1,0\" data-index-in-node=\"0\">Vastupidavus igale ilmale:<\/b> Valmistatud 100% k\u00f5rgekvaliteedilisest silikoonist, mis on veekindel, kuumakindel ja l\u00f6\u00f6gikindel. Ideaalne mitmep\u00e4evaseks kasutamiseks karmides keskkondades, n\u00e4iteks basseinides v\u00f5i vaba\u00f5hufestivalidel.<\/p>\n<\/li>\n<li>\n<p data-path-to-node=\"14,2,0\"><b data-path-to-node=\"14,2,0\" data-index-in-node=\"0\">Passiivne tehnoloogia:<\/b> Sisseehitatud kiip ei vaja akut ega laadimist, tagades aastatepikkuse usaldusv\u00e4\u00e4rse ja hooldusvaba t\u00f6\u00f6.<\/p>\n<\/li>\n<li>\n<p data-path-to-node=\"14,3,0\"><b data-path-to-node=\"14,3,0\" data-index-in-node=\"0\">H\u00fcgieen ja mugavus:<\/b> Pehme ja painduv silikoon on h\u00fcpoallergeenne, kergesti puhastatav ja mugav pikemat aega kanda.<\/p>\n<\/li>\n<\/ul>\n<h2 data-path-to-node=\"15\">Spetsifikatsioonid<\/h2>\n<ul data-path-to-node=\"16\">\n<li>\n<p data-path-to-node=\"16,0,0\"><b data-path-to-node=\"16,0,0\" data-index-in-node=\"0\">Materjal:<\/b> 100% silikoon (lateksivaba).<\/p>\n<\/li>\n<li>\n<p data-path-to-node=\"16,1,0\"><b data-path-to-node=\"16,1,0\" data-index-in-node=\"0\">Tehnika:<\/b> Passiivne RFID \/ NFC (maandussagedus 125 kHz, k\u00f5rgsagedus 13,56 MHz, UHF).<\/p>\n<\/li>\n<li>\n<p data-path-to-node=\"16,2,0\"><b data-path-to-node=\"16,2,0\" data-index-in-node=\"0\">Suurus:<\/b> Saadaval on standardsed t\u00e4iskasvanute (74 mm l\u00e4bim\u00f5\u00f5duga), noorte ja laste suurused.<\/p>\n<\/li>\n<li>\n<p data-path-to-node=\"16,3,0\"><b data-path-to-node=\"16,3,0\" data-index-in-node=\"0\">Kohandamine:<\/b> Siiditr\u00fckk (logod\/tekst), Pantone&#039;i v\u00e4rvide sobitamine.<\/p>\n<\/li>\n<li>\n<p data-path-to-node=\"16,4,0\"><b data-path-to-node=\"16,4,0\" data-index-in-node=\"0\">Veekindlus:<\/b> IP68 reiting (t\u00e4ielikult veekindel).<\/p>\n<\/li>\n<\/ul>\n<h2 data-path-to-node=\"17\">Kasutusjuhud<\/h2>\n<ul data-path-to-node=\"18\">\n<li>\n<p data-path-to-node=\"18,0,0\"><b data-path-to-node=\"18,0,0\" data-index-in-node=\"0\">Veepargid ja spaad:<\/b> Asendab niiskes keskkonnas kapiv\u00f5tmeid ja rahakotte.<\/p>\n<\/li>\n<li>\n<p data-path-to-node=\"18,1,0\"><b data-path-to-node=\"18,1,0\" data-index-in-node=\"0\">Muusikafestivalid:<\/b> V\u00f5imaldab kiiret sisenemist ja toidu ja jookide eest \u201cpuudutusega maksmist\u201d.<\/p>\n<\/li>\n<li>\n<p data-path-to-node=\"18,2,0\"><b data-path-to-node=\"18,2,0\" data-index-in-node=\"0\">J\u00f5usaalid ja klubid:<\/b> Liikmete tuvastamine ja turvaline juurdep\u00e4\u00e4s alale.<\/p>\n<\/li>\n<li>\n<p data-path-to-node=\"18,3,0\"><b data-path-to-node=\"18,3,0\" data-index-in-node=\"0\">Hotellid ja kuurordid:<\/b> Juurdep\u00e4\u00e4s k\u00fclalistetubadele ja laadimis\u00f5igused kogu kuurordis.<\/p>\n<\/li>\n<\/ul>","protected":false},"excerpt":{"rendered":"<ul>\n<li>\n<p data-path-to-node=\"11,0,0\"><b data-path-to-node=\"11,0,0\" data-index-in-node=\"0\">Kontaktivaba tehnoloogia:<\/b> Passiivsed RFID\/NFC kiibid kiireks ligip\u00e4\u00e4su kontrollimiseks ja sularahata maksete tegemiseks.<\/p>\n<\/li>\n<li>\n<p data-path-to-node=\"11,1,0\"><b data-path-to-node=\"11,1,0\" data-index-in-node=\"0\">100% veekindel:<\/b> Vastupidav silikoonkonstruktsioon sobib basseinide, saunade ja veeparkide jaoks.<\/p>\n<\/li>\n<li>\n<p data-path-to-node=\"11,2,0\"><b data-path-to-node=\"11,2,0\" data-index-in-node=\"0\">Hooldusvaba:<\/b> Patareisid pole vaja; toide tuleb lugejav\u00e4ljalt.<\/p>\n<\/li>\n<li>\n<p data-path-to-node=\"11,3,0\"><b data-path-to-node=\"11,3,0\" data-index-in-node=\"0\">Eridisainiga br\u00e4nding:<\/b> Saadaval siiditr\u00fckiga ja t\u00e4ieliku Pantone v\u00e4rvisobitamisega.<\/p>\n<\/li>\n<\/ul>","protected":false},"featured_media":6039,"comment_status":"closed","ping_status":"closed","template":"","meta":[],"product_brand":[],"product_cat":[66,81,68],"product_tag":[],"class_list":{"0":"post-1300","1":"product","2":"type-product","3":"status-publish","4":"has-post-thumbnail","6":"product_cat-wristbands","7":"product_cat-rfid","8":"product_cat-event-supplies","10":"first","11":"instock","12":"shipping-taxable","13":"purchasable","14":"product-type-simple"},"_links":{"self":[{"href":"https:\/\/wristbandfactory.eu\/et\/wp-json\/wp\/v2\/product\/1300","targetHints":{"allow":["GET"]}}],"collection":[{"href":"https:\/\/wristbandfactory.eu\/et\/wp-json\/wp\/v2\/product"}],"about":[{"href":"https:\/\/wristbandfactory.eu\/et\/wp-json\/wp\/v2\/types\/product"}],"replies":[{"embeddable":true,"href":"https:\/\/wristbandfactory.eu\/et\/wp-json\/wp\/v2\/comments?post=1300"}],"wp:featuredmedia":[{"embeddable":true,"href":"https:\/\/wristbandfactory.eu\/et\/wp-json\/wp\/v2\/media\/6039"}],"wp:attachment":[{"href":"https:\/\/wristbandfactory.eu\/et\/wp-json\/wp\/v2\/media?parent=1300"}],"wp:term":[{"taxonomy":"product_brand","embeddable":true,"href":"https:\/\/wristbandfactory.eu\/et\/wp-json\/wp\/v2\/product_brand?post=1300"},{"taxonomy":"product_cat","embeddable":true,"href":"https:\/\/wristbandfactory.eu\/et\/wp-json\/wp\/v2\/product_cat?post=1300"},{"taxonomy":"product_tag","embeddable":true,"href":"https:\/\/wristbandfactory.eu\/et\/wp-json\/wp\/v2\/product_tag?post=1300"}],"curies":[{"name":"t\u00f6\u00f6leht","href":"https:\/\/api.w.org\/{rel}","templated":true}]}}