{"id":1299,"date":"2024-10-27T11:53:51","date_gmt":"2024-10-27T08:53:51","guid":{"rendered":"https:\/\/wristbandfactory.eu\/toode\/slim-silicone-wristbands\/"},"modified":"2025-12-16T15:16:37","modified_gmt":"2025-12-16T12:16:37","slug":"slim-silicone-wristbands","status":"publish","type":"product","link":"https:\/\/wristbandfactory.eu\/et\/p\/slim-silicone-wristbands\/","title":{"rendered":"\u00d5hukesed silikoonist k\u00e4epaelad"},"content":{"rendered":"<p>T\u00f5sta oma ettev\u00f5tte br\u00e4ndingut v\u00f5i teadlikkuse kampaaniat meie \u00f5hukeste silikoonist k\u00e4epaeltega. Nende elegantne 5 mm profiil pakub tavalistele k\u00e4epaeltele peent ja moodsat alternatiivi, muutes need populaarseks valikuks firma\u00fcritustel, heategevuskampaaniatel ja reklaamkingitustel, kus soovitakse peenemat v\u00e4limust.<\/p>\n<p>Pakume t\u00e4ielikku kohandamist, et see sobiks teie br\u00e4ndi identiteediga. Silikoon ise on Pantone&#039;i v\u00e4rvitoonidega t\u00e4pse v\u00e4rvit\u00e4psuse tagamiseks. Saate oma s\u00f5numit veelgi kohandada mitmete kvaliteetsete valikutega: puhas \u00fchev\u00e4rviline siiditr\u00fckk, vastupidav s\u00fcvistatud logo, esmaklassiline reljeefne logo v\u00f5i reljeefne disain \u00fchev\u00e4rvilise t\u00e4itega maksimaalse kontrasti ja n\u00e4htavuse saavutamiseks.<\/p>\n<p>Need kvaliteetsest ja vastupidavast silikoonist valmistatud k\u00e4epaeld on mugavad igap\u00e4evaseks kandmiseks ja vastavad t\u00e4ielikult k\u00f5igile asjakohastele ohutusn\u00f5uetele, pakkudes meelerahu nii teie organisatsioonile kui ka osalejatele.<\/p>\n<p><b>Peamised omadused:<\/b><\/p>\n<ul>\n<li><b>Elegantne 5 mm profiil:<\/b> Kitsas ja moodne disain (saadaval m\u00f5\u00f5tudes 200x5x2mm v\u00f5i 180x5x2mm) peene br\u00e4ndinguavalduse loomiseks.<\/li>\n<li><b>T\u00e4ielik kohandamine:<\/b> Vali \u00fchev\u00e4rvilise tr\u00fcki, s\u00fcvistatud, reljeefse v\u00f5i tindiga t\u00e4idetud s\u00fcvistatud kujunduse vahel.<\/li>\n<li><b>T\u00e4pne Pantone&#039;i vaste:<\/b> Garanteerib, et silikoonv\u00e4rv sobib ideaalselt teie ettev\u00f5tte identiteediga.<\/li>\n<li><b>Ohutusn\u00f5uetele vastav:<\/b> Valmistatud kvaliteetsest silikoonist, mis vastab k\u00f5igile asjakohastele ohutusstandarditele.<\/li>\n<li><b>Lahtiselt pakendamine:<\/b> Minimaalne tellimus 100 \u00fchikut, vaikimisi pakendatud lahtiselt. Individuaalne pol\u00fckottimine on saadaval soovi korral.<\/li>\n<\/ul>","protected":false},"excerpt":{"rendered":"<ul>\n<li>Sellel on elegantne ja kitsas 5 mm profiil, mis annab peene ja moodsa ilme.<\/li>\n<li>T\u00e4ielikult kohandatav: valige tr\u00fckitud, s\u00fcvistatud v\u00f5i reljeefsete logode vahel.<\/li>\n<li>Pantone&#039;ile vastav silikoon tagab br\u00e4ndiv\u00e4rvide t\u00e4iusliku j\u00e4rjepidevuse.<\/li>\n<li>Minimaalne tellimuse kogus: 100 \u00fchikut disaini kohta.<\/li>\n<\/ul>","protected":false},"featured_media":5953,"comment_status":"closed","ping_status":"closed","template":"","meta":[],"product_brand":[],"product_cat":[66,49],"product_tag":[],"class_list":{"0":"post-1299","1":"product","2":"type-product","3":"status-publish","4":"has-post-thumbnail","6":"product_cat-wristbands","7":"product_cat-silicone","9":"first","10":"instock","11":"shipping-taxable","12":"purchasable","13":"product-type-simple"},"_links":{"self":[{"href":"https:\/\/wristbandfactory.eu\/et\/wp-json\/wp\/v2\/product\/1299","targetHints":{"allow":["GET"]}}],"collection":[{"href":"https:\/\/wristbandfactory.eu\/et\/wp-json\/wp\/v2\/product"}],"about":[{"href":"https:\/\/wristbandfactory.eu\/et\/wp-json\/wp\/v2\/types\/product"}],"replies":[{"embeddable":true,"href":"https:\/\/wristbandfactory.eu\/et\/wp-json\/wp\/v2\/comments?post=1299"}],"wp:featuredmedia":[{"embeddable":true,"href":"https:\/\/wristbandfactory.eu\/et\/wp-json\/wp\/v2\/media\/5953"}],"wp:attachment":[{"href":"https:\/\/wristbandfactory.eu\/et\/wp-json\/wp\/v2\/media?parent=1299"}],"wp:term":[{"taxonomy":"product_brand","embeddable":true,"href":"https:\/\/wristbandfactory.eu\/et\/wp-json\/wp\/v2\/product_brand?post=1299"},{"taxonomy":"product_cat","embeddable":true,"href":"https:\/\/wristbandfactory.eu\/et\/wp-json\/wp\/v2\/product_cat?post=1299"},{"taxonomy":"product_tag","embeddable":true,"href":"https:\/\/wristbandfactory.eu\/et\/wp-json\/wp\/v2\/product_tag?post=1299"}],"curies":[{"name":"t\u00f6\u00f6leht","href":"https:\/\/api.w.org\/{rel}","templated":true}]}}