{"id":1284,"date":"2024-10-27T11:53:51","date_gmt":"2024-10-27T08:53:51","guid":{"rendered":"https:\/\/wristbandfactory.eu\/toode\/3-tone-lanyards-with-pvc-badge\/"},"modified":"2026-01-12T00:17:35","modified_gmt":"2026-01-11T21:17:35","slug":"3-tone-cord-lanyards-with-pvc-badge","status":"publish","type":"product","link":"https:\/\/wristbandfactory.eu\/et\/p\/3-tone-cord-lanyards-with-pvc-badge\/","title":{"rendered":"3-v\u00e4rvilised kaelapaelad pvc-sildiga"},"content":{"rendered":"<div class=\"mx-12 md:mx-24 lg:mx-48\">\n<div class=\"container my-8 svelte-zlsknf\">\n<div class=\"my-24 rounded-lg border-0 border-gray-700 bg-gray-100 px-16 py-24\">\n<div class=\"mt-11 !text-gray-500\">\n<p>Looge oma meeskonnale v\u00f5i \u00fcrituse osalejatele eristuv ja h\u00e4sti n\u00e4htav identifitseerimislahendus meie kolmev\u00e4rviliste paelkaelapaeladega. See kaelapael \u00fchendab endas m\u00f5jusa br\u00e4ndingu vastupidava ja praktilise disainiga.<\/p>\n<p>90 cm pikkune pael on valmistatud vastupidavast pol\u00fcestrist ja seda saab t\u00e4ielikult kohandada kolme erineva v\u00e4rvivalikuga, mis v\u00f5imaldab teil ideaalselt sobitada oma ettev\u00f5tte identiteedi v\u00f5i \u00fcrituse teemaga.<\/p>\n<p>Peamiseks omaduseks on eridisainiga PVC-silt, millele saab vormida teie logo v\u00f5i kujunduse kuni kolmes v\u00e4rvitoonis. See pakub vastupidavat, kombatavat ja esmaklassilist alternatiivi tavalisele tr\u00fckitud p\u00e4\u00e4smele. Igal kaelapaelal on tugev metallr\u00f5ngas ning saadaval on ka muud karabiini v\u00f5imalused, et need vastaksid teie isikutunnistuse omaniku v\u00f5i l\u00e4bip\u00e4\u00e4sukaardi vajadustele. See teeb neist suurep\u00e4rase valiku ettev\u00f5tete t\u00f6\u00f6tajate, messide identifitseerimiseks v\u00f5i mitmep\u00e4evaste \u00fcrituste p\u00e4\u00e4smete jaoks.<\/p>\n<p><b>Peamised omadused:<\/b><\/p>\n<ul>\n<li><b>Kolmev\u00e4rviline kohandamine:<\/b> Vali 90 cm pol\u00fcesterpaela jaoks kolm v\u00e4rvi, mis sobivad sinu br\u00e4ndiga.<\/li>\n<li><b>Eridisainiga PVC m\u00e4rk:<\/b> Sisaldab teie logo jaoks eridisainiga PVC-vormitud m\u00e4rki (kuni 3 v\u00e4rvi).<\/li>\n<li><b>Vastupidav pol\u00fcesterpael:<\/b> Loodud t\u00f6\u00f6tajate igap\u00e4evaseks kasutamiseks v\u00f5i mitmep\u00e4evaste \u00fcrituste jaoks.<\/li>\n<li><b>Mitmek\u00fclgsed lisaseadmed:<\/b> Standardvarustuses on metallr\u00f5ngas v\u00f5i saate valida ka teiste klambrivalikute hulgast.<\/li>\n<li><b>Suure m\u00f5juga ID:<\/b> Ideaalne t\u00f6\u00f6tajate, VIP-ide v\u00f5i \u00fcrituste meeskondade visuaalseks segmenteerimiseks.<\/li>\n<\/ul>\n<\/div>\n<\/div>\n<\/div>\n<\/div>","protected":false},"excerpt":{"rendered":"<ul>\n<li>Vastupidav kolmev\u00e4rviline pol\u00fcesterpael (vali 3 v\u00e4rvi).<\/li>\n<li>Sisaldab teie logo jaoks eritellimusel valmistatud PVC-silti (kuni 3 v\u00e4rvi).<\/li>\n<li>Standardvarustuses on metallr\u00f5ngas, saadaval on ka muud karabiini v\u00f5imalused.<\/li>\n<li>Ideaalne t\u00f6\u00f6tajate eristavaks identifitseerimiseks v\u00f5i firma\u00fcrituste p\u00e4\u00e4smete jaoks.<\/li>\n<\/ul>","protected":false},"featured_media":6820,"comment_status":"closed","ping_status":"closed","template":"","meta":[],"product_brand":[],"product_cat":[43],"product_tag":[],"class_list":{"0":"post-1284","1":"product","2":"type-product","3":"status-publish","4":"has-post-thumbnail","6":"product_cat-lanyards","8":"first","9":"instock","10":"shipping-taxable","11":"purchasable","12":"product-type-simple"},"_links":{"self":[{"href":"https:\/\/wristbandfactory.eu\/et\/wp-json\/wp\/v2\/product\/1284","targetHints":{"allow":["GET"]}}],"collection":[{"href":"https:\/\/wristbandfactory.eu\/et\/wp-json\/wp\/v2\/product"}],"about":[{"href":"https:\/\/wristbandfactory.eu\/et\/wp-json\/wp\/v2\/types\/product"}],"replies":[{"embeddable":true,"href":"https:\/\/wristbandfactory.eu\/et\/wp-json\/wp\/v2\/comments?post=1284"}],"wp:featuredmedia":[{"embeddable":true,"href":"https:\/\/wristbandfactory.eu\/et\/wp-json\/wp\/v2\/media\/6820"}],"wp:attachment":[{"href":"https:\/\/wristbandfactory.eu\/et\/wp-json\/wp\/v2\/media?parent=1284"}],"wp:term":[{"taxonomy":"product_brand","embeddable":true,"href":"https:\/\/wristbandfactory.eu\/et\/wp-json\/wp\/v2\/product_brand?post=1284"},{"taxonomy":"product_cat","embeddable":true,"href":"https:\/\/wristbandfactory.eu\/et\/wp-json\/wp\/v2\/product_cat?post=1284"},{"taxonomy":"product_tag","embeddable":true,"href":"https:\/\/wristbandfactory.eu\/et\/wp-json\/wp\/v2\/product_tag?post=1284"}],"curies":[{"name":"t\u00f6\u00f6leht","href":"https:\/\/api.w.org\/{rel}","templated":true}]}}