{"id":1280,"date":"2024-10-27T11:53:51","date_gmt":"2024-10-27T08:53:51","guid":{"rendered":"https:\/\/wristbandfactory.eu\/toode\/3-tone-lanyards-with-woven-label\/"},"modified":"2026-01-12T00:18:21","modified_gmt":"2026-01-11T21:18:21","slug":"3-tone-cord-lanyards-with-woven-label","status":"publish","type":"product","link":"https:\/\/wristbandfactory.eu\/et\/p\/3-tone-cord-lanyards-with-woven-label\/","title":{"rendered":"3-v\u00e4rvilised kaelapaelad kootud sildiga"},"content":{"rendered":"<div class=\"mx-12 md:mx-24 lg:mx-48\">\n<div class=\"container my-8 svelte-zlsknf\">\n<div class=\"my-24 rounded-lg border-0 border-gray-700 bg-gray-100 px-16 py-24\">\n<div class=\"mt-11 !text-gray-500\">\n<p>T\u00f5sta oma ettev\u00f5tte identiteeti meie kolmev\u00e4rviliste paelkaelapaeladega, millel on esmaklassiline kootud silt. See kaelapael pakub tavalistele tr\u00fckitud valikutele keerukat ja v\u00e4ga vastupidavat alternatiivi, mist\u00f5ttu sobib see ideaalselt t\u00f6\u00f6tajate isikut t\u00f5endavate dokumentide v\u00f5i mitmep\u00e4evaste konverentside jaoks.<\/p>\n<p>Kael on valmistatud vastupidavast 90 cm pikkusest kolmev\u00e4rvilisest pol\u00fcesterpaelast, mida saab t\u00e4ielikult kohandada kolme v\u00e4rvivalikuga, et see sobiks teie br\u00e4ndi identiteediga.<\/p>\n<p>Tr\u00fckitud m\u00e4rgi asemel on sellel mudelil k\u00f5rglahutusega kootud silt, mis on vastupidava elastse kinnitusega (saadaval valge v\u00f5i musta v\u00e4rvi) kindlalt paela k\u00fclge kinnitatud. See kootud silt saab teie logo v\u00f5i kujundust kuvada kuni neljas v\u00e4rvitoonis, pakkudes kauakestvat ja professionaalset viimistlust, mis ei tuhmu ega kriimustu. Iga kaelapaela standardvarustuses on metallr\u00f5ngas, saadaval on ka muud klambrivalikud.<\/p>\n<p><b>Peamised omadused:<\/b><\/p>\n<ul>\n<li><b>Eridisainiga 3-tooniline pael:<\/b> Vali 90 cm pol\u00fcesterpaela jaoks 3 v\u00e4rvi, mis sobivad sinu ettev\u00f5tte kaubam\u00e4rgiga.<\/li>\n<li><b>Premium kootud silt:<\/b> Sisaldab k\u00f5rglahutusega kootud silti teie logo jaoks (kuni 4 v\u00e4rvi), mis pakub esmaklassilist ja vastupidavat viimistlust.<\/li>\n<li><b>Vastupidav kinnitus:<\/b> Silt on kindlalt kinnitatud valge v\u00f5i musta elastse kinnitusega.<\/li>\n<li><b>Mitmek\u00fclgne riistvara:<\/b> Standardvarustuses on metallr\u00f5ngas, saadaval on ka muud klambrivalikud, et need sobiksid igale isikut t\u00f5endava dokumendi hoidjale.<\/li>\n<li><b>Pikaajaline br\u00e4nding:<\/b> Suurep\u00e4rane valik t\u00f6\u00f6tajate igap\u00e4evaseks kasutamiseks v\u00f5i mitmep\u00e4evaste \u00fcrituste tuvastamiseks.<\/li>\n<\/ul>\n<\/div>\n<\/div>\n<\/div>\n<\/div>","protected":false},"excerpt":{"rendered":"<ul>\n<li>Sisaldab vastupidavat 90 cm pol\u00fcesterpaela (vali 3 eriv\u00e4rvi).<\/li>\n<li>Sisaldab kvaliteetset ja esmaklassilist kootud silti teie logo jaoks (kuni 4 v\u00e4rvi).<\/li>\n<li>Komplektis metallr\u00f5ngas v\u00f5i muud karabiini v\u00f5imalused mitmek\u00fclgseks kasutamiseks.<\/li>\n<li>Ideaalne vastupidava ja kauakestva ettev\u00f5tte ID-kaardi v\u00f5i \u00fcrituse p\u00e4\u00e4sme lahenduseks.<\/li>\n<\/ul>","protected":false},"featured_media":6823,"comment_status":"closed","ping_status":"closed","template":"","meta":[],"product_brand":[],"product_cat":[43],"product_tag":[],"class_list":{"0":"post-1280","1":"product","2":"type-product","3":"status-publish","4":"has-post-thumbnail","6":"product_cat-lanyards","8":"first","9":"instock","10":"shipping-taxable","11":"purchasable","12":"product-type-simple"},"_links":{"self":[{"href":"https:\/\/wristbandfactory.eu\/et\/wp-json\/wp\/v2\/product\/1280","targetHints":{"allow":["GET"]}}],"collection":[{"href":"https:\/\/wristbandfactory.eu\/et\/wp-json\/wp\/v2\/product"}],"about":[{"href":"https:\/\/wristbandfactory.eu\/et\/wp-json\/wp\/v2\/types\/product"}],"replies":[{"embeddable":true,"href":"https:\/\/wristbandfactory.eu\/et\/wp-json\/wp\/v2\/comments?post=1280"}],"wp:featuredmedia":[{"embeddable":true,"href":"https:\/\/wristbandfactory.eu\/et\/wp-json\/wp\/v2\/media\/6823"}],"wp:attachment":[{"href":"https:\/\/wristbandfactory.eu\/et\/wp-json\/wp\/v2\/media?parent=1280"}],"wp:term":[{"taxonomy":"product_brand","embeddable":true,"href":"https:\/\/wristbandfactory.eu\/et\/wp-json\/wp\/v2\/product_brand?post=1280"},{"taxonomy":"product_cat","embeddable":true,"href":"https:\/\/wristbandfactory.eu\/et\/wp-json\/wp\/v2\/product_cat?post=1280"},{"taxonomy":"product_tag","embeddable":true,"href":"https:\/\/wristbandfactory.eu\/et\/wp-json\/wp\/v2\/product_tag?post=1280"}],"curies":[{"name":"t\u00f6\u00f6leht","href":"https:\/\/api.w.org\/{rel}","templated":true}]}}