{"id":1275,"date":"2024-10-27T11:53:51","date_gmt":"2024-10-27T08:53:51","guid":{"rendered":"https:\/\/wristbandfactory.eu\/toode\/reflective-lanyards\/"},"modified":"2026-01-11T22:45:49","modified_gmt":"2026-01-11T19:45:49","slug":"printed-reflective-lanyards","status":"publish","type":"product","link":"https:\/\/wristbandfactory.eu\/et\/p\/printed-reflective-lanyards\/","title":{"rendered":"Tr\u00fckitud helkurpaelad"},"content":{"rendered":"<div class=\"mx-12 md:mx-24 lg:mx-48\">\n<div class=\"container my-8 svelte-zlsknf\">\n<div class=\"my-24 rounded-lg border-0 border-gray-700 bg-gray-100 px-16 py-24\">\n<div class=\"mt-11 !text-gray-500\">\n<p>Maksimeeri oma meeskonna turvalisust ja n\u00e4htavust meie abil <b>Tr\u00fckitud helkurpaelad<\/b>. See toode on \u00fclioluline t\u00f6\u00f6riist igale organisatsioonile, mis vajab oma t\u00f6\u00f6tajatele head n\u00e4htavust, n\u00e4iteks \u00f5htustel \u00fcritustel, ehitusplatsidel v\u00f5i logistikas.<\/p>\n<p>See 90 cm pikkune kaelapael on valmistatud vastupidavast pol\u00fcesterlindist, mis on seej\u00e4rel kaetud <b>hall helkurkate<\/b>. See t\u00e4iskattega kiht pakub maksimaalset pinda valguse p\u00fc\u00fcdmiseks pimedas, muutes kandja v\u00e4ga n\u00e4htavaks.<\/p>\n<p>Teie organisatsiooni logo tr\u00fckitakse seej\u00e4rel otse sellele peegeldavale pinnale teie Pantone&#039;i v\u00e4rvitoonidega sobitatud v\u00e4rvides. See tagab, et teie br\u00e4nding on selge ja professionaalne, s\u00e4ilitades samal ajal kaelapaela peamise turvafunktsiooni. Iga kaelapaelaga on standardvarustuses metallist karabiin ID-kaartide v\u00f5i l\u00e4bip\u00e4\u00e4sukaartide turvaliseks kinnitamiseks.<\/p>\n<p><b>Peamised omadused:<\/b><\/p>\n<ul>\n<li><b>T\u00e4ielikult peegeldav kiht:<\/b> Hall helkurkate tagab 360-kraadise n\u00e4htavuse h\u00e4maras valguses.<\/li>\n<li><b>Eridisainiga \u00fchepoolne printimine:<\/b> Teie logo tr\u00fckitakse otse peegeldavale pinnale Pantone v\u00e4rvisobituse abil.<\/li>\n<li><b>Vastupidav pol\u00fcester alus:<\/b> 90 cm pikkune pol\u00fcesterpael pakub tugevat ja mugavat alust.<\/li>\n<li><b>T\u00e4iustatud ohutus:<\/b> Ideaalne t\u00f6\u00f6tajatele, \u00f5htustele \u00fcritustele v\u00f5i mis tahes keskkonda, mis n\u00f5uab head n\u00e4htavust.<\/li>\n<li><b>Standardne metallkarabiin:<\/b> Sisaldab turvalist metallkarabiinhaakes (saadaval on ka teisi klambrivariante).<\/li>\n<\/ul>\n<p>&nbsp;<\/p>\n<\/div>\n<\/div>\n<\/div>\n<\/div>","protected":false},"excerpt":{"rendered":"<ul>\n<li>Maksimaalse n\u00e4htavuse tagamiseks on sellel t\u00e4islaiuses hall helkurkate.<\/li>\n<li>\u00dchele k\u00fcljele tr\u00fckitud teie Pantone&#039;i v\u00e4rvitoonis sobiva logoga.<\/li>\n<li>Ideaalne \u00fcrituste personalile, ehitusele v\u00f5i ettev\u00f5tte ohutusprogrammidele.<\/li>\n<li>Vastupidav 90 cm pol\u00fcesterrihm metallkarabiiniga.<\/li>\n<\/ul>","protected":false},"featured_media":6750,"comment_status":"closed","ping_status":"closed","template":"","meta":[],"product_brand":[],"product_cat":[43,109],"product_tag":[],"class_list":{"0":"post-1275","1":"product","2":"type-product","3":"status-publish","4":"has-post-thumbnail","6":"product_cat-lanyards","7":"product_cat-reflective-lanyards","9":"first","10":"instock","11":"shipping-taxable","12":"purchasable","13":"product-type-simple"},"_links":{"self":[{"href":"https:\/\/wristbandfactory.eu\/et\/wp-json\/wp\/v2\/product\/1275","targetHints":{"allow":["GET"]}}],"collection":[{"href":"https:\/\/wristbandfactory.eu\/et\/wp-json\/wp\/v2\/product"}],"about":[{"href":"https:\/\/wristbandfactory.eu\/et\/wp-json\/wp\/v2\/types\/product"}],"replies":[{"embeddable":true,"href":"https:\/\/wristbandfactory.eu\/et\/wp-json\/wp\/v2\/comments?post=1275"}],"wp:featuredmedia":[{"embeddable":true,"href":"https:\/\/wristbandfactory.eu\/et\/wp-json\/wp\/v2\/media\/6750"}],"wp:attachment":[{"href":"https:\/\/wristbandfactory.eu\/et\/wp-json\/wp\/v2\/media?parent=1275"}],"wp:term":[{"taxonomy":"product_brand","embeddable":true,"href":"https:\/\/wristbandfactory.eu\/et\/wp-json\/wp\/v2\/product_brand?post=1275"},{"taxonomy":"product_cat","embeddable":true,"href":"https:\/\/wristbandfactory.eu\/et\/wp-json\/wp\/v2\/product_cat?post=1275"},{"taxonomy":"product_tag","embeddable":true,"href":"https:\/\/wristbandfactory.eu\/et\/wp-json\/wp\/v2\/product_tag?post=1275"}],"curies":[{"name":"t\u00f6\u00f6leht","href":"https:\/\/api.w.org\/{rel}","templated":true}]}}