{"id":1272,"date":"2024-10-27T11:53:51","date_gmt":"2024-10-27T08:53:51","guid":{"rendered":"https:\/\/wristbandfactory.eu\/toode\/flat-polyester-lanyards-with-metal-bottle-opener\/"},"modified":"2026-01-11T22:05:52","modified_gmt":"2026-01-11T19:05:52","slug":"polyester-lanyards-with-bottle-opener","status":"publish","type":"product","link":"https:\/\/wristbandfactory.eu\/et\/p\/polyester-lanyards-with-bottle-opener\/","title":{"rendered":"Pol\u00fcesterist kaelapaelad pudeliavajaga"},"content":{"rendered":"<div class=\"mx-12 md:mx-24 lg:mx-48\">\n<div class=\"container my-8 svelte-zlsknf\">\n<div class=\"my-24 rounded-lg border-0 border-gray-700 bg-gray-100 px-16 py-24\">\n<div class=\"mt-11 !text-gray-500\">\n<p>\u00dchendage br\u00e4ndi n\u00e4htavus praktilise kasulikkusega meie pol\u00fcesterkaelapaelade abil, millel on sisseehitatud pudeliavaja. See multifunktsionaalne kaelapael on suurep\u00e4rane reklaamvahend festivalidele, k\u00fclalislahkus\u00fcritustele, messidele ja firmapidudele, tagades, et teie br\u00e4nd p\u00fcsib k\u00e4ep\u00e4rast.<\/p>\n<p>Vastupidavast 90 cm pol\u00fcestrist valmistatud lint pakub teie logo jaoks suurt ja siledat pinda. Saame teie kujunduse tr\u00fckkida t\u00e4pse Pantone v\u00e4rvisobitusega \u00fchele v\u00f5i kahele k\u00fcljele.<\/p>\n<p>See kaelapael on loodud maksimaalse funktsionaalsuse tagamiseks. See sisaldab nii vastupidavat metallist pudeliavajat kui ka eraldi metallist karabiinhaaki, mis v\u00f5imaldavad osalejatel oma ID-kaarti esitleda, hoides samal ajal praktilist t\u00f6\u00f6riista k\u00e4ep\u00e4rast. See teeb sellest meeldej\u00e4\u00e4va ja t\u00f5husa kingituse, mida kliendid ja osalejad hoiavad ja kasutavad.<\/p>\n<p><b>Peamised omadused:<\/b><\/p>\n<ul>\n<li><b>Integreeritud pudeliavaja:<\/b> Vastupidav sisseehitatud metallist pudeliavaja, mis teeb sellest reklaamtoote v\u00e4ga kasuliku.<\/li>\n<li><b>Kahekordsed manused:<\/b> Kaasas nii pudeliavaja kui ka metallkarabiin, mis v\u00f5imaldab samaaegselt kasutada ka isikutunnistuse hoidjana.<\/li>\n<li><b>Eridisainiga pol\u00fcesterrihm:<\/b> Vastupidav 90 cm pikkune rihm, millele on tr\u00fckitud teie Pantone&#039;i v\u00e4rvitoonis sobiv logo.<\/li>\n<li><b>\u00dche- v\u00f5i kahepoolne printimine:<\/b> Maksimaalse br\u00e4ndin\u00e4htavuse saavutamiseks vali \u00fche- v\u00f5i kahepoolne printimine.<\/li>\n<li><b>Ideaalne \u00fcrituse kingitus:<\/b> V\u00e4ga praktiline ja meeldej\u00e4\u00e4v ese festivalidele, messidele ja firma\u00fcritustele.<\/li>\n<\/ul>\n<\/div>\n<\/div>\n<\/div>\n<\/div>","protected":false},"excerpt":{"rendered":"<ul>\n<li>Sisaldab funktsionaalset ja integreeritud metallist pudeliavajat suureks otstarbeks.<\/li>\n<li>Vastupidav 90 cm pol\u00fcesterrihm, millele on tr\u00fckitud teie logo.<\/li>\n<li>Pantone&#039;i v\u00e4rvitoonidega \u00fchilduv logo on saadaval \u00fchele v\u00f5i kahele k\u00fcljele.<\/li>\n<li>Sisaldab eraldi metallkarabiin ID-kaartide v\u00f5i v\u00f5tmete jaoks.<\/li>\n<\/ul>","protected":false},"featured_media":6724,"comment_status":"closed","ping_status":"closed","template":"","meta":[],"product_brand":[],"product_cat":[43,108],"product_tag":[],"class_list":{"0":"post-1272","1":"product","2":"type-product","3":"status-publish","4":"has-post-thumbnail","6":"product_cat-lanyards","7":"product_cat-multifunctional-lanyards","9":"first","10":"instock","11":"shipping-taxable","12":"purchasable","13":"product-type-simple"},"_links":{"self":[{"href":"https:\/\/wristbandfactory.eu\/et\/wp-json\/wp\/v2\/product\/1272","targetHints":{"allow":["GET"]}}],"collection":[{"href":"https:\/\/wristbandfactory.eu\/et\/wp-json\/wp\/v2\/product"}],"about":[{"href":"https:\/\/wristbandfactory.eu\/et\/wp-json\/wp\/v2\/types\/product"}],"replies":[{"embeddable":true,"href":"https:\/\/wristbandfactory.eu\/et\/wp-json\/wp\/v2\/comments?post=1272"}],"wp:featuredmedia":[{"embeddable":true,"href":"https:\/\/wristbandfactory.eu\/et\/wp-json\/wp\/v2\/media\/6724"}],"wp:attachment":[{"href":"https:\/\/wristbandfactory.eu\/et\/wp-json\/wp\/v2\/media?parent=1272"}],"wp:term":[{"taxonomy":"product_brand","embeddable":true,"href":"https:\/\/wristbandfactory.eu\/et\/wp-json\/wp\/v2\/product_brand?post=1272"},{"taxonomy":"product_cat","embeddable":true,"href":"https:\/\/wristbandfactory.eu\/et\/wp-json\/wp\/v2\/product_cat?post=1272"},{"taxonomy":"product_tag","embeddable":true,"href":"https:\/\/wristbandfactory.eu\/et\/wp-json\/wp\/v2\/product_tag?post=1272"}],"curies":[{"name":"t\u00f6\u00f6leht","href":"https:\/\/api.w.org\/{rel}","templated":true}]}}