{"id":1268,"date":"2024-10-27T11:53:52","date_gmt":"2024-10-27T08:53:52","guid":{"rendered":"https:\/\/wristbandfactory.eu\/toode\/lanyards-with-reflective-threads\/"},"modified":"2026-01-11T01:10:00","modified_gmt":"2026-01-10T22:10:00","slug":"lanyards-with-reflective-threads","status":"publish","type":"product","link":"https:\/\/wristbandfactory.eu\/et\/p\/lanyards-with-reflective-threads\/","title":{"rendered":"Helkurniidiga kaelapaelad"},"content":{"rendered":"<div class=\"mx-12 md:mx-24 lg:mx-48\">\n<div class=\"container my-8 svelte-zlsknf\">\n<div class=\"my-24 rounded-lg border-0 border-gray-700 bg-gray-100 px-16 py-24\">\n<div class=\"mt-11 !text-gray-500\">\n<p>Suurendage oma meeskonna turvalisust ja n\u00e4htavust \u00f5htustel \u00fcritustel, t\u00f6\u00f6kohtadel v\u00f5i ettev\u00f5tte\u00fcritustel meie abil <b>Helkurniidiga kaelapaelad<\/b>. See kaelapael on asjatundlikult disainitud \u00fchendama m\u00f5jusa br\u00e4ndingu olulise turvaelemendiga.<\/p>\n<p>Iga 90 cm pikkune kaelapael on valmistatud vastupidavast pol\u00fcestrist. Erinevalt t\u00e4ielikult helkurribadest on sellel mudelil j\u00e4rgmised omadused: <b>otse paelamaterjali sisse kootud helkurniidid<\/b>. Need niidid p\u00fc\u00fcavad valgust pimedas v\u00f5i h\u00e4maras, muutes kandja oluliselt n\u00e4htavamaks, ilma et see kahjustaks kaelapaela mugavust v\u00f5i professionaalset v\u00e4limust.<\/p>\n<p>Pol\u00fcesterrihm pakub suurep\u00e4rast pinda br\u00e4ndingu jaoks. Saame teie logo v\u00f5i s\u00f5numi tr\u00fckkida \u00fchele v\u00f5i kahele k\u00fcljele, kasutades t\u00e4pset Pantone v\u00e4rvisobitamist. Iga kaelapael on standardvarustuses varustatud usaldusv\u00e4\u00e4rse metallkarabiiniga, mis teeb sellest funktsionaalse lahenduse ID-kaartide, v\u00f5tmete v\u00f5i l\u00e4bip\u00e4\u00e4sukaartide hoidmiseks.<\/p>\n<p><b>Peamised omadused:<\/b><\/p>\n<ul>\n<li><b>Kootud helkurniidid:<\/b> Pol\u00fcestris otse sisse kootud niidid tagavad hea n\u00e4htavuse h\u00e4maras valguses.<\/li>\n<li><b>Eridisainiga Pantone&#039;i tr\u00fckkimine:<\/b> Teie logo tr\u00fckitakse \u00fchele v\u00f5i kahele k\u00fcljele t\u00e4pse Pantone v\u00e4rvisobitusega.<\/li>\n<li><b>Vastupidav pol\u00fcesterrihm:<\/b> 90 cm pikkune rihm on mugav ja loodud igap\u00e4evaseks kasutamiseks nii firma- kui ka \u00fcritustel.<\/li>\n<li><b>T\u00e4iustatud ohutus:<\/b> Ideaalne t\u00f6\u00f6tajatele, \u00f5htusteks \u00fcritusteks v\u00f5i muudesse keskkondadesse, kus hea n\u00e4htavus on oluline.<\/li>\n<li><b>Standardne metallkarabiin:<\/b> Sisaldab turvalist metallkarabiinhaaki, saadaval on ka teisi klambriv\u00f5imalusi.<\/li>\n<\/ul>\n<\/div>\n<\/div>\n<\/div>\n<\/div>","protected":false},"excerpt":{"rendered":"<ul>\n<li>Pol\u00fcesterrihma sisse on kootud otse n\u00e4htavad helkurniidid.<\/li>\n<li>Ideaalne t\u00f6\u00f6tajate ja osalejate turvalisuse suurendamiseks \u00f5htustel \u00fcritustel.<\/li>\n<li>Printige oma Pantone&#039;i v\u00e4rvidega sobiv logo \u00fchele v\u00f5i kahele k\u00fcljele.<\/li>\n<li>Vastupidav 90 cm rihm tavalise metallkarabiiniga.<\/li>\n<\/ul>","protected":false},"featured_media":6719,"comment_status":"closed","ping_status":"closed","template":"","meta":[],"product_brand":[],"product_cat":[43,109],"product_tag":[],"class_list":{"0":"post-1268","1":"product","2":"type-product","3":"status-publish","4":"has-post-thumbnail","6":"product_cat-lanyards","7":"product_cat-reflective-lanyards","9":"first","10":"instock","11":"shipping-taxable","12":"purchasable","13":"product-type-simple"},"_links":{"self":[{"href":"https:\/\/wristbandfactory.eu\/et\/wp-json\/wp\/v2\/product\/1268","targetHints":{"allow":["GET"]}}],"collection":[{"href":"https:\/\/wristbandfactory.eu\/et\/wp-json\/wp\/v2\/product"}],"about":[{"href":"https:\/\/wristbandfactory.eu\/et\/wp-json\/wp\/v2\/types\/product"}],"replies":[{"embeddable":true,"href":"https:\/\/wristbandfactory.eu\/et\/wp-json\/wp\/v2\/comments?post=1268"}],"wp:featuredmedia":[{"embeddable":true,"href":"https:\/\/wristbandfactory.eu\/et\/wp-json\/wp\/v2\/media\/6719"}],"wp:attachment":[{"href":"https:\/\/wristbandfactory.eu\/et\/wp-json\/wp\/v2\/media?parent=1268"}],"wp:term":[{"taxonomy":"product_brand","embeddable":true,"href":"https:\/\/wristbandfactory.eu\/et\/wp-json\/wp\/v2\/product_brand?post=1268"},{"taxonomy":"product_cat","embeddable":true,"href":"https:\/\/wristbandfactory.eu\/et\/wp-json\/wp\/v2\/product_cat?post=1268"},{"taxonomy":"product_tag","embeddable":true,"href":"https:\/\/wristbandfactory.eu\/et\/wp-json\/wp\/v2\/product_tag?post=1268"}],"curies":[{"name":"t\u00f6\u00f6leht","href":"https:\/\/api.w.org\/{rel}","templated":true}]}}