{"id":1267,"date":"2024-10-27T11:53:52","date_gmt":"2024-10-27T08:53:52","guid":{"rendered":"https:\/\/wristbandfactory.eu\/toode\/bamboo-lanyards\/"},"modified":"2026-01-11T22:10:21","modified_gmt":"2026-01-11T19:10:21","slug":"printed-bamboo-lanyards","status":"publish","type":"product","link":"https:\/\/wristbandfactory.eu\/et\/p\/printed-bamboo-lanyards\/","title":{"rendered":"Bambusest kaelapaelad logoga (Pehme &amp; \u00d6ko)"},"content":{"rendered":"<div class=\"mx-12 md:mx-24 lg:mx-48\">\n<div class=\"container my-8 svelte-zlsknf\">\n<div class=\"my-24 rounded-lg border-0 border-gray-700 bg-gray-100 px-16 py-24\">\n<div class=\"mt-11 !text-gray-500\">\n<p data-path-to-node=\"11\">Tehke oma j\u00e4rgmise \u00fcrituse v\u00f5i firma\u00fcrituse jaoks kindel j\u00e4tkusuutlik valik meie abiga <b>Bambusest kaelapaelad tr\u00fckiga<\/b>. Kuna organisatsioonid liiguvad \u00fcha enam plastvabade lahenduste poole, paistab bambus silma mitte ainult oma keskkonnas\u00f5bralikkuse, vaid ka suurep\u00e4rase kvaliteedi ja tunde poolest.<\/p>\n<p data-path-to-node=\"12\">Need naturaalsetest, biolagunevatest bambuskiududest valmistatud kaelapaelad pakuvad ainulaadset kombatavat kogemust. Erinevalt m\u00f5nest taaskasutatud materjalist, mis v\u00f5ivad tunduda j\u00e4medad, on bambus loomulikult sile, hingav ja antibakteriaalne, mist\u00f5ttu on see k\u00f5ige mugavam valik t\u00f6\u00f6tajatele ja osalejatele, kes kannavad oma isikutunnistust terve p\u00e4eva. See annab eristuva \u201cesmaklassilise \u00f6ko\u201d ilme, mis t\u00f5stab teie br\u00e4ndi mainet.<\/p>\n<p data-path-to-node=\"13\">Pakume <b>eridisainiga siiditr\u00fckk<\/b> bambuspinnal, mis v\u00f5imaldab teravat ja selget logo reprodutseerimist t\u00e4pselt teie soovidele vastaval kujul. <b>Pantone br\u00e4ndi v\u00e4rvid<\/b>. Olenemata sellest, kas vajate \u00fchepoolset br\u00e4ndingut v\u00f5i kahepoolset n\u00e4htavust, on tulemuseks professionaalne viimistlus naturaalsel alusel. Ligikaudu 90 cm pikkused kleebised vastavad professionaalseks kasutamiseks m\u00f5eldud t\u00f6\u00f6stusstandardile.<\/p>\n<p data-path-to-node=\"14\">Kohandage oma tellimust vastavalt ohutus- ja funktsionaalsetele n\u00f5uetele: kuigi vastupidav <b>metallist karabiin<\/b> on standardvarustuses, saame need kaelapaelad varustada <b>ohutusklambrid<\/b> (koolidele ja haiglatele h\u00e4davajalik) v\u00f5i muud spetsiaalsed lisaseadmed n\u00f5udmisel.<\/p>\n<p data-path-to-node=\"15\"><b>Peamised omadused:<\/b><\/p>\n<ul data-path-to-node=\"16\">\n<li>\n<p data-path-to-node=\"16,0,0\"><b>Materjal:<\/b> 100% j\u00e4tkusuutlik bambuskiud (biolagunev).<\/p>\n<\/li>\n<li>\n<p data-path-to-node=\"16,1,0\"><b>Taktiilne tunne:<\/b> Erakordselt pehme, sile ja h\u00fcpoallergeenne.<\/p>\n<\/li>\n<li>\n<p data-path-to-node=\"16,2,0\"><b>Tr\u00fckkimine:<\/b> Siiditr\u00fckk Pantone v\u00e4rvisobitamisega.<\/p>\n<\/li>\n<li>\n<p data-path-to-node=\"16,3,0\"><b>\u00d6kosertifikaat:<\/b> mis on saadud kiiresti taastuvast ja pestitsiidivabast allikast.<\/p>\n<\/li>\n<li>\n<p data-path-to-node=\"16,4,0\"><b>Riistvara:<\/b> Komplektis vastupidav metallkarabiin; turval\u00fcliti on valikuline.<\/p>\n<\/li>\n<li>\n<p data-path-to-node=\"16,5,0\"><b>Vastupidavus:<\/b> Tugevad looduslikud kiud peavad mitmep\u00e4evaste \u00fcrituste ajal kulumisele vastu.<\/p>\n<\/li>\n<\/ul>\n<\/div>\n<\/div>\n<\/div>\n<\/div>","protected":false},"excerpt":{"rendered":"<ul>\n<li>\n<p data-path-to-node=\"9,0,0\"><b>Kiiresti taastuv:<\/b> Valmistatud j\u00e4tkusuutlikest bambuskiududest, mis on \u00fcks kiiremini kasvavaid taimi maailmas ja millel on v\u00e4ike s\u00fcsiniku jalaj\u00e4lg.<\/p>\n<\/li>\n<li>\n<p data-path-to-node=\"9,1,0\"><b>Esmaklassiline pehmus:<\/b> Bambuskangas on loomulikult h\u00fcpoallergeenne ja siledam kui puuvill v\u00f5i pol\u00fcester, tagades maksimaalse mugavuse.<\/p>\n<\/li>\n<li>\n<p data-path-to-node=\"9,2,0\"><b>Eridisainiga br\u00e4nding:<\/b> Teie logo tr\u00fckitakse siiditr\u00fckiga t\u00e4pselt Pantone&#039;i v\u00e4rvidega \u00fchele v\u00f5i kahele k\u00fcljele.<\/p>\n<\/li>\n<li>\n<p data-path-to-node=\"9,3,0\"><b>Mitmek\u00fclgne riistvara:<\/b> Standardvarustuses on metallist karabiin; vastavuse tagamiseks on saadaval valikulised turvaklambrid.<\/p>\n<\/li>\n<\/ul>","protected":false},"featured_media":6725,"comment_status":"closed","ping_status":"closed","template":"","meta":[],"product_brand":[],"product_cat":[104,106,107],"product_tag":[],"class_list":{"0":"post-1267","1":"product","2":"type-product","3":"status-publish","4":"has-post-thumbnail","6":"product_cat-custom-printed-lanyards","7":"product_cat-breakaway-lanyards","8":"product_cat-eco-friendly-lanyards","10":"first","11":"instock","12":"shipping-taxable","13":"purchasable","14":"product-type-simple"},"_links":{"self":[{"href":"https:\/\/wristbandfactory.eu\/et\/wp-json\/wp\/v2\/product\/1267","targetHints":{"allow":["GET"]}}],"collection":[{"href":"https:\/\/wristbandfactory.eu\/et\/wp-json\/wp\/v2\/product"}],"about":[{"href":"https:\/\/wristbandfactory.eu\/et\/wp-json\/wp\/v2\/types\/product"}],"replies":[{"embeddable":true,"href":"https:\/\/wristbandfactory.eu\/et\/wp-json\/wp\/v2\/comments?post=1267"}],"wp:featuredmedia":[{"embeddable":true,"href":"https:\/\/wristbandfactory.eu\/et\/wp-json\/wp\/v2\/media\/6725"}],"wp:attachment":[{"href":"https:\/\/wristbandfactory.eu\/et\/wp-json\/wp\/v2\/media?parent=1267"}],"wp:term":[{"taxonomy":"product_brand","embeddable":true,"href":"https:\/\/wristbandfactory.eu\/et\/wp-json\/wp\/v2\/product_brand?post=1267"},{"taxonomy":"product_cat","embeddable":true,"href":"https:\/\/wristbandfactory.eu\/et\/wp-json\/wp\/v2\/product_cat?post=1267"},{"taxonomy":"product_tag","embeddable":true,"href":"https:\/\/wristbandfactory.eu\/et\/wp-json\/wp\/v2\/product_tag?post=1267"}],"curies":[{"name":"t\u00f6\u00f6leht","href":"https:\/\/api.w.org\/{rel}","templated":true}]}}