{"id":1264,"date":"2024-10-27T11:53:52","date_gmt":"2024-10-27T08:53:52","guid":{"rendered":"https:\/\/wristbandfactory.eu\/toode\/satin-lanyards-with-1-sided-sublimated-logo-design\/"},"modified":"2026-01-11T23:47:24","modified_gmt":"2026-01-11T20:47:24","slug":"sublimation-satin-lanyards","status":"publish","type":"product","link":"https:\/\/wristbandfactory.eu\/et\/p\/sublimation-satin-lanyards\/","title":{"rendered":"Sublimatsioontr\u00fckiga satiinpaelad (T\u00e4isv\u00e4rv)"},"content":{"rendered":"<p data-path-to-node=\"11\">Esitle oma br\u00e4ndi piiramatutes v\u00e4rvides ja fotorealistlikes detailides meie abil <b>Sublimatsiooniga satiinist kaelapaelad<\/b>. See toode \u00fchendab luksust ja tehnoloogiat, pakkudes ideaalset valikut organisatsioonidele, kellel on keerukad logod, erksad gradientv\u00e4rvid v\u00f5i detailsed pildid, mis n\u00f5uavad esmaklassilist esitlust.<\/p>\n<p data-path-to-node=\"12\">Valmistatud peenest <b>valge satiinist pael<\/b> (umbes 90 cm pikkused) pakuvad siledat ja l\u00e4ikivat l\u00f5uendit, mis tundub puudutamisel erakordselt meeldiv. Erinevalt tavalisest soonikkoes pol\u00fcestrist peegeldab satiinpind valgust, andes teie br\u00e4ndingule peene l\u00e4ike. Kasutades t\u00e4iustatud <b>v\u00e4rvisublimatsioonitr\u00fckk<\/b>, teie kunstiteos v\u00e4rvitakse otse kangale \u00fchelt poolt. See protsess tagab s\u00e4rava, pleekimiskindla viimistluse, mis ei pragune ega kooru, muutes selle vastupidavaks lahenduseks mitmep\u00e4evasteks firma\u00fcritusteks, VIP-p\u00e4\u00e4smete ja messide jaoks.<\/p>\n<p data-path-to-node=\"13\"><i>Tootmism\u00e4rkus:<\/i> Need kaelapaelad on tr\u00fckitud \u00fchepoolse sublimatsiooniga. Protsessi ja materjali iseloomu t\u00f5ttu on disain tagak\u00fcljel veidi n\u00e4htav.<\/p>\n<p data-path-to-node=\"14\">Iga kaelapael on standardvarustuses vastupidava <b>metallist karabiin<\/b>, lisades kvaliteetset tunnet. Saadaval on ka teisi klambrivalikuid, et need vastaksid teie isikutunnistuse v\u00f5i l\u00e4bip\u00e4\u00e4sukaardi vajadustele.<\/p>\n<p data-path-to-node=\"15\"><b>Peamised omadused:<\/b><\/p>\n<ul data-path-to-node=\"16\">\n<li>\n<p data-path-to-node=\"16,0,0\"><b>T\u00e4isv\u00e4rviline sublimatsioon:<\/b> Annab keerukatele logodele, gradientidele ja piltidele fotorealistlikke detaile.<\/p>\n<\/li>\n<li>\n<p data-path-to-node=\"16,1,0\"><b>Kvaliteetne satiinmaterjal:<\/b> Sile ja k\u00f5rgl\u00e4ikega pind luksusliku v\u00e4limuse ja tunde saavutamiseks.<\/p>\n<\/li>\n<li>\n<p data-path-to-node=\"16,2,0\"><b>Tuhmumiskindel:<\/b> V\u00e4rvi infusioonitehnoloogia tagab, et prinditud materjal j\u00e4\u00e4b erksaks ilma pragunemiseta.<\/p>\n<\/li>\n<li>\n<p data-path-to-node=\"16,3,0\"><b>Mugavus:<\/b> Pehme satiinist tekstuur sobib ideaalselt terveks p\u00e4evaks kandmiseks ilma \u00e4rritust tekitamata.<\/p>\n<\/li>\n<li>\n<p data-path-to-node=\"16,4,0\"><b>Riistvara:<\/b> Sisaldab vastupidavat metallkarabiinhaakes; soovi korral on saadaval ka eritellimusel lisatarvikud.<\/p>\n<\/li>\n<li>\n<p data-path-to-node=\"16,5,0\"><b>Tootmine:<\/b> Kiire EL-p\u00f5hine tootmine hulgitellimuste korral (minimaalne kogus 100)<\/p>\n<\/li>\n<\/ul>","protected":false},"excerpt":{"rendered":"<ul>\n<li>\n<p data-path-to-node=\"9,0,0\"><b>Premium-tekstuur:<\/b> Sile ja l\u00e4ikiv satiinpael pakub luksuslikumat tunnet, mis on tavalisest pol\u00fcestrist parem.<\/p>\n<\/li>\n<li>\n<p data-path-to-node=\"9,1,0\"><b>Fotorealistlik tr\u00fckkimine:<\/b> T\u00e4iustatud v\u00e4rvisublimatsioon v\u00f5imaldab piiramatul hulgal v\u00e4rve, gradiente ja keerukate piltide taasesitamist.<\/p>\n<\/li>\n<li>\n<p data-path-to-node=\"9,2,0\"><b>Vastupidav viimistlus:<\/b> Tint v\u00e4rvitakse otse kangakiududesse, tagades, et disain ei pragune, kooru ega tuhmu.<\/p>\n<\/li>\n<li>\n<p data-path-to-node=\"9,3,0\"><b>VIP-valmis:<\/b> Ideaalne mugavuse ja visuaalse atraktiivsuse kombinatsioon tipptasemel firma\u00fcritusteks ja eksklusiivseteks p\u00e4\u00e4smeteks.<\/p>\n<\/li>\n<\/ul>","protected":false},"featured_media":6797,"comment_status":"closed","ping_status":"closed","template":"","meta":[],"product_brand":[],"product_cat":[104,106],"product_tag":[],"class_list":{"0":"post-1264","1":"product","2":"type-product","3":"status-publish","4":"has-post-thumbnail","6":"product_cat-custom-printed-lanyards","7":"product_cat-breakaway-lanyards","9":"first","10":"instock","11":"shipping-taxable","12":"purchasable","13":"product-type-simple"},"_links":{"self":[{"href":"https:\/\/wristbandfactory.eu\/et\/wp-json\/wp\/v2\/product\/1264","targetHints":{"allow":["GET"]}}],"collection":[{"href":"https:\/\/wristbandfactory.eu\/et\/wp-json\/wp\/v2\/product"}],"about":[{"href":"https:\/\/wristbandfactory.eu\/et\/wp-json\/wp\/v2\/types\/product"}],"replies":[{"embeddable":true,"href":"https:\/\/wristbandfactory.eu\/et\/wp-json\/wp\/v2\/comments?post=1264"}],"wp:featuredmedia":[{"embeddable":true,"href":"https:\/\/wristbandfactory.eu\/et\/wp-json\/wp\/v2\/media\/6797"}],"wp:attachment":[{"href":"https:\/\/wristbandfactory.eu\/et\/wp-json\/wp\/v2\/media?parent=1264"}],"wp:term":[{"taxonomy":"product_brand","embeddable":true,"href":"https:\/\/wristbandfactory.eu\/et\/wp-json\/wp\/v2\/product_brand?post=1264"},{"taxonomy":"product_cat","embeddable":true,"href":"https:\/\/wristbandfactory.eu\/et\/wp-json\/wp\/v2\/product_cat?post=1264"},{"taxonomy":"product_tag","embeddable":true,"href":"https:\/\/wristbandfactory.eu\/et\/wp-json\/wp\/v2\/product_tag?post=1264"}],"curies":[{"name":"t\u00f6\u00f6leht","href":"https:\/\/api.w.org\/{rel}","templated":true}]}}