{"id":1263,"date":"2024-10-27T11:53:52","date_gmt":"2024-10-27T08:53:52","guid":{"rendered":"https:\/\/wristbandfactory.eu\/toode\/3d-printed-lanyards\/"},"modified":"2026-01-12T00:23:40","modified_gmt":"2026-01-11T21:23:40","slug":"3d-printed-lanyards-raised-silicone-logo","status":"publish","type":"product","link":"https:\/\/wristbandfactory.eu\/et\/p\/3d-printed-lanyards-raised-silicone-logo\/","title":{"rendered":"3D-logoga kaelapaelad (reljeefne tr\u00fckk)"},"content":{"rendered":"<div class=\"mx-12 md:mx-24 lg:mx-48\">\n<div class=\"container my-8 svelte-zlsknf\">\n<div class=\"my-24 rounded-lg border-0 border-gray-700 bg-gray-100 px-16 py-24\">\n<div class=\"mt-11 !text-gray-500\">\n<p data-path-to-node=\"11\">T\u00f5sta oma ettev\u00f5tte br\u00e4ndingut meie abil <b>3D-prinditud kaelapaelad<\/b>, esmaklassiline identifitseerimislahendus, mis on loodud kestva mulje j\u00e4tmiseks. See uuenduslik kaelapael liigub tavap\u00e4rastest lamedatest tr\u00fckitehnikatest kaugemale ja kannab teie logo... <b>k\u00f5rge tihedusega silikoonkiht<\/b>. See loob eristuva ja kombatava viimistluse, mis lisab teie br\u00e4ndile s\u00fcgavust ja eksklusiivsust, muutes selle ideaalseks valikuks VIP-\u00fcritusteks, tehnoloogiakonverentsideks ja k\u00f5rgetasemeliseks ettev\u00f5ttesiseseks kasutamiseks.<\/p>\n<p data-path-to-node=\"12\">90 cm pikkune kaelapael on valmistatud vastupidavast ja kvaliteetsest pol\u00fcestrist, mis tagab vastupidavuse igap\u00e4evaseks t\u00f6\u00f6tajate kandmiseks. Tr\u00fckime teie eridisainiga kujunduse paela \u00fchele k\u00fcljele, pakkudes t\u00e4pset... <b>Pantone v\u00e4rvide sobitamine<\/b> v\u00f5i t\u00e4isv\u00e4rvilised v\u00f5imalused, et tagada teie logo silmapaistev moodne ja arhitektuurne efekt. Erinevalt traditsioonilistest kulumiskindlatest tr\u00fckistest on reljeefne silikoontekstuur vastupidav ja s\u00e4ilitab oma esmaklassilise v\u00e4limuse aja jooksul.<\/p>\n<p data-path-to-node=\"13\">Iga seade on varustatud vastupidava <b>metallist karabiin<\/b> Standardvarustuses, mis r\u00f5hutab toote k\u00f5rget kvaliteeti. Olenemata sellest, kas seda kasutatakse turvaliste juurdep\u00e4\u00e4sukaartide v\u00f5i vastupidavate v\u00f5tmekomplektide hoidmiseks, \u00fchendab see kaelapael funktsionaalse tugevuse ainulaadse visuaalse ja kombatava atraktiivsusega, mis t\u00f5mbab teie br\u00e4ndi t\u00e4helepanu.<\/p>\n<p data-path-to-node=\"14\"><b>Peamised omadused:<\/b><\/p>\n<ul data-path-to-node=\"15\">\n<li>\n<p data-path-to-node=\"15,0,0\"><b>T\u00f5stetud 3D-tehnoloogia:<\/b> Logod on tr\u00fckitud suure tihedusega silikoonist, et luua kombatav ja reljeefne efekt.<\/p>\n<\/li>\n<li>\n<p data-path-to-node=\"15,1,0\"><b>Premium-visuaalid:<\/b> Lisab s\u00fcgavust ja luksuslikku tunnet, sobib ideaalselt VIP-ide v\u00f5i t\u00f6\u00f6tajate eristamiseks.<\/p>\n<\/li>\n<li>\n<p data-path-to-node=\"15,2,0\"><b>Kohandamine:<\/b> T\u00f5stetud tr\u00fckikihi jaoks on saadaval t\u00e4ielik Pantone&#039;i vastendamine.<\/p>\n<\/li>\n<li>\n<p data-path-to-node=\"15,3,0\"><b>Vastupidavus:<\/b> Pol\u00fcesterrihm ja silikoontr\u00fckk on loodud pikaajaliseks igap\u00e4evaseks kasutamiseks.<\/p>\n<\/li>\n<li>\n<p data-path-to-node=\"15,4,0\"><b>Riistvara:<\/b> Sisaldab tugevat metallkarabiinhaaki; muud lisatarvikud on saadaval soovi korral.<\/p>\n<\/li>\n<\/ul>\n<\/div>\n<\/div>\n<\/div>\n<\/div>","protected":false},"excerpt":{"rendered":"<ul>\n<li>\n<p data-path-to-node=\"9,0,0\"><b>Taktiilne br\u00e4nding:<\/b> Innovatiivne suure tihedusega tr\u00fckkimine loob reljeefse 3D-logo efekti, mida on tunda.<\/p>\n<\/li>\n<li>\n<p data-path-to-node=\"9,1,0\"><b>Esmaklassiline esteetika:<\/b> Pakub keerukat ja moodsat v\u00e4limust, mis on tavalisest lamedast s\u00f5eltr\u00fckist parem.<\/p>\n<\/li>\n<li>\n<p data-path-to-node=\"9,2,0\"><b>Vastupidav viimistlus:<\/b> Silikoonip\u00f5hine 3D-print on v\u00e4ga vastupidav kulumisele, pesemisele ja pleekimisele.<\/p>\n<\/li>\n<li>\n<p data-path-to-node=\"9,3,0\"><b>Ettev\u00f5tte identiteet:<\/b> Saadaval Pantone&#039;i v\u00e4rvidega sobivates v\u00e4rvides vastupidaval 90 cm pol\u00fcesterrihmal.<\/p>\n<\/li>\n<li><\/li>\n<\/ul>","protected":false},"featured_media":6826,"comment_status":"closed","ping_status":"closed","template":"","meta":[],"product_brand":[],"product_cat":[104],"product_tag":[],"class_list":{"0":"post-1263","1":"product","2":"type-product","3":"status-publish","4":"has-post-thumbnail","6":"product_cat-custom-printed-lanyards","8":"first","9":"instock","10":"shipping-taxable","11":"purchasable","12":"product-type-simple"},"_links":{"self":[{"href":"https:\/\/wristbandfactory.eu\/et\/wp-json\/wp\/v2\/product\/1263","targetHints":{"allow":["GET"]}}],"collection":[{"href":"https:\/\/wristbandfactory.eu\/et\/wp-json\/wp\/v2\/product"}],"about":[{"href":"https:\/\/wristbandfactory.eu\/et\/wp-json\/wp\/v2\/types\/product"}],"replies":[{"embeddable":true,"href":"https:\/\/wristbandfactory.eu\/et\/wp-json\/wp\/v2\/comments?post=1263"}],"wp:featuredmedia":[{"embeddable":true,"href":"https:\/\/wristbandfactory.eu\/et\/wp-json\/wp\/v2\/media\/6826"}],"wp:attachment":[{"href":"https:\/\/wristbandfactory.eu\/et\/wp-json\/wp\/v2\/media?parent=1263"}],"wp:term":[{"taxonomy":"product_brand","embeddable":true,"href":"https:\/\/wristbandfactory.eu\/et\/wp-json\/wp\/v2\/product_brand?post=1263"},{"taxonomy":"product_cat","embeddable":true,"href":"https:\/\/wristbandfactory.eu\/et\/wp-json\/wp\/v2\/product_cat?post=1263"},{"taxonomy":"product_tag","embeddable":true,"href":"https:\/\/wristbandfactory.eu\/et\/wp-json\/wp\/v2\/product_tag?post=1263"}],"curies":[{"name":"t\u00f6\u00f6leht","href":"https:\/\/api.w.org\/{rel}","templated":true}]}}