{"id":1259,"date":"2024-10-27T11:54:13","date_gmt":"2024-10-27T08:54:13","guid":{"rendered":"https:\/\/wristbandfactory.eu\/toode\/recycled-pet-sublimation-lanyards\/"},"modified":"2026-01-12T00:33:58","modified_gmt":"2026-01-11T21:33:58","slug":"eco-friendly-rpet-lanyards-full-color-sublimation","status":"publish","type":"product","link":"https:\/\/wristbandfactory.eu\/et\/p\/eco-friendly-rpet-lanyards-full-color-sublimation\/","title":{"rendered":"Taaskasutatud rPET kaelapaelad (sublimatsioontr\u00fckk)"},"content":{"rendered":"<div class=\"mx-12 md:mx-24 lg:mx-48\">\n<div class=\"container my-8 svelte-zlsknf\">\n<div class=\"my-24 rounded-lg border-0 border-gray-700 bg-gray-100 px-16 py-24\">\n<div class=\"mt-11 !text-gray-500\">\n<p data-path-to-node=\"11\">N\u00e4idake oma br\u00e4ndi p\u00fchendumust j\u00e4tkusuutlikkusele, ohverdamata seejuures m\u00f5jukat visuaalset identiteeti. Meie <b>Keskkonnas\u00f5bralikud rPET sublimatsiooniga kaelapaelad<\/b> on parim valik keskkonnateadlikele organisatsioonidele, rohelistele konverentsidele ja festivalidele, kes soovivad v\u00e4hendada oma s\u00fcsiniku jalaj\u00e4lge.<\/p>\n<p data-path-to-node=\"12\"><span data-path-to-node=\"12,1\"><span class=\"citation-171\">Need kaelapaelad on valmistatud 100% taaskasutatud PET-ist (rPET), mis taaskasutavad tarbimisj\u00e4rgseid plastj\u00e4\u00e4tmeid kvaliteetseks ja vastupidavaks tekstiilpaelaks.<\/span><\/span><span data-path-to-node=\"12,3\">. Vaatamata taaskasutamisele on materjalil m\u00e4rkimisv\u00e4\u00e4rselt peen kudum, mis tagab sileda ja esmaklassilise l\u00f5uendi. See pind on spetsiaalselt loodud <b>v\u00e4rvisublimatsioonitr\u00fckk<\/b>, mis v\u00f5imaldab luua vapustavaid ja fotorealistlikke kujundusi \u00fchel v\u00f5i m\u00f5lemal k\u00fcljel. Erinevalt siiditr\u00fckist v\u00e4rvib sublimatsioon kangakiude otse, tagades, et keerulised logod, detailsed pildid ja erksad gradientv\u00e4rvid aja jooksul ei pragune, tuhmu ega kooru.<\/span><\/p>\n<p data-path-to-node=\"13\"><span data-path-to-node=\"13,1\"><span class=\"citation-170\">Iga kaelapael on varustatud vastupidava <\/span><b><span class=\"citation-170\">metallist karabiin<\/span><\/b><span class=\"citation-170\"> standardvarustuses, pakkudes turvalist kinnitust ID-kaartidele ja p\u00e4\u00e4smetele<\/span><\/span><span data-path-to-node=\"13,3\">. <\/span><span data-path-to-node=\"13,5\"><span class=\"citation-169\">Ettev\u00f5ttekeskkondade v\u00f5i suuremahuliste \u00fcrituste puhul, kus tervise- ja ohutusn\u00f5uete j\u00e4rgimine on esmat\u00e4htis, soovitame tungivalt lisada valikulise <\/span><b><span class=\"citation-169\">ohutuse eemaldatav klamber<\/span><\/b><\/span><span data-path-to-node=\"13,7\">, mis j\u00f5ulisel t\u00f5mbamisel k\u00f6ie vabastab.<\/span><\/p>\n<p data-path-to-node=\"14\"><b>Peamised omadused:<\/b><\/p>\n<ul data-path-to-node=\"15\">\n<li>\n<p data-path-to-node=\"15,0,0\"><b>Keskkonnas\u00f5bralik materjal:<\/b> Valmistatud 100% taaskasutatud PET-ist (rPET), mis on saadud tarbijaj\u00e4\u00e4tmetest.<\/p>\n<\/li>\n<li>\n<p data-path-to-node=\"15,1,0\"><b>T\u00e4isv\u00e4rviline sublimatsioon:<\/b> V\u00f5imaldab erksat, tuhmumiskindlat ja fotorealistlikku graafikat \u00fchel v\u00f5i kahel k\u00fcljel.<\/p>\n<\/li>\n<li>\n<p data-path-to-node=\"15,2,0\"><b>Mugavus:<\/b> 90 cm pikkune pehme viimistlusega rihm mugavaks kandmiseks kogu p\u00e4evaks.<\/p>\n<\/li>\n<li>\n<p data-path-to-node=\"15,3,0\"><b>Turvalisuse valikud:<\/b> Lisavarustusena on saadaval eemaldatav klamber kasutaja ohutuse suurendamiseks aktiivsetes keskkondades.<\/p>\n<\/li>\n<li>\n<p data-path-to-node=\"15,4,0\"><b>Mitmek\u00fclgne riistvara:<\/b> Kaasas vastupidav metallkarabiin; muud klambrid on saadaval soovi korral.<\/p>\n<\/li>\n<\/ul>\n<\/div>\n<\/div>\n<\/div>\n<\/div>","protected":false},"excerpt":{"rendered":"<ul>\n<li>\n<p data-path-to-node=\"9,0,0\"><b>Sertifitseeritud j\u00e4tkusuutlikkus:<\/b> Valmistatud 100% taaskasutatud plastpudelitest (rPET), v\u00e4hendades keskkonnam\u00f5ju.<\/p>\n<\/li>\n<li>\n<p data-path-to-node=\"9,1,0\"><b>K\u00f5rglahutusega br\u00e4nding:<\/b> Sile pind v\u00f5imaldab servast servani t\u00e4isv\u00e4rvilist sublimatsioonitr\u00fckki.<\/p>\n<\/li>\n<li>\n<p data-path-to-node=\"9,2,0\"><b>Komplekssed kujundused:<\/b> Ideaalne keerukate logode, gradientide ja fotode jaoks.<\/p>\n<\/li>\n<li>\n<p data-path-to-node=\"9,3,0\"><b>Ohutus ja kasulikkus:<\/b> Sisaldab standardset metallkarabiinhaaki; vastavuse tagamiseks on saadaval valikuline turvaeraldusmehhanism.<\/p>\n<\/li>\n<li><\/li>\n<\/ul>","protected":false},"featured_media":6833,"comment_status":"closed","ping_status":"closed","template":"","meta":[],"product_brand":[],"product_cat":[43,104,106],"product_tag":[],"class_list":{"0":"post-1259","1":"product","2":"type-product","3":"status-publish","4":"has-post-thumbnail","6":"product_cat-lanyards","7":"product_cat-custom-printed-lanyards","8":"product_cat-breakaway-lanyards","10":"first","11":"instock","12":"shipping-taxable","13":"purchasable","14":"product-type-simple"},"_links":{"self":[{"href":"https:\/\/wristbandfactory.eu\/et\/wp-json\/wp\/v2\/product\/1259","targetHints":{"allow":["GET"]}}],"collection":[{"href":"https:\/\/wristbandfactory.eu\/et\/wp-json\/wp\/v2\/product"}],"about":[{"href":"https:\/\/wristbandfactory.eu\/et\/wp-json\/wp\/v2\/types\/product"}],"replies":[{"embeddable":true,"href":"https:\/\/wristbandfactory.eu\/et\/wp-json\/wp\/v2\/comments?post=1259"}],"wp:featuredmedia":[{"embeddable":true,"href":"https:\/\/wristbandfactory.eu\/et\/wp-json\/wp\/v2\/media\/6833"}],"wp:attachment":[{"href":"https:\/\/wristbandfactory.eu\/et\/wp-json\/wp\/v2\/media?parent=1259"}],"wp:term":[{"taxonomy":"product_brand","embeddable":true,"href":"https:\/\/wristbandfactory.eu\/et\/wp-json\/wp\/v2\/product_brand?post=1259"},{"taxonomy":"product_cat","embeddable":true,"href":"https:\/\/wristbandfactory.eu\/et\/wp-json\/wp\/v2\/product_cat?post=1259"},{"taxonomy":"product_tag","embeddable":true,"href":"https:\/\/wristbandfactory.eu\/et\/wp-json\/wp\/v2\/product_tag?post=1259"}],"curies":[{"name":"t\u00f6\u00f6leht","href":"https:\/\/api.w.org\/{rel}","templated":true}]}}