{"id":1256,"date":"2024-10-27T11:54:13","date_gmt":"2024-10-27T08:54:13","guid":{"rendered":"https:\/\/wristbandfactory.eu\/toode\/cork-lanyards\/"},"modified":"2026-01-11T22:16:05","modified_gmt":"2026-01-11T19:16:05","slug":"printed-cork-lanyards","status":"publish","type":"product","link":"https:\/\/wristbandfactory.eu\/et\/p\/printed-cork-lanyards\/","title":{"rendered":"Korgist kaelapaelad logoga (Naturaalne)"},"content":{"rendered":"<div class=\"mx-12 md:mx-24 lg:mx-48\">\n<div class=\"container my-8 svelte-zlsknf\">\n<div class=\"my-24 rounded-lg border-0 border-gray-700 bg-gray-100 px-16 py-24\">\n<div class=\"mt-11 !text-gray-500\">\n<p data-path-to-node=\"11\">Avaldage vastutustundlikku ja stiilset avaldust oma j\u00e4rgmisel konverentsil v\u00f5i messil meie abiga <b>Tr\u00fckitud korgist kaelapaelad<\/b>. See kaelapael on ideaalne lahendus keskkonnateadlikele organisatsioonidele, kes soovivad \u00fchendada j\u00e4tkusuutlikud materjalid professionaalse br\u00e4ndinguga, pakkudes keerukat alternatiivi s\u00fcnteetilistele kiududele.<\/p>\n<p data-path-to-node=\"12\">Valmistatud <b>ehtne naturaalne kork<\/b>, See 90 cm pikkune kaelapael pakub ainulaadset ja kvaliteetset tunnet, mis on koheselt \u00e4ratuntav. Materjal on korjatud korgitamme koorest puud ennast kahjustamata, muutes selle t\u00f5eliselt taastuvaks ressursiks. Lisaks keskkonnas\u00f5bralikkusele on kork loomulikult vastupidav, veekindel ja h\u00fcpoallergeenne, tagades mugavuse igap\u00e4evasel kandmisel.<\/p>\n<p data-path-to-node=\"13\">Me saame <b>printige oma logo eridisainiga kujul<\/b> rihma \u00fchel v\u00f5i kahel k\u00fcljel. Kuigi korgil on loomulik tekstuur, tagab meie t\u00e4iustatud siiditr\u00fckiprotsess teie kujunduse loetavuse ja v\u00e4rvit\u00e4psuse (kasutades <b>Pantone&#039;i sobitamine<\/b>). Korgi naturaalne pruunikas v\u00e4rv annab kauni neutraalse tausta, mis toob tumedad logod esile. Iga kaelapaelaga on standardvarustuses kaasas usaldusv\u00e4\u00e4rne <b>metallist karabiin<\/b>, pakkudes turvalist kinnitust \u00fcrituste p\u00e4\u00e4smetele v\u00f5i ID-kaartidele.<\/p>\n<p data-path-to-node=\"14\"><b>Peamised omadused:<\/b><\/p>\n<ul data-path-to-node=\"15\">\n<li>\n<p data-path-to-node=\"15,0,0\"><b>Materjal:<\/b> Ehtne naturaalne kork (taastuv ja biolagunev).<\/p>\n<\/li>\n<li>\n<p data-path-to-node=\"15,1,0\"><b>Visuaalne m\u00f5ju:<\/b> Ainulaadne puidus\u00fc\u00fcga tekstuur annab edasi \u201cPremium Eco\u201d v\u00e4\u00e4rtust.<\/p>\n<\/li>\n<li>\n<p data-path-to-node=\"15,2,0\"><b>Tr\u00fckkimine:<\/b> Siiditr\u00fckk Pantone&#039;i t\u00e4psusega \u00fchel v\u00f5i kahel k\u00fcljel.<\/p>\n<\/li>\n<li>\n<p data-path-to-node=\"15,3,0\"><b>Vastupidavus:<\/b> Loomulikult veekindel ja piisavalt vastupidav pikaajaliseks kasutamiseks.<\/p>\n<\/li>\n<li>\n<p data-path-to-node=\"15,4,0\"><b>Riistvara:<\/b> Sisaldab vastupidavat metallkarabiinhaaket; saadaval on ka muud klambrivariandid.<\/p>\n<\/li>\n<li>\n<p data-path-to-node=\"15,5,0\"><b>Mugavus:<\/b> Kerge ja pehme naha vastas.<\/p>\n<\/li>\n<\/ul>\n<\/div>\n<\/div>\n<\/div>\n<\/div>","protected":false},"excerpt":{"rendered":"<ul>\n<li>\n<p data-path-to-node=\"9,0,0\"><b>Eristuv esteetika:<\/b> Korgi naturaalne puidulaadne tekstuur loob ainulaadse ja esmaklassilise v\u00e4limuse, mis eristub tavalistest kaelapaeltest.<\/p>\n<\/li>\n<li>\n<p data-path-to-node=\"9,1,0\"><b>Sertifitseeritud j\u00e4tkusuutlikkus:<\/b> Valmistatud ehtsast taastuvast korgist, mis n\u00e4itab tugevat p\u00fchendumust keskkonnavastutusele.<\/p>\n<\/li>\n<li>\n<p data-path-to-node=\"9,2,0\"><b>Eridisainiga br\u00e4nding:<\/b> Vaatamata tekstureeritud pinnale pakume l\u00e4bipaistvat siiditr\u00fckki Pantone v\u00e4rvide sobitamisega \u00fchel v\u00f5i kahel k\u00fcljel.<\/p>\n<\/li>\n<li>\n<p data-path-to-node=\"9,3,0\"><b>Vastupidav ja veekindel:<\/b> Kork on loomulikult vastupidav ja niiskuskindel, mist\u00f5ttu sobib see ideaalselt mitmep\u00e4evasteks \u00fcritusteks.<\/p>\n<\/li>\n<\/ul>","protected":false},"featured_media":6730,"comment_status":"closed","ping_status":"closed","template":"","meta":[],"product_brand":[],"product_cat":[43,107],"product_tag":[],"class_list":{"0":"post-1256","1":"product","2":"type-product","3":"status-publish","4":"has-post-thumbnail","6":"product_cat-lanyards","7":"product_cat-eco-friendly-lanyards","9":"first","10":"instock","11":"shipping-taxable","12":"purchasable","13":"product-type-simple"},"_links":{"self":[{"href":"https:\/\/wristbandfactory.eu\/et\/wp-json\/wp\/v2\/product\/1256","targetHints":{"allow":["GET"]}}],"collection":[{"href":"https:\/\/wristbandfactory.eu\/et\/wp-json\/wp\/v2\/product"}],"about":[{"href":"https:\/\/wristbandfactory.eu\/et\/wp-json\/wp\/v2\/types\/product"}],"replies":[{"embeddable":true,"href":"https:\/\/wristbandfactory.eu\/et\/wp-json\/wp\/v2\/comments?post=1256"}],"wp:featuredmedia":[{"embeddable":true,"href":"https:\/\/wristbandfactory.eu\/et\/wp-json\/wp\/v2\/media\/6730"}],"wp:attachment":[{"href":"https:\/\/wristbandfactory.eu\/et\/wp-json\/wp\/v2\/media?parent=1256"}],"wp:term":[{"taxonomy":"product_brand","embeddable":true,"href":"https:\/\/wristbandfactory.eu\/et\/wp-json\/wp\/v2\/product_brand?post=1256"},{"taxonomy":"product_cat","embeddable":true,"href":"https:\/\/wristbandfactory.eu\/et\/wp-json\/wp\/v2\/product_cat?post=1256"},{"taxonomy":"product_tag","embeddable":true,"href":"https:\/\/wristbandfactory.eu\/et\/wp-json\/wp\/v2\/product_tag?post=1256"}],"curies":[{"name":"t\u00f6\u00f6leht","href":"https:\/\/api.w.org\/{rel}","templated":true}]}}