{"id":1254,"date":"2024-10-27T11:54:13","date_gmt":"2024-10-27T08:54:13","guid":{"rendered":"https:\/\/wristbandfactory.eu\/toode\/organic-cotton-lanyards\/"},"modified":"2026-01-11T22:42:53","modified_gmt":"2026-01-11T19:42:53","slug":"printed-organic-cotton-lanyards-sustainable-branding","status":"publish","type":"product","link":"https:\/\/wristbandfactory.eu\/et\/p\/printed-organic-cotton-lanyards-sustainable-branding\/","title":{"rendered":"Orgaanilisest puuvillast kaelapaelad (\u00d6ko)"},"content":{"rendered":"<div class=\"mx-12 md:mx-24 lg:mx-48\">\n<div class=\"container my-8 svelte-zlsknf\">\n<div class=\"my-24 rounded-lg border-0 border-gray-700 bg-gray-100 px-16 py-24\">\n<div class=\"mt-11 !text-gray-500\">\n<p data-path-to-node=\"11\">N\u00e4idake oma organisatsiooni p\u00fchendumust j\u00e4tkusuutlikkusele ilma kvaliteeti ohverdamata. Meie <b>Tr\u00fckitud orgaanilisest puuvillast kaelapaelad<\/b> on esmaklassiline valik keskkonnateadlikele konverentsidele, messidele ja ettev\u00f5tete keskkondadesse, kus plastj\u00e4\u00e4tmete v\u00e4hendamine on esmat\u00e4htis.<\/p>\n<p data-path-to-node=\"12\">Valmistatud <b>100% orgaaniline puuvill<\/b>, Sellel kaelapaelal on tavalise pol\u00fcestri ees selge eelis: t\u00f5eliselt pehme ja loomulik tunne, mis on naha vastas pikemat aega mugav. Paela loomulik matt tekstuur edastab teie osalejatele ja klientidele kohese s\u00f5numi keskkonnavastutusest.<\/p>\n<p data-path-to-node=\"13\">Kuigi tegemist on loodusliku kiuga, pakub materjal br\u00e4ndingule vastupidavat pinda. Me kasutame <b>Pantone&#039;i v\u00e4rvidega siiditr\u00fckk<\/b> et tagada teie logo t\u00e4pne reprodutseerimine rihma \u00fchel v\u00f5i m\u00f5lemal k\u00fcljel. See v\u00f5imaldab teil j\u00e4rgida rangeid br\u00e4ndijuhiseid, kasutades samal ajal taastuvat ressurssi. Iga kaelapaelaga on standardvarustuses kaasas usaldusv\u00e4\u00e4rne <b>metallist karabiin<\/b>, tagades kaartide ja p\u00e4\u00e4smete turvalise hoidmise.<\/p>\n<p data-path-to-node=\"14\"><b>Peamised omadused:<\/b><\/p>\n<ul data-path-to-node=\"15\">\n<li>\n<p data-path-to-node=\"15,0,0\"><b>Keskkonnas\u00f5bralik materjal:<\/b> 100% Orgaaniline puuvill v\u00e4hendab keskkonnam\u00f5ju ja toetab ettev\u00f5tte sotsiaalse vastutuse eesm\u00e4rke.<\/p>\n<\/li>\n<li>\n<p data-path-to-node=\"15,1,0\"><b>\u00dclim mugavus:<\/b> Erakordselt pehme ja naturaalne tekstuur hoiab \u00e4ra \u00e4rrituse kogu p\u00e4eva jooksul kandes.<\/p>\n<\/li>\n<li>\n<p data-path-to-node=\"15,2,0\"><b>Eridisainiga br\u00e4nding:<\/b> Kvaliteetne siiditr\u00fckk Pantone v\u00e4rvisobitamisega.<\/p>\n<\/li>\n<li>\n<p data-path-to-node=\"15,3,0\"><b>Standardsuurus:<\/b> 90 cm pikkus x 20 mm laius (standardne) sobib mugavalt k\u00f5igile osalejatele.<\/p>\n<\/li>\n<li>\n<p data-path-to-node=\"15,4,0\"><b>Riistvara:<\/b> Komplektis on vastupidav metallkarabiin; \u00fchildub meie keskkonnas\u00f5bralike isikutunnistuse hoidjatega.<\/p>\n<\/li>\n<\/ul>\n<\/div>\n<\/div>\n<\/div>\n<\/div>","protected":false},"excerpt":{"rendered":"<ul>\n<li>\n<p data-path-to-node=\"9,0,0\"><b>Sertifitseeritud j\u00e4tkusuutlikkus:<\/b> Valmistatud 100% naturaalsest orgaanilisest puuvillast, mis sobib ideaalselt rohelistele \u00fcritustele ja ettev\u00f5tte sotsiaalsele vastutusele keskendunud kaubam\u00e4rkidele.<\/p>\n<\/li>\n<li>\n<p data-path-to-node=\"9,1,0\"><b>Esmaklassiline pehmus:<\/b> Looduslikud kiud pakuvad s\u00fcnteetiliste alternatiividega v\u00f5rreldes paremat ja nahas\u00f5bralikumat tekstuuri.<\/p>\n<\/li>\n<li>\n<p data-path-to-node=\"9,2,0\"><b>T\u00e4pne br\u00e4nding:<\/b> Teie Pantone&#039;i v\u00e4rvitoonidega sobiva logoga siiditr\u00fckk \u00fchel v\u00f5i kahel k\u00fcljel puhta ja professionaalse ilme saavutamiseks.<\/p>\n<\/li>\n<li>\n<p data-path-to-node=\"9,3,0\"><b>Tugev riistvara:<\/b> Sisaldab kvaliteetset metallkarabiinhaaki biolagunevate v\u00f5i standardsete ID-kaardihoidjate turvaliseks kinnitamiseks.<\/p>\n<\/li>\n<li><\/li>\n<\/ul>","protected":false},"featured_media":6745,"comment_status":"closed","ping_status":"closed","template":"","meta":[],"product_brand":[],"product_cat":[104,107],"product_tag":[],"class_list":{"0":"post-1254","1":"product","2":"type-product","3":"status-publish","4":"has-post-thumbnail","6":"product_cat-custom-printed-lanyards","7":"product_cat-eco-friendly-lanyards","9":"first","10":"instock","11":"shipping-taxable","12":"purchasable","13":"product-type-simple"},"_links":{"self":[{"href":"https:\/\/wristbandfactory.eu\/et\/wp-json\/wp\/v2\/product\/1254","targetHints":{"allow":["GET"]}}],"collection":[{"href":"https:\/\/wristbandfactory.eu\/et\/wp-json\/wp\/v2\/product"}],"about":[{"href":"https:\/\/wristbandfactory.eu\/et\/wp-json\/wp\/v2\/types\/product"}],"replies":[{"embeddable":true,"href":"https:\/\/wristbandfactory.eu\/et\/wp-json\/wp\/v2\/comments?post=1254"}],"wp:featuredmedia":[{"embeddable":true,"href":"https:\/\/wristbandfactory.eu\/et\/wp-json\/wp\/v2\/media\/6745"}],"wp:attachment":[{"href":"https:\/\/wristbandfactory.eu\/et\/wp-json\/wp\/v2\/media?parent=1254"}],"wp:term":[{"taxonomy":"product_brand","embeddable":true,"href":"https:\/\/wristbandfactory.eu\/et\/wp-json\/wp\/v2\/product_brand?post=1254"},{"taxonomy":"product_cat","embeddable":true,"href":"https:\/\/wristbandfactory.eu\/et\/wp-json\/wp\/v2\/product_cat?post=1254"},{"taxonomy":"product_tag","embeddable":true,"href":"https:\/\/wristbandfactory.eu\/et\/wp-json\/wp\/v2\/product_tag?post=1254"}],"curies":[{"name":"t\u00f6\u00f6leht","href":"https:\/\/api.w.org\/{rel}","templated":true}]}}