{"id":1253,"date":"2024-10-27T11:54:13","date_gmt":"2024-10-27T08:54:13","guid":{"rendered":"https:\/\/wristbandfactory.eu\/toode\/sublimation-lanyards-with-2-metal-hooks\/"},"modified":"2026-01-09T23:36:24","modified_gmt":"2026-01-09T20:36:24","slug":"dual-hook-sublimation-lanyards","status":"publish","type":"product","link":"https:\/\/wristbandfactory.eu\/et\/p\/dual-hook-sublimation-lanyards\/","title":{"rendered":"Kahekordse konksuga sublimatsiooniga kaelapaelad"},"content":{"rendered":"<div class=\"mx-12 md:mx-24 lg:mx-48\">\n<div class=\"container my-8 svelte-zlsknf\">\n<div class=\"my-24 rounded-lg border-0 border-gray-700 bg-gray-100 px-16 py-24\">\n<div class=\"mt-11 !text-gray-500\">\n<p>Veenduge, et teie br\u00e4nd ja \u00fcrituse maine oleksid meie abil alati esiplaanil ja kesksel kohal. <b>Kahekordse konksuga sublimatsiooniga kaelapaelad<\/b>. See esmaklassiline kaelapael on professionaalne lahendus suuremate \u00fcrituste m\u00e4rkide v\u00f5i isikutunnistuste hoidmiseks, kasutades kahte kinnituspunkti, et v\u00e4ltida nende p\u00f6\u00f6rlemist v\u00f5i \u00fcmberminekut.<\/p>\n<p>See peenest 90 cm pikkusest pol\u00fcesterpaelast valmistatud kaelapael pakub sileda l\u00f5uendi meie t\u00e4iustatud sublimatsiooniprintimiseks. See protsess v\u00f5imaldab piiramatult luua fotorealistlikke kujundusi, sealhulgas keerukaid logosid, gradiente ja t\u00e4isv\u00e4rvilisi pilte \u00fchel v\u00f5i m\u00f5lemal k\u00fcljel. Tulemuseks on elav ja pleekimiskindel viimistlus, mis ei pragune ega kooru.<\/p>\n<p>Ideaalsed konverentsideks, messidele ja firma\u00fcritusteks, pakkudes kahe auguga kahekordseid metallkarabiine igale isikutunnistuse hoidjale stabiilset ja turvalist kinnitust. Nagu kategooriates loetletud, on see kaelapael saadaval ohutusklambriga, mis suurendab kasutaja turvalisust tihedas keskkonnas.<\/p>\n<p><b>Peamised omadused:<\/b><\/p>\n<ul>\n<li><b>Kahe konksuga disain:<\/b> Kaks metallkarabiini suurte ID-kaartide v\u00f5i \u00fcrituste p\u00e4\u00e4smete turvaliseks ja ettepoole suunatud hoidmiseks.<\/li>\n<li><b>T\u00e4isv\u00e4rviline sublimatsioon:<\/b> Pakub erksat ja fotorealistlikku printimist keerukate logode ja gradientide jaoks \u00fchel v\u00f5i kahel k\u00fcljel.<\/li>\n<li><b>Vastupidav 90 cm pol\u00fcester:<\/b> Mugav ja peen pol\u00fcesterrihm, mis on loodud kandmiseks terve p\u00e4eva mitmep\u00e4evastel \u00fcritustel.<\/li>\n<li><b>Turval\u00fcliti valik:<\/b> Saadaval eemaldatava klambriga, mis on ettev\u00f5tte keskkondades oluline ohutusfunktsioon.<\/li>\n<li><b>Mitmek\u00fclgsed lisaseadmed:<\/b> Standardvarustuses on kaks metallkarabiini, saadaval on ka muud karabiini v\u00f5imalused.<\/li>\n<\/ul>\n<\/div>\n<\/div>\n<\/div>\n<\/div>","protected":false},"excerpt":{"rendered":"<ul>\n<li>V\u00e4ldi m\u00e4rgi p\u00f6\u00f6rlemist turvalise kahe konksuga (2x metallkarabiin) disainiga.<\/li>\n<li>Esitle oma br\u00e4ndi erksav\u00e4rvilises sublimatsioonis (\u00fche- v\u00f5i kahepoolselt).<\/li>\n<li>Vastupidav 90 cm pikkune peen pol\u00fcesterrihm, mis sobib ideaalselt mitmep\u00e4evasteks konverentsideks.<\/li>\n<li>Saadaval valikulise ohutusklambriga kasutaja ohutuse suurendamiseks.<\/li>\n<\/ul>","protected":false},"featured_media":6694,"comment_status":"closed","ping_status":"closed","template":"","meta":[],"product_brand":[],"product_cat":[43,106],"product_tag":[],"class_list":{"0":"post-1253","1":"product","2":"type-product","3":"status-publish","4":"has-post-thumbnail","6":"product_cat-lanyards","7":"product_cat-breakaway-lanyards","9":"first","10":"instock","11":"shipping-taxable","12":"purchasable","13":"product-type-simple"},"_links":{"self":[{"href":"https:\/\/wristbandfactory.eu\/et\/wp-json\/wp\/v2\/product\/1253","targetHints":{"allow":["GET"]}}],"collection":[{"href":"https:\/\/wristbandfactory.eu\/et\/wp-json\/wp\/v2\/product"}],"about":[{"href":"https:\/\/wristbandfactory.eu\/et\/wp-json\/wp\/v2\/types\/product"}],"replies":[{"embeddable":true,"href":"https:\/\/wristbandfactory.eu\/et\/wp-json\/wp\/v2\/comments?post=1253"}],"wp:featuredmedia":[{"embeddable":true,"href":"https:\/\/wristbandfactory.eu\/et\/wp-json\/wp\/v2\/media\/6694"}],"wp:attachment":[{"href":"https:\/\/wristbandfactory.eu\/et\/wp-json\/wp\/v2\/media?parent=1253"}],"wp:term":[{"taxonomy":"product_brand","embeddable":true,"href":"https:\/\/wristbandfactory.eu\/et\/wp-json\/wp\/v2\/product_brand?post=1253"},{"taxonomy":"product_cat","embeddable":true,"href":"https:\/\/wristbandfactory.eu\/et\/wp-json\/wp\/v2\/product_cat?post=1253"},{"taxonomy":"product_tag","embeddable":true,"href":"https:\/\/wristbandfactory.eu\/et\/wp-json\/wp\/v2\/product_tag?post=1253"}],"curies":[{"name":"t\u00f6\u00f6leht","href":"https:\/\/api.w.org\/{rel}","templated":true}]}}