{"id":1250,"date":"2024-10-27T11:54:13","date_gmt":"2024-10-27T08:54:13","guid":{"rendered":"https:\/\/wristbandfactory.eu\/toode\/sublimation-lanyards-with-metal-carabiner\/"},"modified":"2026-01-10T00:16:44","modified_gmt":"2026-01-09T21:16:44","slug":"full-color-sublimation-lanyards-safety-breakaway","status":"publish","type":"product","link":"https:\/\/wristbandfactory.eu\/et\/p\/full-color-sublimation-lanyards-safety-breakaway\/","title":{"rendered":"Sublimatsioontr\u00fckiga kaelapaelad turvalukuga"},"content":{"rendered":"<p data-path-to-node=\"11\">Tehke meie abil m\u00f5jukas avaldus, seades samal ajal esikohale osalejate ohutuse <b>T\u00e4isv\u00e4rvilised sublimatsiooniga kaelapaelad eraldajaga<\/b>. See toode on parim valik organisatsioonidele, mis vajavad keerukat br\u00e4ndingut \u2013 n\u00e4iteks mitmev\u00e4rvilisi logosid, gradiente v\u00f5i fotorealistlikke pilte \u2013 ilma tervise- ja ohutusn\u00f5uetele j\u00e4releandmisi tegemata.<\/p>\n<p data-path-to-node=\"12\">Selle kaelapaela iseloomulikuks tunnuseks on integreeritud <b>ohutuse eemaldatav klamber<\/b> asetatud kukla taha. See mehhanism on loodud automaatselt vabanema, kui k\u00f6it tugevalt t\u00f5mmatakse v\u00f5i see j\u00e4\u00e4b masina\/ustesse kinni, hoides \u00e4ra vigastusi. See teeb sellest olulise vajaduse koolides, haiglates, t\u00f6\u00f6stuskeskkondades ja suurtel avalikel \u00fcritustel.<\/p>\n<p data-path-to-node=\"13\">Visuaalselt kasutab kaelapael t\u00e4iustatud <b>v\u00e4rvisublimatsioonitr\u00fckk<\/b>. Teie disain on p\u00fcsivalt otse 90 cm pikkuse peene pol\u00fcesterpaela kiududesse infundeeritud, selle asemel, et see asetseks selle peal. See tagab servast servani katvuse ja viimistluse, mis on t\u00e4iesti vastupidav pragunemisele, koorumisele v\u00f5i pleekimisele. Sile pol\u00fcestermaterjal on erakordselt pehme, tagades t\u00f6\u00f6tajatele ja k\u00fclalistele mugavuse terveks p\u00e4evaks. Iga kaelapaelaga on standardvarustuses kaasas usaldusv\u00e4\u00e4rne... <b>metallist karabiin<\/b> ID-kaartide v\u00f5i l\u00e4bip\u00e4\u00e4sukaartide turvaliseks kinnitamiseks.<\/p>\n<p data-path-to-node=\"14\"><b>Peamised omadused:<\/b><\/p>\n<ul data-path-to-node=\"15\">\n<li>\n<p data-path-to-node=\"15,0,0\"><b>Turval\u00fcliti klamber:<\/b> Oluline ohutusfunktsioon, mis vabaneb r\u00f5hu all; ideaalne ettev\u00f5tete, meditsiini ja t\u00f6\u00f6stuslikuks kasutamiseks.<\/p>\n<\/li>\n<li>\n<p data-path-to-node=\"15,1,0\"><b>T\u00e4isv\u00e4rviline sublimatsioon:<\/b> V\u00f5imaldab luua fotorealistlikke, keerukaid kujundusi ja gradiente kogu pinnal.<\/p>\n<\/li>\n<li>\n<p data-path-to-node=\"15,2,0\"><b>Vastupidav peen pol\u00fcester:<\/b> Sile 90 cm pikkune pael hoiab \u00e4ra naha\u00e4rrituse ja talub igap\u00e4evast kandmist.<\/p>\n<\/li>\n<li>\n<p data-path-to-node=\"15,3,0\"><b>Kahepoolne printimine:<\/b> Saadaval br\u00e4ndinguga \u00fchel v\u00f5i m\u00f5lemal k\u00fcljel, et maksimeerida n\u00e4htavust.<\/p>\n<\/li>\n<li>\n<p data-path-to-node=\"15,4,0\"><b>Turvaline manus:<\/b> Sisaldab vastupidavat metallkarabiinhaaket (muud klambrivariandid on saadaval soovi korral).<\/p>\n<\/li>\n<\/ul>","protected":false},"excerpt":{"rendered":"<ul>\n<li>\n<p data-path-to-node=\"9,0,0\"><b>Kohustuslik ohutus:<\/b> Varustatud ohutusklambriga, mis vabaneb pinge all, vastates ettev\u00f5tete ja \u00fcrituste ohutusn\u00f5uetele.<\/p>\n<\/li>\n<li>\n<p data-path-to-node=\"9,1,0\"><b>Piiramatu disain:<\/b> V\u00e4rvisublimatsioonitehnoloogia v\u00f5imaldab keerukate logode, fotode ja gradientide t\u00e4isv\u00e4rvilist servast servani printimist.<\/p>\n<\/li>\n<li>\n<p data-path-to-node=\"9,2,0\"><b>P\u00fcsiv viimistlus:<\/b> Tint immutatud kangasse, tagades, et disain ei pragune, kooru ega tuhmu kunagi.<\/p>\n<\/li>\n<li>\n<p data-path-to-node=\"9,3,0\"><b>Mugavus ja vastupidavus:<\/b> Valmistatud pehmest, peene koega pol\u00fcestrist (90 cm), mis on mugav pikaajaliseks kandmiseks.<\/p>\n<\/li>\n<\/ul>","protected":false},"featured_media":6712,"comment_status":"closed","ping_status":"closed","template":"","meta":[],"product_brand":[],"product_cat":[43,104,106],"product_tag":[],"class_list":{"0":"post-1250","1":"product","2":"type-product","3":"status-publish","4":"has-post-thumbnail","6":"product_cat-lanyards","7":"product_cat-custom-printed-lanyards","8":"product_cat-breakaway-lanyards","10":"first","11":"instock","12":"shipping-taxable","13":"purchasable","14":"product-type-simple"},"_links":{"self":[{"href":"https:\/\/wristbandfactory.eu\/et\/wp-json\/wp\/v2\/product\/1250","targetHints":{"allow":["GET"]}}],"collection":[{"href":"https:\/\/wristbandfactory.eu\/et\/wp-json\/wp\/v2\/product"}],"about":[{"href":"https:\/\/wristbandfactory.eu\/et\/wp-json\/wp\/v2\/types\/product"}],"replies":[{"embeddable":true,"href":"https:\/\/wristbandfactory.eu\/et\/wp-json\/wp\/v2\/comments?post=1250"}],"wp:featuredmedia":[{"embeddable":true,"href":"https:\/\/wristbandfactory.eu\/et\/wp-json\/wp\/v2\/media\/6712"}],"wp:attachment":[{"href":"https:\/\/wristbandfactory.eu\/et\/wp-json\/wp\/v2\/media?parent=1250"}],"wp:term":[{"taxonomy":"product_brand","embeddable":true,"href":"https:\/\/wristbandfactory.eu\/et\/wp-json\/wp\/v2\/product_brand?post=1250"},{"taxonomy":"product_cat","embeddable":true,"href":"https:\/\/wristbandfactory.eu\/et\/wp-json\/wp\/v2\/product_cat?post=1250"},{"taxonomy":"product_tag","embeddable":true,"href":"https:\/\/wristbandfactory.eu\/et\/wp-json\/wp\/v2\/product_tag?post=1250"}],"curies":[{"name":"t\u00f6\u00f6leht","href":"https:\/\/api.w.org\/{rel}","templated":true}]}}