{"id":1246,"date":"2024-10-27T11:54:13","date_gmt":"2024-10-27T08:54:13","guid":{"rendered":"https:\/\/wristbandfactory.eu\/toode\/flat-polyester-lanyards\/"},"modified":"2026-01-12T00:06:16","modified_gmt":"2026-01-11T21:06:16","slug":"custom-printed-polyester-lanyards-corporate-branding","status":"publish","type":"product","link":"https:\/\/wristbandfactory.eu\/et\/p\/custom-printed-polyester-lanyards-corporate-branding\/","title":{"rendered":"Eridisainiga tr\u00fckitud pol\u00fcesterkaelapaelad \u2013 ettev\u00f5tte br\u00e4nding"},"content":{"rendered":"<div class=\"mx-12 md:mx-24 lg:mx-48\">\n<div class=\"container my-8 svelte-zlsknf\">\n<div class=\"my-24 rounded-lg border-0 border-gray-700 bg-gray-100 px-16 py-24\">\n<div class=\"mt-11 !text-gray-500\">\n<p data-path-to-node=\"12\">Turva oma \u00fcritus ja \u00fchenda oma meeskond meie abil <b>Tr\u00fckiga pol\u00fcester kaelapaelad<\/b>, t\u00f6\u00f6stusharu standardlahendus t\u00f5husa br\u00e4ndi n\u00e4htavuse tagamiseks. Need kaelapaelad on loodud suuremahulisteks vajadusteks, nagu rahvusvahelised konverentsid, messid ja suurfestivalid, pakkudes optimaalset tasakaalu vastupidavuse, tr\u00fckikvaliteedi ja kulut\u00f5hususe vahel.<\/p>\n<p data-path-to-node=\"13\">Valmistatud kvaliteetsest lamedast pol\u00fcestrist, pakub materjal siledat pinda, mis on oluline selge ja loetava br\u00e4ndingu jaoks. Erinevalt tekstureeritud alternatiividest v\u00f5imaldab see lame pind t\u00e4pset logo reprodutseerimist, tagades teie ettev\u00f5tte identiteedi moonutusteta kuvamise. Pakume <b>Pantone v\u00e4rvide sobitamine<\/b>, mis v\u00f5imaldab meil kangast v\u00e4rvida ja teie kunstiteose \u00fchele v\u00f5i m\u00f5lemale poolele t\u00e4pselt teie br\u00e4ndiv\u00e4rvides tr\u00fckkida.<\/p>\n<p data-path-to-node=\"14\">Mugavust ja funktsionaalsust silmas pidades on iga kaelapael umbes 90 cm pikk, mis teeb selle sobivaks k\u00f5igile osalejatele. Seade on eelmonteeritud ja sellel on vastupidav... <b>metallist karabiin<\/b>, tagades, et ID-kaardid, k\u00fclalisp\u00e4\u00e4smed ja l\u00e4bip\u00e4\u00e4supulgad j\u00e4\u00e4vad kogu \u00fcrituse v\u00e4ltel kindlalt kinnitatuks. Organisatsioonidele, kellel on spetsiifilised turva- v\u00f5i funktsionaalsed vajadused, on soovi korral saadaval alternatiivsed lisaseadmed (n\u00e4iteks turval\u00fclitid v\u00f5i erinevad klambrid).<\/p>\n<p data-path-to-node=\"15\"><b>Peamised omadused:<\/b><\/p>\n<ul data-path-to-node=\"16\">\n<li>\n<p data-path-to-node=\"16,0,0\"><b>Materjal:<\/b> Vastupidav lame pol\u00fcesterkangas, mis on loodud k\u00f5rglahutusega printimiseks.<\/p>\n<\/li>\n<li>\n<p data-path-to-node=\"16,1,0\"><b>Kohandamine:<\/b> T\u00e4ielik Pantone v\u00e4rvide sobitamine nii kangale kui ka tr\u00fckile.<\/p>\n<\/li>\n<li>\n<p data-path-to-node=\"16,2,0\"><b>Printimisvalikud:<\/b> Saadaval \u00fche- v\u00f5i kahepoolse logopaigutusena maksimaalse n\u00e4htavuse tagamiseks.<\/p>\n<\/li>\n<li>\n<p data-path-to-node=\"16,3,0\"><b>Standardm\u00f5\u00f5tmed:<\/b> Universaalse sobivuse tagamiseks 90 cm pikkus x 20 mm laius (standard).<\/p>\n<\/li>\n<li>\n<p data-path-to-node=\"16,4,0\"><b>Riistvara:<\/b> Komplektis vastupidav metallkarabiin; saadaval on ka eridisainiga lisatarvikud.<\/p>\n<\/li>\n<li>\n<p data-path-to-node=\"16,5,0\"><b>Kasutusjuhtum:<\/b> Ideaalne ettev\u00f5tte ID-kaartide, t\u00f6\u00f6tajate m\u00e4rkide ja reklaam\u00fcrituste kingituste jaoks.<\/p>\n<\/li>\n<\/ul>\n<\/div>\n<\/div>\n<\/div>\n<\/div>","protected":false},"excerpt":{"rendered":"<ul data-path-to-node=\"10\">\n<li>\n<p data-path-to-node=\"10,0,0\"><b>Suure m\u00f5juga br\u00e4nding:<\/b> Sile ja tasane pol\u00fcesterpind tagab terava ja kontrastse logo reprodutseerimise.<\/p>\n<\/li>\n<li>\n<p data-path-to-node=\"10,1,0\"><b>Pantone&#039;i t\u00e4psus:<\/b> T\u00e4ielikult kohandatav printimine \u00fchele v\u00f5i kahele k\u00fcljele, et see sobiks t\u00e4pselt teie ettev\u00f5tte v\u00e4rvidega.<\/p>\n<\/li>\n<li>\n<p data-path-to-node=\"10,2,0\"><b>Kulut\u00f5hus hulgilahendus:<\/b> Suurte konverentside, festivalide ja messide t\u00f6\u00f6stusstandard.<\/p>\n<\/li>\n<li>\n<p data-path-to-node=\"10,3,0\"><b>Usaldusv\u00e4\u00e4rne riistvara:<\/b> Standardvarustuses on kaasas vastupidav metallkarabiin ID-kaardi ja kaardi turvaliseks kinnitamiseks.<\/p>\n<\/li>\n<\/ul>","protected":false},"featured_media":6815,"comment_status":"closed","ping_status":"closed","template":"","meta":[],"product_brand":[],"product_cat":[104],"product_tag":[],"class_list":{"0":"post-1246","1":"product","2":"type-product","3":"status-publish","4":"has-post-thumbnail","6":"product_cat-custom-printed-lanyards","8":"first","9":"instock","10":"shipping-taxable","11":"purchasable","12":"product-type-simple"},"_links":{"self":[{"href":"https:\/\/wristbandfactory.eu\/et\/wp-json\/wp\/v2\/product\/1246","targetHints":{"allow":["GET"]}}],"collection":[{"href":"https:\/\/wristbandfactory.eu\/et\/wp-json\/wp\/v2\/product"}],"about":[{"href":"https:\/\/wristbandfactory.eu\/et\/wp-json\/wp\/v2\/types\/product"}],"replies":[{"embeddable":true,"href":"https:\/\/wristbandfactory.eu\/et\/wp-json\/wp\/v2\/comments?post=1246"}],"wp:featuredmedia":[{"embeddable":true,"href":"https:\/\/wristbandfactory.eu\/et\/wp-json\/wp\/v2\/media\/6815"}],"wp:attachment":[{"href":"https:\/\/wristbandfactory.eu\/et\/wp-json\/wp\/v2\/media?parent=1246"}],"wp:term":[{"taxonomy":"product_brand","embeddable":true,"href":"https:\/\/wristbandfactory.eu\/et\/wp-json\/wp\/v2\/product_brand?post=1246"},{"taxonomy":"product_cat","embeddable":true,"href":"https:\/\/wristbandfactory.eu\/et\/wp-json\/wp\/v2\/product_cat?post=1246"},{"taxonomy":"product_tag","embeddable":true,"href":"https:\/\/wristbandfactory.eu\/et\/wp-json\/wp\/v2\/product_tag?post=1246"}],"curies":[{"name":"t\u00f6\u00f6leht","href":"https:\/\/api.w.org\/{rel}","templated":true}]}}