{"id":1243,"date":"2024-10-27T11:54:13","date_gmt":"2024-10-27T08:54:13","guid":{"rendered":"https:\/\/wristbandfactory.eu\/toode\/seed-paper-lanyard\/"},"modified":"2026-01-11T23:25:03","modified_gmt":"2026-01-11T20:25:03","slug":"seed-paper-lanyards","status":"publish","type":"product","link":"https:\/\/wristbandfactory.eu\/et\/p\/seed-paper-lanyards\/","title":{"rendered":"Seemnepaberist kaelapaelad (Istutatav lilleseemnetega)"},"content":{"rendered":"<p data-path-to-node=\"11\">J\u00e4tke oma j\u00e4rgmisel \u00fcritusel, n\u00e4itusel v\u00f5i festivalil p\u00fcsiv keskkonnaavaldus meie uuenduslike lahendustega <b>Seemnepaberist kaelapaelad<\/b>. Need kaelapaelad, mis on loodud andma traditsiooniliselt \u00fchekordselt kasutatavale tootele uue, rohelise otstarbe, pakuvad ainulaadset viisi, kuidas n\u00e4idata teie organisatsiooni p\u00fchendumust taaselustamisele ja j\u00e4tkusuutlikkusele.<\/p>\n<p data-path-to-node=\"12\">Selle asemel, et kaelapael p\u00e4rast \u00fcritust \u00e4ra visata, kutsutakse osalejaid see otse mulda istutama. Aja jooksul biolagunev paber laguneb ja sisse peidetud seemned \u00f5itsevad kauniks seguks... <b>metslilled<\/b>. See loob positiivse ja elava meeldetuletuse teie br\u00e4ndist ja s\u00f5numist kaua p\u00e4rast konverentsi uste sulgemist.<\/p>\n<p data-path-to-node=\"13\">Iga kaelapael on valmistatud Euroopas <b>80 g\/m\u00b2 seemnepaber<\/b>. Kuigi \u00f5rn, sobib see ideaalselt \u00fchep\u00e4evasteks \u00fcritusteks, VIP-p\u00e4\u00e4smete v\u00f5i eksklusiivsete kutsete jaoks. Teie t\u00e4isv\u00e4rvilise kujunduse saab tr\u00fckkida \u00fchele poolele. Toote keskkonnateadliku olemuse toetamiseks ja parima idanemism\u00e4\u00e4ra tagamiseks soovitame kujundusi, mis katavad v\u00e4hem kui 50% pinnast (mis pakub ka kulueelist).<\/p>\n<p data-path-to-node=\"14\"><b>Peamised omadused:<\/b><\/p>\n<ul data-path-to-node=\"15\">\n<li>\n<p data-path-to-node=\"15,0,0\"><b>Materjal:<\/b> 80 g\/m\u00b2 biolagunev paber, millele on lisatud metslillede seemnesegu.<\/p>\n<\/li>\n<li>\n<p data-path-to-node=\"15,1,0\"><b>Kasutamine p\u00e4rast \u00fcritust:<\/b> T\u00e4ielikult istutatav; muudab j\u00e4\u00e4tmed metslilleaiaks.<\/p>\n<\/li>\n<li>\n<p data-path-to-node=\"15,2,0\"><b>Tr\u00fckkimine:<\/b> \u00dchepoolne t\u00e4isv\u00e4rviline printimine (soovitatav on keskkonnas\u00f5bralik madala tindiga katvus).<\/p>\n<\/li>\n<li>\n<p data-path-to-node=\"15,3,0\"><b>M\u00f5\u00f5tmed:<\/b> Standardsuurus 90 x 20 mm (umbes).<\/p>\n<\/li>\n<li>\n<p data-path-to-node=\"15,4,0\"><b>P\u00e4ritolu:<\/b> Valmistatud Euroopas v\u00e4iksema s\u00fcsiniku jalaj\u00e4lje saavutamiseks.<\/p>\n<\/li>\n<li>\n<p data-path-to-node=\"15,5,0\"><b>Kasutusjuhtum:<\/b> Ideaalne l\u00fchiajalisteks \u00fcritusteks, tooteesitlusteks ja rohelisteks pulmadeks.<\/p>\n<\/li>\n<\/ul>","protected":false},"excerpt":{"rendered":"<ul data-path-to-node=\"9\">\n<li>\n<p data-path-to-node=\"9,0,0\"><b>Plantable&#039;i br\u00e4nding:<\/b> Pael sisaldab segu metslillede seemnetest, mis p\u00e4rast \u00fcritust mulda istutades \u00f5itsema hakkavad.<\/p>\n<\/li>\n<li>\n<p data-path-to-node=\"9,1,0\"><b>Nullj\u00e4\u00e4tmete ts\u00fckkel:<\/b> T\u00e4ielikult biolagunev toode, mis ei j\u00e4ta maha pr\u00fcgi, ainult lilli.<\/p>\n<\/li>\n<li>\n<p data-path-to-node=\"9,2,0\"><b>\u00d6kodisain:<\/b> Printimine on optimeeritud minimaalse tindikulu jaoks (soovitatav on &lt;50% katvus), et tagada seemnete eluj\u00f5ulisus.<\/p>\n<\/li>\n<li>\n<p data-path-to-node=\"9,3,0\"><b>Valmistatud Euroopas:<\/b> Toodetud kohapeal 80 g\/m\u00b2 paberist, et minimeerida transpordist tulenevat heitkogust.<\/p>\n<\/li>\n<\/ul>","protected":false},"featured_media":6780,"comment_status":"closed","ping_status":"closed","template":"","meta":[],"product_brand":[],"product_cat":[43,107],"product_tag":[],"class_list":{"0":"post-1243","1":"product","2":"type-product","3":"status-publish","4":"has-post-thumbnail","6":"product_cat-lanyards","7":"product_cat-eco-friendly-lanyards","9":"first","10":"instock","11":"shipping-taxable","12":"purchasable","13":"product-type-simple"},"_links":{"self":[{"href":"https:\/\/wristbandfactory.eu\/et\/wp-json\/wp\/v2\/product\/1243","targetHints":{"allow":["GET"]}}],"collection":[{"href":"https:\/\/wristbandfactory.eu\/et\/wp-json\/wp\/v2\/product"}],"about":[{"href":"https:\/\/wristbandfactory.eu\/et\/wp-json\/wp\/v2\/types\/product"}],"replies":[{"embeddable":true,"href":"https:\/\/wristbandfactory.eu\/et\/wp-json\/wp\/v2\/comments?post=1243"}],"wp:featuredmedia":[{"embeddable":true,"href":"https:\/\/wristbandfactory.eu\/et\/wp-json\/wp\/v2\/media\/6780"}],"wp:attachment":[{"href":"https:\/\/wristbandfactory.eu\/et\/wp-json\/wp\/v2\/media?parent=1243"}],"wp:term":[{"taxonomy":"product_brand","embeddable":true,"href":"https:\/\/wristbandfactory.eu\/et\/wp-json\/wp\/v2\/product_brand?post=1243"},{"taxonomy":"product_cat","embeddable":true,"href":"https:\/\/wristbandfactory.eu\/et\/wp-json\/wp\/v2\/product_cat?post=1243"},{"taxonomy":"product_tag","embeddable":true,"href":"https:\/\/wristbandfactory.eu\/et\/wp-json\/wp\/v2\/product_tag?post=1243"}],"curies":[{"name":"t\u00f6\u00f6leht","href":"https:\/\/api.w.org\/{rel}","templated":true}]}}