{"id":1242,"date":"2024-10-27T11:54:14","date_gmt":"2024-10-27T08:54:14","guid":{"rendered":"https:\/\/wristbandfactory.eu\/toode\/corn-lanyards\/"},"modified":"2026-01-11T22:34:43","modified_gmt":"2026-01-11T19:34:43","slug":"printed-eco-corn-lanyards","status":"publish","type":"product","link":"https:\/\/wristbandfactory.eu\/et\/p\/printed-eco-corn-lanyards\/","title":{"rendered":"Maisit\u00e4rklisest kaelapaelad (PLA biolagunev)"},"content":{"rendered":"<div class=\"mx-12 md:mx-24 lg:mx-48\">\n<div class=\"container my-8 svelte-zlsknf\">\n<div class=\"my-24 rounded-lg border-0 border-gray-700 bg-gray-100 px-16 py-24\">\n<div class=\"mt-11 !text-gray-500\">\n<p data-path-to-node=\"11\">N\u00e4idake \u00fcles t\u00f5elist keskkonnaalast juhtpositsiooni meie <b>Tr\u00fckitud maisit kaelapaelad<\/b>. Erinevalt traditsioonilistest s\u00fcnteetilistest naftatoodetest valmistatud kaelapaeladest on need uuenduslikud identifitseerimisrihmad valmistatud <b>100% maisit\u00e4rklis (PLA)<\/b> kiudaineid. See teeb neist t\u00e4ielikult biolaguneva ja taimse lahenduse, mis sobib ideaalselt tulevikku suunatud organisatsioonidele ja j\u00e4tkusuutlikele \u00fcritustele.<\/p>\n<p data-path-to-node=\"12\">Selle toote ainulaadseks teeb selle kompromissitu olemus. Kuigi see on valmistatud maisist, j\u00e4ljendab saadud PLA-kiud tavalise pol\u00fcestri vastupidavust, tekstuuri ja tugevust. See t\u00e4hendab, et saate vastupidava ja kvaliteetse kaelapaela, mis peab vastu mitmep\u00e4evastele konverentsidele, kuid on oma eluts\u00fckli l\u00f5pus komposteeritav.<\/p>\n<p data-path-to-node=\"13\">Pakume professionaalset <b>siiditr\u00fckk<\/b> siledal PLA pinnal, tagades teie logo t\u00e4pse reprodutseerimise <b>Pantone br\u00e4ndi v\u00e4rvid<\/b>. Olenemata sellest, kas vajate \u00fche- v\u00f5i kahepoolset printimist, on tulemus selge ja ergas. Iga seade on varustatud standardse <b>metallist karabiin<\/b>, \u00fchendades t\u00f6\u00f6stusliku vastupidavuse keskkonnatundlikkusega.<\/p>\n<p data-path-to-node=\"14\"><b>Peamised omadused:<\/b><\/p>\n<ul data-path-to-node=\"15\">\n<li>\n<p data-path-to-node=\"15,0,0\"><b>Materjal:<\/b> 100% maisit\u00e4rklise kiud (PLA) \u2013 taimne ja biolagunev.<\/p>\n<\/li>\n<li>\n<p data-path-to-node=\"15,1,0\"><b>J\u00f5udlus:<\/b> Vastupidav ja sile tekstuur, mis sarnaneb traditsioonilise pol\u00fcestriga.<\/p>\n<\/li>\n<li>\n<p data-path-to-node=\"15,2,0\"><b>J\u00e4tkusuutlikkus:<\/b> M\u00e4rkimisv\u00e4\u00e4rselt v\u00e4iksem s\u00fcsiniku jalaj\u00e4lg v\u00f5rreldes naftap\u00f5histe plastidega.<\/p>\n<\/li>\n<li>\n<p data-path-to-node=\"15,3,0\"><b>Tr\u00fckkimine:<\/b> Kvaliteetne siiditr\u00fckk Pantone v\u00e4rvisobitamisega.<\/p>\n<\/li>\n<li>\n<p data-path-to-node=\"15,4,0\"><b>Riistvara:<\/b> Sisaldab usaldusv\u00e4\u00e4rset metallkarabiinkinnitust m\u00e4rkide turvaliseks kinnitamiseks.<\/p>\n<\/li>\n<li>\n<p data-path-to-node=\"15,5,0\"><b>Kasutusjuhtum:<\/b> Ideaalne roheliste konverentside, \u00f6kofestivalide ja ettev\u00f5tte sotsiaalse vastutuse algatuste jaoks.<\/p>\n<\/li>\n<\/ul>\n<\/div>\n<\/div>\n<\/div>\n<\/div>","protected":false},"excerpt":{"rendered":"<ul>\n<li>\n<p data-path-to-node=\"9,0,0\"><b>Taimep\u00f5hine innovatsioon:<\/b> Valmistatud 100% maisit\u00e4rklise kiust (PLA), pakkudes t\u00e4ielikult biolagunevat alternatiivi \u00f5lip\u00f5histele plastidele.<\/p>\n<\/li>\n<li>\n<p data-path-to-node=\"9,1,0\"><b>Pol\u00fcesteritaoline j\u00f5udlus:<\/b> Tundub ja toimib t\u00e4pselt nagu s\u00fcnteetiline kangas \u2013 vastupidav ja sile \u2013, aga on t\u00e4ielikult taimsest materjalist.<\/p>\n<\/li>\n<li>\n<p data-path-to-node=\"9,2,0\"><b>Ettev\u00f5tte vastutus:<\/b> Ideaalne valik ettev\u00f5tetele, kellel on ranged nullj\u00e4\u00e4tmete v\u00f5i s\u00fcsinikuneutraalsuse p\u00f5him\u00f5tted.<\/p>\n<\/li>\n<li>\n<p data-path-to-node=\"9,3,0\"><b>Eridisainiga br\u00e4nding:<\/b> Sile pind v\u00f5imaldab teravat, Pantone&#039;i v\u00e4rvitoonidega sobitatud siiditr\u00fckki \u00fchele v\u00f5i kahele k\u00fcljele.<\/p>\n<\/li>\n<\/ul>","protected":false},"featured_media":6736,"comment_status":"closed","ping_status":"closed","template":"","meta":[],"product_brand":[],"product_cat":[104,107],"product_tag":[],"class_list":{"0":"post-1242","1":"product","2":"type-product","3":"status-publish","4":"has-post-thumbnail","6":"product_cat-custom-printed-lanyards","7":"product_cat-eco-friendly-lanyards","9":"first","10":"instock","11":"shipping-taxable","12":"purchasable","13":"product-type-simple"},"_links":{"self":[{"href":"https:\/\/wristbandfactory.eu\/et\/wp-json\/wp\/v2\/product\/1242","targetHints":{"allow":["GET"]}}],"collection":[{"href":"https:\/\/wristbandfactory.eu\/et\/wp-json\/wp\/v2\/product"}],"about":[{"href":"https:\/\/wristbandfactory.eu\/et\/wp-json\/wp\/v2\/types\/product"}],"replies":[{"embeddable":true,"href":"https:\/\/wristbandfactory.eu\/et\/wp-json\/wp\/v2\/comments?post=1242"}],"wp:featuredmedia":[{"embeddable":true,"href":"https:\/\/wristbandfactory.eu\/et\/wp-json\/wp\/v2\/media\/6736"}],"wp:attachment":[{"href":"https:\/\/wristbandfactory.eu\/et\/wp-json\/wp\/v2\/media?parent=1242"}],"wp:term":[{"taxonomy":"product_brand","embeddable":true,"href":"https:\/\/wristbandfactory.eu\/et\/wp-json\/wp\/v2\/product_brand?post=1242"},{"taxonomy":"product_cat","embeddable":true,"href":"https:\/\/wristbandfactory.eu\/et\/wp-json\/wp\/v2\/product_cat?post=1242"},{"taxonomy":"product_tag","embeddable":true,"href":"https:\/\/wristbandfactory.eu\/et\/wp-json\/wp\/v2\/product_tag?post=1242"}],"curies":[{"name":"t\u00f6\u00f6leht","href":"https:\/\/api.w.org\/{rel}","templated":true}]}}