{"id":1238,"date":"2024-10-27T11:54:14","date_gmt":"2024-10-27T08:54:14","guid":{"rendered":"https:\/\/wristbandfactory.eu\/toode\/standard-shoelace-lanyards\/"},"modified":"2026-01-11T22:04:27","modified_gmt":"2026-01-11T19:04:27","slug":"plain-shoelace-lanyards","status":"publish","type":"product","link":"https:\/\/wristbandfactory.eu\/et\/p\/plain-shoelace-lanyards\/","title":{"rendered":"Tavalised kingapaelad"},"content":{"rendered":"<p>Varusta oma meeskond praktilise ja professionaalse lahendusega igap\u00e4evaseks identifitseerimiseks. Meie kingapaeltega kaelapaelad on kulut\u00f5hus ja stiilne valik ettev\u00f5tetele ja organisatsioonidele, kes vajavad usaldusv\u00e4\u00e4rset viisi t\u00f6\u00f6tajate ID-de v\u00f5i \u00fcrituste l\u00e4bip\u00e4\u00e4sukaartide esitlemiseks.<\/p>\n<p>Nendel kaelapaeltel on populaarne kingapaelte disain, mis on tuntud oma mugavuse ja vastupidavuse poolest, mist\u00f5ttu sobivad need ideaalselt kandmiseks kogu p\u00e4eva v\u00e4ltel konverentsidel, messidel v\u00f5i kontoris. Kuigi need on tr\u00fckkimata, on need saadaval laias v\u00e4rvivalikus, mis v\u00f5imaldab teil neid h\u00f5lpsalt oma ettev\u00f5tte br\u00e4ndingu v\u00f5i \u00fcrituse teemaga sobitada. Iga kaelapaelaga on kaasas vastupidav metallhoidik ID-kaardi v\u00f5i l\u00e4bip\u00e4\u00e4sukaardi turvaliseks kinnitamiseks.<\/p>\n<p><b>Peamised omadused:<\/b><\/p>\n<ul>\n<li><b>Klassikaline kingapaelte disain:<\/b> Pakub mugavat, kerget ja vastupidavat lahendust igap\u00e4evaseks kandmiseks.<\/li>\n<li><b>Kulut\u00f5hus ID-lahendus:<\/b> Ideaalne hulgitellimuste jaoks suuremahuliste \u00fcrituste, konverentside v\u00f5i igap\u00e4evase t\u00f6\u00f6tajate identifitseerimise jaoks.<\/li>\n<li><b>Mitmed v\u00e4rvivalikud:<\/b> Saadaval laias valikus \u00fchev\u00e4rvilistes v\u00e4rvides, et need sobiksid ettev\u00f5tte br\u00e4ndinguga v\u00f5i jaotaksid osalejaid kategooriatesse.<\/li>\n<li><b>Standardne metallklamber:<\/b> Sisaldab usaldusv\u00e4\u00e4rset metallklambrit ID-hoidjate v\u00f5i \u00fcrituste p\u00e4\u00e4smete turvaliseks kinnitamiseks.<\/li>\n<\/ul>\n<p>&nbsp;<\/p>","protected":false},"excerpt":{"rendered":"<ul>\n<li>Kulut\u00f5hus lahendus t\u00f6\u00f6tajate igap\u00e4evaseks ID-kontrolliks ja \u00fcritustele ligip\u00e4\u00e4suks.<\/li>\n<li>Klassikaline ja vastupidav kingapaelte disain tagab mugavuse terveks p\u00e4evaks.<\/li>\n<li>Saadaval laias valikus \u00fchev\u00e4rvilistes toonides, et need sobiksid teie ettev\u00f5tte identiteediga.<\/li>\n<li>Sisaldab standardset metallklambrit ID-kaartide ja l\u00e4bip\u00e4\u00e4sukaartide jaoks.<\/li>\n<li><\/li>\n<\/ul>","protected":false},"featured_media":6723,"comment_status":"closed","ping_status":"closed","template":"","meta":[],"product_brand":[],"product_cat":[43,113],"product_tag":[],"class_list":{"0":"post-1238","1":"product","2":"type-product","3":"status-publish","4":"has-post-thumbnail","6":"product_cat-lanyards","7":"product_cat-plain-lanyards","9":"first","10":"instock","11":"shipping-taxable","12":"purchasable","13":"product-type-simple"},"_links":{"self":[{"href":"https:\/\/wristbandfactory.eu\/et\/wp-json\/wp\/v2\/product\/1238","targetHints":{"allow":["GET"]}}],"collection":[{"href":"https:\/\/wristbandfactory.eu\/et\/wp-json\/wp\/v2\/product"}],"about":[{"href":"https:\/\/wristbandfactory.eu\/et\/wp-json\/wp\/v2\/types\/product"}],"replies":[{"embeddable":true,"href":"https:\/\/wristbandfactory.eu\/et\/wp-json\/wp\/v2\/comments?post=1238"}],"wp:featuredmedia":[{"embeddable":true,"href":"https:\/\/wristbandfactory.eu\/et\/wp-json\/wp\/v2\/media\/6723"}],"wp:attachment":[{"href":"https:\/\/wristbandfactory.eu\/et\/wp-json\/wp\/v2\/media?parent=1238"}],"wp:term":[{"taxonomy":"product_brand","embeddable":true,"href":"https:\/\/wristbandfactory.eu\/et\/wp-json\/wp\/v2\/product_brand?post=1238"},{"taxonomy":"product_cat","embeddable":true,"href":"https:\/\/wristbandfactory.eu\/et\/wp-json\/wp\/v2\/product_cat?post=1238"},{"taxonomy":"product_tag","embeddable":true,"href":"https:\/\/wristbandfactory.eu\/et\/wp-json\/wp\/v2\/product_tag?post=1238"}],"curies":[{"name":"t\u00f6\u00f6leht","href":"https:\/\/api.w.org\/{rel}","templated":true}]}}