{"id":1235,"date":"2024-10-27T11:54:14","date_gmt":"2024-10-27T08:54:14","guid":{"rendered":"https:\/\/wristbandfactory.eu\/toode\/fluorescent-lanyards\/"},"modified":"2026-01-10T00:09:35","modified_gmt":"2026-01-09T21:09:35","slug":"fluorescent-lanyards","status":"publish","type":"product","link":"https:\/\/wristbandfactory.eu\/et\/p\/fluorescent-lanyards\/","title":{"rendered":"Pimedas helendavad kaelapaelad"},"content":{"rendered":"<p>Suurendage oma j\u00e4rgmise \u00fcrituse n\u00e4htavust ja turvalisust meie fluorestseeruvate kaelapaeladega. Need kaelapaelad on oluline t\u00f6\u00f6riist \u00fcrituste korraldajatele, kes peavad t\u00f6\u00f6tajaid, VIP-e v\u00f5i k\u00fclalisi igas valguses h\u00f5lpsalt tuvastama.<\/p>\n<p>Need kaelapaelad on valmistatud kvaliteetsetest ja vastupidavatest materjalidest ning on loodud mitmep\u00e4evaseks kasutamiseks. Erksav\u00e4rviline fluorestseeruv materjal on p\u00e4evavalguses ja valguses h\u00e4sti n\u00e4htav. <b>helendab eredalt UV-valguses (mustvalguses)<\/b>, muutes need ideaalseks lahenduseks \u00f6\u00f6klubidesse, kontsertidele, festivalidele ja \u00f5htustele firma\u00fcritustele.<\/p>\n<p>See h\u00e4sti n\u00e4htav funktsioon pakub t\u00e4iendavat ohutuskihti ja v\u00f5imaldab volitatud isikuid kiiresti visuaalselt tuvastada. Saadaval erinevates erksates v\u00e4rvides, pakuvad need suurep\u00e4rast alust teie eridisainiga logole, muutes turvaelemendi reklaamvahendiks. Tellige hulgi, et saada kulut\u00f5hus viis oma \u00fcrituse haldamiseks ja br\u00e4ndi reklaamimiseks.<\/p>\n<p><b>Peamised omadused:<\/b><\/p>\n<ul>\n<li><b>H\u00e4sti n\u00e4htav materjal:<\/b> Annab suurep\u00e4rase n\u00e4htavuse p\u00e4evavalguses ja helendab eredalt UV\/mustvalguses.<\/li>\n<li><b>Vastupidav konstruktsioon:<\/b> Valmistatud kvaliteetsetest ja vastupidavatest materjalidest, mis sobivad mitmep\u00e4evasteks \u00fcritusteks.<\/li>\n<li><b>T\u00e4iustatud \u00fcrituste turvalisus:<\/b> V\u00f5imaldab t\u00f6\u00f6tajate v\u00f5i k\u00fclaliste lihtsat ja kiiret visuaalset tuvastamist h\u00e4maras valguses.<\/li>\n<li><b>Kulut\u00f5hus br\u00e4nding:<\/b> Taskukohane lahendus oma br\u00e4ndi v\u00f5i s\u00f5numi hulgireklaamiks suuremahulistel \u00fcritustel.<\/li>\n<li><b>Mitmed v\u00e4rvivalikud:<\/b> Saadaval erinevates erksates fluorestseerivates v\u00e4rvides, et need sobiksid teie \u00fcrituse teemaga.<\/li>\n<\/ul>","protected":false},"excerpt":{"rendered":"<ul>\n<li>Suurendage t\u00f6\u00f6tajate ja k\u00fclaliste n\u00e4htavust h\u00e4maras keskkonnas.<\/li>\n<li>Erksav\u00e4rviline fluorestseeruv materjal helendab eredalt UV\/mustvalguse k\u00e4es.<\/li>\n<li>Vastupidav ja kvaliteetne materjal mitmep\u00e4evaseks kasutamiseks.<\/li>\n<li>Ideaalne festivalide, kontsertide ja firma\u00fcrituste t\u00f6\u00f6tajate identifitseerimiseks.<\/li>\n<\/ul>","protected":false},"featured_media":6706,"comment_status":"closed","ping_status":"closed","template":"","meta":[],"product_brand":[],"product_cat":[43,109],"product_tag":[],"class_list":{"0":"post-1235","1":"product","2":"type-product","3":"status-publish","4":"has-post-thumbnail","6":"product_cat-lanyards","7":"product_cat-reflective-lanyards","9":"first","10":"instock","11":"shipping-taxable","12":"purchasable","13":"product-type-simple"},"_links":{"self":[{"href":"https:\/\/wristbandfactory.eu\/et\/wp-json\/wp\/v2\/product\/1235","targetHints":{"allow":["GET"]}}],"collection":[{"href":"https:\/\/wristbandfactory.eu\/et\/wp-json\/wp\/v2\/product"}],"about":[{"href":"https:\/\/wristbandfactory.eu\/et\/wp-json\/wp\/v2\/types\/product"}],"replies":[{"embeddable":true,"href":"https:\/\/wristbandfactory.eu\/et\/wp-json\/wp\/v2\/comments?post=1235"}],"wp:featuredmedia":[{"embeddable":true,"href":"https:\/\/wristbandfactory.eu\/et\/wp-json\/wp\/v2\/media\/6706"}],"wp:attachment":[{"href":"https:\/\/wristbandfactory.eu\/et\/wp-json\/wp\/v2\/media?parent=1235"}],"wp:term":[{"taxonomy":"product_brand","embeddable":true,"href":"https:\/\/wristbandfactory.eu\/et\/wp-json\/wp\/v2\/product_brand?post=1235"},{"taxonomy":"product_cat","embeddable":true,"href":"https:\/\/wristbandfactory.eu\/et\/wp-json\/wp\/v2\/product_cat?post=1235"},{"taxonomy":"product_tag","embeddable":true,"href":"https:\/\/wristbandfactory.eu\/et\/wp-json\/wp\/v2\/product_tag?post=1235"}],"curies":[{"name":"t\u00f6\u00f6leht","href":"https:\/\/api.w.org\/{rel}","templated":true}]}}