{"id":1233,"date":"2024-10-27T11:54:14","date_gmt":"2024-10-27T08:54:14","guid":{"rendered":"https:\/\/wristbandfactory.eu\/toode\/rpet-eco-lanyards\/"},"modified":"2026-01-11T22:52:38","modified_gmt":"2026-01-11T19:52:38","slug":"printed-rpet-lanyards","status":"publish","type":"product","link":"https:\/\/wristbandfactory.eu\/et\/p\/printed-rpet-lanyards\/","title":{"rendered":"Taaskasutatud rPET kaelapaelad logoga (Siiditr\u00fckk)"},"content":{"rendered":"<p data-path-to-node=\"11\">Liitu j\u00e4tkusuutlikkuse liikumisega ja reklaami oma br\u00e4ndi vastutustundlikult meie abil <b>Tr\u00fckitud rPET-kaelapaelad<\/b>. See toode on ideaalne valik organisatsioonidele, kes vajavad kulut\u00f5husat ja suuremahulist kaelapaela, mis on koosk\u00f5las ettev\u00f5tte keskkonnav\u00e4\u00e4rtustega, ilma et see eelarvet \u00fcletaks.<\/p>\n<p data-path-to-node=\"12\">Need kaelapaelad on kootud <b>100% rPET pol\u00fcester<\/b>, tugev kiud, mis on saadud t\u00e4ielikult taaskasutatud plastpudelitest. rPET-i valides suunate aktiivselt pr\u00fcgim\u00e4gedest eemale plastj\u00e4\u00e4tmeid ja v\u00e4hendate oma \u00fcrituse s\u00fcsiniku jalaj\u00e4lge. Erinevalt meie sublimatsiooniversioonist kasutab see konkreetne mudel <b>siiditr\u00fckk<\/b>. See meetod sobib ideaalselt \u00fchev\u00e4rviliste logode jaoks, andes karge ja julge viimistluse, mis paistab soonikkoes kangal silma.<\/p>\n<p data-path-to-node=\"13\">Pakume <b>t\u00e4pne Pantone v\u00e4rvide sobitamine<\/b> Teie logo tr\u00fckkimiseks, tagades teie ettev\u00f5tte identiteedi t\u00e4iusliku s\u00e4ilimise. Materjal ise on vastupidav ja vastupidav, tugevuselt eristamatu neitsipol\u00fcestrist, muutes selle usaldusv\u00e4\u00e4rseks t\u00f6\u00f6loomaks konverentsidel, festivalidel ja igap\u00e4evaseks kontorikasutuseks. Iga kaelapael on standardvarustuses metallist karabiin, mis pakub teie osalejatele funktsionaalset ja keskkonnateadlikku lahendust.<\/p>\n<p data-path-to-node=\"14\"><b>Peamised omadused:<\/b><\/p>\n<ul data-path-to-node=\"15\">\n<li>\n<p data-path-to-node=\"15,0,0\"><b>Materjal:<\/b> 100% rPET (taaskasutatud pol\u00fcet\u00fcleentereftalaat).<\/p>\n<\/li>\n<li>\n<p data-path-to-node=\"15,1,0\"><b>Tr\u00fckitehnoloogia:<\/b> Siiditr\u00fckk (parim 1-4 spotv\u00e4rvi jaoks).<\/p>\n<\/li>\n<li>\n<p data-path-to-node=\"15,2,0\"><b>Majandus:<\/b> Eelarves\u00f5bralik ja j\u00e4tkusuutlik alternatiiv neitsipol\u00fcestrile.<\/p>\n<\/li>\n<li>\n<p data-path-to-node=\"15,3,0\"><b>V\u00e4rvit\u00e4psus:<\/b> Tr\u00fckitud logo jaoks on saadaval Pantone&#039;i v\u00e4rvide vastavus.<\/p>\n<\/li>\n<li>\n<p data-path-to-node=\"15,4,0\"><b>Vastupidavus:<\/b> Suur t\u00f5mbetugevus sobib raskete m\u00e4rkide ja v\u00f5tmete jaoks.<\/p>\n<\/li>\n<li>\n<p data-path-to-node=\"15,5,0\"><b>Riistvara:<\/b> Sisaldab standardset metallkarabiinhaaket (saadaval on ka eritellimusel valmistatud klambrid).<\/p>\n<\/li>\n<\/ul>","protected":false},"excerpt":{"rendered":"<ul>\n<li>\n<p data-path-to-node=\"9,0,0\"><b>J\u00e4tkusuutlik valik:<\/b> Valmistatud 100% taaskasutatud PET-ist (rPET), mis on saadud tarbijaj\u00e4\u00e4tmetest saadud plastpudelitest.<\/p>\n<\/li>\n<li>\n<p data-path-to-node=\"9,1,0\"><b>Kulut\u00f5hus \u00f6ko:<\/b> K\u00f5ige soodsam sisenemispunkt br\u00e4ndidele, kes soovivad \u00fcle minna j\u00e4tkusuutlikele identifitseerimislahendustele.<\/p>\n<\/li>\n<li>\n<p data-path-to-node=\"9,2,0\"><b>Karge br\u00e4nding:<\/b> Kvaliteetne siiditr\u00fckk, mis v\u00f5imaldab luua julgeid ja teravaid logosid t\u00e4pse Pantone v\u00e4rvisobitamise abil.<\/p>\n<\/li>\n<li>\n<p data-path-to-node=\"9,3,0\"><b>Vastupidav ja tugev:<\/b> S\u00e4ilitab tavalise pol\u00fcestri tugevuse, mist\u00f5ttu sobib see mitmep\u00e4evasteks \u00fcritusteks ja t\u00f6\u00f6tajatele kasutamiseks.<\/p>\n<\/li>\n<\/ul>","protected":false},"featured_media":6754,"comment_status":"closed","ping_status":"closed","template":"","meta":[],"product_brand":[],"product_cat":[104,107],"product_tag":[],"class_list":{"0":"post-1233","1":"product","2":"type-product","3":"status-publish","4":"has-post-thumbnail","6":"product_cat-custom-printed-lanyards","7":"product_cat-eco-friendly-lanyards","9":"first","10":"instock","11":"shipping-taxable","12":"purchasable","13":"product-type-simple"},"_links":{"self":[{"href":"https:\/\/wristbandfactory.eu\/et\/wp-json\/wp\/v2\/product\/1233","targetHints":{"allow":["GET"]}}],"collection":[{"href":"https:\/\/wristbandfactory.eu\/et\/wp-json\/wp\/v2\/product"}],"about":[{"href":"https:\/\/wristbandfactory.eu\/et\/wp-json\/wp\/v2\/types\/product"}],"replies":[{"embeddable":true,"href":"https:\/\/wristbandfactory.eu\/et\/wp-json\/wp\/v2\/comments?post=1233"}],"wp:featuredmedia":[{"embeddable":true,"href":"https:\/\/wristbandfactory.eu\/et\/wp-json\/wp\/v2\/media\/6754"}],"wp:attachment":[{"href":"https:\/\/wristbandfactory.eu\/et\/wp-json\/wp\/v2\/media?parent=1233"}],"wp:term":[{"taxonomy":"product_brand","embeddable":true,"href":"https:\/\/wristbandfactory.eu\/et\/wp-json\/wp\/v2\/product_brand?post=1233"},{"taxonomy":"product_cat","embeddable":true,"href":"https:\/\/wristbandfactory.eu\/et\/wp-json\/wp\/v2\/product_cat?post=1233"},{"taxonomy":"product_tag","embeddable":true,"href":"https:\/\/wristbandfactory.eu\/et\/wp-json\/wp\/v2\/product_tag?post=1233"}],"curies":[{"name":"t\u00f6\u00f6leht","href":"https:\/\/api.w.org\/{rel}","templated":true}]}}