{"id":1232,"date":"2024-10-27T11:54:14","date_gmt":"2024-10-27T08:54:14","guid":{"rendered":"https:\/\/wristbandfactory.eu\/toode\/vinyl-wristbands\/"},"modified":"2026-01-09T15:32:59","modified_gmt":"2026-01-09T12:32:59","slug":"custom-printed-vinyl-wristbands","status":"publish","type":"product","link":"https:\/\/wristbandfactory.eu\/et\/p\/custom-printed-vinyl-wristbands\/","title":{"rendered":"Tr\u00fckiga vin\u00fc\u00fclk\u00e4epaelad"},"content":{"rendered":"<div class=\"mx-12 md:mx-24 lg:mx-48\">\n<div class=\"container my-8 svelte-zlsknf\">\n<div class=\"my-24 rounded-lg border-0 border-gray-700 bg-gray-100 px-16 py-24\">\n<div class=\"mt-11 !text-gray-500\">\n<p data-path-to-node=\"15\">Kindlusta oma \u00fcritus meie abiga <b data-path-to-node=\"15\" data-index-in-node=\"52\">Tr\u00fckiga vin\u00fc\u00fclk\u00e4epaelad<\/b>, mis on mitmep\u00e4evase ligip\u00e4\u00e4sukontrolli t\u00f6\u00f6stusstandard. Need k\u00e4epaelad on valmistatud kolmest kihist pehmest, kuid \u00e4\u00e4rmiselt vastupidavast vin\u00fc\u00fclist, tagades mugavuse, taludes samal ajal vett, higi ja aktiivseid keskkondi, nagu festivalid, veepargid ja kuurordid.<\/p>\n<p data-path-to-node=\"16\">Erinevalt paberribadest ei saa neid \u00e4ra rebida. <b data-path-to-node=\"16\" data-index-in-node=\"50\">\u00fchekordselt kasutatav plastmassist kl\u00f5pskinnitus<\/b> tagab, et p\u00e4rast k\u00e4epaela kinnitamist tuleb see eemaldada l\u00e4bi l\u00f5ikades, mis hoiab \u00e4ra volitamata \u00fclekanded. Saadaval <b data-path-to-node=\"16\" data-index-in-node=\"199\">Lai n\u00e4gu<\/b> (suuremate logode jaoks) v\u00f5i <b data-path-to-node=\"16\" data-index-in-node=\"231\">L-kujuline<\/b> disainilahenduste puhul kasutame kvaliteetseid <b data-path-to-node=\"16\" data-index-in-node=\"268\">siiditr\u00fckk<\/b> oma logo v\u00f5i teksti pealekandmiseks \u00fches erksas v\u00e4rvitoonis, mis ei pleeki.<\/p>\n<h2 data-path-to-node=\"17\">Peamised omadused<\/h2>\n<ul data-path-to-node=\"18\">\n<li>\n<p data-path-to-node=\"18,0,0\"><b data-path-to-node=\"18,0,0\" data-index-in-node=\"0\">V\u00f5ltsimiskindel lukk:<\/b> P\u00fcsiv kl\u00f5pskinnitus takistab taaskasutamist, tagades turvalise rahvahulga kontrolli.<\/p>\n<\/li>\n<li>\n<p data-path-to-node=\"18,1,0\"><b data-path-to-node=\"18,1,0\" data-index-in-node=\"0\">Veekindel disain:<\/b> Ideaalne niisketesse keskkondadesse, sealhulgas basseinidesse, saunadesse ja vaba\u00f5hufestivalidele.<\/p>\n<\/li>\n<li>\n<p data-path-to-node=\"18,2,0\"><b data-path-to-node=\"18,2,0\" data-index-in-node=\"0\">Suure kontrastsusega tr\u00fckk:<\/b> Siiditr\u00fckitehnoloogia tagab teie logo v\u00f5i s\u00f5numi terava ja vastupidava j\u00e4ljendi.<\/p>\n<\/li>\n<li>\n<p data-path-to-node=\"18,3,0\"><b data-path-to-node=\"18,3,0\" data-index-in-node=\"0\">Lai v\u00e4rvivalik:<\/b> Vali oma br\u00e4ndi identiteediga sobivaks neoon-, matt- v\u00f5i l\u00e4ikiva baasv\u00e4rvi vahel.<\/p>\n<\/li>\n<\/ul>\n<h2 data-path-to-node=\"19\">Spetsifikatsioonid<\/h2>\n<ul data-path-to-node=\"20\">\n<li>\n<p data-path-to-node=\"20,0,0\"><b data-path-to-node=\"20,0,0\" data-index-in-node=\"0\">Materjal:<\/b> 3-kihiline kolmekihiline vin\u00fc\u00fcl<\/p>\n<\/li>\n<li>\n<p data-path-to-node=\"20,1,0\"><b data-path-to-node=\"20,1,0\" data-index-in-node=\"0\">Tr\u00fckkimine:<\/b> 1-v\u00e4rviline siiditr\u00fckk (vastupidav ja kr\u00f5be)<\/p>\n<\/li>\n<li>\n<p data-path-to-node=\"20,2,0\"><b data-path-to-node=\"20,2,0\" data-index-in-node=\"0\">Sulgemine:<\/b> \u00dchekordselt kasutatav plastmassist kl\u00f5ps<\/p>\n<\/li>\n<li>\n<p data-path-to-node=\"20,3,0\"><b data-path-to-node=\"20,3,0\" data-index-in-node=\"0\">Suurus:<\/b> Reguleeritav (sobib k\u00f5ikidele randmesuurustele)<\/p>\n<\/li>\n<li>\n<p data-path-to-node=\"20,4,0\"><b data-path-to-node=\"20,4,0\" data-index-in-node=\"0\">Kasutusaeg:<\/b> 3\u20137+ p\u00e4eva<\/p>\n<\/li>\n<li>\n<p data-path-to-node=\"20,5,0\"><b data-path-to-node=\"20,5,0\" data-index-in-node=\"0\">Veekindel:<\/b> Jah (100%)<\/p>\n<\/li>\n<li>\n<p data-path-to-node=\"20,6,0\"><b data-path-to-node=\"20,6,0\" data-index-in-node=\"0\">Minimaalne kogus:<\/b> 100 \u00fchikut<\/p>\n<\/li>\n<\/ul>\n<h2 data-path-to-node=\"21\">Kasutusjuhud<\/h2>\n<ul data-path-to-node=\"22\">\n<li>\n<p data-path-to-node=\"22,0,0\"><b data-path-to-node=\"22,0,0\" data-index-in-node=\"0\">Hotellid ja kuurordid:<\/b> K\u00fclalise isikutunnistus k\u00f5ikeh\u00f5lmavate pakettide puhul (bassein ja du\u0161\u0161inurk).<\/p>\n<\/li>\n<li>\n<p data-path-to-node=\"22,1,0\"><b data-path-to-node=\"22,1,0\" data-index-in-node=\"0\">Kontserdid ja festivalid:<\/b> Turvaline mitmep\u00e4evane sisenemiste haldamine.<\/p>\n<\/li>\n<li>\n<p data-path-to-node=\"22,2,0\"><b data-path-to-node=\"22,2,0\" data-index-in-node=\"0\">Veepargid:<\/b> Piisavalt vastupidav, et taluda kloori ja pidevat kokkupuudet veega.<\/p>\n<\/li>\n<li>\n<p data-path-to-node=\"22,3,0\"><b data-path-to-node=\"22,3,0\" data-index-in-node=\"0\">\u00d6\u00f6klubid ja baarid:<\/b> VIP- v\u00f5i vanusekontroll, mis j\u00e4\u00e4b terveks \u00f6\u00f6ks sisse.<\/p>\n<\/li>\n<\/ul>\n<\/div>\n<\/div>\n<\/div>\n<\/div>","protected":false},"excerpt":{"rendered":"<ul>\n<li>\n<p data-path-to-node=\"14,0,0\"><b data-path-to-node=\"14,0,0\" data-index-in-node=\"0\">K\u00f5rge turvalisus:<\/b> \u00dchekordselt kasutatav lukustatav plastkl\u00f5ps, et v\u00e4ltida \u00fclekandmist ja rikkumist.<\/p>\n<\/li>\n<li>\n<p data-path-to-node=\"14,1,0\"><b data-path-to-node=\"14,1,0\" data-index-in-node=\"0\">Mitmep\u00e4evane vastupidavus:<\/b> Valmistatud 3-kihilisest vin\u00fc\u00fclist, mis on 100% veekindel ja rebenemiskindel.<\/p>\n<\/li>\n<li>\n<p data-path-to-node=\"14,2,0\"><b data-path-to-node=\"14,2,0\" data-index-in-node=\"0\">Eridisainiga br\u00e4nding:<\/b> Vastupidav \u00fchev\u00e4rviline siiditr\u00fckk suure kontrastsusega logode ja teksti jaoks.<\/p>\n<\/li>\n<li>\n<p data-path-to-node=\"14,3,0\"><b data-path-to-node=\"14,3,0\" data-index-in-node=\"0\">Mugav kandmine:<\/b> Pehme ja sile materjal, mis on loodud pikaajaliseks kandmiseks (3\u20137+ p\u00e4eva).<\/p>\n<\/li>\n<\/ul>","protected":false},"featured_media":6007,"comment_status":"closed","ping_status":"closed","template":"","meta":[],"product_brand":[],"product_cat":[66,51],"product_tag":[],"class_list":{"0":"post-1232","1":"product","2":"type-product","3":"status-publish","4":"has-post-thumbnail","6":"product_cat-wristbands","7":"product_cat-vinyl","9":"first","10":"instock","11":"shipping-taxable","12":"purchasable","13":"product-type-simple"},"_links":{"self":[{"href":"https:\/\/wristbandfactory.eu\/et\/wp-json\/wp\/v2\/product\/1232","targetHints":{"allow":["GET"]}}],"collection":[{"href":"https:\/\/wristbandfactory.eu\/et\/wp-json\/wp\/v2\/product"}],"about":[{"href":"https:\/\/wristbandfactory.eu\/et\/wp-json\/wp\/v2\/types\/product"}],"replies":[{"embeddable":true,"href":"https:\/\/wristbandfactory.eu\/et\/wp-json\/wp\/v2\/comments?post=1232"}],"wp:featuredmedia":[{"embeddable":true,"href":"https:\/\/wristbandfactory.eu\/et\/wp-json\/wp\/v2\/media\/6007"}],"wp:attachment":[{"href":"https:\/\/wristbandfactory.eu\/et\/wp-json\/wp\/v2\/media?parent=1232"}],"wp:term":[{"taxonomy":"product_brand","embeddable":true,"href":"https:\/\/wristbandfactory.eu\/et\/wp-json\/wp\/v2\/product_brand?post=1232"},{"taxonomy":"product_cat","embeddable":true,"href":"https:\/\/wristbandfactory.eu\/et\/wp-json\/wp\/v2\/product_cat?post=1232"},{"taxonomy":"product_tag","embeddable":true,"href":"https:\/\/wristbandfactory.eu\/et\/wp-json\/wp\/v2\/product_tag?post=1232"}],"curies":[{"name":"t\u00f6\u00f6leht","href":"https:\/\/api.w.org\/{rel}","templated":true}]}}