{"id":1228,"date":"2024-10-27T11:54:14","date_gmt":"2024-10-27T08:54:14","guid":{"rendered":"https:\/\/wristbandfactory.eu\/toode\/medical-wristbands\/"},"modified":"2026-01-09T15:45:20","modified_gmt":"2026-01-09T12:45:20","slug":"medical-wristbands","status":"publish","type":"product","link":"https:\/\/wristbandfactory.eu\/et\/p\/medical-wristbands\/","title":{"rendered":"Haigla k\u00e4epaelad"},"content":{"rendered":"<div class=\"mx-12 md:mx-24 lg:mx-48\">\n<div class=\"container my-8 svelte-zlsknf\">\n<div class=\"my-24 rounded-lg border-0 border-gray-700 bg-gray-100 px-16 py-24\">\n<div class=\"mt-11 !text-gray-500\">\n<p data-path-to-node=\"12\">Tagage patsiendi ohutus ja t\u00e4pne tuvastamine meie abil <b data-path-to-node=\"12\" data-index-in-node=\"84\">Meditsiinilise ID k\u00e4epaelad<\/b>. Spetsiaalselt haiglatele, hooldekodudele ja tervishoiuasutustele loodud need k\u00e4epaelad pakuvad usaldusv\u00e4\u00e4rset ja t\u00f5husat viisi oluliste patsiendiandmete kuvamiseks.<\/p>\n<p data-path-to-node=\"13\"><span data-path-to-node=\"13,0\">K\u00e4epaelad on valmistatud pehmest h\u00fcpoallergeensest vin\u00fc\u00fclist, mis tagab mugavuse pikaajalisel kandmisel ja ohutuse tundlikule nahale. <\/span><span data-path-to-node=\"13,2\"><span class=\"citation-59\">Materjal on vastupidav ja veekindel, mist\u00f5ttu sobib see du\u0161i- ja haiglakeskkondadesse ilma m\u00e4\u00e4rdumise v\u00f5i lagunemiseta.<\/span><\/span><span data-path-to-node=\"13,4\">.<\/span><\/p>\n<h2 data-path-to-node=\"14\">Peamised omadused<\/h2>\n<ul data-path-to-node=\"15\">\n<li>\n<p data-path-to-node=\"15,0,0\"><b data-path-to-node=\"15,0,0\" data-index-in-node=\"0\">Sisestage kaardis\u00fcsteem:<\/b> Sisaldab turvalist taskut paberkandjal kaardiga, mis v\u00f5imaldab t\u00f6\u00f6tajatel nimesid, s\u00fcnnikuup\u00e4evi v\u00f5i meditsiinilisi isikutunnistusi kiiresti \u00fcles kirjutada ilma spetsiaalseid printereid kasutamata.<\/p>\n<\/li>\n<li>\n<p data-path-to-node=\"15,1,0\"><b data-path-to-node=\"15,1,0\" data-index-in-node=\"0\">Mitte\u00fclekantav v\u00e4\u00e4rtpaber:<\/b> Varustatud \u00fchekordselt kasutatava plastkl\u00f5psuga (klambriga), mis tuleb eemaldamiseks l\u00f5igata, et v\u00e4ltida loata patsientide vahelist \u00fclekandmist.<\/p>\n<\/li>\n<li>\n<p data-path-to-node=\"15,2,0\"><b data-path-to-node=\"15,2,0\" data-index-in-node=\"0\">Patsiendi ohutus ennek\u00f5ike:<\/b> Valmistatud h\u00fcpoallergeensetest materjalidest ilma teravate servadeta, et v\u00e4ltida naha\u00e4rritust v\u00f5i -vigastusi.<\/p>\n<\/li>\n<li>\n<p data-path-to-node=\"15,3,0\"><b data-path-to-node=\"15,3,0\" data-index-in-node=\"0\">Visuaalne ID:<\/b> Saadaval standardses valges v\u00e4rvitoonis (t\u00e4iskasvanutele), soovi korral on saadaval ka teised v\u00e4rvid, et aidata patsiendir\u00fchmi kategoriseerida (nt allergiad, kukkumisrisk).<\/p>\n<\/li>\n<\/ul>\n<h2 data-path-to-node=\"16\">Spetsifikatsioonid<\/h2>\n<ul data-path-to-node=\"17\">\n<li>\n<p data-path-to-node=\"17,0,0\"><b data-path-to-node=\"17,0,0\" data-index-in-node=\"0\">Materjal:<\/b> Pehme PVC \/ vin\u00fc\u00fcl (h\u00fcpoallergeenne).<\/p>\n<\/li>\n<li>\n<p data-path-to-node=\"17,1,0\"><b data-path-to-node=\"17,1,0\" data-index-in-node=\"0\">Sulgemise t\u00fc\u00fcp:<\/b> \u00dchekordselt kasutatav plastmassist trukk\/klamber.<\/p>\n<\/li>\n<li>\n<p data-path-to-node=\"17,2,0\"><b data-path-to-node=\"17,2,0\" data-index-in-node=\"0\">Kirjutusala:<\/b> Sisestatav kaart on kaasas.<\/p>\n<\/li>\n<li>\n<p data-path-to-node=\"17,3,0\"><b data-path-to-node=\"17,3,0\" data-index-in-node=\"0\">Suurused:<\/b> Saadaval t\u00e4iskasvanute ja laste variatsioonid.<\/p>\n<\/li>\n<li>\n<p data-path-to-node=\"17,4,0\"><b data-path-to-node=\"17,4,0\" data-index-in-node=\"0\">Vastupidavus:<\/b> Veekindel ja rebenemiskindel.<\/p>\n<\/li>\n<li>\n<p data-path-to-node=\"17,5,0\"><b data-path-to-node=\"17,5,0\" data-index-in-node=\"0\">Minimaalne tellimuse kogus:<\/b> 100 \u00fchikut.<\/p>\n<\/li>\n<\/ul>\n<h2 data-path-to-node=\"18\">Kasutusjuhud<\/h2>\n<ul data-path-to-node=\"19\">\n<li>\n<p data-path-to-node=\"19,0,0\"><b data-path-to-node=\"19,0,0\" data-index-in-node=\"0\">Haigla vastuv\u00f5tt:<\/b> Kiire saabuvate patsientide tuvastamine erakorralise meditsiini osakonda v\u00f5i palatitesse.<\/p>\n<\/li>\n<li>\n<p data-path-to-node=\"19,1,0\"><b data-path-to-node=\"19,1,0\" data-index-in-node=\"0\">Hooldekodud:<\/b> Pikaajalistele elanikele m\u00f5eldud vastupidav isikutunnistus.<\/p>\n<\/li>\n<li>\n<p data-path-to-node=\"19,2,0\"><b data-path-to-node=\"19,2,0\" data-index-in-node=\"0\">Kliiniku ambulatoorsed patsiendid:<\/b> Lihtne m\u00e4rgistamine p\u00e4evaprotseduuride jaoks.<\/p>\n<\/li>\n<li>\n<p data-path-to-node=\"19,3,0\"><b data-path-to-node=\"19,3,0\" data-index-in-node=\"0\">Meditsiiniline triaa\u017e:<\/b> Patsientide kiire kategoriseerimine erakorralise reageerimise ajal.<\/p>\n<\/li>\n<\/ul>\n<\/div>\n<\/div>\n<\/div>\n<\/div>","protected":false},"excerpt":{"rendered":"<ul>\n<li>\n<p data-path-to-node=\"11,0,1\"><span data-path-to-node=\"11,0,1,0\"><b data-path-to-node=\"11,0,1,0\" data-index-in-node=\"0\"><span class=\"citation-60\">Materjal:<\/span><\/b><span class=\"citation-60\"> Pehme, h\u00fcpoallergeenne vin\u00fc\u00fcl (veekindel)<\/span><\/span><span data-path-to-node=\"11,0,1,2\">.<\/span><\/p>\n<\/li>\n<li>\n<p data-path-to-node=\"11,1,0\"><b data-path-to-node=\"11,1,0\" data-index-in-node=\"0\">Andmete sisestamine:<\/b> L\u00e4bipaistev tasku sisselibistatava paberist kaardiga patsiendi andmete jaoks.<\/p>\n<\/li>\n<li>\n<p data-path-to-node=\"11,2,0\"><b data-path-to-node=\"11,2,0\" data-index-in-node=\"0\">Turvalisus:<\/b> \u00dchekordselt kasutatav plastmassist kl\u00f5pskinnitus hoiab \u00e4ra \u00fclekandmise.<\/p>\n<\/li>\n<li>\n<p data-path-to-node=\"11,3,0\"><b data-path-to-node=\"11,3,0\" data-index-in-node=\"0\">Suurus:<\/b> Saadaval t\u00e4iskasvanute ja laste suurustes.<\/p>\n<\/li>\n<\/ul>","protected":false},"featured_media":6413,"comment_status":"closed","ping_status":"closed","template":"","meta":[],"product_brand":[],"product_cat":[66,51,72],"product_tag":[],"class_list":{"0":"post-1228","1":"product","2":"type-product","3":"status-publish","4":"has-post-thumbnail","6":"product_cat-wristbands","7":"product_cat-vinyl","8":"product_cat-medical-and-hospital","10":"first","11":"instock","12":"shipping-taxable","13":"purchasable","14":"product-type-simple"},"_links":{"self":[{"href":"https:\/\/wristbandfactory.eu\/et\/wp-json\/wp\/v2\/product\/1228","targetHints":{"allow":["GET"]}}],"collection":[{"href":"https:\/\/wristbandfactory.eu\/et\/wp-json\/wp\/v2\/product"}],"about":[{"href":"https:\/\/wristbandfactory.eu\/et\/wp-json\/wp\/v2\/types\/product"}],"replies":[{"embeddable":true,"href":"https:\/\/wristbandfactory.eu\/et\/wp-json\/wp\/v2\/comments?post=1228"}],"wp:featuredmedia":[{"embeddable":true,"href":"https:\/\/wristbandfactory.eu\/et\/wp-json\/wp\/v2\/media\/6413"}],"wp:attachment":[{"href":"https:\/\/wristbandfactory.eu\/et\/wp-json\/wp\/v2\/media?parent=1228"}],"wp:term":[{"taxonomy":"product_brand","embeddable":true,"href":"https:\/\/wristbandfactory.eu\/et\/wp-json\/wp\/v2\/product_brand?post=1228"},{"taxonomy":"product_cat","embeddable":true,"href":"https:\/\/wristbandfactory.eu\/et\/wp-json\/wp\/v2\/product_cat?post=1228"},{"taxonomy":"product_tag","embeddable":true,"href":"https:\/\/wristbandfactory.eu\/et\/wp-json\/wp\/v2\/product_tag?post=1228"}],"curies":[{"name":"t\u00f6\u00f6leht","href":"https:\/\/api.w.org\/{rel}","templated":true}]}}