{"id":1217,"date":"2024-10-27T11:54:36","date_gmt":"2024-10-27T08:54:36","guid":{"rendered":"https:\/\/wristbandfactory.eu\/toode\/polyester-wristbands-with-woven-logo\/"},"modified":"2025-12-29T18:02:05","modified_gmt":"2025-12-29T15:02:05","slug":"woven-fabric-wristbands-up-to-4-colours","status":"publish","type":"product","link":"https:\/\/wristbandfactory.eu\/et\/p\/woven-fabric-wristbands-up-to-4-colours\/","title":{"rendered":"Kootud tekstiilist k\u00e4epaelad (kuni 4 v\u00e4rvi)"},"content":{"rendered":"<div class=\"mx-12 md:mx-24 lg:mx-48\">\n<div class=\"container my-8 svelte-zlsknf\">\n<div class=\"my-24 rounded-lg border-0 border-gray-700 bg-gray-100 px-16 py-24\">\n<div class=\"mt-11 !text-gray-500\">\n<p data-path-to-node=\"8\">T\u00f5sta oma \u00fcrituse br\u00e4ndingut meie esmaklassiliste kootud kangast k\u00e4epaeltega. Erinevalt tr\u00fckitud alternatiividest integreerib see disain teie logo ja s\u00f5numi (kuni neljas erinevas v\u00e4rvitoonis) otse vastupidavasse pol\u00fcesterkangasse. See kootud meetod loob vastupidava, kvaliteetse ja tekstuurse viimistluse, mis on pleekimis- ja kulumiskindel, muutes selle parimaks valikuks mitmep\u00e4evasteks festivalideks ja firma\u00fcritusteks, kus br\u00e4ndi prestii\u017e on esmat\u00e4htis.<\/p>\n<h3 data-path-to-node=\"9\"><b>Konfigureeri oma ideaalne kootud k\u00e4epael<\/b><\/h3>\n<ol start=\"1\" data-path-to-node=\"10\">\n<li>\n<p data-path-to-node=\"10,0,0\"><b>Vali oma lukk:<\/b> Valige sulgur, mis vastab teie \u00fcrituse turvavajadustele. See k\u00e4epael \u00fchildub meie k\u00f5igi lukkude valikuga, sealhulgas:<\/p>\n<ul data-path-to-node=\"10,0,1\">\n<li>\n<p data-path-to-node=\"10,0,1,0,0\"><b>K\u00f5rge turvalisusega lukud:<\/b> \u00dchekordselt kasutatav sulgur \u00fclekandmise v\u00e4ltimiseks ja tugeva juurdep\u00e4\u00e4sukontrolli tagamiseks.<\/p>\n<\/li>\n<li>\n<p data-path-to-node=\"10,0,1,1,0\"><b>Korduvkasutatavad lukud:<\/b> Reguleeritav rant mitmep\u00e4evaseks ja paindlikuks kasutamiseks.<\/p>\n<\/li>\n<li>\n<p data-path-to-node=\"10,0,1,2,0\"><b>Keskkonnas\u00f5bralikud lukud:<\/b> Meie j\u00e4tkusuutlik \u00fchekordne bambuslukk.<\/p>\n<\/li>\n<\/ul>\n<\/li>\n<li>\n<p data-path-to-node=\"10,1,0\"><b>Lisa valikuline antibakteriaalne t\u00f6\u00f6tlus:<\/b> K\u00f5rgeimaid h\u00fcgieenistandardeid n\u00f5udvate \u00fcrituste jaoks on need k\u00e4epaelad saadaval valikulise lisavarustusega. <b>antibakteriaalne t\u00f6\u00f6tlus, mis on sertifitseeritud vastavalt ISO 20743 standardile<\/b>. See pakub olulise turvakihi tervishoiukonverentsidel, toidufestivalidel v\u00f5i suurtel avalikel koosviibimistel osalejatele.<\/p>\n<\/li>\n<\/ol>\n<h3 data-path-to-node=\"11\"><b>Peamised omadused:<\/b><\/h3>\n<ul data-path-to-node=\"12\">\n<li>\n<p data-path-to-node=\"12,0,0\"><b>Premium kootud logo:<\/b> Teie disain on kangasse kootud (kuni neljas v\u00e4rvitoonis), et saavutada vastupidav ja kvaliteetne viimistlus.<\/p>\n<\/li>\n<li>\n<p data-path-to-node=\"12,1,0\"><b>Turvaluku valikud:<\/b> Valige \u00fcliturvalise (\u00fchekordselt kasutatava), korduvkasutatava v\u00f5i keskkonnas\u00f5braliku bambusest kasti vahel.<\/p>\n<\/li>\n<li>\n<p data-path-to-node=\"12,2,0\"><b>Valikuline antibakteriaalne ravi:<\/b> ISO 20743 sertifikaat t\u00e4iustatud h\u00fcgieeni tagamiseks.<\/p>\n<\/li>\n<li>\n<p data-path-to-node=\"12,3,0\"><b>Vastupidav pol\u00fcester:<\/b> Vastupidav materjal sobib ideaalselt pikaajaliseks kasutamiseks.<\/p>\n<\/li>\n<li>\n<p data-path-to-node=\"12,4,0\"><b>Minimaalne tellimus:<\/b> 100 t\u00fckki.<\/p>\n<\/li>\n<\/ul>\n<p data-path-to-node=\"13\">\n<\/div>\n<\/div>\n<\/div>\n<\/div>","protected":false},"excerpt":{"rendered":"<ul>\n<li>\n<p data-path-to-node=\"7,0,0\">Kvaliteetne kootud disain: Teie logo on kootud otse kangasse kuni neljas v\u00e4rvitoonis, et saavutada vastupidav ja pleekimiskindel viimistlus.<\/p>\n<\/li>\n<li>\n<p data-path-to-node=\"7,1,0\">Lukustusv\u00f5imalused: valige k\u00f5rge turvalisusega (\u00fchekordselt kasutatav), korduvkasutatav v\u00f5i keskkonnas\u00f5bralik bambuslukk.<\/p>\n<\/li>\n<li>\n<p data-path-to-node=\"7,2,0\">Valikuline antibakteriaalne t\u00f6\u00f6tlus: ISO 20743 sertifitseeritud t\u00f6\u00f6tlus parema h\u00fcgieeni ja k\u00fclastajate ohutuse tagamiseks.<\/p>\n<\/li>\n<li>\n<p data-path-to-node=\"7,3,0\">Vastupidav pol\u00fcestermaterjal, ideaalne mitmep\u00e4evasteks festivalideks.<\/p>\n<\/li>\n<\/ul>","protected":false},"featured_media":6385,"comment_status":"closed","ping_status":"closed","template":"","meta":[],"product_brand":[],"product_cat":[66,47],"product_tag":[],"class_list":{"0":"post-1217","1":"product","2":"type-product","3":"status-publish","4":"has-post-thumbnail","6":"product_cat-wristbands","7":"product_cat-fabric-wristbands","9":"first","10":"instock","11":"shipping-taxable","12":"purchasable","13":"product-type-simple"},"_links":{"self":[{"href":"https:\/\/wristbandfactory.eu\/et\/wp-json\/wp\/v2\/product\/1217","targetHints":{"allow":["GET"]}}],"collection":[{"href":"https:\/\/wristbandfactory.eu\/et\/wp-json\/wp\/v2\/product"}],"about":[{"href":"https:\/\/wristbandfactory.eu\/et\/wp-json\/wp\/v2\/types\/product"}],"replies":[{"embeddable":true,"href":"https:\/\/wristbandfactory.eu\/et\/wp-json\/wp\/v2\/comments?post=1217"}],"wp:featuredmedia":[{"embeddable":true,"href":"https:\/\/wristbandfactory.eu\/et\/wp-json\/wp\/v2\/media\/6385"}],"wp:attachment":[{"href":"https:\/\/wristbandfactory.eu\/et\/wp-json\/wp\/v2\/media?parent=1217"}],"wp:term":[{"taxonomy":"product_brand","embeddable":true,"href":"https:\/\/wristbandfactory.eu\/et\/wp-json\/wp\/v2\/product_brand?post=1217"},{"taxonomy":"product_cat","embeddable":true,"href":"https:\/\/wristbandfactory.eu\/et\/wp-json\/wp\/v2\/product_cat?post=1217"},{"taxonomy":"product_tag","embeddable":true,"href":"https:\/\/wristbandfactory.eu\/et\/wp-json\/wp\/v2\/product_tag?post=1217"}],"curies":[{"name":"t\u00f6\u00f6leht","href":"https:\/\/api.w.org\/{rel}","templated":true}]}}