{"id":1216,"date":"2024-10-27T11:54:36","date_gmt":"2024-10-27T08:54:36","guid":{"rendered":"https:\/\/wristbandfactory.eu\/toode\/adjustable-cord-wristbands\/"},"modified":"2025-12-30T14:46:53","modified_gmt":"2025-12-30T11:46:53","slug":"adjustable-rope-wristbands-custom-printed-cord-with-logo","status":"publish","type":"product","link":"https:\/\/wristbandfactory.eu\/et\/p\/adjustable-rope-wristbands-custom-printed-cord-with-logo\/","title":{"rendered":"Paracord k\u00e4epaelad \u2013 Logoga"},"content":{"rendered":"<div class=\"mx-12 md:mx-24 lg:mx-48\">\n<div class=\"container my-8 svelte-zlsknf\">\n<div class=\"my-24 rounded-lg border-0 border-gray-700 bg-gray-100 px-16 py-24\">\n<div class=\"mt-11 !text-gray-500\">\n<p data-path-to-node=\"9\"><b>Stiilne ja mitmek\u00fclgne br\u00e4nding: Eridisainiga reguleeritavad k\u00f6iest k\u00e4epaelad<\/b><\/p>\n<p data-path-to-node=\"10\">T\u00f5stke oma reklaamkauba v\u00e4\u00e4rtust meie eridisainiga reguleeritavate paelast k\u00e4epaeltega. Need k\u00e4epaelad on loodud vastupidavuse ja pikaajalise kandmise tagamiseks ning neil on tugev \u00fcmmargune pol\u00fcesterpael ja kohandatav kummist toru, pakkudes moodsat alternatiivi traditsioonilistele lamedatele k\u00e4epaeltele. Need on ideaalne lahendus br\u00e4nditeadlikkuse kampaaniateks, heategevus\u00fcritusteks ja VIP-kaubam\u00e4rkideks.<\/p>\n<p data-path-to-node=\"11\"><b>\u00dcks suurus sobib k\u00f5igile<\/b> Nutikas libiseva paelaga mehhanism v\u00f5imaldab k\u00e4epaela h\u00f5lpsalt reguleerida, et see sobiks igale randmesuurusele, alates lastest kuni t\u00e4iskasvanuteni. See \u201c\u00fcks suurus sobib k\u00f5igile\u201d mitmek\u00fclgsus lihtsustab tellimisprotsessi, v\u00e4listades vajaduse oma sihtr\u00fchma suuruste suhtarvude j\u00e4rele arvata.<\/p>\n<p data-path-to-node=\"12\"><b>Fokuseeritud br\u00e4nding<\/b> Erinevalt t\u00e4ism\u00f5\u00f5dus tr\u00fckistest suunavad need k\u00e4epaelad t\u00e4helepanu teie logole v\u00f5i s\u00f5numile, mis on selgelt tr\u00fckitud keskmisele kummist torule. K\u00f5rge kontrastsusega \u00fchev\u00e4rviline tr\u00fckk tagab, et teie br\u00e4nd j\u00e4\u00e4b stiilse kahev\u00e4rvilise paelatausta taustal fookuspunktiks.<\/p>\n<p data-path-to-node=\"13\"><b>H\u00fcgieeni- ja ohutusvalikud<\/b> K\u00f5rgemaid tervisestandardeid n\u00f5udvate \u00fcrituste jaoks pakume pol\u00fcesterpaelale valikulist ISO 20743 sertifitseeritud antibakteriaalset t\u00f6\u00f6tlust. See omadus pakub kandjatele t\u00e4iendavat meelerahu ja positsioneerib teie br\u00e4ndi vastutustundliku t\u00f6\u00f6stusharu liidrina.<\/p>\n<p data-path-to-node=\"14\"><b>Peamised omadused:<\/b><\/p>\n<ul data-path-to-node=\"15\">\n<li>\n<p data-path-to-node=\"15,0,0\"><b>Kvaliteetne juhe:<\/b> Vastupidav kootud pol\u00fcester s\u00e4ilitab oma kuju ja v\u00e4rvi.<\/p>\n<\/li>\n<li>\n<p data-path-to-node=\"15,1,0\"><b>Eristuv disain:<\/b> Saadaval kahev\u00e4rvilistes v\u00e4rvikombinatsioonides, et need sobiksid br\u00e4ndi teemadega.<\/p>\n<\/li>\n<li>\n<p data-path-to-node=\"15,2,0\"><b>Reguleeritav liugur:<\/b> Turvaline ja h\u00f5lpsasti kasutatav libiseva toru mehhanism.<\/p>\n<\/li>\n<li>\n<p data-path-to-node=\"15,3,0\"><b>Pikaajaline:<\/b> Loodud pikaajaliseks kandmiseks, maksimeerides br\u00e4ndi muljet.<\/p>\n<\/li>\n<li>\n<p data-path-to-node=\"15,4,0\"><b>Hulgim\u00fc\u00fcgiks valmis:<\/b> Optimeeritud hulgitellimuste jaoks koos j\u00e4rjepideva kvaliteedikontrolliga.<\/p>\n<\/li>\n<\/ul>\n<\/div>\n<\/div>\n<\/div>\n<\/div>","protected":false},"excerpt":{"rendered":"<ul>\n<li>\n<p data-path-to-node=\"6,0,0\"><b>Materjal:<\/b> \u00dcmmargune kahev\u00e4rviline pol\u00fcesterpael libiseva kummist toruga.<\/p>\n<\/li>\n<li>\n<p data-path-to-node=\"6,1,0\"><b>Kohandamine:<\/b> Keskmisel torul on karge \u00fchev\u00e4rviline logotr\u00fckk.<\/p>\n<\/li>\n<li>\n<p data-path-to-node=\"6,2,0\"><b>Sobivus:<\/b> T\u00e4ielikult reguleeritav libiseva s\u00f5lme mehhanism (\u00fcks suurus sobib k\u00f5igile).<\/p>\n<\/li>\n<li>\n<p data-path-to-node=\"6,3,0\"><b>Ohutus:<\/b> Valikuline ISO 20743 antibakteriaalne t\u00f6\u00f6tlus.<\/p>\n<\/li>\n<\/ul>","protected":false},"featured_media":6400,"comment_status":"closed","ping_status":"closed","template":"","meta":[],"product_brand":[],"product_cat":[66,112],"product_tag":[],"class_list":{"0":"post-1216","1":"product","2":"type-product","3":"status-publish","4":"has-post-thumbnail","6":"product_cat-wristbands","7":"product_cat-paracord-wristbands","9":"first","10":"instock","11":"shipping-taxable","12":"purchasable","13":"product-type-simple"},"_links":{"self":[{"href":"https:\/\/wristbandfactory.eu\/et\/wp-json\/wp\/v2\/product\/1216","targetHints":{"allow":["GET"]}}],"collection":[{"href":"https:\/\/wristbandfactory.eu\/et\/wp-json\/wp\/v2\/product"}],"about":[{"href":"https:\/\/wristbandfactory.eu\/et\/wp-json\/wp\/v2\/types\/product"}],"replies":[{"embeddable":true,"href":"https:\/\/wristbandfactory.eu\/et\/wp-json\/wp\/v2\/comments?post=1216"}],"wp:featuredmedia":[{"embeddable":true,"href":"https:\/\/wristbandfactory.eu\/et\/wp-json\/wp\/v2\/media\/6400"}],"wp:attachment":[{"href":"https:\/\/wristbandfactory.eu\/et\/wp-json\/wp\/v2\/media?parent=1216"}],"wp:term":[{"taxonomy":"product_brand","embeddable":true,"href":"https:\/\/wristbandfactory.eu\/et\/wp-json\/wp\/v2\/product_brand?post=1216"},{"taxonomy":"product_cat","embeddable":true,"href":"https:\/\/wristbandfactory.eu\/et\/wp-json\/wp\/v2\/product_cat?post=1216"},{"taxonomy":"product_tag","embeddable":true,"href":"https:\/\/wristbandfactory.eu\/et\/wp-json\/wp\/v2\/product_tag?post=1216"}],"curies":[{"name":"t\u00f6\u00f6leht","href":"https:\/\/api.w.org\/{rel}","templated":true}]}}