{"id":1209,"date":"2024-07-16T17:57:25","date_gmt":"2024-07-16T14:57:25","guid":{"rendered":"https:\/\/wristbandfactory.eu\/toode\/seed-paper-bracelet\/"},"modified":"2025-12-29T18:12:45","modified_gmt":"2025-12-29T15:12:45","slug":"seed-paper-wristbands","status":"publish","type":"product","link":"https:\/\/wristbandfactory.eu\/et\/p\/seed-paper-wristbands\/","title":{"rendered":"Seemnepaberist k\u00e4epaelad"},"content":{"rendered":"<p data-path-to-node=\"12\">Avaldage oma k\u00fclastajatele ja keskkonnale p\u00fcsivat ja positiivset m\u00f5ju meie toodetega <b data-path-to-node=\"12\" data-index-in-node=\"104\">Seemnepaberist k\u00e4epaelad<\/b>. See uuenduslik toode pakub keskkonnateadlikele \u00fcrituste korraldajatele ainulaadset ja j\u00e4\u00e4tmevaba lahendust, muutes tavaliselt \u00fchekordselt kasutatava eseme meeldej\u00e4\u00e4vaks \u201cteiseks eluks\u201d metslilledena. Need k\u00e4epaelad on loodud festivalide, ettev\u00f5tete j\u00e4tkusuutlikkuse \u00fcrituste ja roheliste konverentside jaoks ning toimivad nii turvalise l\u00e4bip\u00e4\u00e4sukaardina kui ka teie keskkonnav\u00e4\u00e4rtuste v\u00e4ljendusena.<\/p>\n<h2 data-path-to-node=\"13\">Peamised omadused<\/h2>\n<ul data-path-to-node=\"14\">\n<li>\n<p data-path-to-node=\"14,0,0\"><b data-path-to-node=\"14,0,0\" data-index-in-node=\"0\">Istutatav tehnoloogia:<\/b> Valmistatud 80gsm paberist, millesse on immutatud metslillede seemneid. P\u00e4rast \u00fcritust saab k\u00e4epaela mulda istutada, et seal lilli kasvatada.<\/p>\n<\/li>\n<li>\n<p data-path-to-node=\"14,1,0\"><b data-path-to-node=\"14,1,0\" data-index-in-node=\"0\">T\u00e4isv\u00e4rviline br\u00e4nding:<\/b> Toetab servast servani printimise v\u00f5imalusi, mis v\u00f5imaldab teil oma logo, sponsoreid v\u00f5i \u00f6kos\u00f5numit elavalt esitleda.<\/p>\n<\/li>\n<li>\n<p data-path-to-node=\"14,2,0\"><b data-path-to-node=\"14,2,0\" data-index-in-node=\"0\">Turvaline juurdep\u00e4\u00e4su kontroll:<\/b> Varustatud usaldusv\u00e4\u00e4rse \u00fchekordselt kasutatava ja mitte\u00fclekantava kleepribaga, mis tagab teie toimumiskoha turvalisuse.<\/p>\n<\/li>\n<li>\n<p data-path-to-node=\"14,3,0\"><b data-path-to-node=\"14,3,0\" data-index-in-node=\"0\">Tekstuur ja tunne:<\/b> Seemnepaberi loomulik, veidi eba\u00fchtlane tekstuur lisab kombatava ja orgaanilise kvaliteedi, mis tugevdab j\u00e4tkusuutlikkuse s\u00f5numit.<\/p>\n<\/li>\n<\/ul>\n<h2 data-path-to-node=\"15\">Spetsifikatsioonid<\/h2>\n<ul data-path-to-node=\"16\">\n<li>\n<p data-path-to-node=\"16,0,0\"><b data-path-to-node=\"16,0,0\" data-index-in-node=\"0\">M\u00f5\u00f5tmed:<\/b> Ligikaudu 240 x 20 mm (standardne reguleeritav suurus).<\/p>\n<\/li>\n<li>\n<p data-path-to-node=\"16,1,0\"><b data-path-to-node=\"16,1,0\" data-index-in-node=\"0\">Materjali kaal:<\/b> 80 g\/m\u00b2 seemnepaber.<\/p>\n<\/li>\n<li>\n<p data-path-to-node=\"16,2,0\"><b data-path-to-node=\"16,2,0\" data-index-in-node=\"0\">Printimismeetod:<\/b> T\u00e4isv\u00e4rviline digitaaltr\u00fckk (CMYK).<\/p>\n<\/li>\n<li>\n<p data-path-to-node=\"16,3,0\"><b data-path-to-node=\"16,3,0\" data-index-in-node=\"0\">Kasutusaeg:<\/b> Biolagunevuse t\u00f5ttu soovitatav \u00fchep\u00e4evaste \u00fcrituste jaoks (maksimaalselt 1-2 p\u00e4eva).<\/p>\n<\/li>\n<li>\n<p data-path-to-node=\"16,4,0\"><b data-path-to-node=\"16,4,0\" data-index-in-node=\"0\">Minimaalne tellimuse kogus:<\/b> 100 \u00fchikut.<\/p>\n<\/li>\n<\/ul>\n<h2 data-path-to-node=\"17\">Kasutusjuhud<\/h2>\n<ul data-path-to-node=\"18\">\n<li>\n<p data-path-to-node=\"18,0,0\"><b data-path-to-node=\"18,0,0\" data-index-in-node=\"0\">Rohelised festivalid:<\/b> Ideaalne vaba\u00f5humuusika- ja kunstifestivalidele, kus esikohale seatakse \u201c\u00c4ra j\u00e4ta j\u00e4lgi\u201d p\u00f5him\u00f5te.<\/p>\n<\/li>\n<li>\n<p data-path-to-node=\"18,1,0\"><b data-path-to-node=\"18,1,0\" data-index-in-node=\"0\">Ettev\u00f5tte sotsiaalse vastutuse \u00fcritused:<\/b> Ideaalne firma\u00fcritusteks, mis keskenduvad j\u00e4tkusuutlikkusele ja keskkonnavastutusele.<\/p>\n<\/li>\n<li>\n<p data-path-to-node=\"18,2,0\"><b data-path-to-node=\"18,2,0\" data-index-in-node=\"0\">Heategevuslikud korjandused:<\/b> S\u00fcmboolne kingitus annetajatele, millest kasvavad lilled, s\u00fcmboliseerides kasvu ja t\u00e4nulikkust.<\/p>\n<\/li>\n<li>\n<p data-path-to-node=\"18,3,0\"><b data-path-to-node=\"18,3,0\" data-index-in-node=\"0\">VIP-p\u00e4\u00e4s:<\/b> Ainulaadne ja esmaklassiline eelis \u00f6koteemalistel konverentsidel osalevatele k\u00fclalistele.<\/p>\n<\/li>\n<\/ul>","protected":false},"excerpt":{"rendered":"<ul>\n<li>\n<p data-path-to-node=\"11,0,0\"><b data-path-to-node=\"11,0,0\" data-index-in-node=\"0\">Materjal:<\/b> 80 g\/m\u00b2 biolagunev paber, millele on lisatud metslillede seemneid.<\/p>\n<\/li>\n<li>\n<p data-path-to-node=\"11,1,0\"><b data-path-to-node=\"11,1,0\" data-index-in-node=\"0\">Kohandamine:<\/b> T\u00e4isv\u00e4rviline, servast servani tr\u00fckkimine m\u00f5juka br\u00e4ndingu loomiseks.<\/p>\n<\/li>\n<li>\n<p data-path-to-node=\"11,2,0\"><b data-path-to-node=\"11,2,0\" data-index-in-node=\"0\">Sulgemine:<\/b> Turvaline, \u00fchekordselt kasutatav kleepriba hoiab \u00e4ra \u00fclekandumise.<\/p>\n<\/li>\n<li>\n<p data-path-to-node=\"11,3,0\"><b data-path-to-node=\"11,3,0\" data-index-in-node=\"0\">\u00d6kokesksus:<\/b> 100% istutatav p\u00e4rast kasutamist nullj\u00e4\u00e4tmete tekitava \u00fcrituse lahenduse loomiseks.<\/p>\n<\/li>\n<\/ul>","protected":false},"featured_media":6394,"comment_status":"closed","ping_status":"closed","template":"","meta":[],"product_brand":[],"product_cat":[133,66],"product_tag":[],"class_list":{"0":"post-1209","1":"product","2":"type-product","3":"status-publish","4":"has-post-thumbnail","6":"product_cat-eco-friendly-wristbands","7":"product_cat-wristbands","9":"first","10":"instock","11":"shipping-taxable","12":"purchasable","13":"product-type-simple"},"_links":{"self":[{"href":"https:\/\/wristbandfactory.eu\/et\/wp-json\/wp\/v2\/product\/1209","targetHints":{"allow":["GET"]}}],"collection":[{"href":"https:\/\/wristbandfactory.eu\/et\/wp-json\/wp\/v2\/product"}],"about":[{"href":"https:\/\/wristbandfactory.eu\/et\/wp-json\/wp\/v2\/types\/product"}],"replies":[{"embeddable":true,"href":"https:\/\/wristbandfactory.eu\/et\/wp-json\/wp\/v2\/comments?post=1209"}],"wp:featuredmedia":[{"embeddable":true,"href":"https:\/\/wristbandfactory.eu\/et\/wp-json\/wp\/v2\/media\/6394"}],"wp:attachment":[{"href":"https:\/\/wristbandfactory.eu\/et\/wp-json\/wp\/v2\/media?parent=1209"}],"wp:term":[{"taxonomy":"product_brand","embeddable":true,"href":"https:\/\/wristbandfactory.eu\/et\/wp-json\/wp\/v2\/product_brand?post=1209"},{"taxonomy":"product_cat","embeddable":true,"href":"https:\/\/wristbandfactory.eu\/et\/wp-json\/wp\/v2\/product_cat?post=1209"},{"taxonomy":"product_tag","embeddable":true,"href":"https:\/\/wristbandfactory.eu\/et\/wp-json\/wp\/v2\/product_tag?post=1209"}],"curies":[{"name":"t\u00f6\u00f6leht","href":"https:\/\/api.w.org\/{rel}","templated":true}]}}