{"id":1205,"date":"2024-10-27T11:54:37","date_gmt":"2024-10-27T08:54:37","guid":{"rendered":"https:\/\/wristbandfactory.eu\/toode\/custom-rfid-leather-wristband\/"},"modified":"2025-12-20T13:15:43","modified_gmt":"2025-12-20T10:15:43","slug":"custom-rfid-leather-wristband","status":"publish","type":"product","link":"https:\/\/wristbandfactory.eu\/et\/p\/custom-rfid-leather-wristband\/","title":{"rendered":"Nahast RFID k\u00e4epaelad"},"content":{"rendered":"<p data-path-to-node=\"12\">T\u00f5sta oma k\u00fclaliste kogemust meie abil k\u00f5rgemale <b data-path-to-node=\"12\" data-index-in-node=\"64\">Eridisainiga nahast RFID-k\u00e4epaelad<\/b>. Need k\u00e4epaelad on loodud keskkondadesse, kus stiil on sama oluline kui turvalisus, \u00fchendades t\u00e4iustatud RFID-tehnoloogia naha klassikalise elegantsiga. Erinevalt tavalistest silikoonist v\u00f5i kangast k\u00e4epaeltest on need k\u00e4epaelad esmaklassiline aksessuaar, mis teeb neist ideaalsed kohad VIP-tsoonidesse, luksuskuurortidesse, maaklubidesse ja tipptasemel firma\u00fcritustele.<\/p>\n<p data-path-to-node=\"13\">Vastupidavast PU-nahast (saadaval on ka ehtsast nahast) valmistatud k\u00e4epaelad sobivad h\u00e4sti ka pikemaks kandmiseks. Integreeritud kiip on sujuvalt sisse p\u00f5imitud, tagades usaldusv\u00e4\u00e4rse andmeedastuse ligip\u00e4\u00e4su kontrollimiseks, sularahata makseteks v\u00f5i sotsiaalmeedia integratsiooniks, ilma et see kahjustaks k\u00e4epaela esteetilist atraktiivsust.<\/p>\n<h2 data-path-to-node=\"14\">Peamised omadused<\/h2>\n<ul data-path-to-node=\"15\">\n<li>\n<p data-path-to-node=\"15,0,1\"><span data-path-to-node=\"15,0,1,0\"><b data-path-to-node=\"15,0,1,0\" data-index-in-node=\"0\"><span class=\"citation-43\">T\u00e4iustatud kiibi \u00fchilduvus:<\/span><\/b><span class=\"citation-43\"> Saadaval laia valiku RFID-kiipidega, sh LF (125 KHz), HF (13,56 MHz NTAG\u00ae\/Mifare) ja UHF (860\u2013960 MHz), et sobida igale s\u00fcsteemile<\/span><\/span><span data-path-to-node=\"15,0,1,2\">.<\/span><\/p>\n<\/li>\n<li>\n<p data-path-to-node=\"15,1,1\"><span data-path-to-node=\"15,1,1,0\"><b data-path-to-node=\"15,1,1,0\" data-index-in-node=\"0\"><span class=\"citation-42\">Esmaklassiline esteetika:<\/span><\/b><span class=\"citation-42\"> Nahkviimistlus pakub keerukat alternatiivi plastikule, suurendades teie \u00fcrituse v\u00f5i koha tajutavat v\u00e4\u00e4rtust.<\/span><\/span><span data-path-to-node=\"15,1,1,2\">.<\/span><\/p>\n<\/li>\n<li>\n<p data-path-to-node=\"15,2,0\"><b data-path-to-node=\"15,2,0\" data-index-in-node=\"0\">Eridisainiga br\u00e4nding:<\/b> Kohanda oma logoga, kasutades esmaklassilisi tehnikaid nagu reljeeftr\u00fckk, s\u00fcvistr\u00fckk v\u00f5i siiditr\u00fckk.<\/p>\n<\/li>\n<li>\n<p data-path-to-node=\"15,3,0\"><b data-path-to-node=\"15,3,0\" data-index-in-node=\"0\">Reguleeritav sobivus:<\/b> Klassikalise pandlaga kinnitusega (standardsuurus 250x22x3 mm), mis sobib mugavalt enamiku randmesuurustega.<\/p>\n<\/li>\n<\/ul>\n<h2 data-path-to-node=\"16\">Spetsifikatsioonid<\/h2>\n<ul data-path-to-node=\"17\">\n<li>\n<p data-path-to-node=\"17,0,0\"><b data-path-to-node=\"17,0,0\" data-index-in-node=\"0\">M\u00f5\u00f5tmed:<\/b> 250 mm \u00d7 22 mm \u00d7 3 mm.<\/p>\n<\/li>\n<li>\n<p data-path-to-node=\"17,1,0\"><b data-path-to-node=\"17,1,0\" data-index-in-node=\"0\">Materjal:<\/b> PU nahk (standardvarustuses) v\u00f5i ehtne nahk (t\u00e4iendusvarustuses).<\/p>\n<\/li>\n<li>\n<p data-path-to-node=\"17,2,0\"><b data-path-to-node=\"17,2,0\" data-index-in-node=\"0\">Sagedusvalikud:<\/b> Madalsagedus (125 kHz), k\u00f5rgsagedus (13,56 MHz), \u00fclik\u00f5rgsagedus (860\u2013960 MHz).<\/p>\n<\/li>\n<li>\n<p data-path-to-node=\"17,3,0\"><b data-path-to-node=\"17,3,0\" data-index-in-node=\"0\">Kiibit\u00fc\u00fcbid:<\/b> TK4100, F08, NTAG213\/215\/216, Alien H3 ja palju muud.<\/p>\n<\/li>\n<li>\n<p data-path-to-node=\"17,4,0\"><b data-path-to-node=\"17,4,0\" data-index-in-node=\"0\">Lugemiskaugus:<\/b> 1\u201310 cm (LF\/HF), kuni mitu meetrit (UHF, lugejast s\u00f5ltuv).<\/p>\n<\/li>\n<li>\n<p data-path-to-node=\"17,5,0\"><b data-path-to-node=\"17,5,0\" data-index-in-node=\"0\">Minimaalne tellimuse kogus:<\/b> 100 \u00fchikut.<\/p>\n<\/li>\n<\/ul>\n<h2 data-path-to-node=\"18\">Kasutusjuhud<\/h2>\n<ul data-path-to-node=\"19\">\n<li>\n<p data-path-to-node=\"19,0,0\"><b data-path-to-node=\"19,0,0\" data-index-in-node=\"0\">Luksushotellid ja kuurordid:<\/b> V\u00f5tmeta tuppa sisenemine ja sularahata maksed kuurordi mugavuste eest.<\/p>\n<\/li>\n<li>\n<p data-path-to-node=\"19,1,0\"><b data-path-to-node=\"19,1,0\" data-index-in-node=\"0\">VIP-\u00fcrituse ligip\u00e4\u00e4s:<\/b> Eksklusiivsed ligip\u00e4\u00e4su\u00f5igused lavatagustesse aladesse, privaatsalongidesse ja gala\u00fcritustele.<\/p>\n<\/li>\n<li>\n<p data-path-to-node=\"19,2,0\"><b data-path-to-node=\"19,2,0\" data-index-in-node=\"0\">Fitness- ja maaklubid:<\/b> Vastupidavad ja stiilsed liikmekaardid ligip\u00e4\u00e4suks.<\/p>\n<\/li>\n<li>\n<p data-path-to-node=\"19,3,0\"><b data-path-to-node=\"19,3,0\" data-index-in-node=\"0\">Kontori turvalisus:<\/b> Elegantne identifitseerimine t\u00f6\u00f6tajatele ettev\u00f5tte keskkonnas.<\/p>\n<\/li>\n<\/ul>","protected":false},"excerpt":{"rendered":"<ul>\n<li>\n<p data-path-to-node=\"11,0,0\"><b data-path-to-node=\"11,0,0\" data-index-in-node=\"0\">Materjal:<\/b> Kvaliteetsed PU- v\u00f5i ehtsast nahast valikud elegantse v\u00e4limuse saavutamiseks.<\/p>\n<\/li>\n<li>\n<p data-path-to-node=\"11,1,0\"><b data-path-to-node=\"11,1,0\" data-index-in-node=\"0\">Tehnoloogia:<\/b> Integreeritud LF (TK4100), HF (NTAG\u00ae) v\u00f5i UHF (Alien H3) kiibid.<\/p>\n<\/li>\n<li>\n<p data-path-to-node=\"11,2,0\"><b data-path-to-node=\"11,2,0\" data-index-in-node=\"0\">Kohandamine:<\/b> Diskreetse br\u00e4ndingu loomiseks reljeeftr\u00fckk, reljeeftr\u00fckk v\u00f5i tr\u00fckkimine.<\/p>\n<\/li>\n<li>\n<p data-path-to-node=\"11,3,0\"><b data-path-to-node=\"11,3,0\" data-index-in-node=\"0\">Rakendus:<\/b> Ideaalne VIP-p\u00e4\u00e4sukontrolli, sularahata maksete ja luksushotellide jaoks.<\/p>\n<\/li>\n<\/ul>","protected":false},"featured_media":6037,"comment_status":"closed","ping_status":"closed","template":"","meta":[],"product_brand":[],"product_cat":[66,117,81],"product_tag":[],"class_list":{"0":"post-1205","1":"product","2":"type-product","3":"status-publish","4":"has-post-thumbnail","6":"product_cat-wristbands","7":"product_cat-leather-wristbands","8":"product_cat-rfid","10":"first","11":"instock","12":"shipping-taxable","13":"purchasable","14":"product-type-simple"},"_links":{"self":[{"href":"https:\/\/wristbandfactory.eu\/et\/wp-json\/wp\/v2\/product\/1205","targetHints":{"allow":["GET"]}}],"collection":[{"href":"https:\/\/wristbandfactory.eu\/et\/wp-json\/wp\/v2\/product"}],"about":[{"href":"https:\/\/wristbandfactory.eu\/et\/wp-json\/wp\/v2\/types\/product"}],"replies":[{"embeddable":true,"href":"https:\/\/wristbandfactory.eu\/et\/wp-json\/wp\/v2\/comments?post=1205"}],"wp:featuredmedia":[{"embeddable":true,"href":"https:\/\/wristbandfactory.eu\/et\/wp-json\/wp\/v2\/media\/6037"}],"wp:attachment":[{"href":"https:\/\/wristbandfactory.eu\/et\/wp-json\/wp\/v2\/media?parent=1205"}],"wp:term":[{"taxonomy":"product_brand","embeddable":true,"href":"https:\/\/wristbandfactory.eu\/et\/wp-json\/wp\/v2\/product_brand?post=1205"},{"taxonomy":"product_cat","embeddable":true,"href":"https:\/\/wristbandfactory.eu\/et\/wp-json\/wp\/v2\/product_cat?post=1205"},{"taxonomy":"product_tag","embeddable":true,"href":"https:\/\/wristbandfactory.eu\/et\/wp-json\/wp\/v2\/product_tag?post=1205"}],"curies":[{"name":"t\u00f6\u00f6leht","href":"https:\/\/api.w.org\/{rel}","templated":true}]}}