{"id":1203,"date":"2024-10-27T11:54:37","date_gmt":"2024-10-27T08:54:37","guid":{"rendered":"https:\/\/wristbandfactory.eu\/toode\/fabric-wristbands\/"},"modified":"2025-12-29T18:06:51","modified_gmt":"2025-12-29T15:06:51","slug":"full-colour-printed-fabric-wristbands","status":"publish","type":"product","link":"https:\/\/wristbandfactory.eu\/et\/p\/full-colour-printed-fabric-wristbands\/","title":{"rendered":"T\u00e4isv\u00e4rvilised tr\u00fckitud tekstiilist k\u00e4epaelad"},"content":{"rendered":"<div class=\"mx-12 md:mx-24 lg:mx-48\">\n<div class=\"container my-8 svelte-zlsknf\">\n<div class=\"my-24 rounded-lg border-0 border-gray-700 bg-gray-100 px-16 py-24\">\n<div class=\"mt-11 !text-gray-500\">\n<p data-path-to-node=\"8\">Muutke oma \u00fcrituse kogemus meie t\u00e4isv\u00e4rviliste tr\u00fckitud kangast k\u00e4epaeltega veelgi paremaks. See on meie populaarseim lahendus \u00fcrituste ligip\u00e4\u00e4su kontrollimiseks, mis on loodud v\u00f5imsaks turundusvahendiks ja osalejatele hinnaliseks suveniiriks.<\/p>\n<p data-path-to-node=\"9\"><b>\u00dcks k\u00e4epael, t\u00e4ielikult teie poolt kohandatav<\/b><\/p>\n<p data-path-to-node=\"10\">See tooteleht koondab k\u00f5ik meie tr\u00fckitud kanga valikud. Valige lihtsalt materjal ja lukustage, et luua oma \u00fcrituse jaoks ideaalne k\u00e4epael.<\/p>\n<ol start=\"1\" data-path-to-node=\"11\">\n<li>\n<p data-path-to-node=\"11,0,0\"><b>Valige oma tr\u00fckis ja materjal:<\/b> Kasutades tipptasemel sublimatsioonitr\u00fcki tehnoloogiat, reprodutseerime teie kujunduse erksates ja pleekimiskindlates CMYK- v\u00f5i t\u00e4psetes Pantone (PMS) toonides. Valige kahe materjali viimistluse vahel:<\/p>\n<ul data-path-to-node=\"11,0,1\">\n<li>\n<p data-path-to-node=\"11,0,1,0,0\"><b>Vastupidav pol\u00fcester:<\/b> Meie kvaliteetne, veekindel ja nahas\u00f5bralik standard igaks \u00fcrituseks.<\/p>\n<\/li>\n<li>\n<p data-path-to-node=\"11,0,1,1,0\"><b>Premium satiin:<\/b> Siledam ja l\u00e4ikivam viimistlus annab esmaklassilise ja luksusliku tunde (imab endasse \u201cSatin Wristbands\u201d toote).<\/p>\n<\/li>\n<\/ul>\n<\/li>\n<li>\n<p data-path-to-node=\"11,1,0\"><b>Vali oma lukk:<\/b> Turvalisus on esmat\u00e4htis. Konfigureeri oma k\u00e4epaelad t\u00e4pselt oma vajadustele vastava lukuga. Pakume laia valikut valikuid:<\/p>\n<ul data-path-to-node=\"11,1,1\">\n<li>\n<p data-path-to-node=\"11,1,1,0,0\"><b>K\u00f5rge turvalisusega lukud:<\/b> \u00dchekordselt kasutatavad plastist isesulguvad klambrid v\u00f5i vastupidavad metalllukud \u00fclekandmise v\u00e4ltimiseks.<\/p>\n<\/li>\n<li>\n<p data-path-to-node=\"11,1,1,1,0\"><b>Korduvkasutatavad lukud:<\/b> Reguleeritav rant, mis v\u00f5imaldab k\u00e4epaelu eemaldada ja uuesti kerida.<\/p>\n<\/li>\n<li>\n<p data-path-to-node=\"11,1,1,2,0\"><b>Keskkonnas\u00f5bralikud lukud:<\/b> Meie j\u00e4tkusuutlik \u00fchekordne bambuslukk.<\/p>\n<\/li>\n<\/ul>\n<\/li>\n<\/ol>\n<p data-path-to-node=\"12\">Need k\u00e4epaelad on ideaalne turvaline lahendus ligip\u00e4\u00e4su kontrollimiseks kontsertidel, festivalidel, pidudel, hotellides ja veeparkides.<\/p>\n<p data-path-to-node=\"13\"><i>(M\u00e4rkus: Tootmisprotsessi t\u00f5ttu soovitame optimaalsete tulemuste saavutamiseks k\u00e4epaela tagak\u00fcljel kasutada korduvaid mustreid.)<\/i><\/p>\n<p data-path-to-node=\"14\"><b>Peamised omadused:<\/b><\/p>\n<ul data-path-to-node=\"15\">\n<li>\n<p data-path-to-node=\"15,0,0\"><b>Tr\u00fckkimine:<\/b> T\u00e4isv\u00e4rviline CMYK v\u00f5i PMS sublimatsioontr\u00fckk.<\/p>\n<\/li>\n<li>\n<p data-path-to-node=\"15,1,0\"><b>Materjal:<\/b> Kvaliteetne pol\u00fcester (saadaval ka Premium satiinviimistlusega).<\/p>\n<\/li>\n<li>\n<p data-path-to-node=\"15,2,0\"><b>Turvaluku valikud:<\/b> K\u00f5rge turvalisusega (plastikust\/metallist), korduvkasutatavad helmed v\u00f5i keskkonnas\u00f5bralik bambus.<\/p>\n<\/li>\n<li>\n<p data-path-to-node=\"15,3,0\"><b>Vastupidav ja veekindel:<\/b> Ideaalne mitmep\u00e4evaste \u00fcrituste jaoks.<\/p>\n<\/li>\n<li>\n<p data-path-to-node=\"15,4,0\"><b>Mugavus:<\/b> Kerge ja pehme mugavaks ja pikaajaliseks kandmiseks.<\/p>\n<\/li>\n<li>\n<p data-path-to-node=\"15,5,0\"><b>Minimaalne tellimus:<\/b> 100 t\u00fckki.<\/p>\n<\/li>\n<\/ul>\n<p data-path-to-node=\"16\">\n<\/div>\n<\/div>\n<\/div>\n<\/div>","protected":false},"excerpt":{"rendered":"<ul data-path-to-node=\"7\">\n<li>\n<p data-path-to-node=\"7,0,0\">Erksav\u00e4rviline, t\u00e4isv\u00e4rviline CMYK v\u00f5i Pantone sublimatsioontr\u00fckk.<\/p>\n<\/li>\n<li>\n<p data-path-to-node=\"7,1,0\"><b>Materjali valikud:<\/b> Valige vastupidava ja veekindla pol\u00fcestri v\u00f5i esmaklassilise viimistlusega satiini vahel.<\/p>\n<\/li>\n<li>\n<p data-path-to-node=\"7,2,0\"><b>Lukustusvalikud:<\/b> K\u00f5rge turvalisusega (\u00fchekordselt kasutatav plast\/metall), korduvkasutatav (reguleeritava helmega) v\u00f5i keskkonnas\u00f5bralik bambus.<\/p>\n<\/li>\n<li>\n<p data-path-to-node=\"7,3,0\">Mugav, vastupidav ja nahas\u00f5bralik mitmep\u00e4evasteks \u00fcritusteks.<\/p>\n<\/li>\n<\/ul>","protected":false},"featured_media":6388,"comment_status":"closed","ping_status":"closed","template":"","meta":[],"product_brand":[],"product_cat":[47],"product_tag":[],"class_list":{"0":"post-1203","1":"product","2":"type-product","3":"status-publish","4":"has-post-thumbnail","6":"product_cat-fabric-wristbands","8":"first","9":"instock","10":"shipping-taxable","11":"purchasable","12":"product-type-simple"},"_links":{"self":[{"href":"https:\/\/wristbandfactory.eu\/et\/wp-json\/wp\/v2\/product\/1203","targetHints":{"allow":["GET"]}}],"collection":[{"href":"https:\/\/wristbandfactory.eu\/et\/wp-json\/wp\/v2\/product"}],"about":[{"href":"https:\/\/wristbandfactory.eu\/et\/wp-json\/wp\/v2\/types\/product"}],"replies":[{"embeddable":true,"href":"https:\/\/wristbandfactory.eu\/et\/wp-json\/wp\/v2\/comments?post=1203"}],"wp:featuredmedia":[{"embeddable":true,"href":"https:\/\/wristbandfactory.eu\/et\/wp-json\/wp\/v2\/media\/6388"}],"wp:attachment":[{"href":"https:\/\/wristbandfactory.eu\/et\/wp-json\/wp\/v2\/media?parent=1203"}],"wp:term":[{"taxonomy":"product_brand","embeddable":true,"href":"https:\/\/wristbandfactory.eu\/et\/wp-json\/wp\/v2\/product_brand?post=1203"},{"taxonomy":"product_cat","embeddable":true,"href":"https:\/\/wristbandfactory.eu\/et\/wp-json\/wp\/v2\/product_cat?post=1203"},{"taxonomy":"product_tag","embeddable":true,"href":"https:\/\/wristbandfactory.eu\/et\/wp-json\/wp\/v2\/product_tag?post=1203"}],"curies":[{"name":"t\u00f6\u00f6leht","href":"https:\/\/api.w.org\/{rel}","templated":true}]}}