{"id":4417,"date":"2025-08-21T18:03:17","date_gmt":"2025-08-21T15:03:17","guid":{"rendered":"https:\/\/wristbandfactory.eu\/?page_id=4417"},"modified":"2025-11-02T00:58:38","modified_gmt":"2025-11-01T21:58:38","slug":"impresion-de-pulseras-personalizadas","status":"publish","type":"page","link":"https:\/\/wristbandfactory.eu\/es\/services\/custom-wristbands-printing\/","title":{"rendered":"Impresi\u00f3n de pulseras"},"content":{"rendered":"<div data-elementor-type=\"wp-page\" data-elementor-id=\"4417\" class=\"elementor elementor-4417\" data-elementor-post-type=\"page\">\n\t\t\t\t<div class=\"elementor-element elementor-element-07f74c1 e-con-full bottom-divider header-container-banner e-flex e-con e-parent\" data-id=\"07f74c1\" data-element_type=\"container\" data-e-type=\"container\" data-settings=\"{&quot;background_background&quot;:&quot;classic&quot;}\">\n\t\t\t\t<div class=\"elementor-element elementor-element-0b7e799 elementor-widget elementor-widget-heading\" data-id=\"0b7e799\" data-element_type=\"widget\" data-e-type=\"widget\" data-widget_type=\"heading.default\">\n\t\t\t\t<div class=\"elementor-widget-container\">\n\t\t\t\t\t<h1 class=\"elementor-heading-title elementor-size-default\">Personalizaci\u00f3n de pulseras con tu logotipo<\/h1>\t\t\t\t<\/div>\n\t\t\t\t<\/div>\n\t\t\t\t<\/div>\n\t\t<div class=\"elementor-element elementor-element-6ac3483 e-flex e-con-boxed e-con e-parent\" data-id=\"6ac3483\" data-element_type=\"container\" data-e-type=\"container\">\n\t\t\t\t\t<div class=\"e-con-inner\">\n\t\t<div class=\"elementor-element elementor-element-f4e3941 e-con-full e-flex e-con e-child\" data-id=\"f4e3941\" data-element_type=\"container\" data-e-type=\"container\">\n\t\t\t\t<div class=\"elementor-element elementor-element-d0ee9b3 elementor-widget elementor-widget-text-editor\" data-id=\"d0ee9b3\" data-element_type=\"widget\" data-e-type=\"widget\" data-widget_type=\"text-editor.default\">\n\t\t\t\t<div class=\"elementor-widget-container\">\n\t\t\t\t\t\t\t\t\t<p>\u00a1Potencia tu marca con pulseras personalizadas! Ya sea que necesites pulseras con tu marca para eventos o pulseras personalizadas para equipos en competencias deportivas, te ayudaremos a hacer realidad tu visi\u00f3n.<\/p>\t\t\t\t\t\t\t\t<\/div>\n\t\t\t\t<\/div>\n\t\t\t\t<div class=\"elementor-element elementor-element-9f6f4a0 elementor-widget elementor-widget-n-accordion\" data-id=\"9f6f4a0\" data-element_type=\"widget\" data-e-type=\"widget\" data-settings=\"{&quot;default_state&quot;:&quot;all_collapsed&quot;,&quot;max_items_expended&quot;:&quot;one&quot;,&quot;n_accordion_animation_duration&quot;:{&quot;unit&quot;:&quot;ms&quot;,&quot;size&quot;:400,&quot;sizes&quot;:[]}}\" data-widget_type=\"nested-accordion.default\">\n\t\t\t\t<div class=\"elementor-widget-container\">\n\t\t\t\t\t\t\t<div class=\"e-n-accordion\" aria-label=\"Acorde\u00f3n. Abre enlaces con Intro o Espacio, ci\u00e9rralos con Esc y navega con las flechas de direcci\u00f3n.\">\n\t\t\t\t\t\t<details id=\"e-n-accordion-item-1670\" class=\"e-n-accordion-item\" >\n\t\t\t\t<summary class=\"e-n-accordion-item-title\" data-accordion-index=\"1\" tabindex=\"0\" aria-expanded=\"false\" aria-controls=\"e-n-accordion-item-1670\" >\n\t\t\t\t\t<span class='e-n-accordion-item-title-header'><h2 class=\"e-n-accordion-item-title-text\"> C\u00f3mo encargar pulseras personalizadas <\/h2><\/span>\n\t\t\t\t\t\t\t<span class='e-n-accordion-item-title-icon'>\n\t\t\t<span class='e-opened' ><svg aria-hidden=\"true\" class=\"e-font-icon-svg e-fas-minus\" viewbox=\"0 0 448 512\" xmlns=\"http:\/\/www.w3.org\/2000\/svg\"><path d=\"M416 208H32c-17.67 0-32 14.33-32 32v32c0 17.67 14.33 32 32 32h384c17.67 0 32-14.33 32-32v-32c0-17.67-14.33-32-32-32z\"><\/path><\/svg><\/span>\n\t\t\t<span class='e-closed'><svg aria-hidden=\"true\" class=\"e-font-icon-svg e-fas-plus\" viewbox=\"0 0 448 512\" xmlns=\"http:\/\/www.w3.org\/2000\/svg\"><path d=\"M416 208H272V64c0-17.67-14.33-32-32-32h-32c-17.67 0-32 14.33-32 32v144H32c-17.67 0-32 14.33-32 32v32c0 17.67 14.33 32 32 32h144v144c0 17.67 14.33 32 32 32h32c17.67 0 32-14.33 32-32V304h144c17.67 0 32-14.33 32-32v-32c0-17.67-14.33-32-32-32z\"><\/path><\/svg><\/span>\n\t\t<\/span>\n\n\t\t\t\t\t\t<\/summary>\n\t\t\t\t<div role=\"region\" aria-labelledby=\"e-n-accordion-item-1670\" class=\"elementor-element elementor-element-85897bf e-con-full e-flex e-con e-child\" data-id=\"85897bf\" data-element_type=\"container\" data-e-type=\"container\">\n\t\t\t\t<div class=\"elementor-element elementor-element-a7675ee elementor-widget elementor-widget-text-editor\" data-id=\"a7675ee\" data-element_type=\"widget\" data-e-type=\"widget\" data-widget_type=\"text-editor.default\">\n\t\t\t\t<div class=\"elementor-widget-container\">\n\t\t\t\t\t\t\t\t\t<p>Preparado para <b>orden<\/b> \u00bfNecesitas pulseras personalizadas para tu pr\u00f3ximo evento? Nuestro servicio de impresi\u00f3n de pulseras personalizadas te lo pone f\u00e1cil. Elige entre pulseras de vinilo personalizadas, pulseras personalizadas... <b>tela<\/b> Pulseras, o pulseras de silicona duraderas: perm\u00edtanos hacer realidad su visi\u00f3n. Ya sea que desee <b>agregar<\/b> Logotipos, textos o dise\u00f1os exclusivos: nuestro equipo lo hace realidad. Cubrimos todas las necesidades B2B, desde grandes pedidos al por mayor hasta peque\u00f1as cantidades.<\/p>\t\t\t\t\t\t\t\t<\/div>\n\t\t\t\t<\/div>\n\t\t\t\t<\/div>\n\t\t\t\t\t<\/details>\n\t\t\t\t\t\t<details id=\"e-n-accordion-item-1671\" class=\"e-n-accordion-item\" >\n\t\t\t\t<summary class=\"e-n-accordion-item-title\" data-accordion-index=\"2\" tabindex=\"-1\" aria-expanded=\"false\" aria-controls=\"e-n-accordion-item-1671\" >\n\t\t\t\t\t<span class='e-n-accordion-item-title-header'><h2 class=\"e-n-accordion-item-title-text\"> Opciones de pulseras personalizadas: papel, vinilo, Tyvek y m\u00e1s. <\/h2><\/span>\n\t\t\t\t\t\t\t<span class='e-n-accordion-item-title-icon'>\n\t\t\t<span class='e-opened' ><svg aria-hidden=\"true\" class=\"e-font-icon-svg e-fas-minus\" viewbox=\"0 0 448 512\" xmlns=\"http:\/\/www.w3.org\/2000\/svg\"><path d=\"M416 208H32c-17.67 0-32 14.33-32 32v32c0 17.67 14.33 32 32 32h384c17.67 0 32-14.33 32-32v-32c0-17.67-14.33-32-32-32z\"><\/path><\/svg><\/span>\n\t\t\t<span class='e-closed'><svg aria-hidden=\"true\" class=\"e-font-icon-svg e-fas-plus\" viewbox=\"0 0 448 512\" xmlns=\"http:\/\/www.w3.org\/2000\/svg\"><path d=\"M416 208H272V64c0-17.67-14.33-32-32-32h-32c-17.67 0-32 14.33-32 32v144H32c-17.67 0-32 14.33-32 32v32c0 17.67 14.33 32 32 32h144v144c0 17.67 14.33 32 32 32h32c17.67 0 32-14.33 32-32V304h144c17.67 0 32-14.33 32-32v-32c0-17.67-14.33-32-32-32z\"><\/path><\/svg><\/span>\n\t\t<\/span>\n\n\t\t\t\t\t\t<\/summary>\n\t\t\t\t<div role=\"region\" aria-labelledby=\"e-n-accordion-item-1671\" class=\"elementor-element elementor-element-5ef7994 e-con-full e-flex e-con e-child\" data-id=\"5ef7994\" data-element_type=\"container\" data-e-type=\"container\">\n\t\t\t\t<div class=\"elementor-element elementor-element-53b8c06 elementor-widget elementor-widget-text-editor\" data-id=\"53b8c06\" data-element_type=\"widget\" data-e-type=\"widget\" data-widget_type=\"text-editor.default\">\n\t\t\t\t<div class=\"elementor-widget-container\">\n\t\t\t\t\t\t\t\t\t<p>Descubre nuestra gama de pulseras personalizadas con impresi\u00f3n, fabricadas con materiales de la m\u00e1s alta calidad. Desde <b>rentable<\/b> Desde pulseras de papel impresas hasta pulseras Tyvek personalizadas y duraderas, ofrecemos soluciones para festivales, competiciones deportivas, eventos ben\u00e9ficos y mucho m\u00e1s. Nuestro servicio de impresi\u00f3n de pulseras personalizadas ofrece resultados vibrantes para todos los gustos. <b>pulsera<\/b> tipos, incluyendo pulseras de vinilo personalizadas y personalizadas <b>impreso<\/b> Pulseras para eventos especiales.<\/p>\t\t\t\t\t\t\t\t<\/div>\n\t\t\t\t<\/div>\n\t\t\t\t<\/div>\n\t\t\t\t\t<\/details>\n\t\t\t\t\t\t<details id=\"e-n-accordion-item-1672\" class=\"e-n-accordion-item\" >\n\t\t\t\t<summary class=\"e-n-accordion-item-title\" data-accordion-index=\"3\" tabindex=\"-1\" aria-expanded=\"false\" aria-controls=\"e-n-accordion-item-1672\" >\n\t\t\t\t\t<span class='e-n-accordion-item-title-header'><h2 class=\"e-n-accordion-item-title-text\"> Pulseras personalizadas para conciertos, eventos y recaudaci\u00f3n de fondos <\/h2><\/span>\n\t\t\t\t\t\t\t<span class='e-n-accordion-item-title-icon'>\n\t\t\t<span class='e-opened' ><svg aria-hidden=\"true\" class=\"e-font-icon-svg e-fas-minus\" viewbox=\"0 0 448 512\" xmlns=\"http:\/\/www.w3.org\/2000\/svg\"><path d=\"M416 208H32c-17.67 0-32 14.33-32 32v32c0 17.67 14.33 32 32 32h384c17.67 0 32-14.33 32-32v-32c0-17.67-14.33-32-32-32z\"><\/path><\/svg><\/span>\n\t\t\t<span class='e-closed'><svg aria-hidden=\"true\" class=\"e-font-icon-svg e-fas-plus\" viewbox=\"0 0 448 512\" xmlns=\"http:\/\/www.w3.org\/2000\/svg\"><path d=\"M416 208H272V64c0-17.67-14.33-32-32-32h-32c-17.67 0-32 14.33-32 32v144H32c-17.67 0-32 14.33-32 32v32c0 17.67 14.33 32 32 32h144v144c0 17.67 14.33 32 32 32h32c17.67 0 32-14.33 32-32V304h144c17.67 0 32-14.33 32-32v-32c0-17.67-14.33-32-32-32z\"><\/path><\/svg><\/span>\n\t\t<\/span>\n\n\t\t\t\t\t\t<\/summary>\n\t\t\t\t<div role=\"region\" aria-labelledby=\"e-n-accordion-item-1672\" class=\"elementor-element elementor-element-4aa6ec0 e-con-full e-flex e-con e-child\" data-id=\"4aa6ec0\" data-element_type=\"container\" data-e-type=\"container\">\n\t\t\t\t<div class=\"elementor-element elementor-element-2227bb3 elementor-widget elementor-widget-text-editor\" data-id=\"2227bb3\" data-element_type=\"widget\" data-e-type=\"widget\" data-widget_type=\"text-editor.default\">\n\t\t\t\t<div class=\"elementor-widget-container\">\n\t\t\t\t\t\t\t\t\t<p>Nuestra personalizaci\u00f3n <b>Servicio de impresi\u00f3n de pulseras<\/b> Ofrecemos una variedad de soluciones, desde impresionantes pulseras personalizadas para festivales hasta pulseras personalizadas para conciertos. \u00bfEst\u00e1s organizando una recaudaci\u00f3n de fondos? Nuestros dise\u00f1os de pulseras personalizadas para eventos muestran el mensaje de tu organizaci\u00f3n ben\u00e9fica con colores vibrantes. Y para eventos corporativos, nuestras pulseras personalizadas pueden incluir el logotipo de tu marca para un toque profesional. <b>servicio de pulseras personalizadas<\/b> Ofrece soluciones para eventos en toda Europa, incluyendo Letonia, Lituania, Estonia y Finlandia.<\/p>\t\t\t\t\t\t\t\t<\/div>\n\t\t\t\t<\/div>\n\t\t\t\t<\/div>\n\t\t\t\t\t<\/details>\n\t\t\t\t\t<\/div>\n\t\t\t\t\t\t<\/div>\n\t\t\t\t<\/div>\n\t\t\t\t<div class=\"elementor-element elementor-element-d1b956f elementor-widget elementor-widget-heading\" data-id=\"d1b956f\" data-element_type=\"widget\" data-e-type=\"widget\" data-widget_type=\"heading.default\">\n\t\t\t\t<div class=\"elementor-widget-container\">\n\t\t\t\t\t<h2 class=\"elementor-heading-title elementor-size-default\">Wristband Factory: Pida pulseras impresas asequibles en Europa<\/h2>\t\t\t\t<\/div>\n\t\t\t\t<\/div>\n\t\t\t\t<div class=\"elementor-element elementor-element-4d847ad elementor-widget elementor-widget-text-editor\" data-id=\"4d847ad\" data-element_type=\"widget\" data-e-type=\"widget\" data-widget_type=\"text-editor.default\">\n\t\t\t\t<div class=\"elementor-widget-container\">\n\t\t\t\t\t\t\t\t\t<p><b>Pedido impreso<\/b> Pulseras con entrega a toda Europa. Nuestras pulseras personalizadas se env\u00edan al Reino Unido, Francia, Polonia y Alemania a precios competitivos. Tanto si necesita pulseras personalizadas para eventos como pulseras con su marca para recaudar fondos, nuestro equipo puede crear dise\u00f1os espectaculares. <b>pulseras<\/b> que muestren la identidad de tu marca. Cont\u00e1ctanos hoy para crear <b>personalizado, de marca<\/b> \u00a1Pulseras que har\u00e1n que tu evento sea inolvidable!<\/p>\t\t\t\t\t\t\t\t<\/div>\n\t\t\t\t<\/div>\n\t\t\t\t<div class=\"elementor-element elementor-element-29d3c28 elementor-widget elementor-widget-button\" data-id=\"29d3c28\" data-element_type=\"widget\" data-e-type=\"widget\" data-widget_type=\"button.default\">\n\t\t\t\t<div class=\"elementor-widget-container\">\n\t\t\t\t\t\t\t\t\t<div class=\"elementor-button-wrapper\">\n\t\t\t\t\t<a class=\"elementor-button elementor-button-link elementor-size-sm\" href=\"https:\/\/wristbandfactory.eu\/es\/contacto\/\">\n\t\t\t\t\t\t<span class=\"elementor-button-content-wrapper\">\n\t\t\t\t\t\t\t\t\t<span class=\"elementor-button-text\">Ordene pulseras personalizadas<\/span>\n\t\t\t\t\t<\/span>\n\t\t\t\t\t<\/a>\n\t\t\t\t<\/div>\n\t\t\t\t\t\t\t\t<\/div>\n\t\t\t\t<\/div>\n\t\t\t\t<\/div>\n\t\t<div class=\"elementor-element elementor-element-6620842 e-con-full e-flex e-con e-child\" data-id=\"6620842\" data-element_type=\"container\" data-e-type=\"container\">\n\t\t\t\t<div class=\"elementor-element elementor-element-2a3a536 elementor-widget elementor-widget-image\" data-id=\"2a3a536\" data-element_type=\"widget\" data-e-type=\"widget\" data-widget_type=\"image.default\">\n\t\t\t\t<div class=\"elementor-widget-container\">\n\t\t\t\t\t\t\t\t\t\t\t\t\t\t\t<img fetchpriority=\"high\" decoding=\"async\" width=\"500\" height=\"500\" src=\"https:\/\/wristbandfactory.eu\/wp-content\/uploads\/2024\/12\/861d0714-7485-4cd5-ae29-4d4d2c1ee3ed.png\" class=\"attachment-large size-large wp-image-2726\" alt=\"\" srcset=\"https:\/\/wristbandfactory.eu\/wp-content\/uploads\/2024\/12\/861d0714-7485-4cd5-ae29-4d4d2c1ee3ed.png 500w, https:\/\/wristbandfactory.eu\/wp-content\/uploads\/2024\/12\/861d0714-7485-4cd5-ae29-4d4d2c1ee3ed-300x300.png 300w, https:\/\/wristbandfactory.eu\/wp-content\/uploads\/2024\/12\/861d0714-7485-4cd5-ae29-4d4d2c1ee3ed-100x100.png 100w\" sizes=\"(max-width: 500px) 100vw, 500px\" \/>\t\t\t\t\t\t\t\t\t\t\t\t\t\t\t<\/div>\n\t\t\t\t<\/div>\n\t\t\t\t<\/div>\n\t\t\t\t\t<\/div>\n\t\t\t\t<\/div>\n\t\t<div class=\"elementor-element elementor-element-cc3963e e-flex e-con-boxed e-con e-parent\" data-id=\"cc3963e\" data-element_type=\"container\" data-e-type=\"container\" data-settings=\"{&quot;background_background&quot;:&quot;classic&quot;}\">\n\t\t\t\t\t<div class=\"e-con-inner\">\n\t\t\t\t<div class=\"elementor-element elementor-element-10c23da elementor-widget elementor-widget-spacer\" data-id=\"10c23da\" data-element_type=\"widget\" data-e-type=\"widget\" data-widget_type=\"spacer.default\">\n\t\t\t\t<div class=\"elementor-widget-container\">\n\t\t\t\t\t\t\t<div class=\"elementor-spacer\">\n\t\t\t<div class=\"elementor-spacer-inner\"><\/div>\n\t\t<\/div>\n\t\t\t\t\t\t<\/div>\n\t\t\t\t<\/div>\n\t\t\t\t<div class=\"elementor-element elementor-element-9f7b6eb elementor-widget elementor-widget-heading\" data-id=\"9f7b6eb\" data-element_type=\"widget\" data-e-type=\"widget\" data-widget_type=\"heading.default\">\n\t\t\t\t<div class=\"elementor-widget-container\">\n\t\t\t\t\t<h2 class=\"elementor-heading-title elementor-size-default\">Cartera de pulseras impresas<\/h2>\t\t\t\t<\/div>\n\t\t\t\t<\/div>\n\t\t\t\t<div class=\"elementor-element elementor-element-df64a77 elementor-arrows-position-outside elementor-pagination-position-outside elementor-widget elementor-widget-image-carousel\" data-id=\"df64a77\" data-element_type=\"widget\" data-e-type=\"widget\" data-settings=\"{&quot;slides_to_show&quot;:&quot;6&quot;,&quot;slides_to_show_mobile&quot;:&quot;2&quot;,&quot;navigation&quot;:&quot;both&quot;,&quot;autoplay&quot;:&quot;yes&quot;,&quot;pause_on_hover&quot;:&quot;yes&quot;,&quot;pause_on_interaction&quot;:&quot;yes&quot;,&quot;autoplay_speed&quot;:5000,&quot;infinite&quot;:&quot;yes&quot;,&quot;speed&quot;:500,&quot;image_spacing_custom&quot;:{&quot;unit&quot;:&quot;px&quot;,&quot;size&quot;:20,&quot;sizes&quot;:[]},&quot;image_spacing_custom_tablet&quot;:{&quot;unit&quot;:&quot;px&quot;,&quot;size&quot;:&quot;&quot;,&quot;sizes&quot;:[]},&quot;image_spacing_custom_mobile&quot;:{&quot;unit&quot;:&quot;px&quot;,&quot;size&quot;:&quot;&quot;,&quot;sizes&quot;:[]}}\" data-widget_type=\"image-carousel.default\">\n\t\t\t\t<div class=\"elementor-widget-container\">\n\t\t\t\t\t\t\t<div class=\"elementor-image-carousel-wrapper swiper\" role=\"region\" aria-roledescription=\"carousel\" aria-label=\"Carrusel de im\u00e1genes\" dir=\"ltr\">\n\t\t\t<div class=\"elementor-image-carousel swiper-wrapper\" aria-live=\"off\">\n\t\t\t\t\t\t\t\t<div class=\"swiper-slide\" role=\"group\" aria-roledescription=\"slide\" aria-label=\"1 de 13\"><figure class=\"swiper-slide-inner\"><img decoding=\"async\" class=\"swiper-slide-image\" src=\"https:\/\/wristbandfactory.eu\/wp-content\/uploads\/elementor\/thumbs\/tartu-sinine-scaled-rbzlhr29292x6gfgcp68fjcsauctlmjsc52bcxfz0g.png\" alt=\"tartu-sinine\" \/><\/figure><\/div><div class=\"swiper-slide\" role=\"group\" aria-roledescription=\"slide\" aria-label=\"2 de 13\"><figure class=\"swiper-slide-inner\"><img decoding=\"async\" class=\"swiper-slide-image\" src=\"https:\/\/wristbandfactory.eu\/wp-content\/uploads\/elementor\/thumbs\/maamess-kaepael-bambus-kinnitus-1-scaled-rbzlhr29292x6gfgcp68fjcsauctlmjsc52bcxfz0g.png\" alt=\"maamess-kaepael-bambus-kinnitus\" \/><\/figure><\/div><div class=\"swiper-slide\" role=\"group\" aria-roledescription=\"slide\" aria-label=\"3 de 13\"><figure class=\"swiper-slide-inner\"><img decoding=\"async\" class=\"swiper-slide-image\" src=\"https:\/\/wristbandfactory.eu\/wp-content\/uploads\/elementor\/thumbs\/tallink-elastne-kaepael-kiibiga-scaled-rbzlhr29292x6gfgcp68fjcsauctlmjsc52bcxfz0g.png\" alt=\"tallink-elastne-kaepael-kiibiga\" \/><\/figure><\/div><div class=\"swiper-slide\" role=\"group\" aria-roledescription=\"slide\" aria-label=\"4 de 13\"><figure class=\"swiper-slide-inner\"><img decoding=\"async\" class=\"swiper-slide-image\" src=\"https:\/\/wristbandfactory.eu\/wp-content\/uploads\/elementor\/thumbs\/erikujugakaepael-pirita-1-scaled-rbzlhr29292x6gfgcp68fjcsauctlmjsc52bcxfz0g.png\" alt=\"erikujugakaepael-pirita\" \/><\/figure><\/div><div class=\"swiper-slide\" role=\"group\" aria-roledescription=\"slide\" aria-label=\"5 de 13\"><figure class=\"swiper-slide-inner\"><img decoding=\"async\" class=\"swiper-slide-image\" src=\"https:\/\/wristbandfactory.eu\/wp-content\/uploads\/elementor\/thumbs\/korgist-kaepael-metall-kinnitus-1-scaled-rbzlhr29292x6gfgcp68fjcsauctlmjsc52bcxfz0g.png\" alt=\"korgist-kaepael-metall-kinnitus\" \/><\/figure><\/div><div class=\"swiper-slide\" role=\"group\" aria-roledescription=\"slide\" aria-label=\"6 de 13\"><figure class=\"swiper-slide-inner\"><img decoding=\"async\" class=\"swiper-slide-image\" src=\"https:\/\/wristbandfactory.eu\/wp-content\/uploads\/elementor\/thumbs\/tartu-oranz-scaled-rbzlhr29292x6gfgcp68fjcsauctlmjsc52bcxfz0g.png\" alt=\"Tartu-Oranz\" \/><\/figure><\/div><div class=\"swiper-slide\" role=\"group\" aria-roledescription=\"slide\" aria-label=\"7 de 13\"><figure class=\"swiper-slide-inner\"><img decoding=\"async\" class=\"swiper-slide-image\" src=\"https:\/\/wristbandfactory.eu\/wp-content\/uploads\/elementor\/thumbs\/astu-pardale-kaepael-1-scaled-rbzlhr29292x6gfgcp68fjcsauctlmjsc52bcxfz0g.png\" alt=\"astu-pardale-kaepael\" \/><\/figure><\/div><div class=\"swiper-slide\" role=\"group\" aria-roledescription=\"slide\" aria-label=\"8 de 13\"><figure class=\"swiper-slide-inner\"><img decoding=\"async\" class=\"swiper-slide-image\" src=\"https:\/\/wristbandfactory.eu\/wp-content\/uploads\/elementor\/thumbs\/satiinist-kaepael-plastik-kinnitus-scaled-rbzlhr29292x6gfgcp68fjcsauctlmjsc52bcxfz0g.png\" alt=\"satinista-kaepael-plastik-kinnitus\" \/><\/figure><\/div><div class=\"swiper-slide\" role=\"group\" aria-roledescription=\"slide\" aria-label=\"9 de 13\"><figure class=\"swiper-slide-inner\"><img decoding=\"async\" class=\"swiper-slide-image\" src=\"https:\/\/wristbandfactory.eu\/wp-content\/uploads\/elementor\/thumbs\/linane-kaepael-1-scaled-rbzlhr29292x6gfgcp68fjcsauctlmjsc52bcxfz0g.png\" alt=\"Linane Kaepael\" \/><\/figure><\/div><div class=\"swiper-slide\" role=\"group\" aria-roledescription=\"slide\" aria-label=\"10 de 13\"><figure class=\"swiper-slide-inner\"><img decoding=\"async\" class=\"swiper-slide-image\" src=\"https:\/\/wristbandfactory.eu\/wp-content\/uploads\/elementor\/thumbs\/bambusest-kaepael-1-scaled-rbzlhr29292x6gfgcp68fjcsauctlmjsc52bcxfz0g.png\" alt=\"bamb\u00fa-kaepael\" \/><\/figure><\/div><div class=\"swiper-slide\" role=\"group\" aria-roledescription=\"slide\" aria-label=\"11 de 13\"><figure class=\"swiper-slide-inner\"><img decoding=\"async\" class=\"swiper-slide-image\" src=\"https:\/\/wristbandfactory.eu\/wp-content\/uploads\/elementor\/thumbs\/eksklusiiv-kuldne-kaepael-kuldmuna-1-scaled-rbzlhr29292x6gfgcp68fjcsauctlmjsc52bcxfz0g.png\" alt=\"eksklusiiv-kuldne-kaepael-kuldmuna\" \/><\/figure><\/div><div class=\"swiper-slide\" role=\"group\" aria-roledescription=\"slide\" aria-label=\"12 de 13\"><figure class=\"swiper-slide-inner\"><img decoding=\"async\" class=\"swiper-slide-image\" src=\"https:\/\/wristbandfactory.eu\/wp-content\/uploads\/elementor\/thumbs\/RFID-kiibiga-taisvarvides-trukiga-kaepael-scaled-rbzlhr29292x6gfgcp68fjcsauctlmjsc52bcxfz0g.png\" alt=\"RFID-kiibiga-taisvarvides-trukiga-kaepael\" \/><\/figure><\/div><div class=\"swiper-slide\" role=\"group\" aria-roledescription=\"slide\" aria-label=\"13 de 13\"><figure class=\"swiper-slide-inner\"><img decoding=\"async\" class=\"swiper-slide-image\" src=\"https:\/\/wristbandfactory.eu\/wp-content\/uploads\/elementor\/thumbs\/trukiga-kinnitusega-kaepael-roosa-scaled-rbzlhr29292x6gfgcp68fjcsauctlmjsc52bcxfz0g.png\" alt=\"trukiga-kinnitusega-kaepael-roosa\" \/><\/figure><\/div>\t\t\t<\/div>\n\t\t\t\t\t\t\t\t\t\t\t\t<div class=\"elementor-swiper-button elementor-swiper-button-prev\" role=\"button\" tabindex=\"0\">\n\t\t\t\t\t\t<svg aria-hidden=\"true\" class=\"e-font-icon-svg e-eicon-chevron-left\" viewbox=\"0 0 1000 1000\" xmlns=\"http:\/\/www.w3.org\/2000\/svg\"><path d=\"M646 125C629 125 613 133 604 142L308 442C296 454 292 471 292 487 292 504 296 521 308 533L604 854C617 867 629 875 646 875 663 875 679 871 692 858 704 846 713 829 713 812 713 796 708 779 692 767L438 487 692 225C700 217 708 204 708 187 708 171 704 154 692 142 675 129 663 125 646 125Z\"><\/path><\/svg>\t\t\t\t\t<\/div>\n\t\t\t\t\t<div class=\"elementor-swiper-button elementor-swiper-button-next\" role=\"button\" tabindex=\"0\">\n\t\t\t\t\t\t<svg aria-hidden=\"true\" class=\"e-font-icon-svg e-eicon-chevron-right\" viewbox=\"0 0 1000 1000\" xmlns=\"http:\/\/www.w3.org\/2000\/svg\"><path d=\"M696 533C708 521 713 504 713 487 713 471 708 454 696 446L400 146C388 133 375 125 354 125 338 125 325 129 313 142 300 154 292 171 292 187 292 204 296 221 308 233L563 492 304 771C292 783 288 800 288 817 288 833 296 850 308 863 321 871 338 875 354 875 371 875 388 867 400 854L696 533Z\"><\/path><\/svg>\t\t\t\t\t<\/div>\n\t\t\t\t\n\t\t\t\t\t\t\t\t\t<div class=\"swiper-pagination\"><\/div>\n\t\t\t\t\t\t\t\t\t<\/div>\n\t\t\t\t\t\t<\/div>\n\t\t\t\t<\/div>\n\t\t\t\t<div class=\"elementor-element elementor-element-0cb8de5 elementor-widget elementor-widget-spacer\" data-id=\"0cb8de5\" data-element_type=\"widget\" data-e-type=\"widget\" data-widget_type=\"spacer.default\">\n\t\t\t\t<div class=\"elementor-widget-container\">\n\t\t\t\t\t\t\t<div class=\"elementor-spacer\">\n\t\t\t<div class=\"elementor-spacer-inner\"><\/div>\n\t\t<\/div>\n\t\t\t\t\t\t<\/div>\n\t\t\t\t<\/div>\n\t\t\t\t\t<\/div>\n\t\t\t\t<\/div>\n\t\t\t\t<\/div>","protected":false},"excerpt":{"rendered":"<p>Custom Wristband Printing with Your Logo Elevate your brand with custom-printed wristbands! Whether you need branded wristbands for events or custom team wristbands for sports competitions, we\u2019ll help bring your vision to life. How to Order Custom Wristbands Ready to order custom wristbands for your next event? Our custom wristband printing service makes it easy. [&hellip;]<\/p>\n","protected":false},"author":7,"featured_media":2726,"parent":4413,"menu_order":0,"comment_status":"closed","ping_status":"closed","template":"","meta":{"footnotes":""},"class_list":["post-4417","page","type-page","status-publish","has-post-thumbnail","hentry"],"_links":{"self":[{"href":"https:\/\/wristbandfactory.eu\/es\/wp-json\/wp\/v2\/pages\/4417","targetHints":{"allow":["GET"]}}],"collection":[{"href":"https:\/\/wristbandfactory.eu\/es\/wp-json\/wp\/v2\/pages"}],"about":[{"href":"https:\/\/wristbandfactory.eu\/es\/wp-json\/wp\/v2\/types\/page"}],"author":[{"embeddable":true,"href":"https:\/\/wristbandfactory.eu\/es\/wp-json\/wp\/v2\/users\/7"}],"replies":[{"embeddable":true,"href":"https:\/\/wristbandfactory.eu\/es\/wp-json\/wp\/v2\/comments?post=4417"}],"version-history":[{"count":65,"href":"https:\/\/wristbandfactory.eu\/es\/wp-json\/wp\/v2\/pages\/4417\/revisions"}],"predecessor-version":[{"id":5360,"href":"https:\/\/wristbandfactory.eu\/es\/wp-json\/wp\/v2\/pages\/4417\/revisions\/5360"}],"up":[{"embeddable":true,"href":"https:\/\/wristbandfactory.eu\/es\/wp-json\/wp\/v2\/pages\/4413"}],"wp:featuredmedia":[{"embeddable":true,"href":"https:\/\/wristbandfactory.eu\/es\/wp-json\/wp\/v2\/media\/2726"}],"wp:attachment":[{"href":"https:\/\/wristbandfactory.eu\/es\/wp-json\/wp\/v2\/media?parent=4417"}],"curies":[{"name":"wp","href":"https:\/\/api.w.org\/{rel}","templated":true}]}}