{"id":3193,"date":"2024-10-14T17:54:17","date_gmt":"2024-10-14T14:54:17","guid":{"rendered":"https:\/\/wristbandfactory.eu\/?page_id=3193"},"modified":"2025-02-18T15:52:17","modified_gmt":"2025-02-18T12:52:17","slug":"politica-de-privacidad","status":"publish","type":"page","link":"https:\/\/wristbandfactory.eu\/es\/privacy-policy\/","title":{"rendered":"pol\u00edtica de privacidad"},"content":{"rendered":"<h1 data-start=\"22\" data-end=\"54\">pol\u00edtica de privacidad<\/h1>\n<p data-start=\"22\" data-end=\"54\"><strong data-start=\"22\" data-end=\"41\">Fecha de entrada en vigor:<\/strong> 01.01.2020<\/p>\n<p data-start=\"56\" data-end=\"348\">Wristbandfactory.eu (en adelante, \u00abnosotros\u00bb o \u00abel sitio web\u00bb) se compromete a proteger y respetar su privacidad. Esta pol\u00edtica de privacidad explica c\u00f3mo recopilamos, usamos, almacenamos y compartimos sus datos personales. Esta pol\u00edtica se aplica a todos los visitantes, clientes y socios de nuestro sitio web.<\/p>\n<h3 data-start=\"350\" data-end=\"390\">1. \u00bfQu\u00e9 informaci\u00f3n recopilamos?<\/h3>\n<p data-start=\"391\" data-end=\"474\">Recopilamos diferentes tipos de datos personales seg\u00fan c\u00f3mo utilice nuestro sitio web:<\/p>\n<ul data-start=\"475\" data-end=\"914\">\n<li data-start=\"475\" data-end=\"635\"><strong data-start=\"477\" data-end=\"495\">Datos del cliente:<\/strong> Su nombre, direcci\u00f3n de correo electr\u00f3nico, direcci\u00f3n postal, n\u00famero de tel\u00e9fono y otros datos de contacto que proporcione al pedir presupuesto o una consulta.<\/li>\n<li data-start=\"636\" data-end=\"765\"><strong data-start=\"638\" data-end=\"659\">Informaci\u00f3n del usuario:<\/strong> Datos sobre c\u00f3mo utiliza nuestro sitio web, incluida la direcci\u00f3n IP, el tipo de navegador, el tipo de dispositivo y las p\u00e1ginas visitadas.<\/li>\n<li data-start=\"766\" data-end=\"914\"><strong data-start=\"768\" data-end=\"806\">Cookies y tecnolog\u00edas de seguimiento:<\/strong> Utilizamos cookies y otras tecnolog\u00edas para mejorar su experiencia de usuario y realizar un seguimiento de las estad\u00edsticas de uso del sitio web.<\/li>\n<\/ul>\n<h3 data-start=\"916\" data-end=\"949\">2. \u00bfC\u00f3mo utilizamos sus datos?<\/h3>\n<p data-start=\"950\" data-end=\"997\">Sus datos se utilizan para los siguientes fines:<\/p>\n<ul data-start=\"998\" data-end=\"1520\">\n<li data-start=\"998\" data-end=\"1135\"><strong data-start=\"1000\" data-end=\"1035\">Procesamiento y gesti\u00f3n de pedidos:<\/strong> Sus datos personales se utilizan para procesar su pedido, entregar productos y brindar atenci\u00f3n al cliente.<\/li>\n<li data-start=\"1136\" data-end=\"1239\"><strong data-start=\"1138\" data-end=\"1168\">Mejorando la experiencia del usuario:<\/strong> Analizamos los datos de uso del sitio web para optimizar el contenido y la funcionalidad.<\/li>\n<li data-start=\"1240\" data-end=\"1379\"><strong data-start=\"1242\" data-end=\"1271\">Comunicaciones de marketing:<\/strong> Si ha dado su consentimiento, podremos enviarle notificaciones sobre nuevos productos, ofertas y promociones.<\/li>\n<li data-start=\"1380\" data-end=\"1520\"><strong data-start=\"1382\" data-end=\"1421\">Cumplimiento de requisitos legales:<\/strong> Podremos procesar sus datos si es necesario para cumplir con obligaciones legales o para proteger nuestros derechos.<\/li>\n<\/ul>\n<h3 data-start=\"1522\" data-end=\"1557\">3. Intercambio y transferencia de datos<\/h3>\n<p data-start=\"1558\" data-end=\"1644\">No compartimos sus datos personales con terceros excepto en los siguientes casos:<\/p>\n<ul data-start=\"1645\" data-end=\"1941\">\n<li data-start=\"1645\" data-end=\"1802\"><strong data-start=\"1647\" data-end=\"1669\">Proveedores de servicios:<\/strong> Sus datos personales pueden ser compartidos con nuestros socios que nos ayudan a administrar el sitio web y brindar servicios (por ejemplo, socios log\u00edsticos).<\/li>\n<li data-start=\"1803\" data-end=\"1941\"><strong data-start=\"1805\" data-end=\"1828\">Requisitos legales:<\/strong> Sus datos personales podr\u00e1n ser divulgados si as\u00ed lo exige la ley o si creemos que es necesario para proteger nuestros derechos.<\/li>\n<\/ul>\n<h3 data-start=\"1943\" data-end=\"1980\">4. \u00bfC\u00f3mo protegemos sus datos?<\/h3>\n<p data-start=\"1981\" data-end=\"2197\">Implementamos medidas t\u00e9cnicas y organizativas adecuadas para proteger sus datos personales del acceso, uso, modificaci\u00f3n o destrucci\u00f3n no autorizados. Esto incluye el cifrado de datos y el uso de servidores seguros.<\/p>\n<h3 data-start=\"2199\" data-end=\"2222\">5. Retenci\u00f3n de datos<\/h3>\n<p data-start=\"2223\" data-end=\"2352\">Conservamos sus datos personales durante el tiempo que sea necesario para cumplir los fines para los que fueron recopilados o seg\u00fan lo requiera la ley.<\/p>\n<h3 data-start=\"2354\" data-end=\"2374\">6. Sus derechos<\/h3>\n<p data-start=\"2375\" data-end=\"2399\">Tienes derecho a:<\/p>\n<ul data-start=\"2400\" data-end=\"2752\">\n<li data-start=\"2400\" data-end=\"2469\"><strong data-start=\"2402\" data-end=\"2422\">Acceda a sus datos<\/strong> y obtener informaci\u00f3n sobre c\u00f3mo la procesamos.<\/li>\n<li data-start=\"2470\" data-end=\"2544\"><strong data-start=\"2472\" data-end=\"2507\">Solicitar la correcci\u00f3n de sus datos<\/strong> si es inexacta o incompleta.<\/li>\n<li data-start=\"2545\" data-end=\"2611\"><strong data-start=\"2547\" data-end=\"2580\">Solicitar la eliminaci\u00f3n de sus datos<\/strong> bajo determinadas circunstancias.<\/li>\n<li data-start=\"2612\" data-end=\"2678\"><strong data-start=\"2614\" data-end=\"2634\">Retirar el consentimiento<\/strong> para comunicaciones de marketing en cualquier momento.<\/li>\n<li data-start=\"2679\" data-end=\"2752\"><strong data-start=\"2681\" data-end=\"2723\">Oponerse y restringir el procesamiento de datos<\/strong> bajo condiciones espec\u00edficas.<\/li>\n<\/ul>\n<h3 data-start=\"2754\" data-end=\"2796\">7. Cookies y tecnolog\u00edas de seguimiento<\/h3>\n<p data-start=\"2797\" data-end=\"2975\">Utilizamos cookies para ofrecer una mejor experiencia de usuario y analizar el tr\u00e1fico del sitio web. Puede desactivar las cookies en la configuraci\u00f3n de su navegador, pero esto podr\u00eda afectar a ciertas funciones del sitio web.<\/p>\n<h3 data-start=\"2977\" data-end=\"3015\">8. Cambios en la Pol\u00edtica de Privacidad<\/h3>\n<p data-start=\"3016\" data-end=\"3203\">Podemos actualizar esta pol\u00edtica de privacidad ocasionalmente. Los cambios entran en vigor despu\u00e9s de su publicaci\u00f3n en nuestro sitio web. Revise la pol\u00edtica de privacidad peri\u00f3dicamente para mantenerse al tanto de las actualizaciones.<\/p>\n<h3 data-start=\"3205\" data-end=\"3233\">9. Informaci\u00f3n de contacto<\/h3>\n<p data-start=\"3234\" data-end=\"3336\">Si tiene alguna pregunta o inquietud sobre el procesamiento de sus datos personales, comun\u00edquese con nosotros:<\/p>\n<ul data-start=\"3337\" data-end=\"3452\" data-is-last-node=\"\">\n<li data-start=\"3337\" data-end=\"3376\"><strong data-start=\"3339\" data-end=\"3349\">Correo electr\u00f3nico:<\/strong> <a rel=\"noopener\" data-start=\"3350\" data-end=\"3374\">info@wristbandfactory.eu<\/a><\/li>\n<li data-start=\"3377\" data-end=\"3405\"><strong data-start=\"3379\" data-end=\"3389\">Tel\u00e9fono:<\/strong> +372 57704065<\/li>\n<li data-start=\"3406\" data-end=\"3452\" data-is-last-node=\"\"><strong data-start=\"3408\" data-end=\"3420\">DIRECCI\u00d3N:<\/strong> Meistri 16-205, Tallin 13517<\/li>\n<\/ul>","protected":false},"excerpt":{"rendered":"<p>Privacy Policy Effective Date: 01.01.2020 Wristbandfactory.eu (hereinafter referred to as &#8220;we&#8221; or &#8220;the website&#8221;) is committed to protecting and respecting your privacy. This privacy policy explains how we collect, use, store, and share your personal data. This policy applies to all visitors, customers, and partners of our website. 1. What Information Do We Collect? We [&hellip;]<\/p>\n","protected":false},"author":3,"featured_media":0,"parent":0,"menu_order":0,"comment_status":"closed","ping_status":"closed","template":"","meta":{"footnotes":""},"class_list":["post-3193","page","type-page","status-publish","hentry"],"_links":{"self":[{"href":"https:\/\/wristbandfactory.eu\/es\/wp-json\/wp\/v2\/pages\/3193","targetHints":{"allow":["GET"]}}],"collection":[{"href":"https:\/\/wristbandfactory.eu\/es\/wp-json\/wp\/v2\/pages"}],"about":[{"href":"https:\/\/wristbandfactory.eu\/es\/wp-json\/wp\/v2\/types\/page"}],"author":[{"embeddable":true,"href":"https:\/\/wristbandfactory.eu\/es\/wp-json\/wp\/v2\/users\/3"}],"replies":[{"embeddable":true,"href":"https:\/\/wristbandfactory.eu\/es\/wp-json\/wp\/v2\/comments?post=3193"}],"version-history":[{"count":2,"href":"https:\/\/wristbandfactory.eu\/es\/wp-json\/wp\/v2\/pages\/3193\/revisions"}],"predecessor-version":[{"id":3198,"href":"https:\/\/wristbandfactory.eu\/es\/wp-json\/wp\/v2\/pages\/3193\/revisions\/3198"}],"wp:attachment":[{"href":"https:\/\/wristbandfactory.eu\/es\/wp-json\/wp\/v2\/media?parent=3193"}],"curies":[{"name":"wp","href":"https:\/\/api.w.org\/{rel}","templated":true}]}}