{"id":7109,"date":"2026-05-13T23:24:56","date_gmt":"2026-05-13T20:24:56","guid":{"rendered":"https:\/\/wristbandfactory.eu\/?post_type=product&#038;p=7109"},"modified":"2026-05-13T23:24:56","modified_gmt":"2026-05-13T20:24:56","slug":"custom-printed-synthetic-paper-wristbands","status":"publish","type":"product","link":"https:\/\/wristbandfactory.eu\/de\/p\/custom-printed-synthetic-paper-wristbands\/","title":{"rendered":"Bedruckte synthetische Papier-Kontrollb\u00e4nder"},"content":{"rendered":"<p data-path-to-node=\"3\">Bedruckte Armb\u00e4nder aus synthetischem Papier bieten eine hochwertige und \u00e4u\u00dferst strapazierf\u00e4hige Alternative zu herk\u00f6mmlichen Zutrittskontrollsystemen f\u00fcr Veranstaltungen, die h\u00f6chste Druckqualit\u00e4t und lange Haltbarkeit erfordern. Hergestellt aus fortschrittlichen, wasserfesten Materialien, eignen sich diese Armb\u00e4nder ideal f\u00fcr mehrt\u00e4gige Festivals, Resorts und Hochsicherheitsbereiche. Die ultra-glatte Oberfl\u00e4che erm\u00f6glicht die makellose Wiedergabe komplexer Designs, Farbverl\u00e4ufe und wichtiger Zutrittsdaten und gew\u00e4hrleistet so sowohl operative Effizienz als auch eine starke Markenpr\u00e4senz.<\/p>\n<h2 data-path-to-node=\"4\">Hauptmerkmale<\/h2>\n<ul data-path-to-node=\"5\">\n<li>\n<p data-path-to-node=\"5,0,0\"><b data-path-to-node=\"5,0,0\" data-index-in-node=\"0\">Vollfarbiger Randlosdruck:<\/b> Maximieren Sie die Sponsorenpr\u00e4senz und visuelle Kategorisierung durch hochaufl\u00f6senden CMYK-Druck auf der gesamten Bandoberfl\u00e4che.<\/p>\n<\/li>\n<li>\n<p data-path-to-node=\"5,1,0\"><b data-path-to-node=\"5,1,0\" data-index-in-node=\"0\">Variable Datenintegration:<\/b> Integrieren Sie auf unbedruckte Weise individuelle Barcodes, QR-Codes und fortlaufende Nummerierungen, um die Verbindung direkt mit digitalen Torverwaltungssystemen herzustellen.<\/p>\n<\/li>\n<li>\n<p data-path-to-node=\"5,2,0\"><b data-path-to-node=\"5,2,0\" data-index-in-node=\"0\">Wasserdichtigkeit:<\/b> Der synthetische Untergrund ist absolut wasserundurchl\u00e4ssig und eignet sich daher perfekt f\u00fcr Schwimmbadkarten, Wasserparks und Open-Air-Festivals.<\/p>\n<\/li>\n<li>\n<p data-path-to-node=\"5,3,0\"><b data-path-to-node=\"5,3,0\" data-index-in-node=\"0\">Sicherer Klebeverschluss:<\/b> Eine speziell gestanzte Klebelasche zerst\u00f6rt sich beim erzwungenen Entfernen selbst, wodurch die Einwegrichtlinie strikt eingehalten und eine unbefugte Weitergabe verhindert wird.<\/p>\n<\/li>\n<\/ul>\n<h2 data-path-to-node=\"6\">Technische Daten<\/h2>\n<ul data-path-to-node=\"7\">\n<li>\n<p data-path-to-node=\"7,0,0\"><b data-path-to-node=\"7,0,0\" data-index-in-node=\"0\">Material:<\/b> Hochwertiges wasserfestes Synthetikpapier<\/p>\n<\/li>\n<li>\n<p data-path-to-node=\"7,1,0\"><b data-path-to-node=\"7,1,0\" data-index-in-node=\"0\">Druckqualit\u00e4t:<\/b> Hochaufl\u00f6sender CMYK-Vollfarbdruck<\/p>\n<\/li>\n<li>\n<p data-path-to-node=\"7,2,0\"><b data-path-to-node=\"7,2,0\" data-index-in-node=\"0\">Variable Daten:<\/b> Laufende Nummerierung, Barcodes und QR-Codes werden unterst\u00fctzt.<\/p>\n<\/li>\n<li>\n<p data-path-to-node=\"7,3,0\"><b data-path-to-node=\"7,3,0\" data-index-in-node=\"0\">Verschlussart:<\/b> Sicherheitsklebestreifen<\/p>\n<\/li>\n<li>\n<p data-path-to-node=\"7,4,0\"><b data-path-to-node=\"7,4,0\" data-index-in-node=\"0\">Verpackung:<\/b> Lieferung in fortlaufend nummerierten B\u00f6gen zur organisierten Verteilung an den Eingangsstellen<\/p>\n<\/li>\n<\/ul>\n<h2 data-path-to-node=\"8\">Anwendungsf\u00e4lle<\/h2>\n<ul data-path-to-node=\"9\">\n<li>\n<p data-path-to-node=\"9,0,0\"><b data-path-to-node=\"9,0,0\" data-index-in-node=\"0\">Mehrt\u00e4gige Festivals:<\/b> Bietet eine robuste und langlebige Zutrittskontrolle, die Schwei\u00df, Witterungseinfl\u00fcssen und k\u00f6rperlicher Beanspruchung standh\u00e4lt.<\/p>\n<\/li>\n<li>\n<p data-path-to-node=\"9,1,0\"><b data-path-to-node=\"9,1,0\" data-index-in-node=\"0\">Wasserparks und Resorts:<\/b> Autorisierte G\u00e4ste werden eindeutig mit Armb\u00e4ndern gekennzeichnet, die auch in aquatischen Umgebungen vollst\u00e4ndig intakt und lesbar bleiben.<\/p>\n<\/li>\n<li>\n<p data-path-to-node=\"9,2,0\"><b data-path-to-node=\"9,2,0\" data-index-in-node=\"0\">Nachtclubs und VIP-Locations:<\/b> Hochwertige Grafiken und Branding werden eingesetzt, um die Premium-Zugangsstufen zu differenzieren.<\/p>\n<\/li>\n<li>\n<p data-path-to-node=\"9,3,0\"><b data-path-to-node=\"9,3,0\" data-index-in-node=\"0\">Firmenveranstaltungen:<\/b> Integration von scannbaren Barcodes f\u00fcr pr\u00e4zise Anwesenheitserfassung und Leadgenerierung.<\/p>\n<\/li>\n<\/ul>\n<p data-path-to-node=\"10\">","protected":false},"excerpt":{"rendered":"<ul>\n<li>\n<p data-path-to-node=\"2,0,0\">Hergestellt aus rei\u00dffestem und wasserfestem 100%-Synthetikpapier f\u00fcr den mehrt\u00e4gigen Einsatz.<\/p>\n<\/li>\n<li>\n<p data-path-to-node=\"2,1,0\">Bietet randlosen, vollfarbigen CMYK-Druck f\u00fcr optimale Markenpr\u00e4senz und komplexe Grafiken.<\/p>\n<\/li>\n<li>\n<p data-path-to-node=\"2,2,0\">Unterst\u00fctzt den variablen Datendruck, einschlie\u00dflich fortlaufender Nummerierung und Barcodes, f\u00fcr eine erweiterte Zugriffsverfolgung.<\/p>\n<\/li>\n<li>\n<p data-path-to-node=\"2,3,0\">Ausgestattet mit einem manipulationssicheren Klebestreifen, um unbefugte Weitergabe zu verhindern und die Sicherheit des Veranstaltungsortes zu gew\u00e4hrleisten.<\/p>\n<\/li>\n<\/ul>","protected":false},"featured_media":7110,"comment_status":"closed","ping_status":"closed","template":"","meta":[],"product_brand":[],"product_cat":[41],"product_tag":[],"class_list":{"0":"post-7109","1":"product","2":"type-product","3":"status-publish","4":"has-post-thumbnail","6":"product_cat-tyvek","8":"first","9":"instock","10":"shipping-taxable","11":"product-type-simple"},"_links":{"self":[{"href":"https:\/\/wristbandfactory.eu\/de\/wp-json\/wp\/v2\/product\/7109","targetHints":{"allow":["GET"]}}],"collection":[{"href":"https:\/\/wristbandfactory.eu\/de\/wp-json\/wp\/v2\/product"}],"about":[{"href":"https:\/\/wristbandfactory.eu\/de\/wp-json\/wp\/v2\/types\/product"}],"replies":[{"embeddable":true,"href":"https:\/\/wristbandfactory.eu\/de\/wp-json\/wp\/v2\/comments?post=7109"}],"wp:featuredmedia":[{"embeddable":true,"href":"https:\/\/wristbandfactory.eu\/de\/wp-json\/wp\/v2\/media\/7110"}],"wp:attachment":[{"href":"https:\/\/wristbandfactory.eu\/de\/wp-json\/wp\/v2\/media?parent=7109"}],"wp:term":[{"taxonomy":"product_brand","embeddable":true,"href":"https:\/\/wristbandfactory.eu\/de\/wp-json\/wp\/v2\/product_brand?post=7109"},{"taxonomy":"product_cat","embeddable":true,"href":"https:\/\/wristbandfactory.eu\/de\/wp-json\/wp\/v2\/product_cat?post=7109"},{"taxonomy":"product_tag","embeddable":true,"href":"https:\/\/wristbandfactory.eu\/de\/wp-json\/wp\/v2\/product_tag?post=7109"}],"curies":[{"name":"wp","href":"https:\/\/api.w.org\/{rel}","templated":true}]}}