{"id":7101,"date":"2026-05-13T22:30:06","date_gmt":"2026-05-13T19:30:06","guid":{"rendered":"https:\/\/wristbandfactory.eu\/?post_type=product&#038;p=7101"},"modified":"2026-05-13T22:33:52","modified_gmt":"2026-05-13T19:33:52","slug":"custom-write-on-tyvek-wristbands-25mm","status":"publish","type":"product","link":"https:\/\/wristbandfactory.eu\/de\/p\/custom-write-on-tyvek-wristbands-25mm\/","title":{"rendered":"Beschriftbare Tyvek-Kontrollb\u00e4nder mit Aufdruck (25mm)"},"content":{"rendered":"<p data-path-to-node=\"6\">Beschreibbare Tyvek-Armb\u00e4nder bieten eine \u00e4u\u00dferst praktische Zutrittskontrolll\u00f6sung f\u00fcr Einrichtungen, die eine sofortige, manuelle Besuchererfassung vor Ort erfordern. Dank der vorgesehenen Felder zum Eintragen von Namen, Einlasszeiten oder wichtigen medizinischen Informationen optimieren diese Armb\u00e4nder die Abl\u00e4ufe in Umgebungen, in denen Echtzeit-Tracking unerl\u00e4sslich ist. Die breite 25-mm-Oberfl\u00e4che bietet ausreichend Platz f\u00fcr eine gut lesbare Handschrift, reduziert Wartezeiten am Einlass und verbessert die administrative Genauigkeit.<\/p>\n<h2 data-path-to-node=\"7\">Hauptmerkmale<\/h2>\n<ul data-path-to-node=\"8\">\n<li>\n<p data-path-to-node=\"8,0,0\"><b data-path-to-node=\"8,0,0\" data-index-in-node=\"0\">Optimierte Schreiboberfl\u00e4che:<\/b> Speziell behandelte Bereiche erm\u00f6glichen das schnelle Auftragen von Tinte mit Permanentmarkern oder Stiften, die schnell trocknet, um ein Verschmieren w\u00e4hrend der Benutzung zu verhindern.<\/p>\n<\/li>\n<li>\n<p data-path-to-node=\"8,1,0\"><b data-path-to-node=\"8,1,0\" data-index-in-node=\"0\">Strukturierte Datenfelder:<\/b> Vorkonfigurierte Abschnitte zeigen deutlich an, wo die Mitarbeiter die erforderlichen Identifikations- oder Zeitfensterdaten eingeben sollen, um einheitliche Arbeitsabl\u00e4ufe zu gew\u00e4hrleisten.<\/p>\n<\/li>\n<li>\n<p data-path-to-node=\"8,2,0\"><b data-path-to-node=\"8,2,0\" data-index-in-node=\"0\">Sicherer, manipulationssicherer Verschluss:<\/b> Verf\u00fcgt \u00fcber einen standardm\u00e4\u00dfigen, gestanzten Klebestreifen, der gew\u00e4hrleistet, dass das Armband nicht zwischen Besuchern \u00fcbertragen werden kann und somit die Sicherheit des Gel\u00e4ndes erhalten bleibt.<\/p>\n<\/li>\n<li>\n<p data-path-to-node=\"8,3,0\"><b data-path-to-node=\"8,3,0\" data-index-in-node=\"0\">Wasserdicht und widerstandsf\u00e4hig:<\/b> Die Konstruktion aus hochdichtem Polyethylen ist wasser-, schwei\u00df- und druckbest\u00e4ndig und bleibt w\u00e4hrend des gesamten Besuchs des Tr\u00e4gers vollst\u00e4ndig intakt und lesbar.<\/p>\n<\/li>\n<\/ul>\n<h2 data-path-to-node=\"9\">Technische Daten<\/h2>\n<ul data-path-to-node=\"10\">\n<li>\n<p data-path-to-node=\"10,0,0\"><b data-path-to-node=\"10,0,0\" data-index-in-node=\"0\">Material:<\/b> 100% Recycelbares DuPont\u2122 Tyvek<\/p>\n<\/li>\n<li>\n<p data-path-to-node=\"10,1,0\"><b data-path-to-node=\"10,1,0\" data-index-in-node=\"0\">Abmessungen:<\/b> 250 mm L\u00e4nge x 25 mm Breite (10\u2033 x 1\u2033)<\/p>\n<\/li>\n<li>\n<p data-path-to-node=\"10,2,0\"><b data-path-to-node=\"10,2,0\" data-index-in-node=\"0\">Druckfunktion:<\/b> Individuelles Branding kombiniert mit speziell daf\u00fcr vorgesehenen beschreibbaren Fl\u00e4chen<\/p>\n<\/li>\n<li>\n<p data-path-to-node=\"10,3,0\"><b data-path-to-node=\"10,3,0\" data-index-in-node=\"0\">Verschlussart:<\/b> Sicherheitsklebestreifen<\/p>\n<\/li>\n<li>\n<p data-path-to-node=\"10,4,0\"><b data-path-to-node=\"10,4,0\" data-index-in-node=\"0\">Verpackung:<\/b> Lieferung in fortlaufend nummerierten Bl\u00e4ttern zur organisierten Verteilung an den Eingangsstellen<\/p>\n<\/li>\n<\/ul>\n<h2 data-path-to-node=\"11\">Anwendungsf\u00e4lle<\/h2>\n<ul data-path-to-node=\"12\">\n<li>\n<p data-path-to-node=\"12,0,0\"><b data-path-to-node=\"12,0,0\" data-index-in-node=\"0\">Indoor-Trampolin- und Actionparks:<\/b> Erfassung spezifischer Sprungzeitfenster und Identifizierung der Teilnehmer anhand ihres Namens.<\/p>\n<\/li>\n<li>\n<p data-path-to-node=\"12,1,0\"><b data-path-to-node=\"12,1,0\" data-index-in-node=\"0\">Kinderbetreuungseinrichtungen und Sommercamps:<\/b> Anzeige der Namen der Kinder, der Gruppenzugeh\u00f6rigkeit und der Notfallkontaktnummern.<\/p>\n<\/li>\n<li>\n<p data-path-to-node=\"12,2,0\"><b data-path-to-node=\"12,2,0\" data-index-in-node=\"0\">Gesundheitswesen und Triage:<\/b> Kritische Patientendaten, Aufnahmezeiten oder Priorit\u00e4tsstatus werden direkt am Patienten erfasst.<\/p>\n<\/li>\n<li>\n<p data-path-to-node=\"12,3,0\"><b data-path-to-node=\"12,3,0\" data-index-in-node=\"0\">VIP- und Backstage-Zugang:<\/b> Manuelle Erteilung spezifischer Genehmigungen oder namentliche Identifizierung des autorisierten Personals am Tag der Veranstaltung.<\/p>\n<\/li>\n<\/ul>","protected":false},"excerpt":{"rendered":"<ul>\n<li>\n<p data-path-to-node=\"5,0,0\">Verf\u00fcgt \u00fcber spezielle, vorbedruckte Felder (z. B. \u201cNAME\u201d, \u201cZEIT\u201d) zur schnellen manuellen Dateneingabe und Besucherverfolgung.<\/p>\n<\/li>\n<li>\n<p data-path-to-node=\"5,1,0\">Kompatibel mit handels\u00fcblichen Permanentmarkern und Kugelschreibern, ohne dass die Tinte verschmiert oder ausl\u00e4uft.<\/p>\n<\/li>\n<li>\n<p data-path-to-node=\"5,2,0\">Das breitere 25-mm-Profil bietet ausreichend Platz f\u00fcr lesbare Handschrift neben dem Corporate Branding.<\/p>\n<\/li>\n<li>\n<p data-path-to-node=\"5,3,0\">Hergestellt aus rei\u00dffestem und wasserdichtem Material f\u00fcr eine sichere Zutrittskontrolle zum Einmalgebrauch.<\/p>\n<\/li>\n<\/ul>","protected":false},"featured_media":7103,"comment_status":"closed","ping_status":"closed","template":"","meta":[],"product_brand":[],"product_cat":[41],"product_tag":[],"class_list":{"0":"post-7101","1":"product","2":"type-product","3":"status-publish","4":"has-post-thumbnail","6":"product_cat-tyvek","8":"first","9":"instock","10":"shipping-taxable","11":"product-type-simple"},"_links":{"self":[{"href":"https:\/\/wristbandfactory.eu\/de\/wp-json\/wp\/v2\/product\/7101","targetHints":{"allow":["GET"]}}],"collection":[{"href":"https:\/\/wristbandfactory.eu\/de\/wp-json\/wp\/v2\/product"}],"about":[{"href":"https:\/\/wristbandfactory.eu\/de\/wp-json\/wp\/v2\/types\/product"}],"replies":[{"embeddable":true,"href":"https:\/\/wristbandfactory.eu\/de\/wp-json\/wp\/v2\/comments?post=7101"}],"wp:featuredmedia":[{"embeddable":true,"href":"https:\/\/wristbandfactory.eu\/de\/wp-json\/wp\/v2\/media\/7103"}],"wp:attachment":[{"href":"https:\/\/wristbandfactory.eu\/de\/wp-json\/wp\/v2\/media?parent=7101"}],"wp:term":[{"taxonomy":"product_brand","embeddable":true,"href":"https:\/\/wristbandfactory.eu\/de\/wp-json\/wp\/v2\/product_brand?post=7101"},{"taxonomy":"product_cat","embeddable":true,"href":"https:\/\/wristbandfactory.eu\/de\/wp-json\/wp\/v2\/product_cat?post=7101"},{"taxonomy":"product_tag","embeddable":true,"href":"https:\/\/wristbandfactory.eu\/de\/wp-json\/wp\/v2\/product_tag?post=7101"}],"curies":[{"name":"wp","href":"https:\/\/api.w.org\/{rel}","templated":true}]}}