{"id":7083,"date":"2026-05-06T13:04:55","date_gmt":"2026-05-06T10:04:55","guid":{"rendered":"https:\/\/wristbandfactory.eu\/?post_type=product&#038;p=7083"},"modified":"2026-05-06T13:05:22","modified_gmt":"2026-05-06T10:05:22","slug":"custom-printed-paper-plates","status":"publish","type":"product","link":"https:\/\/wristbandfactory.eu\/de\/p\/custom-printed-paper-plates\/","title":{"rendered":"Individuell bedruckte Pappteller"},"content":{"rendered":"<p data-path-to-node=\"5\">Individuell bedruckte Pappteller bieten eine \u00e4u\u00dferst funktionale und langlebige Servierl\u00f6sung f\u00fcr Catering, Gro\u00dfveranstaltungen und die gesamte Gastronomie. Sie sind so konzipiert, dass sie auch schweren, hei\u00dfen oder fettigen Speisen standhalten, ohne an Stabilit\u00e4t einzub\u00fc\u00dfen. So gew\u00e4hrleisten diese lebensmittelechten Teller einen zuverl\u00e4ssigen Service und verwandeln herk\u00f6mmliches Einweggeschirr in ein wirkungsvolles Werbemittel.<\/p>\n<h2 data-path-to-node=\"6\">Hauptmerkmale<\/h2>\n<ul data-path-to-node=\"7\">\n<li>\n<p data-path-to-node=\"7,0,0\"><b data-path-to-node=\"7,0,0\" data-index-in-node=\"0\">Fortschrittliche Materialentwicklung:<\/b> Hergestellt aus hochwertigem, 275 g\/m\u00b2 FSC\u00ae-zertifiziertem Offsetkarton (Accurate). Das Material verf\u00fcgt \u00fcber eine spezielle \u201cTop Strong Freeze\u201d-Barriere, die eine au\u00dfergew\u00f6hnliche Best\u00e4ndigkeit gegen das Eindringen von Fett und Feuchtigkeit w\u00e4hrend des Gebrauchs gew\u00e4hrleistet.<\/p>\n<\/li>\n<li>\n<p data-path-to-node=\"7,1,0\"><b data-path-to-node=\"7,1,0\" data-index-in-node=\"0\">Umfassende Lebensmittelsicherheit:<\/b> Das Produkt erf\u00fcllt strenge internationale Regulierungsstandards, einschlie\u00dflich der LFGB\/Bfr-Lebensmittelsicherheitszertifizierungen und der Halal-Zertifizierung (Nr. 01201\/19\/1). Der Kartonboden ist gem\u00e4\u00df EN 13432 vollst\u00e4ndig biologisch abbaubar.<\/p>\n<\/li>\n<li>\n<p data-path-to-node=\"7,2,0\"><b data-path-to-node=\"7,2,0\" data-index-in-node=\"0\">Sicherheitszertifizierte Tinten:<\/b> F\u00fcr alle Druckprodukte werden Tinten verwendet, die den Normen ISO 2846-1 und ISO 12647-2 entsprechen. Diese Tinten erf\u00fcllen au\u00dferdem die europ\u00e4ische Spielzeugrichtlinie (2009\/48\/EG) und die Norm EN 71-3 bez\u00fcglich der Migration sch\u00e4dlicher Substanzen und sind somit f\u00fcr den direkten und indirekten Kontakt mit Lebensmitteln zertifiziert.<\/p>\n<\/li>\n<li>\n<p data-path-to-node=\"7,3,0\"><b data-path-to-node=\"7,3,0\" data-index-in-node=\"0\">Pr\u00e4zisionsbearbeitung:<\/b> Jede Platte wird professionell gestanzt und gepr\u00e4gt, um eine saubere, gleichm\u00e4\u00dfige Kante und erh\u00f6hte Stabilit\u00e4t zu gew\u00e4hrleisten.<\/p>\n<\/li>\n<\/ul>\n<h2 data-path-to-node=\"8\">Technische Daten<\/h2>\n<ul data-path-to-node=\"9\">\n<li>\n<p data-path-to-node=\"9,0,0\"><b data-path-to-node=\"9,0,0\" data-index-in-node=\"0\">Verf\u00fcgbare Abmessungen und Formen:<\/b><\/p>\n<ul data-path-to-node=\"9,0,1\">\n<li>\n<p data-path-to-node=\"9,0,1,0,0\">Rund: 17 cm Durchmesser<\/p>\n<\/li>\n<li>\n<p data-path-to-node=\"9,0,1,1,0\">Rund: 23 cm Durchmesser<\/p>\n<\/li>\n<li>\n<p data-path-to-node=\"9,0,1,2,0\">Quadratisch: 20 x 20 cm<\/p>\n<\/li>\n<li>\n<p data-path-to-node=\"9,0,1,3,0\">Rechteckig: 13 x 24 cm<\/p>\n<\/li>\n<\/ul>\n<\/li>\n<li>\n<p data-path-to-node=\"9,1,0\"><b data-path-to-node=\"9,1,0\" data-index-in-node=\"0\">Druckparameter:<\/b> Einseitiger Druck ohne Anschnitt in Standard-Schwarzwei\u00df oder CMYK-Vollfarbe. (Anschnittdruck auf Anfrage erh\u00e4ltlich).<\/p>\n<\/li>\n<li>\n<p data-path-to-node=\"9,2,0\"><b data-path-to-node=\"9,2,0\" data-index-in-node=\"0\">Mindestbestellmenge (MOQ):<\/b> 100 St\u00fcck.<\/p>\n<\/li>\n<li>\n<p data-path-to-node=\"9,3,0\"><b data-path-to-node=\"9,3,0\" data-index-in-node=\"0\">Verpackungslogistik:<\/b> Die Verpackung ist effizient: 50 St\u00fcck pro versiegelter PE-Folie und 10 Packungen pro Karton. Die gesamte Umverpackung entspricht der EU-Verpackungsrichtlinie (94\/62\/EG) und ist REACH-konform.<\/p>\n<\/li>\n<\/ul>\n<h2 data-path-to-node=\"10\">Anwendungsf\u00e4lle<\/h2>\n<ul data-path-to-node=\"11\">\n<li>\n<p data-path-to-node=\"11,0,0\">Gro\u00dffl\u00e4chiges Catering f\u00fcr Gewerbebetriebe, einschlie\u00dflich Buffets im Freien und Firmenfr\u00fchst\u00fccke.<\/p>\n<\/li>\n<li>\n<p data-path-to-node=\"11,1,0\">Spezialisierte Imbisswagen und kulinarische Open-Air-Festivals, die zuverl\u00e4ssiges, fettbest\u00e4ndiges Serviergeschirr ben\u00f6tigen.<\/p>\n<\/li>\n<li>\n<p data-path-to-node=\"11,2,0\">Institutionelle Verpflegungsbetriebe, einschlie\u00dflich Schulkantinen und Gemeinschaftsveranstaltungen.<\/p>\n<\/li>\n<li>\n<p data-path-to-node=\"11,3,0\">Markenaktivierung und Promotions-Verkostungsst\u00e4nde auf Messen.<\/p>\n<\/li>\n<\/ul>","protected":false},"excerpt":{"rendered":"<ul>\n<li>\n<p data-path-to-node=\"4,0,0\">Hergestellt aus 275 g\/m\u00b2 FSC\u00ae-zertifiziertem, lebensmittelechtem, beschichtetem Offsetkarton f\u00fcr robuste strukturelle Stabilit\u00e4t.<\/p>\n<\/li>\n<li>\n<p data-path-to-node=\"4,1,0\">Ausgestattet mit einer speziellen fett- und feuchtigkeitsbest\u00e4ndigen Barriere, um warme Speisen und Snacks sicher zu halten.<\/p>\n<\/li>\n<li>\n<p data-path-to-node=\"4,2,0\">Vollst\u00e4ndig konform mit den strengen europ\u00e4ischen Lebensmittelsicherheitsstandards (LFGB\/Bfr, EN 13432 biologisch abbaubar, Halal-zertifiziert).<\/p>\n<\/li>\n<li>\n<p data-path-to-node=\"4,3,0\">Erh\u00e4ltlich in vier verschiedenen Geometrien (rund, quadratisch und rechteckig), um den vielf\u00e4ltigen Anforderungen der gewerblichen Gastronomie gerecht zu werden.<\/p>\n<\/li>\n<\/ul>","protected":false},"featured_media":7084,"comment_status":"closed","ping_status":"closed","template":"","meta":[],"product_brand":[],"product_cat":[135],"product_tag":[],"class_list":{"0":"post-7083","1":"product","2":"type-product","3":"status-publish","4":"has-post-thumbnail","6":"product_cat-catering-accessories","8":"first","9":"instock","10":"shipping-taxable","11":"purchasable","12":"product-type-simple"},"_links":{"self":[{"href":"https:\/\/wristbandfactory.eu\/de\/wp-json\/wp\/v2\/product\/7083","targetHints":{"allow":["GET"]}}],"collection":[{"href":"https:\/\/wristbandfactory.eu\/de\/wp-json\/wp\/v2\/product"}],"about":[{"href":"https:\/\/wristbandfactory.eu\/de\/wp-json\/wp\/v2\/types\/product"}],"replies":[{"embeddable":true,"href":"https:\/\/wristbandfactory.eu\/de\/wp-json\/wp\/v2\/comments?post=7083"}],"wp:featuredmedia":[{"embeddable":true,"href":"https:\/\/wristbandfactory.eu\/de\/wp-json\/wp\/v2\/media\/7084"}],"wp:attachment":[{"href":"https:\/\/wristbandfactory.eu\/de\/wp-json\/wp\/v2\/media?parent=7083"}],"wp:term":[{"taxonomy":"product_brand","embeddable":true,"href":"https:\/\/wristbandfactory.eu\/de\/wp-json\/wp\/v2\/product_brand?post=7083"},{"taxonomy":"product_cat","embeddable":true,"href":"https:\/\/wristbandfactory.eu\/de\/wp-json\/wp\/v2\/product_cat?post=7083"},{"taxonomy":"product_tag","embeddable":true,"href":"https:\/\/wristbandfactory.eu\/de\/wp-json\/wp\/v2\/product_tag?post=7083"}],"curies":[{"name":"wp","href":"https:\/\/api.w.org\/{rel}","templated":true}]}}