{"id":7079,"date":"2026-05-06T12:57:15","date_gmt":"2026-05-06T09:57:15","guid":{"rendered":"https:\/\/wristbandfactory.eu\/?post_type=product&#038;p=7079"},"modified":"2026-05-06T12:57:42","modified_gmt":"2026-05-06T09:57:42","slug":"custom-printed-popcorn-boxes","status":"publish","type":"product","link":"https:\/\/wristbandfactory.eu\/de\/p\/custom-printed-popcorn-boxes\/","title":{"rendered":"Popcorn-Becher mit Logo"},"content":{"rendered":"<p data-path-to-node=\"5\">Individuell bedruckte Popcornboxen bieten eine hochfunktionale und sichere Servierl\u00f6sung f\u00fcr Gastronomiebetriebe, Kinos, Stadien und Gro\u00dfveranstaltungen. Traditionell f\u00fcr Popcorn verwendet, eignen sich diese robusten und fettabweisenden Beh\u00e4lter ebenso f\u00fcr Pommes frites, Chicken Wings und andere Speisen. Dank vollfl\u00e4chigem Bedrucken verwandeln diese Beh\u00e4lter Standardverpackungen in ein gut sichtbares Markenprodukt f\u00fcr Gastronomiebetriebe.<\/p>\n<h2 data-path-to-node=\"6\">Hauptmerkmale<\/h2>\n<ul data-path-to-node=\"7\">\n<li>\n<p data-path-to-node=\"7,0,0\"><b data-path-to-node=\"7,0,0\" data-index-in-node=\"0\">Fortschrittliche Materialentwicklung:<\/b> Hergestellt aus hochwertigem, 235 g\/m\u00b2 schwerem, FSC\u00ae-zertifiziertem Offsetkarton (Accurate). Das Material verf\u00fcgt \u00fcber eine spezielle \u201cTop Strong Freeze\u201d-Barriere und ist dadurch besonders best\u00e4ndig gegen das Eindringen von Fett und Feuchtigkeit.<\/p>\n<\/li>\n<li>\n<p data-path-to-node=\"7,1,0\"><b data-path-to-node=\"7,1,0\" data-index-in-node=\"0\">Umfassende Lebensmittelsicherheit:<\/b> Das Produkt erf\u00fcllt strenge internationale Standards, darunter die LFGB\/Bfr-Lebensmittelzertifizierungen und die Halal-Zertifizierung (Nr. 01201\/19\/1). Dar\u00fcber hinaus ist der Karton gem\u00e4\u00df EN 13432 vollst\u00e4ndig biologisch abbaubar.<\/p>\n<\/li>\n<li>\n<p data-path-to-node=\"7,2,0\"><b data-path-to-node=\"7,2,0\" data-index-in-node=\"0\">Sicherheitszertifizierte Tinten:<\/b> F\u00fcr den Druck werden Tinten verwendet, die den Normen ISO 2846-1 und ISO 12647-2 entsprechen. Dar\u00fcber hinaus erf\u00fcllen diese Tinten die europ\u00e4ische Spielzeugrichtlinie (2009\/48\/EG) und die Norm EN 71-3 bez\u00fcglich der Migration sch\u00e4dlicher Substanzen und sind somit absolut unbedenklich f\u00fcr Lebensmittelverpackungen.<\/p>\n<\/li>\n<li>\n<p data-path-to-node=\"7,3,0\"><b data-path-to-node=\"7,3,0\" data-index-in-node=\"0\">Betriebliche Effizienz:<\/b> Die Schachteln sind pr\u00e4zisionsgestanzt und vorgeklebt, sodass die Mitarbeiter sie w\u00e4hrend der hektischen Servicezeiten sofort zusammenbauen k\u00f6nnen.<\/p>\n<\/li>\n<\/ul>\n<h2 data-path-to-node=\"8\">Technische Daten<\/h2>\n<ul data-path-to-node=\"9\">\n<li>\n<p data-path-to-node=\"9,0,0\"><b data-path-to-node=\"9,0,0\" data-index-in-node=\"0\">Verf\u00fcgbare B\u00e4nde:<\/b><\/p>\n<ul data-path-to-node=\"9,0,1\">\n<li>\n<p data-path-to-node=\"9,0,1,0,0\">XS \u2013 Ungef\u00e4hr 0,5 Liter<\/p>\n<\/li>\n<li>\n<p data-path-to-node=\"9,0,1,1,0\">S \u2013 Ungef\u00e4hr 1,0 Liter<\/p>\n<\/li>\n<li>\n<p data-path-to-node=\"9,0,1,2,0\">M \u2013 Ungef\u00e4hr 1,5 Liter<\/p>\n<\/li>\n<li>\n<p data-path-to-node=\"9,0,1,3,0\">L \u2013 Ungef\u00e4hr 3,0 Liter<\/p>\n<\/li>\n<\/ul>\n<\/li>\n<li>\n<p data-path-to-node=\"9,1,0\"><b data-path-to-node=\"9,1,0\" data-index-in-node=\"0\">Druckparameter:<\/b> Einseitiger Offsetdruck in CMYK-Vollfarbe oder PMS-Sonderfarben.<\/p>\n<\/li>\n<li>\n<p data-path-to-node=\"9,2,0\"><b data-path-to-node=\"9,2,0\" data-index-in-node=\"0\">Mindestbestellmenge (MOQ):<\/b> 100 St\u00fcck.<\/p>\n<\/li>\n<li>\n<p data-path-to-node=\"9,3,0\"><b data-path-to-node=\"9,3,0\" data-index-in-node=\"0\">Verpackungslogistik:<\/b> Die Lieferung erfolgt flach verpackt in platzsparenden Kartons mit 500 St\u00fcck, um den Lagerplatzbedarf zu minimieren. Die gesamte Umverpackung entspricht der EU-Verpackungsrichtlinie (94\/62\/EG) und ist REACH-konform.<\/p>\n<\/li>\n<\/ul>\n<h2 data-path-to-node=\"10\">Anwendungsf\u00e4lle<\/h2>\n<ul data-path-to-node=\"11\">\n<li>\n<p data-path-to-node=\"11,0,0\">Verkaufsst\u00e4nde in Kinos, Arenen und Sportstadien.<\/p>\n<\/li>\n<li>\n<p data-path-to-node=\"11,1,0\">Gro\u00dfk\u00fcchenbetriebe und spezialisierte Imbisswagen, die fettbest\u00e4ndige Beh\u00e4lter ben\u00f6tigen.<\/p>\n<\/li>\n<li>\n<p data-path-to-node=\"11,2,0\">Catering f\u00fcr Firmenveranstaltungen und Promotion-Food-Stationen auf Messen.<\/p>\n<\/li>\n<li>\n<p data-path-to-node=\"11,3,0\">Mehrzweck-\u201cEimer\u201d-Anwendungen f\u00fcr diverse Snacks, die \u00fcber herk\u00f6mmliches Popcorn hinausgehen.<\/p>\n<\/li>\n<\/ul>","protected":false},"excerpt":{"rendered":"<ul>\n<li>\n<p data-path-to-node=\"4,0,0\">Hergestellt aus 235 g\/m\u00b2 FSC\u00ae-zertifiziertem, lebensmittelechtem Offsetkarton mit hoher struktureller Stabilit\u00e4t.<\/p>\n<\/li>\n<li>\n<p data-path-to-node=\"4,1,0\">Mit einer \u00e4u\u00dferst fett- und feuchtigkeitsbest\u00e4ndigen Oberfl\u00e4che ausgestattet, eignet es sich f\u00fcr die Verwendung mit hei\u00dfen und frittierten Speisen.<\/p>\n<\/li>\n<li>\n<p data-path-to-node=\"4,2,0\">Vollst\u00e4ndig konform mit strengen Lebensmittelsicherheitsvorschriften (LFGB\/Bfr, EN 13432 biologisch abbaubar, Halal-zertifiziert).<\/p>\n<\/li>\n<li>\n<p data-path-to-node=\"4,3,0\">Wird flach verpackt geliefert, um den Lagerplatz zu optimieren, vorverklebt f\u00fcr eine schnelle Montage.<\/p>\n<\/li>\n<\/ul>","protected":false},"featured_media":7080,"comment_status":"closed","ping_status":"closed","template":"","meta":[],"product_brand":[],"product_cat":[135],"product_tag":[],"class_list":{"0":"post-7079","1":"product","2":"type-product","3":"status-publish","4":"has-post-thumbnail","6":"product_cat-catering-accessories","8":"first","9":"instock","10":"shipping-taxable","11":"purchasable","12":"product-type-simple"},"_links":{"self":[{"href":"https:\/\/wristbandfactory.eu\/de\/wp-json\/wp\/v2\/product\/7079","targetHints":{"allow":["GET"]}}],"collection":[{"href":"https:\/\/wristbandfactory.eu\/de\/wp-json\/wp\/v2\/product"}],"about":[{"href":"https:\/\/wristbandfactory.eu\/de\/wp-json\/wp\/v2\/types\/product"}],"replies":[{"embeddable":true,"href":"https:\/\/wristbandfactory.eu\/de\/wp-json\/wp\/v2\/comments?post=7079"}],"wp:featuredmedia":[{"embeddable":true,"href":"https:\/\/wristbandfactory.eu\/de\/wp-json\/wp\/v2\/media\/7080"}],"wp:attachment":[{"href":"https:\/\/wristbandfactory.eu\/de\/wp-json\/wp\/v2\/media?parent=7079"}],"wp:term":[{"taxonomy":"product_brand","embeddable":true,"href":"https:\/\/wristbandfactory.eu\/de\/wp-json\/wp\/v2\/product_brand?post=7079"},{"taxonomy":"product_cat","embeddable":true,"href":"https:\/\/wristbandfactory.eu\/de\/wp-json\/wp\/v2\/product_cat?post=7079"},{"taxonomy":"product_tag","embeddable":true,"href":"https:\/\/wristbandfactory.eu\/de\/wp-json\/wp\/v2\/product_tag?post=7079"}],"curies":[{"name":"wp","href":"https:\/\/api.w.org\/{rel}","templated":true}]}}