{"id":7075,"date":"2026-05-06T12:45:44","date_gmt":"2026-05-06T09:45:44","guid":{"rendered":"https:\/\/wristbandfactory.eu\/?post_type=product&#038;p=7075"},"modified":"2026-05-06T12:45:44","modified_gmt":"2026-05-06T09:45:44","slug":"custom-printed-food-flags","status":"publish","type":"product","link":"https:\/\/wristbandfactory.eu\/de\/p\/custom-printed-food-flags\/","title":{"rendered":"Party-Picker mit Logo"},"content":{"rendered":"<p data-path-to-node=\"5\">Individuell bedruckte Speisenf\u00e4hnchen (auch bekannt als Partyspie\u00dfe oder Cocktailspie\u00dfe) bieten eine praktische L\u00f6sung f\u00fcr Branding und Organisation in Catering-Unternehmen, Gastronomiebetrieben und bei gro\u00dfen Firmenveranstaltungen. Hergestellt in einer vollautomatisierten Anlage in den Niederlanden, werden diese Spie\u00dfe ohne manuelle Handhabung gefertigt und gew\u00e4hrleisten so die Einhaltung strenger Hygienevorschriften der Lebensmittelindustrie. Neben der besseren Sichtbarkeit des Markenauftritts erf\u00fcllen sie wichtige Funktionen, wie die Kennzeichnung von Ern\u00e4hrungsanforderungen oder die Anzeige der Gartemperatur.<\/p>\n<h2 data-path-to-node=\"6\">Hauptmerkmale<\/h2>\n<ul data-path-to-node=\"7\">\n<li>\n<p data-path-to-node=\"7,0,0\"><b data-path-to-node=\"7,0,0\" data-index-in-node=\"0\">Lebensmittelkonforme Konstruktion:<\/b> Hergestellt aus 135 g\/m\u00b2 FSC\u00ae-zertifiziertem, lebensmittelechtem MC-Papier mit Satin-Finish, das einen sicheren und direkten Kontakt mit den Lebensmitteln gew\u00e4hrleistet.<\/p>\n<\/li>\n<li>\n<p data-path-to-node=\"7,1,0\"><b data-path-to-node=\"7,1,0\" data-index-in-node=\"0\">Automatisierte hygienische Produktion:<\/b> Der vollautomatisierte europ\u00e4ische Herstellungsprozess minimiert das Kontaminationsrisiko und gew\u00e4hrleistet die Einhaltung strengster Hygienevorschriften.<\/p>\n<\/li>\n<li>\n<p data-path-to-node=\"7,2,0\"><b data-path-to-node=\"7,2,0\" data-index-in-node=\"0\">Sicherheitszertifizierte Tinten:<\/b> Verarbeitet mit Tinten, die strikt den Spezifikationen ISO 2846-1 und ISO 12647-2 sowie der europ\u00e4ischen Spielzeugrichtlinie (2009\/48\/EG) und den Grenzwerten der Norm EN 71-3 f\u00fcr die Migration sch\u00e4dlicher Substanzen entsprechen.<\/p>\n<\/li>\n<li>\n<p data-path-to-node=\"7,3,0\"><b data-path-to-node=\"7,3,0\" data-index-in-node=\"0\">Nachhaltige Montage:<\/b> Die bedruckte Flagge ist sicher an einem 70 mm langen, FSC\u00ae-zertifizierten Holzstab befestigt, der ausschlie\u00dflich aus nachhaltig bewirtschafteten W\u00e4ldern stammt.<\/p>\n<\/li>\n<\/ul>\n<h2 data-path-to-node=\"8\">Technische Daten<\/h2>\n<ul data-path-to-node=\"9\">\n<li>\n<p data-path-to-node=\"9,0,0\"><b data-path-to-node=\"9,0,0\" data-index-in-node=\"0\">Flaggenabmessungen:<\/b> 25 x 40 mm.<\/p>\n<\/li>\n<li>\n<p data-path-to-node=\"9,1,0\"><b data-path-to-node=\"9,1,0\" data-index-in-node=\"0\">Stockl\u00e4nge:<\/b> 70 mm.<\/p>\n<\/li>\n<li>\n<p data-path-to-node=\"9,2,0\"><b data-path-to-node=\"9,2,0\" data-index-in-node=\"0\">Druckparameter:<\/b> Doppelseitiger digitaler oder Offset-Vollfarbdruck im CMYK-Verfahren. Erm\u00f6glicht unterschiedliche Designs, Anweisungen oder Logos auf beiden Seiten.<\/p>\n<\/li>\n<li>\n<p data-path-to-node=\"9,3,0\"><b data-path-to-node=\"9,3,0\" data-index-in-node=\"0\">Mindestbestellmenge (MOQ):<\/b> 100 St\u00fcck.<\/p>\n<\/li>\n<li>\n<p data-path-to-node=\"9,4,0\"><b data-path-to-node=\"9,4,0\" data-index-in-node=\"0\">Verpackungslogistik:<\/b> Sicher verpackt in REACH-konformen Kartonmaterialien, entsprechend der EU-Verpackungsrichtlinie (94\/62\/EG).<\/p>\n<\/li>\n<\/ul>\n<h2 data-path-to-node=\"10\">Anwendungsf\u00e4lle<\/h2>\n<ul data-path-to-node=\"11\">\n<li>\n<p data-path-to-node=\"11,0,0\">Gewerbliche Catering-Dienstleistungen f\u00fcr die hygienische Zubereitung und das Servieren von Vorspeisen, K\u00e4se und Hors d&#039;oeuvres.<\/p>\n<\/li>\n<li>\n<p data-path-to-node=\"11,1,0\">Restaurantabl\u00e4ufe zur genauen Kennzeichnung von Fleischtemperaturen (z. B. rare, medium, well done).<\/p>\n<\/li>\n<li>\n<p data-path-to-node=\"11,2,0\">Klare visuelle Kennzeichnung von speziellen Ern\u00e4hrungsportionen, einschlie\u00dflich vegetarischer, veganer oder allergenfreier Optionen.<\/p>\n<\/li>\n<li>\n<p data-path-to-node=\"11,3,0\">Die Markenidentit\u00e4t von Firmenveranstaltungen wird direkt in Buffetstationen und Dessertpr\u00e4sentationen integriert.<\/p>\n<\/li>\n<\/ul>","protected":false},"excerpt":{"rendered":"<ul>\n<li>\n<p data-path-to-node=\"4,0,0\">Lebensmittelechte, FSC\u00ae-zertifizierte bedruckte Picks, die f\u00fcr gewerbliches Catering, Restaurants und Firmenveranstaltungen entwickelt wurden.<\/p>\n<\/li>\n<li>\n<p data-path-to-node=\"4,1,0\">Die vollautomatisierte europ\u00e4ische Fertigung gew\u00e4hrleistet strenge Hygienestandards ohne manuelle Eingriffe.<\/p>\n<\/li>\n<li>\n<p data-path-to-node=\"4,2,0\">Bedruckt mit ISO- und EN 71-3-sicherheitszertifizierten Tinten, uneingeschr\u00e4nkt zugelassen f\u00fcr den direkten Lebensmittelkontakt.<\/p>\n<\/li>\n<li>\n<p data-path-to-node=\"4,3,0\">Effiziente Massenproduktion m\u00f6glich, ab einer Mindestbestellmenge von 100 Einheiten.<\/p>\n<\/li>\n<\/ul>","protected":false},"featured_media":7076,"comment_status":"closed","ping_status":"closed","template":"","meta":[],"product_brand":[],"product_cat":[135],"product_tag":[],"class_list":{"0":"post-7075","1":"product","2":"type-product","3":"status-publish","4":"has-post-thumbnail","6":"product_cat-catering-accessories","8":"first","9":"instock","10":"shipping-taxable","11":"purchasable","12":"product-type-simple"},"_links":{"self":[{"href":"https:\/\/wristbandfactory.eu\/de\/wp-json\/wp\/v2\/product\/7075","targetHints":{"allow":["GET"]}}],"collection":[{"href":"https:\/\/wristbandfactory.eu\/de\/wp-json\/wp\/v2\/product"}],"about":[{"href":"https:\/\/wristbandfactory.eu\/de\/wp-json\/wp\/v2\/types\/product"}],"replies":[{"embeddable":true,"href":"https:\/\/wristbandfactory.eu\/de\/wp-json\/wp\/v2\/comments?post=7075"}],"wp:featuredmedia":[{"embeddable":true,"href":"https:\/\/wristbandfactory.eu\/de\/wp-json\/wp\/v2\/media\/7076"}],"wp:attachment":[{"href":"https:\/\/wristbandfactory.eu\/de\/wp-json\/wp\/v2\/media?parent=7075"}],"wp:term":[{"taxonomy":"product_brand","embeddable":true,"href":"https:\/\/wristbandfactory.eu\/de\/wp-json\/wp\/v2\/product_brand?post=7075"},{"taxonomy":"product_cat","embeddable":true,"href":"https:\/\/wristbandfactory.eu\/de\/wp-json\/wp\/v2\/product_cat?post=7075"},{"taxonomy":"product_tag","embeddable":true,"href":"https:\/\/wristbandfactory.eu\/de\/wp-json\/wp\/v2\/product_tag?post=7075"}],"curies":[{"name":"wp","href":"https:\/\/api.w.org\/{rel}","templated":true}]}}