{"id":7052,"date":"2026-04-30T16:19:04","date_gmt":"2026-04-30T13:19:04","guid":{"rendered":"https:\/\/wristbandfactory.eu\/?post_type=product&#038;p=7052"},"modified":"2026-04-30T16:19:04","modified_gmt":"2026-04-30T13:19:04","slug":"custom-auto-folding-smart-bags","status":"publish","type":"product","link":"https:\/\/wristbandfactory.eu\/de\/p\/custom-auto-folding-smart-bags\/","title":{"rendered":"Automatisch faltbare Taschen mit Druck"},"content":{"rendered":"<p data-path-to-node=\"6\">Statten Sie Ihre Kunden und Mitarbeiter mit innovativen, individuell anpassbaren Smart Bags mit automatischer Faltfunktion aus. Diese in den Niederlanden entwickelte Mehrwegtasche verf\u00fcgt \u00fcber einen patentierten automatischen Faltmechanismus mit robusten, speziell entwickelten Falten. Dank dieser Formged\u00e4chtnistechnologie l\u00e4sst sich die Tasche nach Gebrauch sofort wieder auf ein minimales, taschengro\u00dfes Format zusammenfalten. So entf\u00e4llt das l\u00e4stige manuelle Falten und Sie sparen wertvollen Platz im Gep\u00e4ck \u2013 ideal f\u00fcr Gesch\u00e4ftsreisende.<\/p>\n<p data-path-to-node=\"7\">Die aus einem speziell f\u00fcr Extremsportarten entwickelten, hochfesten Material gefertigte Tasche zeichnet sich durch au\u00dfergew\u00f6hnliche Langlebigkeit und eine getestete Tragf\u00e4higkeit von bis zu 23 kg aus. Obwohl das Material d\u00fcnner als Papier ist, ist es extrem widerstandsf\u00e4hig und verf\u00fcgt \u00fcber eine wasserabweisende Beschichtung. Dank einer speziell daf\u00fcr vorgesehenen, stabilen Werbefl\u00e4che auf der kompakten Au\u00dfenschale dienen diese recycelbaren Taschen als hochwertiges und funktionales Werbemittel, das f\u00fcr eine kontinuierliche Unternehmenspr\u00e4senz im Gesch\u00e4ftsalltag, auf dem Weg zur Arbeit und auf Reisen sorgt.<\/p>\n<h2 data-path-to-node=\"8\">Hauptmerkmale<\/h2>\n<ul data-path-to-node=\"9\">\n<li>\n<p data-path-to-node=\"9,0,0\"><b data-path-to-node=\"9,0,0\" data-index-in-node=\"0\">Patentiertes, selbstzusammenklappbares Design:<\/b> Dank der permanenten Formged\u00e4chtnisfalten l\u00e4sst sich die Tasche automatisch auf ein kompaktes, standardisiertes Format zusammenfalten und so leicht verstauen.<\/p>\n<\/li>\n<li>\n<p data-path-to-node=\"9,1,0\"><b data-path-to-node=\"9,1,0\" data-index-in-node=\"0\">Extrem hohe Belastbarkeit:<\/b> Hochfestes technisches Gewebe tr\u00e4gt schwere Industrie- oder pers\u00f6nliche Gegenst\u00e4nde bis zu 23 kg sicher, ohne dass es zu einem Strukturversagen kommt.<\/p>\n<\/li>\n<li>\n<p data-path-to-node=\"9,2,0\"><b data-path-to-node=\"9,2,0\" data-index-in-node=\"0\">Wetterbest\u00e4ndig:<\/b> Die hydrophobe Materialzusammensetzung weist Wasser und Feuchtigkeit auf nat\u00fcrliche Weise ab.<\/p>\n<\/li>\n<li>\n<p data-path-to-node=\"9,3,0\"><b data-path-to-node=\"9,3,0\" data-index-in-node=\"0\">Nachhaltig &amp; recycelbar:<\/b> Hergestellt aus recycelbaren Materialien, um den Anforderungen des Unternehmens im Bereich der Umweltverantwortung gerecht zu werden.<\/p>\n<\/li>\n<\/ul>\n<h2 data-path-to-node=\"10\">Technische Daten<\/h2>\n<ul data-path-to-node=\"11\">\n<li>\n<p data-path-to-node=\"11,0,0\"><b data-path-to-node=\"11,0,0\" data-index-in-node=\"0\">Material:<\/b> D\u00fcnner als Papier, hochfestes Extremsportgewebe<\/p>\n<\/li>\n<li>\n<p data-path-to-node=\"11,1,0\"><b data-path-to-node=\"11,1,0\" data-index-in-node=\"0\">Faltmechanismus:<\/b> Patentierte, automatische, selbstfaltende Formged\u00e4chtnisfalten<\/p>\n<\/li>\n<li>\n<p data-path-to-node=\"11,2,0\"><b data-path-to-node=\"11,2,0\" data-index-in-node=\"0\">Maximale Belastbarkeit:<\/b> 23 kg<\/p>\n<\/li>\n<li>\n<p data-path-to-node=\"11,3,0\"><b data-path-to-node=\"11,3,0\" data-index-in-node=\"0\">Oberfl\u00e4cheneigenschaften:<\/b> Hydrophob (wasserabweisend)<\/p>\n<\/li>\n<li>\n<p data-path-to-node=\"11,4,0\"><b data-path-to-node=\"11,4,0\" data-index-in-node=\"0\">Anpassungsmethode:<\/b> Tampondruck oder Digitaldruck auf der integrierten starren Au\u00dfenplatte<\/p>\n<\/li>\n<\/ul>\n<h2 data-path-to-node=\"12\">Anwendungsf\u00e4lle<\/h2>\n<ul data-path-to-node=\"13\">\n<li>\n<p data-path-to-node=\"13,0,0\"><b data-path-to-node=\"13,0,0\" data-index-in-node=\"0\">Hochwertige Firmengeschenke:<\/b> Ein innovatives, hochwirksames Produkt f\u00fcr F\u00fchrungskr\u00e4fte, VIP-Kunden und Partner entwickeln.<\/p>\n<\/li>\n<li>\n<p data-path-to-node=\"13,1,0\"><b data-path-to-node=\"13,1,0\" data-index-in-node=\"0\">Messen und Konferenzen:<\/b> Verteilen Sie eine \u00e4u\u00dferst praktische, platzsparende Tasche, die die Teilnehmer auch lange nach Veranstaltungsende behalten und verwenden werden.<\/p>\n<\/li>\n<li>\n<p data-path-to-node=\"13,2,0\"><b data-path-to-node=\"13,2,0\" data-index-in-node=\"0\">Willkommenspakete f\u00fcr Mitarbeiter:<\/b> Statten Sie Ihre Mitarbeiter mit einem langlebigen, alltagstauglichen Gebrauchsgegenstand aus, der die moderne Markenidentit\u00e4t und Funktionalit\u00e4t des Unternehmens unterstreicht.<\/p>\n<\/li>\n<\/ul>","protected":false},"excerpt":{"rendered":"<ul>\n<li>\n<p data-path-to-node=\"5,0,0\">Ausgestattet mit patentierter Formged\u00e4chtnistechnologie f\u00fcr automatisches, selbstzusammenfaltendes Zusammenklappen zu einem \u00e4u\u00dferst kompakten Profil<\/p>\n<\/li>\n<li>\n<p data-path-to-node=\"5,1,0\">Hergestellt aus hochfestem, f\u00fcr Extremsportarten geeignetem Gewebe, das Belastungen bis zu 23 kg standh\u00e4lt.<\/p>\n<\/li>\n<li>\n<p data-path-to-node=\"5,2,0\">Verf\u00fcgt \u00fcber eine hydrophobe, wasserabweisende Oberfl\u00e4che zum Schutz von Inhalten in verschiedenen gewerblichen und Au\u00dfenumgebungen<\/p>\n<\/li>\n<li>\n<p data-path-to-node=\"5,3,0\">Bietet eine prominente, flache Brandingfl\u00e4che auf der gefalteten Au\u00dfenseite f\u00fcr gut sichtbare Firmenlogos.<\/p>\n<\/li>\n<\/ul>","protected":false},"featured_media":7053,"comment_status":"closed","ping_status":"closed","template":"","meta":[],"product_brand":[],"product_cat":[131],"product_tag":[],"class_list":{"0":"post-7052","1":"product","2":"type-product","3":"status-publish","4":"has-post-thumbnail","6":"product_cat-custom-bags-totes","8":"first","9":"instock","10":"shipping-taxable","11":"purchasable","12":"product-type-simple"},"_links":{"self":[{"href":"https:\/\/wristbandfactory.eu\/de\/wp-json\/wp\/v2\/product\/7052","targetHints":{"allow":["GET"]}}],"collection":[{"href":"https:\/\/wristbandfactory.eu\/de\/wp-json\/wp\/v2\/product"}],"about":[{"href":"https:\/\/wristbandfactory.eu\/de\/wp-json\/wp\/v2\/types\/product"}],"replies":[{"embeddable":true,"href":"https:\/\/wristbandfactory.eu\/de\/wp-json\/wp\/v2\/comments?post=7052"}],"wp:featuredmedia":[{"embeddable":true,"href":"https:\/\/wristbandfactory.eu\/de\/wp-json\/wp\/v2\/media\/7053"}],"wp:attachment":[{"href":"https:\/\/wristbandfactory.eu\/de\/wp-json\/wp\/v2\/media?parent=7052"}],"wp:term":[{"taxonomy":"product_brand","embeddable":true,"href":"https:\/\/wristbandfactory.eu\/de\/wp-json\/wp\/v2\/product_brand?post=7052"},{"taxonomy":"product_cat","embeddable":true,"href":"https:\/\/wristbandfactory.eu\/de\/wp-json\/wp\/v2\/product_cat?post=7052"},{"taxonomy":"product_tag","embeddable":true,"href":"https:\/\/wristbandfactory.eu\/de\/wp-json\/wp\/v2\/product_tag?post=7052"}],"curies":[{"name":"wp","href":"https:\/\/api.w.org\/{rel}","templated":true}]}}