{"id":7010,"date":"2026-03-12T15:05:40","date_gmt":"2026-03-12T12:05:40","guid":{"rendered":"https:\/\/wristbandfactory.eu\/?post_type=product&#038;p=7010"},"modified":"2026-03-12T15:05:40","modified_gmt":"2026-03-12T12:05:40","slug":"custom-rainbow-grip-ball-pens","status":"publish","type":"product","link":"https:\/\/wristbandfactory.eu\/de\/p\/custom-rainbow-grip-ball-pens\/","title":{"rendered":"Regenbogen Kugelschreiber mit Logo"},"content":{"rendered":"<p data-path-to-node=\"5\">Diese Kugelschreiber mit Druckknopfmechanismus sind ein praktisches und gut sichtbares Werbemittel f\u00fcr Unternehmen, Messen und Sensibilisierungskampagnen. <span class=\"citation-28 citation-end-28\">Der Stift verf\u00fcgt \u00fcber einen schlichten wei\u00dfen Schaft, der eine optimale Fl\u00e4che f\u00fcr das Corporate Branding bietet und daf\u00fcr sorgt, dass Logos und Botschaften gut sichtbar und leicht lesbar bleiben.<\/span> Die Erg\u00e4nzung durch einen mehrfarbigen Regenbogengriff bietet nicht nur ergonomischen Komfort bei allt\u00e4glichen B\u00fcroarbeiten, sondern gew\u00e4hrleistet auch eine sofortige visuelle Erkennbarkeit, was dieses Produkt zu einem \u00e4u\u00dferst effektiven Werbeartikel f\u00fcr den Vertrieb in gro\u00dfen Mengen macht.<\/p>\n<h2 data-path-to-node=\"6\">Hauptmerkmale<\/h2>\n<ul data-path-to-node=\"7\">\n<li>\n<p data-path-to-node=\"7,0,0\">Optimierte Werbefl\u00e4che: Der glatte, wei\u00dfe Schaft ist speziell f\u00fcr den hochaufl\u00f6senden Druck von Firmenlogos und Texten konzipiert.<\/p>\n<\/li>\n<li>\n<p data-path-to-node=\"7,1,0\">Ergonomischer Regenbogen-Griff: Der gummierte, mehrfarbige Griff bietet taktilen Komfort und eine gut sichtbare Optik.<\/p>\n<\/li>\n<li>\n<p data-path-to-node=\"7,2,0\"><span class=\"citation-27 citation-end-27\">Hochwertige Hardware-Konstruktion: Ausgestattet mit einem robusten Druckknopfmechanismus, einem sicheren Metallclip und verchromten Beschl\u00e4gen f\u00fcr ein professionelles und langlebiges Finish.<\/span><\/p>\n<\/li>\n<li>\n<p data-path-to-node=\"7,3,0\"><span class=\"citation-26 citation-end-26\">Zuverl\u00e4ssige Leistung: Enth\u00e4lt hochwertige blaue Tinte, die f\u00fcr den \u00fcblichen Einsatz in Unternehmen, der Verwaltung und bei der Veranstaltungsregistrierung geeignet ist.<\/span><\/p>\n<\/li>\n<\/ul>\n<h2 data-path-to-node=\"8\">Technische Daten<\/h2>\n<ul data-path-to-node=\"9\">\n<li>\n<p data-path-to-node=\"9,0,0\">Mechanismus: Druckknopf<\/p>\n<\/li>\n<li>\n<p data-path-to-node=\"9,1,0\">Oberfl\u00e4che des Fasses: Vollwei\u00df<\/p>\n<\/li>\n<li>\n<p data-path-to-node=\"9,2,0\">Griffdesign: Mehrfarbig (Regenbogenmuster)<\/p>\n<\/li>\n<li>\n<p data-path-to-node=\"9,3,0\">Beschl\u00e4ge: Metallclip mit verchromten Beschl\u00e4gen<\/p>\n<\/li>\n<li>\n<p data-path-to-node=\"9,4,0\">Tintenfarbe: Blau<\/p>\n<\/li>\n<\/ul>\n<h2 data-path-to-node=\"10\">Anwendungsf\u00e4lle<\/h2>\n<ul data-path-to-node=\"11\">\n<li>\n<p data-path-to-node=\"11,0,0\">Werbegeschenke in gro\u00dfen Mengen f\u00fcr Messen, Konferenzen und Firmenausstellungen.<\/p>\n<\/li>\n<li>\n<p data-path-to-node=\"11,1,0\">Funktionale, markenbezogene B\u00fcroartikel f\u00fcr interne Sensibilisierungskampagnen und Initiativen zur F\u00f6rderung der Vielfalt.<\/p>\n<\/li>\n<li>\n<p data-path-to-node=\"11,2,0\">Praktische Artikel f\u00fcr Spendenaktionen, Anmeldeschalter und gemeinn\u00fctzige Projekte.<\/p>\n<\/li>\n<\/ul>","protected":false},"excerpt":{"rendered":"<ul>\n<li>\n<p data-path-to-node=\"4,0,0\"><span class=\"citation-30 citation-end-30\">Verf\u00fcgt \u00fcber einen kontrastreichen wei\u00dfen Schaft, der speziell f\u00fcr den klaren und gut sichtbaren Druck von Firmenlogos optimiert ist.<\/span><\/p>\n<\/li>\n<li>\n<p data-path-to-node=\"4,1,0\">Ausgestattet mit einem ergonomischen, mehrfarbigen Regenbogen-Griff f\u00fcr optimalen Komfort auch bei l\u00e4ngeren Schreibsitzungen.<\/p>\n<\/li>\n<li>\n<p data-path-to-node=\"4,2,0\"><span class=\"citation-29 citation-end-29\">Ausgestattet mit einem zuverl\u00e4ssigen Druckknopfmechanismus, einem robusten Metallclip und hochwertigen, verchromten Beschl\u00e4gen.<\/span><\/p>\n<\/li>\n<li>\n<p data-path-to-node=\"4,3,0\">Es wird mit standardm\u00e4\u00dfiger blauer Tinte geliefert und ist somit ein \u00e4u\u00dferst praktisches Werbemittel f\u00fcr Unternehmen und Veranstaltungen.<\/p>\n<\/li>\n<\/ul>","protected":false},"featured_media":7011,"comment_status":"closed","ping_status":"closed","template":"","meta":[],"product_brand":[],"product_cat":[134],"product_tag":[],"class_list":{"0":"post-7010","1":"product","2":"type-product","3":"status-publish","4":"has-post-thumbnail","6":"product_cat-awareness-pride-national-event-merchandise","8":"first","9":"instock","10":"shipping-taxable","11":"purchasable","12":"product-type-simple"},"_links":{"self":[{"href":"https:\/\/wristbandfactory.eu\/de\/wp-json\/wp\/v2\/product\/7010","targetHints":{"allow":["GET"]}}],"collection":[{"href":"https:\/\/wristbandfactory.eu\/de\/wp-json\/wp\/v2\/product"}],"about":[{"href":"https:\/\/wristbandfactory.eu\/de\/wp-json\/wp\/v2\/types\/product"}],"replies":[{"embeddable":true,"href":"https:\/\/wristbandfactory.eu\/de\/wp-json\/wp\/v2\/comments?post=7010"}],"wp:featuredmedia":[{"embeddable":true,"href":"https:\/\/wristbandfactory.eu\/de\/wp-json\/wp\/v2\/media\/7011"}],"wp:attachment":[{"href":"https:\/\/wristbandfactory.eu\/de\/wp-json\/wp\/v2\/media?parent=7010"}],"wp:term":[{"taxonomy":"product_brand","embeddable":true,"href":"https:\/\/wristbandfactory.eu\/de\/wp-json\/wp\/v2\/product_brand?post=7010"},{"taxonomy":"product_cat","embeddable":true,"href":"https:\/\/wristbandfactory.eu\/de\/wp-json\/wp\/v2\/product_cat?post=7010"},{"taxonomy":"product_tag","embeddable":true,"href":"https:\/\/wristbandfactory.eu\/de\/wp-json\/wp\/v2\/product_tag?post=7010"}],"curies":[{"name":"wp","href":"https:\/\/api.w.org\/{rel}","templated":true}]}}