{"id":7002,"date":"2026-03-12T12:27:41","date_gmt":"2026-03-12T09:27:41","guid":{"rendered":"https:\/\/wristbandfactory.eu\/?post_type=product&#038;p=7002"},"modified":"2026-03-12T12:27:41","modified_gmt":"2026-03-12T09:27:41","slug":"custom-rainbow-heart-stress-balls","status":"publish","type":"product","link":"https:\/\/wristbandfactory.eu\/de\/p\/custom-rainbow-heart-stress-balls\/","title":{"rendered":"Regenbogen Anti-Stress-Herzen mit Logo"},"content":{"rendered":"<p data-path-to-node=\"4\"><span class=\"citation-11 citation-end-11\">Diese herzf\u00f6rmigen, mehrfarbigen Stressabbau-Artikel bieten eine funktionelle und haptische Werbel\u00f6sung f\u00fcr betriebliche Gesundheitsinitiativen, Gesundheitskampagnen und Sensibilisierungsveranstaltungen.<\/span> Hergestellt aus strapazierf\u00e4higem, hochdichtem PU-Schaum, zeichnen sie sich durch eine gl\u00e4nzende Oberfl\u00e4che aus, die auch bei h\u00e4ufigem Gebrauch ihre Formstabilit\u00e4t und ihr Aussehen bewahrt. Das ergonomische Herzdesign dient als praktischer Mechanismus zur Stressentlastung und bietet gleichzeitig markante, definierte Fl\u00e4chen f\u00fcr Corporate Branding und Botschaften.<\/p>\n<h2 data-path-to-node=\"5\">Hauptmerkmale<\/h2>\n<ul data-path-to-node=\"6\">\n<li>\n<p data-path-to-node=\"6,0,0\">Strapazierf\u00e4hige PU-Konstruktion: Der widerstandsf\u00e4hige Polyurethank\u00f6rper gew\u00e4hrleistet langfristige Formbest\u00e4ndigkeit und taktile Widerstandsf\u00e4higkeit.<\/p>\n<\/li>\n<li>\n<p data-path-to-node=\"6,1,0\">Vielseitige Branding-M\u00f6glichkeiten: Speziell entwickelt, um verschiedene Logo-Anwendungsmethoden zu unterst\u00fctzen und eine genaue Markenwiedergabe zu gew\u00e4hrleisten.<\/p>\n<\/li>\n<li>\n<p data-path-to-node=\"6,2,0\">Zwei Druckbereiche: Ausgestattet mit zwei separaten 18 x 18 mm gro\u00dfen bedruckbaren Oberfl\u00e4chen, um die Sichtbarkeit des Unternehmens aus verschiedenen Blickwinkeln zu maximieren.<\/p>\n<\/li>\n<li>\n<p data-path-to-node=\"6,3,0\">\u00c4sthetische Wirkung mit hoher Sichtbarkeit: Das mehrfarbige Regenbogen-Design garantiert sofortige visuelle Erkennbarkeit bei gro\u00df angelegten Werbeaktionen.<\/p>\n<\/li>\n<\/ul>\n<h2 data-path-to-node=\"7\">Technische Daten<\/h2>\n<ul data-path-to-node=\"8\">\n<li>\n<p data-path-to-node=\"8,0,0\">Material: Polyurethanschaum (PU) mit gl\u00e4nzender Oberfl\u00e4che<\/p>\n<\/li>\n<li>\n<p data-path-to-node=\"8,1,0\">Form: Herz<\/p>\n<\/li>\n<li>\n<p data-path-to-node=\"8,2,0\">Design: Mehrfarbig (Regenbogenmuster)<\/p>\n<\/li>\n<li>\n<p data-path-to-node=\"8,3,0\">Druckbereich 1: Maximal 18 x 18 mm<\/p>\n<\/li>\n<li>\n<p data-path-to-node=\"8,4,0\">Druckbereich 2: Maximal 18 x 18 mm<\/p>\n<\/li>\n<li>\n<p data-path-to-node=\"8,5,0\">Unterst\u00fctzte Branding-Techniken: Tampondruck (max. 1 Farbe), Lasergravur (max. 1 Farbe), Digitaldruck (Vollfarbe, bis zu 5 cm\u00b2)<\/p>\n<\/li>\n<\/ul>\n<h2 data-path-to-node=\"9\">Anwendungsf\u00e4lle<\/h2>\n<ul data-path-to-node=\"10\">\n<li>\n<p data-path-to-node=\"10,0,0\"><span class=\"citation-10 citation-end-10\">Haptische Werbegeschenke f\u00fcr betriebliche Gesundheitsprogramme und Mitarbeitergesundheitsinitiativen.<\/span><\/p>\n<\/li>\n<li>\n<p data-path-to-node=\"10,1,0\">Gro\u00dfvolumige Merchandise-Artikel f\u00fcr medizinische Konferenzen, Messen im Gesundheitswesen und Wohlt\u00e4tigkeitsaktionen.<\/p>\n<\/li>\n<li>\n<p data-path-to-node=\"10,2,0\">Markenartikel f\u00fcr nationale Sensibilisierungskampagnen und Pride-Veranstaltungen.<\/p>\n<\/li>\n<\/ul>","protected":false},"excerpt":{"rendered":"<ul data-path-to-node=\"3\">\n<li>\n<p data-path-to-node=\"3,0,0\"><span class=\"citation-13 citation-end-13\">Hergestellt aus hochdichtem, formbarem PU-Schaum mit einer gl\u00e4nzenden, strapazierf\u00e4higen Oberfl\u00e4che.<\/span><\/p>\n<\/li>\n<li>\n<p data-path-to-node=\"3,1,0\"><span class=\"citation-12 citation-end-12\">Es zeichnet sich durch eine markante Herzform in Kombination mit einem gut sichtbaren, mehrfarbigen Regenbogenmuster aus.<\/span><\/p>\n<\/li>\n<li>\n<p data-path-to-node=\"3,2,0\">Bietet zwei 18 x 18 mm gro\u00dfe Branding-Bereiche f\u00fcr pr\u00e4zise Firmenlogos.<\/p>\n<\/li>\n<li>\n<p data-path-to-node=\"3,3,0\">Unterst\u00fctzt vielseitige Branding-Techniken, darunter Tampondruck, Lasergravur und vollfarbiger Digitaldruck.<\/p>\n<\/li>\n<\/ul>","protected":false},"featured_media":7003,"comment_status":"closed","ping_status":"closed","template":"","meta":[],"product_brand":[],"product_cat":[134],"product_tag":[],"class_list":{"0":"post-7002","1":"product","2":"type-product","3":"status-publish","4":"has-post-thumbnail","6":"product_cat-awareness-pride-national-event-merchandise","8":"first","9":"instock","10":"shipping-taxable","11":"purchasable","12":"product-type-simple"},"_links":{"self":[{"href":"https:\/\/wristbandfactory.eu\/de\/wp-json\/wp\/v2\/product\/7002","targetHints":{"allow":["GET"]}}],"collection":[{"href":"https:\/\/wristbandfactory.eu\/de\/wp-json\/wp\/v2\/product"}],"about":[{"href":"https:\/\/wristbandfactory.eu\/de\/wp-json\/wp\/v2\/types\/product"}],"replies":[{"embeddable":true,"href":"https:\/\/wristbandfactory.eu\/de\/wp-json\/wp\/v2\/comments?post=7002"}],"wp:featuredmedia":[{"embeddable":true,"href":"https:\/\/wristbandfactory.eu\/de\/wp-json\/wp\/v2\/media\/7003"}],"wp:attachment":[{"href":"https:\/\/wristbandfactory.eu\/de\/wp-json\/wp\/v2\/media?parent=7002"}],"wp:term":[{"taxonomy":"product_brand","embeddable":true,"href":"https:\/\/wristbandfactory.eu\/de\/wp-json\/wp\/v2\/product_brand?post=7002"},{"taxonomy":"product_cat","embeddable":true,"href":"https:\/\/wristbandfactory.eu\/de\/wp-json\/wp\/v2\/product_cat?post=7002"},{"taxonomy":"product_tag","embeddable":true,"href":"https:\/\/wristbandfactory.eu\/de\/wp-json\/wp\/v2\/product_tag?post=7002"}],"curies":[{"name":"wp","href":"https:\/\/api.w.org\/{rel}","templated":true}]}}