{"id":6993,"date":"2026-03-12T10:44:59","date_gmt":"2026-03-12T07:44:59","guid":{"rendered":"https:\/\/wristbandfactory.eu\/?post_type=product&#038;p=6993"},"modified":"2026-03-12T10:44:59","modified_gmt":"2026-03-12T07:44:59","slug":"custom-adjustable-silicone-wristbands-with-metal-plate","status":"publish","type":"product","link":"https:\/\/wristbandfactory.eu\/de\/p\/custom-adjustable-silicone-wristbands-with-metal-plate\/","title":{"rendered":"Verstellbare Silikon-Armb\u00e4nder mit Metallplatte mit Logo"},"content":{"rendered":"<p data-path-to-node=\"6\">Bieten Sie Ihren Kunden bei Firmenveranstaltungen, Teambuilding-Events und Werbekampagnen mit unseren individuell gestaltbaren, verstellbaren Silikonarmb\u00e4ndern ein elegantes und funktionales Accessoire. Speziell f\u00fcr den B2B-Markt entwickelt, kombinieren diese Armb\u00e4nder ein schlankes, hygienisches Silikonband mit einer hochwertigen Metallplatte. Dank des verstellbaren Designs sitzt jedes Armband bequem, w\u00e4hrend die Metallapplikation die Wertigkeit Ihrer Werbeartikel unterstreicht und sie von herk\u00f6mmlichen Einwegarmb\u00e4ndern abhebt.<\/p>\n<h2 data-path-to-node=\"7\">Hauptmerkmale<\/h2>\n<ul data-path-to-node=\"8\">\n<li>\n<p data-path-to-node=\"8,0,0\">Hochkontrastige Metalloberfl\u00e4che, die f\u00fcr detaillierte Laser-YAG-Gravuren zur dauerhaften und kratzfesten Logoapplikation entwickelt wurde.<\/p>\n<\/li>\n<li>\n<p data-path-to-node=\"8,1,0\">Dank eines intelligenten Schiebeknotenmechanismus l\u00e4sst sich das Silikonarmband unbedruckt verstellen, sodass f\u00fcr eine einzige Veranstaltung keine unterschiedlichen Gr\u00f6\u00dfen bestellt und verwaltet werden m\u00fcssen.<\/p>\n<\/li>\n<li>\n<p data-path-to-node=\"8,2,0\">Das flexible Silikonmaterial ist wasserabweisend (100%), hypoallergen und leicht zu reinigen und eignet sich daher ideal f\u00fcr den aktiven oder mehrt\u00e4gigen Einsatz.<\/p>\n<\/li>\n<li>\n<p data-path-to-node=\"8,3,0\">Strukturierte Verf\u00fcgbarkeit im Gro\u00dfhandel, Verkauf ausschlie\u00dflich in standardisierten Chargen von 12 Einheiten f\u00fcr eine effiziente Logistik und Veranstaltungsplanung.<\/p>\n<\/li>\n<\/ul>\n<h2 data-path-to-node=\"9\">Technische Daten<\/h2>\n<ul data-path-to-node=\"10\">\n<li>\n<p data-path-to-node=\"10,0,0\">Armbandmaterial: Flexibles Silikonarmband.<\/p>\n<\/li>\n<li>\n<p data-path-to-node=\"10,1,0\">Abmessungen der Metallplatte: 4,2 x 1,5 cm.<\/p>\n<\/li>\n<li>\n<p data-path-to-node=\"10,2,0\">Gravurfl\u00e4che: 35,00 x 12,00 mm.<\/p>\n<\/li>\n<li>\n<p data-path-to-node=\"10,3,0\">Empfohlene Markierungstechnik: Laser YAG (L).<\/p>\n<\/li>\n<li>\n<p data-path-to-node=\"10,4,0\">Bestellmenge: Mindestbestellmenge und nachfolgende Erh\u00f6hungen erfolgen strikt in Vielfachen von 12 Einheiten.<\/p>\n<\/li>\n<li>\n<p data-path-to-node=\"10,5,0\">Verschluss: Verstellbare Schiebeknoten.<\/p>\n<\/li>\n<\/ul>\n<h2 data-path-to-node=\"11\">Anwendungsf\u00e4lle<\/h2>\n<ul data-path-to-node=\"12\">\n<li>\n<p data-path-to-node=\"12,0,0\">Hochwertige Werbeartikel f\u00fcr Technologieunternehmen, Fitnessclubs und Outdoor-Lifestyle-Marken.<\/p>\n<\/li>\n<li>\n<p data-path-to-node=\"12,1,0\">Dauerhafte Teilnehmerkennzeichnung f\u00fcr Teambuilding-Retreats, Sportwettk\u00e4mpfe und sportliche Veranstaltungen.<\/p>\n<\/li>\n<li>\n<p data-path-to-node=\"12,2,0\">Hochwertige Werbegeschenke mit hoher Kundenbindung f\u00fcr Messen, Ausstellungen und Universit\u00e4tsveranstaltungen.<\/p>\n<\/li>\n<li>\n<p data-path-to-node=\"12,3,0\">Langlebige Geschenke zur Spenderanerkennung f\u00fcr Wohlt\u00e4tigkeitskampagnen und gemeinn\u00fctzige Organisationen.<\/p>\n<\/li>\n<\/ul>","protected":false},"excerpt":{"rendered":"<ul>\n<li>\n<p data-path-to-node=\"5,0,0\">Hergestellt aus strapazierf\u00e4higem, wasserabweisendem Silikon mit einem verstellbaren Schiebeknotenmechanismus f\u00fcr eine universelle Passform.<\/p>\n<\/li>\n<li>\n<p data-path-to-node=\"5,1,0\">Verf\u00fcgt \u00fcber eine 4,2 x 1,5 cm gro\u00dfe Metall-Fokusplatte, die f\u00fcr pr\u00e4zise und dauerhafte Laser-YAG-Gravuren optimiert ist.<\/p>\n<\/li>\n<li>\n<p data-path-to-node=\"5,2,0\">Eine eigens daf\u00fcr vorgesehene 35 x 12 mm gro\u00dfe Werbefl\u00e4che gew\u00e4hrleistet eine klare und dauerhafte Sichtbarkeit des Firmenlogos.<\/p>\n<\/li>\n<li>\n<p data-path-to-node=\"5,3,0\">Die Lieferung erfolgt ausschlie\u00dflich in Vielfachen von 12 Einheiten, um eine reibungslose Beschaffung im Gro\u00dfhandel und eine effiziente Lagerverwaltung zu gew\u00e4hrleisten.<\/p>\n<\/li>\n<\/ul>","protected":false},"featured_media":6994,"comment_status":"closed","ping_status":"closed","template":"","meta":[],"product_brand":[],"product_cat":[49],"product_tag":[],"class_list":{"0":"post-6993","1":"product","2":"type-product","3":"status-publish","4":"has-post-thumbnail","6":"product_cat-silicone","8":"first","9":"instock","10":"shipping-taxable","11":"product-type-simple"},"_links":{"self":[{"href":"https:\/\/wristbandfactory.eu\/de\/wp-json\/wp\/v2\/product\/6993","targetHints":{"allow":["GET"]}}],"collection":[{"href":"https:\/\/wristbandfactory.eu\/de\/wp-json\/wp\/v2\/product"}],"about":[{"href":"https:\/\/wristbandfactory.eu\/de\/wp-json\/wp\/v2\/types\/product"}],"replies":[{"embeddable":true,"href":"https:\/\/wristbandfactory.eu\/de\/wp-json\/wp\/v2\/comments?post=6993"}],"wp:featuredmedia":[{"embeddable":true,"href":"https:\/\/wristbandfactory.eu\/de\/wp-json\/wp\/v2\/media\/6994"}],"wp:attachment":[{"href":"https:\/\/wristbandfactory.eu\/de\/wp-json\/wp\/v2\/media?parent=6993"}],"wp:term":[{"taxonomy":"product_brand","embeddable":true,"href":"https:\/\/wristbandfactory.eu\/de\/wp-json\/wp\/v2\/product_brand?post=6993"},{"taxonomy":"product_cat","embeddable":true,"href":"https:\/\/wristbandfactory.eu\/de\/wp-json\/wp\/v2\/product_cat?post=6993"},{"taxonomy":"product_tag","embeddable":true,"href":"https:\/\/wristbandfactory.eu\/de\/wp-json\/wp\/v2\/product_tag?post=6993"}],"curies":[{"name":"wp","href":"https:\/\/api.w.org\/{rel}","templated":true}]}}