{"id":6980,"date":"2026-03-10T12:49:44","date_gmt":"2026-03-10T09:49:44","guid":{"rendered":"https:\/\/wristbandfactory.eu\/?post_type=product&#038;p=6980"},"modified":"2026-03-10T12:49:44","modified_gmt":"2026-03-10T09:49:44","slug":"custom-wool-felt-slippers-with-logo","status":"publish","type":"product","link":"https:\/\/wristbandfactory.eu\/de\/p\/custom-wool-felt-slippers-with-logo\/","title":{"rendered":"Filz-Hausschuhe mit Logo"},"content":{"rendered":"<p data-path-to-node=\"7\">Steigern Sie das G\u00e4steerlebnis mit hochwertigen Hausschuhen aus Wollfilz, die speziell f\u00fcr die hohen Anspr\u00fcche der modernen Hotellerie und als exklusive Firmengeschenke entwickelt wurden. Im Gegensatz zu Einweg-Hotelhausschuhen bieten diese robusten Filz-Alternativen \u00fcberragenden Komfort, verbesserte Langlebigkeit und ein klares Bekenntnis zu nachhaltigen, umweltfreundlichen Materialien. Die nat\u00fcrliche Atmungsaktivit\u00e4t der Wolle sorgt f\u00fcr ein angenehmes Raumklima und macht die Hausschuhe ideal f\u00fcr den ganzj\u00e4hrigen Einsatz in Innenr\u00e4umen.<\/p>\n<h2 data-path-to-node=\"8\">Hauptmerkmale<\/h2>\n<ul data-path-to-node=\"9\">\n<li>\n<p data-path-to-node=\"9,0,0\"><b data-path-to-node=\"9,0,0\" data-index-in-node=\"0\">Materialzusammensetzung:<\/b> Hergestellt aus hochwertigem 3 mm Wollfilz, kombiniert mit einer speziellen rutschfesten Unterseite f\u00fcr maximale Sicherheit auf Hartholz-, Fliesen- und Marmoroberfl\u00e4chen.<\/p>\n<\/li>\n<li>\n<p data-path-to-node=\"9,1,0\"><b data-path-to-node=\"9,1,0\" data-index-in-node=\"0\">Anpassungstechniken:<\/b> Gestalten Sie die Schuhe Ihrer G\u00e4ste individuell mit dezenter Lasergravur (die einen edlen Pr\u00e4geeffekt erzeugt), hochwertiger Stickerei f\u00fcr eine strukturierte Optik oder lebendigem Siebdruck.<\/p>\n<\/li>\n<li>\n<p data-path-to-node=\"9,2,0\"><b data-path-to-node=\"9,2,0\" data-index-in-node=\"0\">Ergonomisches Design:<\/b> Sie zeichnen sich durch eine strukturierte und dennoch flexible Passform aus, die sich dem Fu\u00df des Tr\u00e4gers anpasst und somit eine deutliche Verbesserung gegen\u00fcber herk\u00f6mmlichen, flach verpackten Hausschuhen darstellt.<\/p>\n<\/li>\n<\/ul>\n<h2 data-path-to-node=\"10\">Technische Daten<\/h2>\n<ul data-path-to-node=\"11\">\n<li>\n<p data-path-to-node=\"11,0,0\"><b data-path-to-node=\"11,0,0\" data-index-in-node=\"0\">Grundmaterial:<\/b> 3 mm Wollfilz<\/p>\n<\/li>\n<li>\n<p data-path-to-node=\"11,1,0\"><b data-path-to-node=\"11,1,0\" data-index-in-node=\"0\">Sohle, einzig, alleinig:<\/b> Integrierte Antirutschschicht<\/p>\n<\/li>\n<li>\n<p data-path-to-node=\"11,2,0\"><b data-path-to-node=\"11,2,0\" data-index-in-node=\"0\">Mindestbestellmenge:<\/b> 50 Paare<\/p>\n<\/li>\n<li>\n<p data-path-to-node=\"11,3,0\"><b data-path-to-node=\"11,3,0\" data-index-in-node=\"0\">Verf\u00fcgbare Gr\u00f6\u00dfen:<\/b><\/p>\n<ul data-path-to-node=\"11,3,1\">\n<li>\n<p data-path-to-node=\"11,3,1,0,0\"><b data-path-to-node=\"11,3,1,0,0\" data-index-in-node=\"0\">M:<\/b> 28 cm (entspricht ca. EU-Gr\u00f6\u00dfe 38-40)<\/p>\n<\/li>\n<li>\n<p data-path-to-node=\"11,3,1,1,0\"><b data-path-to-node=\"11,3,1,1,0\" data-index-in-node=\"0\">L:<\/b> 30 cm (passend f\u00fcr ca. EU-Gr\u00f6\u00dfe 41-43)<\/p>\n<\/li>\n<li>\n<p data-path-to-node=\"11,3,1,2,0\"><b data-path-to-node=\"11,3,1,2,0\" data-index-in-node=\"0\">XL:<\/b> 32 cm (entspricht ca. EU-Gr\u00f6\u00dfe 44-46)<\/p>\n<\/li>\n<\/ul>\n<\/li>\n<\/ul>\n<h2 data-path-to-node=\"12\">Anwendungsf\u00e4lle<\/h2>\n<ul data-path-to-node=\"13\">\n<li>\n<p data-path-to-node=\"13,0,0\"><b data-path-to-node=\"13,0,0\" data-index-in-node=\"0\">Boutique-Hotels &amp; Resorts:<\/b> Ein hochwertiges Extra im Zimmer, das die Markenqualit\u00e4t st\u00e4rkt und die allgemeine G\u00e4stezufriedenheit steigert.<\/p>\n<\/li>\n<li>\n<p data-path-to-node=\"13,1,0\"><b data-path-to-node=\"13,1,0\" data-index-in-node=\"0\">Luxus-Spas &amp; Wellnesszentren:<\/b> Sicheres, bequemes und rutschfestes Schuhwerk f\u00fcr G\u00e4ste, die sich in nassen oder glatten Behandlungsbereichen bewegen.<\/p>\n<\/li>\n<li>\n<p data-path-to-node=\"13,2,0\"><b data-path-to-node=\"13,2,0\" data-index-in-node=\"0\">Firmenausfl\u00fcge &amp; Geschenke:<\/b> Ein au\u00dfergew\u00f6hnliches, hochgesch\u00e4tztes Firmengeschenk f\u00fcr Wintergipfel, die Einarbeitung von F\u00fchrungskr\u00e4ften oder Weihnachtspakete.<\/p>\n<\/li>\n<\/ul>","protected":false},"excerpt":{"rendered":"<p data-path-to-node=\"5\">Hochwertige 3 mm Wollfilz-G\u00e4stepantoffeln, ideal f\u00fcr Boutique-Hotels, Luxus-Spas und exklusive Firmenveranstaltungen. Komfortabel und sicher dank integrierter Antirutschsohle.<\/p>\n<ul data-path-to-node=\"6\">\n<li>\n<p data-path-to-node=\"6,0,0\"><b data-path-to-node=\"6,0,0\" data-index-in-node=\"0\">Hochwertiges Material:<\/b> Hergestellt aus dichtem 3 mm Wollfilz, bietet es hervorragende W\u00e4rmed\u00e4mmung, Atmungsaktivit\u00e4t und ein luxuri\u00f6ses haptisches Erlebnis.<\/p>\n<\/li>\n<li>\n<p data-path-to-node=\"6,1,0\"><b data-path-to-node=\"6,1,0\" data-index-in-node=\"0\">Sicherheit geht vor:<\/b> Verf\u00fcgt \u00fcber eine spezielle rutschfeste Unterseite, die f\u00fcr sicheren Halt auf glatten Hotel- und Spa-B\u00f6den sorgt.<\/p>\n<\/li>\n<li>\n<p data-path-to-node=\"6,2,0\"><b data-path-to-node=\"6,2,0\" data-index-in-node=\"0\">Universelle Gr\u00f6\u00dfen:<\/b> Erh\u00e4ltlich in drei vielseitigen Gr\u00f6\u00dfen (M, L, XL) f\u00fcr europ\u00e4ische Schuhgr\u00f6\u00dfen von 38 bis 46.<\/p>\n<\/li>\n<li>\n<p data-path-to-node=\"6,3,0\"><b data-path-to-node=\"6,3,0\" data-index-in-node=\"0\">Elegantes Branding:<\/b> Unterst\u00fctzung f\u00fcr hochpr\u00e4zise Lasergravur, detaillierte Stickerei und klassische Druckverfahren, die zu Ihrer Markenidentit\u00e4t im Gastgewerbe passen.<\/p>\n<\/li>\n<li>\n<p data-path-to-node=\"6,4,0\"><b data-path-to-node=\"6,4,0\" data-index-in-node=\"0\">Verf\u00fcgbares Auftragsvolumen:<\/b> Skalierbar f\u00fcr Boutique-Gesch\u00e4fte und Firmenveranstaltungen mit einer Mindestbestellmenge (MOQ) von 50 Paaren.<\/p>\n<\/li>\n<\/ul>","protected":false},"featured_media":6981,"comment_status":"closed","ping_status":"closed","template":"","meta":[],"product_brand":[],"product_cat":[132],"product_tag":[],"class_list":{"0":"post-6980","1":"product","2":"type-product","3":"status-publish","4":"has-post-thumbnail","6":"product_cat-hotel-spa-amenities","8":"first","9":"instock","10":"shipping-taxable","11":"product-type-simple"},"_links":{"self":[{"href":"https:\/\/wristbandfactory.eu\/de\/wp-json\/wp\/v2\/product\/6980","targetHints":{"allow":["GET"]}}],"collection":[{"href":"https:\/\/wristbandfactory.eu\/de\/wp-json\/wp\/v2\/product"}],"about":[{"href":"https:\/\/wristbandfactory.eu\/de\/wp-json\/wp\/v2\/types\/product"}],"replies":[{"embeddable":true,"href":"https:\/\/wristbandfactory.eu\/de\/wp-json\/wp\/v2\/comments?post=6980"}],"wp:featuredmedia":[{"embeddable":true,"href":"https:\/\/wristbandfactory.eu\/de\/wp-json\/wp\/v2\/media\/6981"}],"wp:attachment":[{"href":"https:\/\/wristbandfactory.eu\/de\/wp-json\/wp\/v2\/media?parent=6980"}],"wp:term":[{"taxonomy":"product_brand","embeddable":true,"href":"https:\/\/wristbandfactory.eu\/de\/wp-json\/wp\/v2\/product_brand?post=6980"},{"taxonomy":"product_cat","embeddable":true,"href":"https:\/\/wristbandfactory.eu\/de\/wp-json\/wp\/v2\/product_cat?post=6980"},{"taxonomy":"product_tag","embeddable":true,"href":"https:\/\/wristbandfactory.eu\/de\/wp-json\/wp\/v2\/product_tag?post=6980"}],"curies":[{"name":"wp","href":"https:\/\/api.w.org\/{rel}","templated":true}]}}