{"id":6978,"date":"2026-03-10T12:45:47","date_gmt":"2026-03-10T09:45:47","guid":{"rendered":"https:\/\/wristbandfactory.eu\/?post_type=product&#038;p=6978"},"modified":"2026-03-10T12:45:47","modified_gmt":"2026-03-10T09:45:47","slug":"custom-washable-paper-lanyards-with-logo","status":"publish","type":"product","link":"https:\/\/wristbandfactory.eu\/de\/p\/custom-washable-paper-lanyards-with-logo\/","title":{"rendered":"Schl\u00fcsselb\u00e4nder aus waschbarem Papier mit Logo"},"content":{"rendered":"<p data-path-to-node=\"7\">Das waschbare Papier-Lanyard ist eine innovative Materialwahl f\u00fcr Corporate Identity und Event-Merchandise. Mit einer L\u00e4nge von 45 cm und einer angenehmen Breite von 20 mm besteht es aus einem speziellen Papierverbundstoff, der absolut rei\u00dffest, flexibel und feuchtigkeitsbest\u00e4ndig ist. Waschbares Papier, oft auch als \u201cveganes Leder\u201d bezeichnet, verleiht Ihren Lanyards eine moderne und unverwechselbare Optik und spricht zukunftsorientierte Marken an, die herk\u00f6mmliche synthetische Event-Lanyards durch eine nachhaltige Alternative ersetzen m\u00f6chten.<\/p>\n<h2 data-path-to-node=\"8\">Hauptmerkmale<\/h2>\n<ul data-path-to-node=\"9\">\n<li>\n<p data-path-to-node=\"9,0,0\"><b data-path-to-node=\"9,0,0\" data-index-in-node=\"0\">Materialinnovation:<\/b> Hergestellt aus abwaschbarem Kraftpapier-Verbundmaterial. Es ist leicht, au\u00dfergew\u00f6hnlich strapazierf\u00e4hig und entwickelt bei regelm\u00e4\u00dfigem Gebrauch mit der Zeit eine einzigartige, weiche Patina.<\/p>\n<\/li>\n<li>\n<p data-path-to-node=\"9,1,0\"><b data-path-to-node=\"9,1,0\" data-index-in-node=\"0\">Sichere Verbindung:<\/b> Jedes Lanyard verf\u00fcgt \u00fcber einen robusten Karabinerhaken aus Metall, wodurch die universelle Kompatibilit\u00e4t mit g\u00e4ngigen Firmenausweishaltern und VIP-Ausweisen gew\u00e4hrleistet ist.<\/p>\n<\/li>\n<li>\n<p data-path-to-node=\"9,2,0\"><b data-path-to-node=\"9,2,0\" data-index-in-node=\"0\">Anpassungsf\u00e4higkeit:<\/b> Die glatte, elastische Oberfl\u00e4che von abwaschbarem Papier eignet sich perfekt f\u00fcr kontrastreichen Siebdruck und detaillierte Lasergravur und sorgt so f\u00fcr eine saubere und professionelle Markenpr\u00e4sentation.<\/p>\n<\/li>\n<\/ul>\n<h2 data-path-to-node=\"10\">Technische Daten<\/h2>\n<ul data-path-to-node=\"11\">\n<li>\n<p data-path-to-node=\"11,0,0\"><b data-path-to-node=\"11,0,0\" data-index-in-node=\"0\">Falll\u00e4nge:<\/b> ca. 45 cm<\/p>\n<\/li>\n<li>\n<p data-path-to-node=\"11,1,0\"><b data-path-to-node=\"11,1,0\" data-index-in-node=\"0\">Breite:<\/b> ~20 mm<\/p>\n<\/li>\n<li>\n<p data-path-to-node=\"11,2,0\"><b data-path-to-node=\"11,2,0\" data-index-in-node=\"0\">Mindestbestellmenge:<\/b> 50 St\u00fcck<\/p>\n<\/li>\n<li>\n<p data-path-to-node=\"11,3,0\"><b data-path-to-node=\"11,3,0\" data-index-in-node=\"0\">Hardware:<\/b> Metallkarabinerhaken<\/p>\n<\/li>\n<li>\n<p data-path-to-node=\"11,4,0\"><b data-path-to-node=\"11,4,0\" data-index-in-node=\"0\">Material:<\/b> Waschbares Papier (veganes Lederkomposit)<\/p>\n<\/li>\n<\/ul>\n<h2 data-path-to-node=\"12\">Anwendungsf\u00e4lle<\/h2>\n<ul data-path-to-node=\"13\">\n<li>\n<p data-path-to-node=\"13,0,0\"><b data-path-to-node=\"13,0,0\" data-index-in-node=\"0\">Technologie- und Innovationskonferenzen:<\/b> Eine auff\u00e4llige, moderne Alternative zu herk\u00f6mmlichen Merchandising-Artikeln f\u00fcr Gipfeltreffen, Hackathons und Startup-Events.<\/p>\n<\/li>\n<li>\n<p data-path-to-node=\"13,1,0\"><b data-path-to-node=\"13,1,0\" data-index-in-node=\"0\">Kreativagenturen:<\/b> Passt perfekt zur Markenidentit\u00e4t von Designstudios, Architekturb\u00fcros und Marketingagenturen.<\/p>\n<\/li>\n<li>\n<p data-path-to-node=\"13,2,0\"><b data-path-to-node=\"13,2,0\" data-index-in-node=\"0\">Umweltbewusste Unternehmensidentit\u00e4t:<\/b> Bietet den Mitarbeitern eine komfortable, leichte und \u00e4u\u00dferst nachhaltige L\u00f6sung zur t\u00e4glichen Aufbewahrung ihrer Ausweise.<\/p>\n<\/li>\n<\/ul>","protected":false},"excerpt":{"rendered":"<p data-path-to-node=\"5\">Ein innovatives, 45 cm langes Lanyard aus strapazierf\u00e4higem, rei\u00dffestem und abwaschbarem Papier. Entwickelt f\u00fcr modernes Corporate Identity Management und umweltbewusste Veranstaltungen.<\/p>\n<ul data-path-to-node=\"6\">\n<li>\n<p data-path-to-node=\"6,0,0\"><b data-path-to-node=\"6,0,0\" data-index-in-node=\"0\">Hochentwickeltes \u00d6ko-Material:<\/b> Hergestellt aus robustem, abwaschbarem Papier, bietet es eine einzigartige, leder\u00e4hnliche Textur und ist sowohl vegan als auch \u00e4u\u00dferst nachhaltig.<\/p>\n<\/li>\n<li>\n<p data-path-to-node=\"6,1,0\"><b data-path-to-node=\"6,1,0\" data-index-in-node=\"0\">Hohe Haltbarkeit:<\/b> Entwickelt, um dem t\u00e4glichen Verschlei\u00df standzuhalten und die strukturelle Integrit\u00e4t ohne Einrei\u00dfen oder Ausfransen zu bewahren.<\/p>\n<\/li>\n<li>\n<p data-path-to-node=\"6,2,0\"><b data-path-to-node=\"6,2,0\" data-index-in-node=\"0\">Professionelle Hardware:<\/b> Ausgestattet mit einem zuverl\u00e4ssigen Karabinerhaken aus Metall zur sicheren Befestigung von Ausweisen und Veranstaltungsp\u00e4ssen.<\/p>\n<\/li>\n<li>\n<p data-path-to-node=\"6,3,0\"><b data-path-to-node=\"6,3,0\" data-index-in-node=\"0\">Moderne Markenbildungsm\u00f6glichkeiten:<\/b> Hervorragend geeignet f\u00fcr pr\u00e4zise Lasergravur und gestochen scharfen Siebdruck zur klaren Darstellung Ihres Firmenlogos.<\/p>\n<\/li>\n<li>\n<p data-path-to-node=\"6,4,0\"><b data-path-to-node=\"6,4,0\" data-index-in-node=\"0\">Niedriger Mindestbestellwert:<\/b> Verf\u00fcgbar f\u00fcr gezielte Firmenkampagnen und exklusive Events mit einer Mindestbestellmenge von 50 St\u00fcck.<\/p>\n<\/li>\n<\/ul>","protected":false},"featured_media":6979,"comment_status":"closed","ping_status":"closed","template":"","meta":[],"product_brand":[],"product_cat":[107],"product_tag":[],"class_list":{"0":"post-6978","1":"product","2":"type-product","3":"status-publish","4":"has-post-thumbnail","6":"product_cat-eco-friendly-lanyards","8":"first","9":"instock","10":"shipping-taxable","11":"product-type-simple"},"_links":{"self":[{"href":"https:\/\/wristbandfactory.eu\/de\/wp-json\/wp\/v2\/product\/6978","targetHints":{"allow":["GET"]}}],"collection":[{"href":"https:\/\/wristbandfactory.eu\/de\/wp-json\/wp\/v2\/product"}],"about":[{"href":"https:\/\/wristbandfactory.eu\/de\/wp-json\/wp\/v2\/types\/product"}],"replies":[{"embeddable":true,"href":"https:\/\/wristbandfactory.eu\/de\/wp-json\/wp\/v2\/comments?post=6978"}],"wp:featuredmedia":[{"embeddable":true,"href":"https:\/\/wristbandfactory.eu\/de\/wp-json\/wp\/v2\/media\/6979"}],"wp:attachment":[{"href":"https:\/\/wristbandfactory.eu\/de\/wp-json\/wp\/v2\/media?parent=6978"}],"wp:term":[{"taxonomy":"product_brand","embeddable":true,"href":"https:\/\/wristbandfactory.eu\/de\/wp-json\/wp\/v2\/product_brand?post=6978"},{"taxonomy":"product_cat","embeddable":true,"href":"https:\/\/wristbandfactory.eu\/de\/wp-json\/wp\/v2\/product_cat?post=6978"},{"taxonomy":"product_tag","embeddable":true,"href":"https:\/\/wristbandfactory.eu\/de\/wp-json\/wp\/v2\/product_tag?post=6978"}],"curies":[{"name":"wp","href":"https:\/\/api.w.org\/{rel}","templated":true}]}}