{"id":6963,"date":"2026-03-10T12:33:24","date_gmt":"2026-03-10T09:33:24","guid":{"rendered":"https:\/\/wristbandfactory.eu\/?post_type=product&#038;p=6963"},"modified":"2026-03-10T12:33:24","modified_gmt":"2026-03-10T09:33:24","slug":"custom-shaped-felt-keychains-with-logo","status":"publish","type":"product","link":"https:\/\/wristbandfactory.eu\/de\/p\/custom-shaped-felt-keychains-with-logo\/","title":{"rendered":"Geformte Filz-Schl\u00fcsselanh\u00e4nger mit Logo"},"content":{"rendered":"<p data-path-to-node=\"7\">Diese flachen, individuell gestaltbaren Schl\u00fcsselanh\u00e4nger sind ein effektives und haptisches Branding-Instrument f\u00fcr Unternehmen, die Gastronomie und Werbeveranstaltungen. Im Gegensatz zu herk\u00f6mmlichen Schl\u00fcsselanh\u00e4ngern bieten diese leichten Anh\u00e4nger maximale Flexibilit\u00e4t in der Formgebung. Marken k\u00f6nnen das Material in individuelle Formen stanzen, die ihr Logo oder Kampagnenthema widerspiegeln. Hergestellt aus ausschlie\u00dflich nachhaltigen Materialien, bieten sie eine professionelle und umweltfreundliche Merchandising-L\u00f6sung.<\/p>\n<h2 data-path-to-node=\"8\">Hauptmerkmale<\/h2>\n<ul data-path-to-node=\"9\">\n<li>\n<p data-path-to-node=\"9,0,0\"><b data-path-to-node=\"9,0,0\" data-index-in-node=\"0\">Materialauswahl:<\/b> Das Kernsortiment umfasst hochwertigen Wollfilz und recycelten PET-Filz (rPET). Alternative nachhaltige Optionen sind recyceltes Leder und waschbares Papier, die f\u00fcr unterschiedliche Texturen und Oberfl\u00e4chen sorgen.<\/p>\n<\/li>\n<li>\n<p data-path-to-node=\"9,1,0\"><b data-path-to-node=\"9,1,0\" data-index-in-node=\"0\">Tragwerksplanung:<\/b> Erh\u00e4ltlich in schlanken, einlagigen Ausf\u00fchrungen oder als hochwertige, zweilagige Varianten mit verst\u00e4rkten Randn\u00e4hten.<\/p>\n<\/li>\n<li>\n<p data-path-to-node=\"9,2,0\"><b data-path-to-node=\"9,2,0\" data-index-in-node=\"0\">Anbaustandard:<\/b> Jeder Schl\u00fcsselanh\u00e4nger ist mit einer robusten Metall\u00f6sen\u00f6se und einem sicheren Spiral-Sprengring f\u00fcr zuverl\u00e4ssigen Schl\u00fcsselhalt ausgestattet.<\/p>\n<\/li>\n<li>\n<p data-path-to-node=\"9,3,0\"><b data-path-to-node=\"9,3,0\" data-index-in-node=\"0\">Fortgeschrittenes Branding:<\/b> Logos und Texte k\u00f6nnen mittels hochpr\u00e4ziser Lasergravur, traditioneller Pr\u00e4gung, farbintensivem Siebdruck oder detaillierter Stickerei aufgebracht werden.<\/p>\n<\/li>\n<\/ul>\n<h2 data-path-to-node=\"10\">Technische Daten<\/h2>\n<ul data-path-to-node=\"11\">\n<li>\n<p data-path-to-node=\"11,0,0\"><b data-path-to-node=\"11,0,0\" data-index-in-node=\"0\">Standardgr\u00f6\u00dfen:<\/b> 4\u00d78 cm und 4\u00d710 cm (rechteckige Varianten)<\/p>\n<\/li>\n<li>\n<p data-path-to-node=\"11,1,0\"><b data-path-to-node=\"11,1,0\" data-index-in-node=\"0\">Sondergr\u00f6\u00dfen:<\/b> Vollst\u00e4ndig individuell anpassbare Stanzma\u00dfe sind auf Anfrage erh\u00e4ltlich.<\/p>\n<\/li>\n<li>\n<p data-path-to-node=\"11,2,0\"><b data-path-to-node=\"11,2,0\" data-index-in-node=\"0\">Mindestbestellmenge:<\/b> 50 St\u00fcck<\/p>\n<\/li>\n<li>\n<p data-path-to-node=\"11,3,0\"><b data-path-to-node=\"11,3,0\" data-index-in-node=\"0\">Gestaltungsoptionen:<\/b> Standardm\u00e4\u00dfig einlagig oder zweilagig mit umlaufender Naht. Erh\u00e4ltlich in einer Vielzahl von Standard-Geometrien oder individuellen Konturen (100%).<\/p>\n<\/li>\n<\/ul>\n<h2 data-path-to-node=\"12\">Anwendungsf\u00e4lle<\/h2>\n<ul data-path-to-node=\"13\">\n<li>\n<p data-path-to-node=\"13,0,0\"><b data-path-to-node=\"13,0,0\" data-index-in-node=\"0\">Kreative Firmengeschenke:<\/b> Schl\u00fcsselanh\u00e4nger in individuellen Formen (z. B. in Hausform f\u00fcr die Immobilienbranche, in Autoform f\u00fcr die Automobilbranche) sind Werbeartikel mit hoher Kundenbindung.<\/p>\n<\/li>\n<li>\n<p data-path-to-node=\"13,1,0\"><b data-path-to-node=\"13,1,0\" data-index-in-node=\"0\">Gastgewerbe und Immobilien:<\/b> Leichte, ger\u00e4uschlose und hochwertige Schl\u00fcsselanh\u00e4nger f\u00fcr Hotelzimmer, Boutique-Resorts und Ferienwohnungen.<\/p>\n<\/li>\n<li>\n<p data-path-to-node=\"13,2,0\"><b data-path-to-node=\"13,2,0\" data-index-in-node=\"0\">Event-Merchandise:<\/b> Auff\u00e4llige, umweltfreundliche Taschenanh\u00e4nger oder VIP-Event-Anh\u00e4nger.<\/p>\n<\/li>\n<\/ul>","protected":false},"excerpt":{"rendered":"<p data-path-to-node=\"5\">Ein vielseitiger, flacher Schl\u00fcsselanh\u00e4nger mit Anh\u00e4nger, ideal f\u00fcr Firmenartikel und Zutrittskontrollsysteme im Gastgewerbe. Form, Material und Verarbeitung lassen sich individuell an Ihre Markenidentit\u00e4t anpassen.<\/p>\n<ul data-path-to-node=\"6\">\n<li>\n<p data-path-to-node=\"6,0,0\"><b data-path-to-node=\"6,0,0\" data-index-in-node=\"0\">Flexible, individuelle Formen:<\/b> Erh\u00e4ltlich in standardm\u00e4\u00dfigen rechteckigen Zuschnitten oder in vollst\u00e4ndig individuell gestalteten Stanzformen (z. B. Logos, Tiere, geometrische Formen), um den spezifischen Anforderungen der Kampagne gerecht zu werden.<\/p>\n<\/li>\n<li>\n<p data-path-to-node=\"6,1,0\"><b data-path-to-node=\"6,1,0\" data-index-in-node=\"0\">Umweltbewusste Materialien:<\/b> Hergestellt aus hochwertigem 3 mm Wollfilz, rPET-Filz, recyceltem Leder oder strapazierf\u00e4higem, waschbarem Papier.<\/p>\n<\/li>\n<li>\n<p data-path-to-node=\"6,2,0\"><b data-path-to-node=\"6,2,0\" data-index-in-node=\"0\">Premium-Bauoptionen:<\/b> Sie haben die Wahl zwischen einem eleganten, einlagigen Profil oder einer robusten, doppellagigen, gen\u00e4hten Ausf\u00fchrung f\u00fcr zus\u00e4tzliche Haltbarkeit.<\/p>\n<\/li>\n<li>\n<p data-path-to-node=\"6,3,0\"><b data-path-to-node=\"6,3,0\" data-index-in-node=\"0\">Niedriger Mindestbestellwert:<\/b> Geeignet f\u00fcr B2B-Veranstaltungen und Firmengeschenke mit einer Mindestbestellmenge (MOQ) von nur 50 St\u00fcck.<\/p>\n<\/li>\n<\/ul>","protected":false},"featured_media":6964,"comment_status":"closed","ping_status":"closed","template":"","meta":[],"product_brand":[],"product_cat":[94],"product_tag":[],"class_list":{"0":"post-6963","1":"product","2":"type-product","3":"status-publish","4":"has-post-thumbnail","6":"product_cat-keychains","8":"first","9":"instock","10":"shipping-taxable","11":"product-type-simple"},"_links":{"self":[{"href":"https:\/\/wristbandfactory.eu\/de\/wp-json\/wp\/v2\/product\/6963","targetHints":{"allow":["GET"]}}],"collection":[{"href":"https:\/\/wristbandfactory.eu\/de\/wp-json\/wp\/v2\/product"}],"about":[{"href":"https:\/\/wristbandfactory.eu\/de\/wp-json\/wp\/v2\/types\/product"}],"replies":[{"embeddable":true,"href":"https:\/\/wristbandfactory.eu\/de\/wp-json\/wp\/v2\/comments?post=6963"}],"wp:featuredmedia":[{"embeddable":true,"href":"https:\/\/wristbandfactory.eu\/de\/wp-json\/wp\/v2\/media\/6964"}],"wp:attachment":[{"href":"https:\/\/wristbandfactory.eu\/de\/wp-json\/wp\/v2\/media?parent=6963"}],"wp:term":[{"taxonomy":"product_brand","embeddable":true,"href":"https:\/\/wristbandfactory.eu\/de\/wp-json\/wp\/v2\/product_brand?post=6963"},{"taxonomy":"product_cat","embeddable":true,"href":"https:\/\/wristbandfactory.eu\/de\/wp-json\/wp\/v2\/product_cat?post=6963"},{"taxonomy":"product_tag","embeddable":true,"href":"https:\/\/wristbandfactory.eu\/de\/wp-json\/wp\/v2\/product_tag?post=6963"}],"curies":[{"name":"wp","href":"https:\/\/api.w.org\/{rel}","templated":true}]}}