{"id":6933,"date":"2026-03-02T12:30:07","date_gmt":"2026-03-02T09:30:07","guid":{"rendered":"https:\/\/wristbandfactory.eu\/?post_type=product&#038;p=6933"},"modified":"2026-03-02T12:30:16","modified_gmt":"2026-03-02T09:30:16","slug":"custom-printed-wide-packing-ribbons","status":"publish","type":"product","link":"https:\/\/wristbandfactory.eu\/de\/p\/custom-printed-wide-packing-ribbons\/","title":{"rendered":"Breite bedruckte Geschenkb\u00e4nder"},"content":{"rendered":"<p data-path-to-node=\"8\">Werten Sie das Unboxing-Erlebnis Ihrer Marke mit unseren professionell bedruckten, breiten Verpackungsb\u00e4ndern in Profiqualit\u00e4t auf. Diese B\u00e4nder wurden speziell f\u00fcr gr\u00f6\u00dfere Pakete entwickelt und sind daher ein unverzichtbarer Bestandteil der Pr\u00e4sentation f\u00fcr Luxusmarken, Firmenkunden und Eventveranstalter. Sie sind langlebig und \u00e4sthetisch ansprechend und bieten eine nahtlose M\u00f6glichkeit, Ihre Corporate Identity in umfangreiche Sendungen und Geschenke zu integrieren.<\/p>\n<h2 data-path-to-node=\"9\">Hauptmerkmale<\/h2>\n<ul data-path-to-node=\"10\">\n<li>\n<p data-path-to-node=\"10,0,0\"><b data-path-to-node=\"10,0,0\" data-index-in-node=\"0\">Hochwertiger Siebdruck:<\/b> Wir verwenden pr\u00e4zise Siebdrucktechniken, um sicherzustellen, dass Ihr Logo gestochen scharf, langlebig und farbbest\u00e4ndig ist.<\/p>\n<\/li>\n<li>\n<p data-path-to-node=\"10,1,0\"><b data-path-to-node=\"10,1,0\" data-index-in-node=\"0\">Beidseitige Sichtbarkeit:<\/b> Der einfarbige Druck wird auf beide Seiten des Bandes aufgebracht, sodass Ihre Marke unabh\u00e4ngig davon, wie das Band gebunden oder \u00fcber gro\u00dfe Pakete drapiert wird, gut sichtbar ist.<\/p>\n<\/li>\n<li>\n<p data-path-to-node=\"10,2,0\"><b data-path-to-node=\"10,2,0\" data-index-in-node=\"0\">Hochdichtes Basismaterial:<\/b> Hergestellt aus hochwertigem Stoff, der Form und Spannung beibeh\u00e4lt und sich daher ideal sowohl f\u00fcr automatisierte Verpackungslinien als auch f\u00fcr das manuelle Schleifenbinden bei \u00fcbergro\u00dfen Kartons eignet.<\/p>\n<\/li>\n<\/ul>\n<h2 data-path-to-node=\"11\">Technische Daten<\/h2>\n<ul data-path-to-node=\"12\">\n<li>\n<p data-path-to-node=\"12,0,0\"><b data-path-to-node=\"12,0,0\" data-index-in-node=\"0\">Breitenbereich:<\/b> Erh\u00e4ltlich in extrabreiten Profi-Formaten (50 mm und 63 mm).<\/p>\n<\/li>\n<li>\n<p data-path-to-node=\"12,1,0\"><b data-path-to-node=\"12,1,0\" data-index-in-node=\"0\">Rollenl\u00e4nge:<\/b> Geliefert in Standard-Gro\u00dfhandelsrollen von 100 m und 200 m.<\/p>\n<\/li>\n<li>\n<p data-path-to-node=\"12,2,0\"><b data-path-to-node=\"12,2,0\" data-index-in-node=\"0\">Drucktechnik:<\/b> Hochwertiger 1-farbiger Siebdruck (beidseitig).<\/p>\n<\/li>\n<li>\n<p data-path-to-node=\"12,3,0\"><b data-path-to-node=\"12,3,0\" data-index-in-node=\"0\">Produktionsvorlaufzeit:<\/b> 6-9 Werktage f\u00fcr die Massenproduktion.<\/p>\n<\/li>\n<li>\n<p data-path-to-node=\"12,4,0\"><b data-path-to-node=\"12,4,0\" data-index-in-node=\"0\">Aufstellen:<\/b> F\u00fcr Sonderanfertigungen wird eine minimale Formgeb\u00fchr von 20 USD erhoben.<\/p>\n<\/li>\n<\/ul>\n<h2 data-path-to-node=\"13\">Anwendungsf\u00e4lle<\/h2>\n<ul data-path-to-node=\"14\">\n<li>\n<p data-path-to-node=\"14,0,0\"><b data-path-to-node=\"14,0,0\" data-index-in-node=\"0\">Luxus-E-Commerce &amp; Einzelhandel:<\/b> Perfekt geeignet f\u00fcr exklusive Boutiquen, Juweliergesch\u00e4fte und hochwertige, sperrige Artikel.<\/p>\n<\/li>\n<li>\n<p data-path-to-node=\"14,1,0\"><b data-path-to-node=\"14,1,0\" data-index-in-node=\"0\">Firmenveranstaltungen:<\/b> Ideal zum Verpacken gro\u00dfer VIP-Geschenkboxen, Gala-Pr\u00e4sentk\u00f6rbe und Dekorationen f\u00fcr Preisverleihungen.<\/p>\n<\/li>\n<li>\n<p data-path-to-node=\"14,2,0\"><b data-path-to-node=\"14,2,0\" data-index-in-node=\"0\">Industrie- und Gro\u00dfhandelsverpackungen:<\/b> Wird von Produktions- und Logistikunternehmen genutzt, um gro\u00df angelegten Produktlieferungen eine markenbezogene, hochwertige Note zu verleihen.<\/p>\n<\/li>\n<\/ul>","protected":false},"excerpt":{"rendered":"<p data-path-to-node=\"6\">Hochwertige, gro\u00dfformatige Verpackungsb\u00e4nder, ideal f\u00fcr exklusive Einzelhandelsverpackungen, Firmengeschenke und Industriebranding. Mit hochwertigem, beidseitigem Druck f\u00fcr optimale Sichtbarkeit auf gr\u00f6\u00dferen Kartons und Geschenkk\u00f6rben.<\/p>\n<ul data-path-to-node=\"7\">\n<li>\n<p data-path-to-node=\"7,0,0\"><b data-path-to-node=\"7,0,0\" data-index-in-node=\"0\">Gro\u00dfhandelsl\u00f6sungen:<\/b> Kosteng\u00fcnstige und skalierbare Preisgestaltung f\u00fcr Gro\u00dfbestellungen und umfangreiche Verpackungsanforderungen.<\/p>\n<\/li>\n<li>\n<p data-path-to-node=\"7,1,0\"><b data-path-to-node=\"7,1,0\" data-index-in-node=\"0\">Doppelseitiges Branding:<\/b> Mit einfarbigem Siebdruck auf beiden Seiten f\u00fcr maximale visuelle Wirkung.<\/p>\n<\/li>\n<li>\n<p data-path-to-node=\"7,2,0\"><b data-path-to-node=\"7,2,0\" data-index-in-node=\"0\">Schnelle B2B-Lieferung:<\/b> Professionelle Massenproduktion innerhalb von 6-9 Tagen abgeschlossen.<\/p>\n<\/li>\n<li>\n<p data-path-to-node=\"7,3,0\"><b data-path-to-node=\"7,3,0\" data-index-in-node=\"0\">Extra-Breitformat:<\/b> Speziell f\u00fcr gro\u00dfformatige Verpackungen entwickelt, verleiht es dem Produkt einen luxuri\u00f6sen letzten Schliff.<\/p>\n<\/li>\n<\/ul>","protected":false},"featured_media":6934,"comment_status":"closed","ping_status":"closed","template":"","meta":[],"product_brand":[],"product_cat":[96],"product_tag":[],"class_list":{"0":"post-6933","1":"product","2":"type-product","3":"status-publish","4":"has-post-thumbnail","6":"product_cat-ribbons","8":"first","9":"instock","10":"shipping-taxable","11":"purchasable","12":"product-type-simple"},"_links":{"self":[{"href":"https:\/\/wristbandfactory.eu\/de\/wp-json\/wp\/v2\/product\/6933","targetHints":{"allow":["GET"]}}],"collection":[{"href":"https:\/\/wristbandfactory.eu\/de\/wp-json\/wp\/v2\/product"}],"about":[{"href":"https:\/\/wristbandfactory.eu\/de\/wp-json\/wp\/v2\/types\/product"}],"replies":[{"embeddable":true,"href":"https:\/\/wristbandfactory.eu\/de\/wp-json\/wp\/v2\/comments?post=6933"}],"wp:featuredmedia":[{"embeddable":true,"href":"https:\/\/wristbandfactory.eu\/de\/wp-json\/wp\/v2\/media\/6934"}],"wp:attachment":[{"href":"https:\/\/wristbandfactory.eu\/de\/wp-json\/wp\/v2\/media?parent=6933"}],"wp:term":[{"taxonomy":"product_brand","embeddable":true,"href":"https:\/\/wristbandfactory.eu\/de\/wp-json\/wp\/v2\/product_brand?post=6933"},{"taxonomy":"product_cat","embeddable":true,"href":"https:\/\/wristbandfactory.eu\/de\/wp-json\/wp\/v2\/product_cat?post=6933"},{"taxonomy":"product_tag","embeddable":true,"href":"https:\/\/wristbandfactory.eu\/de\/wp-json\/wp\/v2\/product_tag?post=6933"}],"curies":[{"name":"wp","href":"https:\/\/api.w.org\/{rel}","templated":true}]}}