{"id":6930,"date":"2026-02-27T15:11:45","date_gmt":"2026-02-27T12:11:45","guid":{"rendered":"https:\/\/wristbandfactory.eu\/?post_type=product&#038;p=6930"},"modified":"2026-02-27T15:16:24","modified_gmt":"2026-02-27T12:16:24","slug":"custom-printed-glasses-pouches","status":"publish","type":"product","link":"https:\/\/wristbandfactory.eu\/de\/p\/custom-printed-glasses-pouches\/","title":{"rendered":"Bedruckte Brillenbeutel"},"content":{"rendered":"<p data-path-to-node=\"6\">Verwandeln Sie ein praktisches Alltagsaccessoire in eine dauerhafte Werbem\u00f6glichkeit mit unseren individuell bedruckten Brillenetuis aus Polyester. Speziell f\u00fcr Gro\u00dfhandelsaktionen, den Einzelhandel und Firmengeschenke entwickelt, bieten diese hochwertigen Brillenetuis optimalen Schutz und pr\u00e4sentieren Ihr Logo prominent. Ob Sie eine Optikerkette ausstatten, Merchandise f\u00fcr ein Musikfestival gestalten oder Willkommenspakete f\u00fcr Ihre Mitarbeiter zusammenstellen \u2013 diese Etuis bieten einen hervorragenden Werbewert.<\/p>\n<h2 data-path-to-node=\"7\">Hauptmerkmale<\/h2>\n<ul data-path-to-node=\"8\">\n<li>\n<p data-path-to-node=\"8,0,0\"><b data-path-to-node=\"8,0,0\" data-index-in-node=\"0\">Grenzenlose Anpassungsm\u00f6glichkeiten:<\/b> Erzielen Sie maximale visuelle Wirkung mit dem vollfarbigen, randlosen Druckverfahren 100%. F\u00fcr ein strenges Corporate Branding bieten wir Ihnen Pantone-farblich abgestimmte Stoffoptionen.<\/p>\n<\/li>\n<li>\n<p data-path-to-node=\"8,1,0\"><b data-path-to-node=\"8,1,0\" data-index-in-node=\"0\">Ma\u00dfgeschneiderte Details:<\/b> Steigern Sie den wahrgenommenen Wert Ihrer Waren, indem Sie zwischen eleganten wei\u00dfen oder schwarzen Verschlusskordeln w\u00e4hlen.<\/p>\n<\/li>\n<li>\n<p data-path-to-node=\"8,2,0\"><b data-path-to-node=\"8,2,0\" data-index-in-node=\"0\">Individuell gewebte Etiketten:<\/b> Steigern Sie Ihre Markenpr\u00e4senz durch ein gewebtes Au\u00dfenetikett (individuell anpassbar mit bis zu 2 Farben), das den Beuteln ein hochwertiges, verkaufsfertiges Aussehen verleiht.<\/p>\n<\/li>\n<li>\n<p data-path-to-node=\"8,3,0\"><b data-path-to-node=\"8,3,0\" data-index-in-node=\"0\">Weiches und sch\u00fctzendes Material:<\/b> Hergestellt aus hochwertigem Polyester, das die Linsen beim Transport und im t\u00e4glichen Gebrauch vor Kratzern, Staub und Fingerabdr\u00fccken sch\u00fctzt.<\/p>\n<\/li>\n<\/ul>\n<h2 data-path-to-node=\"9\">Technische Daten<\/h2>\n<ul data-path-to-node=\"10\">\n<li>\n<p data-path-to-node=\"10,0,0\"><b data-path-to-node=\"10,0,0\" data-index-in-node=\"0\">Material:<\/b> Hochwertiges Polyester<\/p>\n<\/li>\n<li>\n<p data-path-to-node=\"10,1,0\"><b data-path-to-node=\"10,1,0\" data-index-in-node=\"0\">Abmessungen:<\/b> 18 x 9 cm<\/p>\n<\/li>\n<li>\n<p data-path-to-node=\"10,2,0\"><b data-path-to-node=\"10,2,0\" data-index-in-node=\"0\">Verschlusssystem:<\/b> Kordelz\u00fcge (erh\u00e4ltlich in Wei\u00df oder Schwarz)<\/p>\n<\/li>\n<li>\n<p data-path-to-node=\"10,3,0\"><b data-path-to-node=\"10,3,0\" data-index-in-node=\"0\">Hauptmarken:<\/b> 100% Vollfarbdruck (Pantone-Farbanpassung m\u00f6glich)<\/p>\n<\/li>\n<li>\n<p data-path-to-node=\"10,4,0\"><b data-path-to-node=\"10,4,0\" data-index-in-node=\"0\">Sekund\u00e4res Branding (optional):<\/b> Au\u00dfen gewebtes Etikett (bis zu 2 Farben)<\/p>\n<\/li>\n<\/ul>\n<h2 data-path-to-node=\"11\">Anwendungsf\u00e4lle<\/h2>\n<ul data-path-to-node=\"12\">\n<li>\n<p data-path-to-node=\"12,0,0\"><b data-path-to-node=\"12,0,0\" data-index-in-node=\"0\">Optikerkliniken &amp; Brillenmarken:<\/b> Bieten Sie zu jeder verkauften Brille oder Sonnenbrille eine individuell gestaltete Schutzh\u00fclle an.<\/p>\n<\/li>\n<li>\n<p data-path-to-node=\"12,1,0\"><b data-path-to-node=\"12,1,0\" data-index-in-node=\"0\">Betriebliche Gesundheitspakete:<\/b> F\u00fcgen Sie Marken-Brillenetuis zu den Mitarbeiter-Carepaketen f\u00fcr Computerbrillen oder Blaulichtfilterbrillen hinzu.<\/p>\n<\/li>\n<li>\n<p data-path-to-node=\"12,2,0\"><b data-path-to-node=\"12,2,0\" data-index-in-node=\"0\">Werbegeschenke f\u00fcr Messen und Veranstaltungen:<\/b> Verteilen Sie leichte, n\u00fctzliche Werbeartikel, die die Teilnehmer tats\u00e4chlich behalten und t\u00e4glich verwenden werden.<\/p>\n<\/li>\n<\/ul>","protected":false},"excerpt":{"rendered":"<ul data-path-to-node=\"5\">\n<li>\n<p data-path-to-node=\"5,0,0\"><b data-path-to-node=\"5,0,0\" data-index-in-node=\"0\">Vollfarbige Markenleinwand:<\/b> 100% l\u00e4sst sich mit brillantem Vollfarbdruck und optionalem, Pantone-farblich abgestimmtem Stoff individuell gestalten und perfekt an Ihre Corporate Identity anpassen.<\/p>\n<\/li>\n<li>\n<p data-path-to-node=\"5,1,0\"><b data-path-to-node=\"5,1,0\" data-index-in-node=\"0\">Premium-Aufbereitung:<\/b> Ausgestattet mit sicheren Verschlusskordeln (erh\u00e4ltlich in Wei\u00df oder Schwarz) und der M\u00f6glichkeit, ein individuell gestaltetes gewebtes Au\u00dfenetikett (bis zu 2 Farben) f\u00fcr ein hochwertiges Werbefinish hinzuzuf\u00fcgen.<\/p>\n<\/li>\n<li>\n<p data-path-to-node=\"5,2,0\"><b data-path-to-node=\"5,2,0\" data-index-in-node=\"0\">Gro\u00dfmengen- und Eventbereit:<\/b> Dank des leichten und robusten 18 x 9 cm Polyester-Designs eignen sich diese Beutel hervorragend f\u00fcr gro\u00df angelegte Werbegeschenke, Messen oder Firmengeschenke.<\/p>\n<\/li>\n<li>\n<p data-path-to-node=\"5,3,0\"><b data-path-to-node=\"5,3,0\" data-index-in-node=\"0\">Vielseitiges Merchandising:<\/b> Ein unverzichtbares Schutzaccessoire f\u00fcr Optiker, Sonnenbrillenh\u00e4ndler und betriebliche Gesundheitsprogramme, die ihre Markenpr\u00e4senz maximieren m\u00f6chten.<\/p>\n<\/li>\n<\/ul>","protected":false},"featured_media":6931,"comment_status":"closed","ping_status":"closed","template":"","meta":[],"product_brand":[],"product_cat":[122],"product_tag":[],"class_list":{"0":"post-6930","1":"product","2":"type-product","3":"status-publish","4":"has-post-thumbnail","6":"product_cat-promotional-accessories","8":"first","9":"instock","10":"shipping-taxable","11":"purchasable","12":"product-type-simple"},"_links":{"self":[{"href":"https:\/\/wristbandfactory.eu\/de\/wp-json\/wp\/v2\/product\/6930","targetHints":{"allow":["GET"]}}],"collection":[{"href":"https:\/\/wristbandfactory.eu\/de\/wp-json\/wp\/v2\/product"}],"about":[{"href":"https:\/\/wristbandfactory.eu\/de\/wp-json\/wp\/v2\/types\/product"}],"replies":[{"embeddable":true,"href":"https:\/\/wristbandfactory.eu\/de\/wp-json\/wp\/v2\/comments?post=6930"}],"wp:featuredmedia":[{"embeddable":true,"href":"https:\/\/wristbandfactory.eu\/de\/wp-json\/wp\/v2\/media\/6931"}],"wp:attachment":[{"href":"https:\/\/wristbandfactory.eu\/de\/wp-json\/wp\/v2\/media?parent=6930"}],"wp:term":[{"taxonomy":"product_brand","embeddable":true,"href":"https:\/\/wristbandfactory.eu\/de\/wp-json\/wp\/v2\/product_brand?post=6930"},{"taxonomy":"product_cat","embeddable":true,"href":"https:\/\/wristbandfactory.eu\/de\/wp-json\/wp\/v2\/product_cat?post=6930"},{"taxonomy":"product_tag","embeddable":true,"href":"https:\/\/wristbandfactory.eu\/de\/wp-json\/wp\/v2\/product_tag?post=6930"}],"curies":[{"name":"wp","href":"https:\/\/api.w.org\/{rel}","templated":true}]}}