{"id":6924,"date":"2026-02-26T16:32:51","date_gmt":"2026-02-26T13:32:51","guid":{"rendered":"https:\/\/wristbandfactory.eu\/?post_type=product&#038;p=6924"},"modified":"2026-02-26T16:32:51","modified_gmt":"2026-02-26T13:32:51","slug":"custom-printed-paper-hand-flags","status":"publish","type":"product","link":"https:\/\/wristbandfactory.eu\/de\/p\/custom-printed-paper-hand-flags\/","title":{"rendered":"Bedruckte Papierf\u00e4hnchen"},"content":{"rendered":"<p data-path-to-node=\"5\">Maximieren Sie Ihre Markenpr\u00e4senz bei Gro\u00dfveranstaltungen mit unseren individuell bedruckten Papierfahnen im Gro\u00dfhandel. Speziell f\u00fcr B2B-Marketing entwickelt, eignen sich diese leichten und dennoch auff\u00e4lligen Werbemittel ideal f\u00fcr Messen, Musikfestivals, Paraden und Street-Marketing-Kampagnen von Unternehmen. Dank brillanter, hochaufl\u00f6sender Druckqualit\u00e4t und robuster Verarbeitung verwandeln diese Papierfahnen Ihre Zielgruppe effektiv in Markenbotschafter und schonen gleichzeitig Ihr Marketingbudget.<\/p>\n<h2 data-path-to-node=\"6\">Hauptmerkmale<\/h2>\n<ul data-path-to-node=\"7\">\n<li>\n<p data-path-to-node=\"7,0,0\"><b data-path-to-node=\"7,0,0\" data-index-in-node=\"0\">Maximale Markenpr\u00e4senz:<\/b> Der beidseitige, randlose CMYK-Vollfarbdruck sorgt daf\u00fcr, dass Ihr Firmenlogo und Ihre Botschaft aus jedem Blickwinkel sichtbar sind.<\/p>\n<\/li>\n<li>\n<p data-path-to-node=\"7,1,0\"><b data-path-to-node=\"7,1,0\" data-index-in-node=\"0\">Professionelle Ausf\u00fchrung:<\/b> Hergestellt aus 130 g\/m\u00b2 gl\u00e4nzend beschichtetem Papier, f\u00fcr eine hochwertige Optik, die die \u00e4sthetische Wirkung Ihrer Marke steigert.<\/p>\n<\/li>\n<li>\n<p data-path-to-node=\"7,2,0\"><b data-path-to-node=\"7,2,0\" data-index-in-node=\"0\">Sichere Bauarbeiten:<\/b> Jede Fahne wird sorgf\u00e4ltig gefaltet und \u00fcber eine robuste Befestigungslasche geklebt, um sicherzustellen, dass das Papier auch bei aktiver Nutzung fest am Stock befestigt bleibt.<\/p>\n<\/li>\n<li>\n<p data-path-to-node=\"7,3,0\"><b data-path-to-node=\"7,3,0\" data-index-in-node=\"0\">Masseneffizienz:<\/b> Verkauf ausschlie\u00dflich als komplettes Set mit einem Grafikdesign pro Charge, wodurch die Produktion optimiert wird und wir Ihnen die wettbewerbsf\u00e4higsten Gro\u00dfhandelspreise bieten k\u00f6nnen.<\/p>\n<\/li>\n<\/ul>\n<h2 data-path-to-node=\"8\">Technische Daten<\/h2>\n<ul data-path-to-node=\"9\">\n<li>\n<p data-path-to-node=\"9,0,0\"><b data-path-to-node=\"9,0,0\" data-index-in-node=\"0\">Material:<\/b> Gl\u00e4nzend gestrichenes Papier, 130 g\/m\u00b2<\/p>\n<\/li>\n<li>\n<p data-path-to-node=\"9,1,0\"><b data-path-to-node=\"9,1,0\" data-index-in-node=\"0\">Flaggengr\u00f6\u00dfe:<\/b> A5 (152 \u00d7 214 mm \u2013 H\u00f6he \u00d7 Breite)<\/p>\n<\/li>\n<li>\n<p data-path-to-node=\"9,2,0\"><b data-path-to-node=\"9,2,0\" data-index-in-node=\"0\">Druckbarer Bereich:<\/b> Ca. 148 \u00d7 210 mm (einschlie\u00dflich eines 21 mm Randes zum Verkleben)<\/p>\n<\/li>\n<li>\n<p data-path-to-node=\"9,3,0\"><b data-path-to-node=\"9,3,0\" data-index-in-node=\"0\">Druckart:<\/b> Doppelseitig, vollfarbig (CMYK), wetterfest<\/p>\n<\/li>\n<li>\n<p data-path-to-node=\"9,4,0\"><b data-path-to-node=\"9,4,0\" data-index-in-node=\"0\">Handhaben:<\/b> 38 cm Polypropylenstab<\/p>\n<\/li>\n<li>\n<p data-path-to-node=\"9,5,0\"><b data-path-to-node=\"9,5,0\" data-index-in-node=\"0\">Montage:<\/b> Um den Stock gefaltet und fest verklebt<\/p>\n<\/li>\n<\/ul>\n<h2 data-path-to-node=\"10\">Anwendungsf\u00e4lle<\/h2>\n<ul data-path-to-node=\"11\">\n<li>\n<p data-path-to-node=\"11,0,0\"><b data-path-to-node=\"11,0,0\" data-index-in-node=\"0\">Messen und Ausstellungen:<\/b> Verteilen Sie Werbematerialien an Ihrem Stand, um die Besucherfrequenz zu erh\u00f6hen und Ihre Marke in der gesamten Messehalle zu verbreiten.<\/p>\n<\/li>\n<li>\n<p data-path-to-node=\"11,1,0\"><b data-path-to-node=\"11,1,0\" data-index-in-node=\"0\">Open-Air-Festivals und Konzerte:<\/b> Binden Sie die Teilnehmer ein, indem Sie optisch ansprechende Flaggen bereitstellen, die ein einheitliches, markenbezogenes Erlebnis schaffen.<\/p>\n<\/li>\n<li>\n<p data-path-to-node=\"11,2,0\"><b data-path-to-node=\"11,2,0\" data-index-in-node=\"0\">Werbekampagnen:<\/b> Ideal f\u00fcr Street-Marketing-Teams, die Werbesets und Event-Gadgets an die \u00d6ffentlichkeit verteilen.<\/p>\n<\/li>\n<li>\n<p data-path-to-node=\"11,3,0\"><b data-path-to-node=\"11,3,0\" data-index-in-node=\"0\">Firmenveranstaltungen:<\/b> Steigern Sie die festliche Atmosph\u00e4re bei Firmenmeilensteinen, Filialer\u00f6ffnungen oder Produkteinf\u00fchrungen.<\/p>\n<\/li>\n<\/ul>","protected":false},"excerpt":{"rendered":"<ul>\n<li>\n<p data-path-to-node=\"4,0,0\">Kosteng\u00fcnstiges Werbemittel f\u00fcr gro\u00dfe Mengen, speziell entwickelt f\u00fcr gro\u00df angelegte Marketingkampagnen, Messen und Festivals.<\/p>\n<\/li>\n<li>\n<p data-path-to-node=\"4,1,0\">Brillanter, doppelseitiger Vollfarbdruck (CMYK) auf hochwertigem, gl\u00e4nzend beschichtetem 130 g\/m\u00b2 Papier zur Maximierung der Markenpr\u00e4senz.<\/p>\n<\/li>\n<li>\n<p data-path-to-node=\"4,2,0\">Sicher montiert auf einem robusten 38 cm langen Polypropylenstab f\u00fcr zuverl\u00e4ssigen, wetterfesten Einsatz im Innen- und Au\u00dfenbereich.<\/p>\n<\/li>\n<li>\n<p data-path-to-node=\"4,3,0\">Hergestellt exklusiv f\u00fcr Gro\u00dfhandelsbestellungen, um die beste Rendite f\u00fcr das Branding von Firmenveranstaltungen zu gew\u00e4hrleisten.<\/p>\n<\/li>\n<\/ul>","protected":false},"featured_media":6925,"comment_status":"closed","ping_status":"closed","template":"","meta":[],"product_brand":[],"product_cat":[123],"product_tag":[],"class_list":{"0":"post-6924","1":"product","2":"type-product","3":"status-publish","4":"has-post-thumbnail","6":"product_cat-fan-cheering-items","8":"first","9":"instock","10":"shipping-taxable","11":"purchasable","12":"product-type-simple"},"_links":{"self":[{"href":"https:\/\/wristbandfactory.eu\/de\/wp-json\/wp\/v2\/product\/6924","targetHints":{"allow":["GET"]}}],"collection":[{"href":"https:\/\/wristbandfactory.eu\/de\/wp-json\/wp\/v2\/product"}],"about":[{"href":"https:\/\/wristbandfactory.eu\/de\/wp-json\/wp\/v2\/types\/product"}],"replies":[{"embeddable":true,"href":"https:\/\/wristbandfactory.eu\/de\/wp-json\/wp\/v2\/comments?post=6924"}],"wp:featuredmedia":[{"embeddable":true,"href":"https:\/\/wristbandfactory.eu\/de\/wp-json\/wp\/v2\/media\/6925"}],"wp:attachment":[{"href":"https:\/\/wristbandfactory.eu\/de\/wp-json\/wp\/v2\/media?parent=6924"}],"wp:term":[{"taxonomy":"product_brand","embeddable":true,"href":"https:\/\/wristbandfactory.eu\/de\/wp-json\/wp\/v2\/product_brand?post=6924"},{"taxonomy":"product_cat","embeddable":true,"href":"https:\/\/wristbandfactory.eu\/de\/wp-json\/wp\/v2\/product_cat?post=6924"},{"taxonomy":"product_tag","embeddable":true,"href":"https:\/\/wristbandfactory.eu\/de\/wp-json\/wp\/v2\/product_tag?post=6924"}],"curies":[{"name":"wp","href":"https:\/\/api.w.org\/{rel}","templated":true}]}}