{"id":6899,"date":"2026-02-23T17:06:22","date_gmt":"2026-02-23T14:06:22","guid":{"rendered":"https:\/\/wristbandfactory.eu\/?post_type=product&#038;p=6899"},"modified":"2026-02-23T17:06:22","modified_gmt":"2026-02-23T14:06:22","slug":"custom-embossed-and-printed-silicone-wristbands","status":"publish","type":"product","link":"https:\/\/wristbandfactory.eu\/de\/p\/custom-embossed-and-printed-silicone-wristbands\/","title":{"rendered":"Bedruckte und gepr\u00e4gte Silikonarmb\u00e4nder"},"content":{"rendered":"<p data-path-to-node=\"6\">Werten Sie Ihre Werbeartikel mit unseren individuell gepr\u00e4gten und bedruckten Silikonarmb\u00e4ndern auf. Diese hochwertigen Armb\u00e4nder bieten die perfekte Kombination aus Haptik und visueller Wirkung. Beim Personalisierungsprozess wird Ihr Text oder Logo so gepr\u00e4gt, dass es sich von der Oberfl\u00e4che des Armbands abhebt. Anschlie\u00dfend wird eine haltbare, farbintensive Farbschicht auf die erhabenen Stellen aufgetragen. So sticht Ihre Markenbotschaft garantiert hervor und verleiht Ihren Produkten einen hochwertigen Look, den herk\u00f6mmliche, flach bedruckte Armb\u00e4nder nicht bieten k\u00f6nnen.<\/p>\n<h2 data-path-to-node=\"7\">Hauptmerkmale<\/h2>\n<ul data-path-to-node=\"8\">\n<li>\n<p data-path-to-node=\"8,0,0\"><b data-path-to-node=\"8,0,0\" data-index-in-node=\"0\">Taktiler 3D-Effekt:<\/b> Die erhabenen Texte und Logos verleihen dem Ganzen ein hochwertiges, haptisches Gef\u00fchl, das den Nutzer anspricht.<\/p>\n<\/li>\n<li>\n<p data-path-to-node=\"8,1,0\"><b data-path-to-node=\"8,1,0\" data-index-in-node=\"0\">Verbesserte Haltbarkeit:<\/b> Hergestellt aus medizinischem, latexfreiem Silikon 100%, wodurch es wasserdicht, hitzebest\u00e4ndig und dehnbar ist, ohne seine Form zu verlieren.<\/p>\n<\/li>\n<li>\n<p data-path-to-node=\"8,2,0\"><b data-path-to-node=\"8,2,0\" data-index-in-node=\"0\">Hoher Kontrast:<\/b> Die leuchtende, abriebfeste Tinte, die direkt auf die gepr\u00e4gten Bereiche aufgetragen wird, garantiert, dass Ihr Markenlogo schon von Weitem sofort erkennbar ist.<\/p>\n<\/li>\n<li>\n<p data-path-to-node=\"8,3,0\"><b data-path-to-node=\"8,3,0\" data-index-in-node=\"0\">Vollst\u00e4ndig anpassbar:<\/b> Mit vollst\u00e4ndiger Pantone-Farbabstimmung f\u00fcr die Silikonbasis und die Druckfarbe erzielen Sie exakt die gleichen Unternehmensfarben.<\/p>\n<\/li>\n<\/ul>\n<h2 data-path-to-node=\"9\">Technische Daten<\/h2>\n<ul data-path-to-node=\"10\">\n<li>\n<p data-path-to-node=\"10,0,0\"><b data-path-to-node=\"10,0,0\" data-index-in-node=\"0\">Material:<\/b> 100% Umweltfreundliches, hautfreundliches Silikon.<\/p>\n<\/li>\n<li>\n<p data-path-to-node=\"10,1,0\"><b data-path-to-node=\"10,1,0\" data-index-in-node=\"0\">Standardgr\u00f6\u00dfen:<\/b> Erwachsene (202 x 12 x 2 mm), Jugendliche (180 x 12 x 2 mm) und Kinder (160 x 12 x 2 mm). Sonderbreiten auf Anfrage erh\u00e4ltlich.<\/p>\n<\/li>\n<li>\n<p data-path-to-node=\"10,2,0\"><b data-path-to-node=\"10,2,0\" data-index-in-node=\"0\">Anpassungsmethode:<\/b> Spritzgussverfahren f\u00fcr den 3D-Pr\u00e4geeffekt, anschlie\u00dfend pr\u00e4ziser Siebdruck auf den erhabenen Oberfl\u00e4chen.<\/p>\n<\/li>\n<li>\n<p data-path-to-node=\"10,3,0\"><b data-path-to-node=\"10,3,0\" data-index-in-node=\"0\">Mindestbestellmenge (MOQ):<\/b> Es gelten die \u00fcblichen B2B-Mengen (in der Regel ab 100 St\u00fcck).<\/p>\n<\/li>\n<\/ul>\n<h2 data-path-to-node=\"11\">Anwendungsf\u00e4lle<\/h2>\n<ul data-path-to-node=\"12\">\n<li>\n<p data-path-to-node=\"12,0,0\"><b data-path-to-node=\"12,0,0\" data-index-in-node=\"0\">Firmenveranstaltungen &amp; Messen:<\/b> Ein hochwertiges Werbegeschenk, das die Teilnehmer auch wirklich tragen m\u00f6chten und das Ihre Marke im Ged\u00e4chtnis h\u00e4lt.<\/p>\n<\/li>\n<li>\n<p data-path-to-node=\"12,1,0\"><b data-path-to-node=\"12,1,0\" data-index-in-node=\"0\">Spenden- und Sensibilisierungskampagnen:<\/b> Die hochwertige Verarbeitung f\u00f6rdert die Langlebigkeit und maximiert so die Sichtbarkeit Ihrer Wohlt\u00e4tigkeitsorganisation oder Ihres Anliegens.<\/p>\n<\/li>\n<li>\n<p data-path-to-node=\"12,2,0\"><b data-path-to-node=\"12,2,0\" data-index-in-node=\"0\">Festivals &amp; VIP-Zugang:<\/b> Eine hervorragende L\u00f6sung zur Kategorisierung von G\u00e4sten, die ein langlebiges Erinnerungsst\u00fcck bietet, das auch bei mehrt\u00e4gigen Veranstaltungen Abnutzungserscheinungen widersteht.<\/p>\n<\/li>\n<li>\n<p data-path-to-node=\"12,3,0\"><b data-path-to-node=\"12,3,0\" data-index-in-node=\"0\">Sport- und Fitnessclubs:<\/b> Schwei\u00dfabweisend und bequem \u2013 perfekt f\u00fcr Fitnessstudio-Mitgliedschaften oder Team-Fanartikel.<\/p>\n<\/li>\n<\/ul>\n<p data-path-to-node=\"13\">","protected":false},"excerpt":{"rendered":"<ul>\n<li>\n<p data-path-to-node=\"5,0,0\">Hochwertiges, 3D-gepr\u00e4gtes Logo kombiniert mit gut sichtbarem Farbdruck.<\/p>\n<\/li>\n<li>\n<p data-path-to-node=\"5,1,0\">\u00c4u\u00dferst strapazierf\u00e4hig, wasserabweisend und angenehm zu tragen, auch \u00fcber l\u00e4ngere Zeit.<\/p>\n<\/li>\n<li>\n<p data-path-to-node=\"5,2,0\">Ideal f\u00fcr Corporate Branding, Wohlt\u00e4tigkeitskampagnen und VIP-Zugang zu Veranstaltungen.<\/p>\n<\/li>\n<li>\n<p data-path-to-node=\"5,3,0\">Erh\u00e4ltlich in Pantone-abgestimmten Sonderfarben f\u00fcr maximale Markengenauigkeit.<\/p>\n<\/li>\n<\/ul>","protected":false},"featured_media":6900,"comment_status":"closed","ping_status":"closed","template":"","meta":[],"product_brand":[],"product_cat":[49],"product_tag":[],"class_list":{"0":"post-6899","1":"product","2":"type-product","3":"status-publish","4":"has-post-thumbnail","6":"product_cat-silicone","8":"first","9":"instock","10":"shipping-taxable","11":"purchasable","12":"product-type-simple"},"_links":{"self":[{"href":"https:\/\/wristbandfactory.eu\/de\/wp-json\/wp\/v2\/product\/6899","targetHints":{"allow":["GET"]}}],"collection":[{"href":"https:\/\/wristbandfactory.eu\/de\/wp-json\/wp\/v2\/product"}],"about":[{"href":"https:\/\/wristbandfactory.eu\/de\/wp-json\/wp\/v2\/types\/product"}],"replies":[{"embeddable":true,"href":"https:\/\/wristbandfactory.eu\/de\/wp-json\/wp\/v2\/comments?post=6899"}],"wp:featuredmedia":[{"embeddable":true,"href":"https:\/\/wristbandfactory.eu\/de\/wp-json\/wp\/v2\/media\/6900"}],"wp:attachment":[{"href":"https:\/\/wristbandfactory.eu\/de\/wp-json\/wp\/v2\/media?parent=6899"}],"wp:term":[{"taxonomy":"product_brand","embeddable":true,"href":"https:\/\/wristbandfactory.eu\/de\/wp-json\/wp\/v2\/product_brand?post=6899"},{"taxonomy":"product_cat","embeddable":true,"href":"https:\/\/wristbandfactory.eu\/de\/wp-json\/wp\/v2\/product_cat?post=6899"},{"taxonomy":"product_tag","embeddable":true,"href":"https:\/\/wristbandfactory.eu\/de\/wp-json\/wp\/v2\/product_tag?post=6899"}],"curies":[{"name":"wp","href":"https:\/\/api.w.org\/{rel}","templated":true}]}}