{"id":6879,"date":"2026-02-05T16:11:04","date_gmt":"2026-02-05T13:11:04","guid":{"rendered":"https:\/\/wristbandfactory.eu\/?post_type=product&#038;p=6879"},"modified":"2026-02-08T23:24:06","modified_gmt":"2026-02-08T20:24:06","slug":"custom-rpet-screen-printed-lanyards","status":"publish","type":"product","link":"https:\/\/wristbandfactory.eu\/de\/p\/custom-rpet-screen-printed-lanyards\/","title":{"rendered":"Bedruckte RPET-Schl\u00fcsselb\u00e4nder (Siebdruck)"},"content":{"rendered":"<p data-path-to-node=\"9\">Verbinden Sie Nachhaltigkeit mit strengen Markenrichtlinien \u2013 mit unseren individuell bedruckten RPET-Lanyards im Siebdruckverfahren. W\u00e4hrend Sublimation fotorealistische Details liefert, ist Siebdruck die erste Wahl f\u00fcr Profis, die gestochen scharfe, ausdrucksstarke Logos und exakte Farbtreue erwarten.<\/p>\n<p data-path-to-node=\"10\">Diese Lanyards werden aus recyceltem Polyester (rPET) hergestellt und geben Plastikm\u00fcll ein zweites Leben. Gleichzeitig bieten sie ein strapazierf\u00e4higes und komfortables Halsband. Dank des Siebdruckverfahrens wird Ihr Logo in Ihren spezifischen Pantone-Farben auf den Stoff gedruckt. Dies sorgt f\u00fcr eine h\u00f6here Deckkraft und einen besseren Kontrast als bei Digitaldruckverfahren. Daher eignen sie sich ideal f\u00fcr Unternehmen, in denen Markenintegrit\u00e4t h\u00f6chste Priorit\u00e4t hat.<\/p>\n<h2 data-path-to-node=\"11\">Hauptmerkmale<\/h2>\n<ul data-path-to-node=\"12\">\n<li>\n<p data-path-to-node=\"12,0,0\"><b data-path-to-node=\"12,0,0\" data-index-in-node=\"0\">Pantone-Farbton:<\/b> Wir k\u00f6nnen sowohl die Farbauswahl f\u00fcr das Farbband als auch die Tintenfarbe genau auf Ihre spezifischen PMS-Codes abstimmen.<\/p>\n<\/li>\n<li>\n<p data-path-to-node=\"12,1,0\"><b data-path-to-node=\"12,1,0\" data-index-in-node=\"0\">Taktile Qualit\u00e4t:<\/b> Der Siebdruck erzeugt im Vergleich zu flachen Digitaldrucken eine leicht erhabene, hochwertige Haptik.<\/p>\n<\/li>\n<li>\n<p data-path-to-node=\"12,2,0\"><b data-path-to-node=\"12,2,0\" data-index-in-node=\"0\">Strapazierf\u00e4hig und waschbar:<\/b> Die Tinte verbindet sich fest mit den rPET-Fasern, wodurch sichergestellt wird, dass das Logo auch nach l\u00e4ngerem Tragen sichtbar bleibt.<\/p>\n<\/li>\n<li>\n<p data-path-to-node=\"12,3,0\"><b data-path-to-node=\"12,3,0\" data-index-in-node=\"0\">\u00d6ko-zertifiziert:<\/b> Ein konkretes Bekenntnis zur Nachhaltigkeit, das Sie Ihren Stakeholdern vermitteln k\u00f6nnen.<\/p>\n<\/li>\n<\/ul>\n<h2 data-path-to-node=\"13\">Technische Daten<\/h2>\n<ul data-path-to-node=\"14\">\n<li>\n<p data-path-to-node=\"14,0,0\"><b data-path-to-node=\"14,0,0\" data-index-in-node=\"0\">Material:<\/b> 100% Recyceltes Polyester (rPET).<\/p>\n<\/li>\n<li>\n<p data-path-to-node=\"14,1,0\"><b data-path-to-node=\"14,1,0\" data-index-in-node=\"0\">Breite:<\/b> Erh\u00e4ltlich in 10 mm, 15 mm, 20 mm und 25 mm.<\/p>\n<\/li>\n<li>\n<p data-path-to-node=\"14,2,0\"><b data-path-to-node=\"14,2,0\" data-index-in-node=\"0\">Standardl\u00e4nge:<\/b> 90 cm (ca.).<\/p>\n<\/li>\n<li>\n<p data-path-to-node=\"14,3,0\"><b data-path-to-node=\"14,3,0\" data-index-in-node=\"0\">Druckverfahren:<\/b> Siebdruck (1-4 Sonderfarben).<\/p>\n<\/li>\n<li>\n<p data-path-to-node=\"14,4,0\"><b data-path-to-node=\"14,4,0\" data-index-in-node=\"0\">Seiten:<\/b> Ein- oder beidseitiger Druck m\u00f6glich.<\/p>\n<\/li>\n<li>\n<p data-path-to-node=\"14,5,0\"><b data-path-to-node=\"14,5,0\" data-index-in-node=\"0\">Anh\u00e4nge:<\/b> Metallkarabiner (Standard), Ausl\u00f6seclip, Krokodilklemme oder Ovalhaken.<\/p>\n<\/li>\n<li>\n<p data-path-to-node=\"14,6,0\"><b data-path-to-node=\"14,6,0\" data-index-in-node=\"0\">Sicherheit:<\/b> Optional ist eine Sicherheitsabrei\u00dfschnalle erh\u00e4ltlich.<\/p>\n<\/li>\n<\/ul>\n<h2 data-path-to-node=\"15\">Anwendungsf\u00e4lle<\/h2>\n<ul data-path-to-node=\"16\">\n<li>\n<p data-path-to-node=\"16,0,0\"><b data-path-to-node=\"16,0,0\" data-index-in-node=\"0\">Corporate Identity:<\/b> Perfekt f\u00fcr Banken, Anwaltskanzleien und Technologieunternehmen, die eine exakte Verwendung der Logofarben ben\u00f6tigen.<\/p>\n<\/li>\n<li>\n<p data-path-to-node=\"16,1,0\"><b data-path-to-node=\"16,1,0\" data-index-in-node=\"0\">Gr\u00fcne Veranstaltungen:<\/b> Konferenzen mit Schwerpunkt auf Nachhaltigkeit und Umweltverantwortung.<\/p>\n<\/li>\n<li>\n<p data-path-to-node=\"16,2,0\"><b data-path-to-node=\"16,2,0\" data-index-in-node=\"0\">Mitarbeiteruniformen:<\/b> Robuste und professionelle Ausweish\u00fcllen f\u00fcr Mitarbeiter im Einzelhandel und Gastgewerbe.<\/p>\n<\/li>\n<li>\n<p data-path-to-node=\"16,3,0\"><b data-path-to-node=\"16,3,0\" data-index-in-node=\"0\">Regierung und \u00f6ffentlicher Sektor:<\/b> Die Beschaffungsanforderungen f\u00fcr nachhaltige Materialien erf\u00fcllen, ohne dabei Kompromisse bei der Qualit\u00e4t einzugehen.<\/p>\n<\/li>\n<\/ul>","protected":false},"excerpt":{"rendered":"<ul>\n<li>\n<p data-path-to-node=\"8,0,0\"><b data-path-to-node=\"8,0,0\" data-index-in-node=\"0\">Umweltbewusstes Material:<\/b> Hergestellt aus 100% recycelten PET-Kunststoffflaschen, wodurch aktiv Plastikm\u00fcll reduziert wird.<\/p>\n<\/li>\n<li>\n<p data-path-to-node=\"8,1,0\"><b data-path-to-node=\"8,1,0\" data-index-in-node=\"0\">Pr\u00e4zises Branding:<\/b> Der Siebdruck erm\u00f6glicht die exakte Farbabstimmung nach Pantone (PMS) f\u00fcr Logos und Texte.<\/p>\n<\/li>\n<li>\n<p data-path-to-node=\"8,2,0\"><b data-path-to-node=\"8,2,0\" data-index-in-node=\"0\">Hoher Kontrast:<\/b> Der Druck liegt auf dem Stoff auf und erzeugt so eine klare, strukturierte Oberfl\u00e4che, die sich vom Band abhebt.<\/p>\n<\/li>\n<li>\n<p data-path-to-node=\"8,3,0\"><b data-path-to-node=\"8,3,0\" data-index-in-node=\"0\">Vollst\u00e4ndige Anpassungsm\u00f6glichkeiten:<\/b> W\u00e4hlen Sie Ihre Bandfarbe, Druckfarbe und Befestigungsart (Karabiner, Krokodilklemme, Hundeklemme).<\/p>\n<\/li>\n<\/ul>","protected":false},"featured_media":6880,"comment_status":"closed","ping_status":"closed","template":"","meta":[],"product_brand":[],"product_cat":[107],"product_tag":[],"class_list":{"0":"post-6879","1":"product","2":"type-product","3":"status-publish","4":"has-post-thumbnail","6":"product_cat-eco-friendly-lanyards","8":"first","9":"instock","10":"shipping-taxable","11":"purchasable","12":"product-type-simple"},"_links":{"self":[{"href":"https:\/\/wristbandfactory.eu\/de\/wp-json\/wp\/v2\/product\/6879","targetHints":{"allow":["GET"]}}],"collection":[{"href":"https:\/\/wristbandfactory.eu\/de\/wp-json\/wp\/v2\/product"}],"about":[{"href":"https:\/\/wristbandfactory.eu\/de\/wp-json\/wp\/v2\/types\/product"}],"replies":[{"embeddable":true,"href":"https:\/\/wristbandfactory.eu\/de\/wp-json\/wp\/v2\/comments?post=6879"}],"wp:featuredmedia":[{"embeddable":true,"href":"https:\/\/wristbandfactory.eu\/de\/wp-json\/wp\/v2\/media\/6880"}],"wp:attachment":[{"href":"https:\/\/wristbandfactory.eu\/de\/wp-json\/wp\/v2\/media?parent=6879"}],"wp:term":[{"taxonomy":"product_brand","embeddable":true,"href":"https:\/\/wristbandfactory.eu\/de\/wp-json\/wp\/v2\/product_brand?post=6879"},{"taxonomy":"product_cat","embeddable":true,"href":"https:\/\/wristbandfactory.eu\/de\/wp-json\/wp\/v2\/product_cat?post=6879"},{"taxonomy":"product_tag","embeddable":true,"href":"https:\/\/wristbandfactory.eu\/de\/wp-json\/wp\/v2\/product_tag?post=6879"}],"curies":[{"name":"wp","href":"https:\/\/api.w.org\/{rel}","templated":true}]}}