{"id":6868,"date":"2026-02-05T15:04:54","date_gmt":"2026-02-05T12:04:54","guid":{"rendered":"https:\/\/wristbandfactory.eu\/?post_type=product&#038;p=6868"},"modified":"2026-02-05T15:04:54","modified_gmt":"2026-02-05T12:04:54","slug":"custom-non-slip-grip-socks-pilates-yoga-trampoline","status":"publish","type":"product","link":"https:\/\/wristbandfactory.eu\/de\/p\/custom-non-slip-grip-socks-pilates-yoga-trampoline\/","title":{"rendered":"Anti-Rutsch-Socken mit Logo"},"content":{"rendered":"<p data-path-to-node=\"7\">Verbessern Sie das Branding und die Sicherheitsstandards Ihres Studios mit unseren individuell gestaltbaren, rutschfesten Socken. Diese Socken wurden f\u00fcr anspruchsvolle Umgebungen wie Pilates-Studios, Yoga-Zentren und Trampolinparks entwickelt und bieten die perfekte Balance aus Hygiene, Komfort und Stabilit\u00e4t.<\/p>\n<p data-path-to-node=\"8\">Inspiriert von professionellen Trainingsprogrammen (wie der MyFitness Fusion Pilates Kollektion) wurden diese Socken entwickelt, um pr\u00e4zise Bewegungen zu unterst\u00fctzen. Die rutschfeste Sohle bietet optimalen Halt f\u00fcr die korrekte Ausf\u00fchrung von \u00dcbungen auf Reformern oder glatten Studiob\u00f6den, w\u00e4hrend die weiche Baumwollmischung f\u00fcr ein optimales Feuchtigkeitsmanagement sorgt.<\/p>\n<h2 data-path-to-node=\"9\">Hauptmerkmale<\/h2>\n<ul data-path-to-node=\"10\">\n<li>\n<p data-path-to-node=\"10,0,0\"><b data-path-to-node=\"10,0,0\" data-index-in-node=\"0\">Kundenspezifische Grifftechnologie:<\/b> W\u00e4hlen Sie aus Standard-Punktmustern oder gestalten Sie ein komplett individuelles Griffdesign mit Ihrem Logo oder Markensymbol auf der Sohle.<\/p>\n<\/li>\n<li>\n<p data-path-to-node=\"10,1,0\"><b data-path-to-node=\"10,1,0\" data-index-in-node=\"0\">Aufwendiges Branding:<\/b> Im Gegensatz zu bedruckten Socken wird Ihr Design mithilfe der hochaufl\u00f6senden Jacquard-Technologie direkt in den Stoff eingestrickt, was f\u00fcr eine hochwertige Optik sorgt, die nicht verblasst.<\/p>\n<\/li>\n<li>\n<p data-path-to-node=\"10,2,0\"><b data-path-to-node=\"10,2,0\" data-index-in-node=\"0\">Leistungsstarke Konstruktion:<\/b> Verf\u00fcgt \u00fcber eine verst\u00e4rkte Ferse und Zehenpartie sowie ein eng anliegendes Rippb\u00fcndchen, das ein Herunterrollen der Socke beim Training verhindert.<\/p>\n<\/li>\n<li>\n<p data-path-to-node=\"10,3,0\"><b data-path-to-node=\"10,3,0\" data-index-in-node=\"0\">Lebendige \u00c4sthetik:<\/b> Mit 190 verf\u00fcgbaren Garnfarben k\u00f6nnen wir Ihre Corporate Identity perfekt umsetzen \u2013 von leuchtenden Neonfarben bis hin zu Pastellt\u00f6nen.<\/p>\n<\/li>\n<\/ul>\n<h2 data-path-to-node=\"11\">Technische Daten<\/h2>\n<ul data-path-to-node=\"12\">\n<li>\n<p data-path-to-node=\"12,0,0\"><b data-path-to-node=\"12,0,0\" data-index-in-node=\"0\">Mindestbestellwert:<\/b> 300 Paar (Gro\u00dfbestellungen k\u00f6nnen in Asien in Serie gefertigt werden).<\/p>\n<\/li>\n<li>\n<p data-path-to-node=\"12,1,0\"><b data-path-to-node=\"12,1,0\" data-index-in-node=\"0\">Materialzusammensetzung:<\/b> 80% Baumwolle, 20% Polyamid\/Elastan (Optimiert f\u00fcr Sport).<\/p>\n<\/li>\n<li>\n<p data-path-to-node=\"12,2,0\"><b data-path-to-node=\"12,2,0\" data-index-in-node=\"0\">Gr\u00f6\u00dfen:<\/b> Erh\u00e4ltlich in Standard-Unisex-Gr\u00f6\u00dfen (z. B. 35-38, 39-42, 43-46) oder in individuellen Gr\u00f6\u00dfenbereichen.<\/p>\n<\/li>\n<li>\n<p data-path-to-node=\"12,3,0\"><b data-path-to-node=\"12,3,0\" data-index-in-node=\"0\">Verpackung:<\/b> Gro\u00dfpackungen oder einzeln verkaufsfertige Verpackungen (mit Headerkarten) f\u00fcr Studio-Shops.<\/p>\n<\/li>\n<\/ul>\n<h2 data-path-to-node=\"13\">Anwendungsf\u00e4lle<\/h2>\n<ul data-path-to-node=\"14\">\n<li>\n<p data-path-to-node=\"14,0,0\"><b data-path-to-node=\"14,0,0\" data-index-in-node=\"0\">Boutique-Fitnessstudios:<\/b> Ein margenstarker Einzelhandelsartikel f\u00fcr Pilates-, Barre- und Yoga-Mitglieder.<\/p>\n<\/li>\n<li>\n<p data-path-to-node=\"14,1,0\"><b data-path-to-node=\"14,1,0\" data-index-in-node=\"0\">Trampolin- und Abenteuerparks:<\/b> Obligatorische Sicherheitssocken, die gleichzeitig als Souvenir zum Mitnehmen dienen.<\/p>\n<\/li>\n<li>\n<p data-path-to-node=\"14,2,0\"><b data-path-to-node=\"14,2,0\" data-index-in-node=\"0\">Rehabilitationszentren:<\/b> Bietet Patienten w\u00e4hrend der Physiotherapie sicheres, rutschfestes Schuhwerk.<\/p>\n<\/li>\n<li>\n<p data-path-to-node=\"14,3,0\"><b data-path-to-node=\"14,3,0\" data-index-in-node=\"0\">Betriebliches Gesundheitsmanagement:<\/b> Ein praktisches und gesundheitsf\u00f6rderndes Geschenk f\u00fcr betriebliche Fitnessprogramme.<\/p>\n<\/li>\n<\/ul>","protected":false},"excerpt":{"rendered":"<ul>\n<li>\n<p data-path-to-node=\"6,0,0\"><b data-path-to-node=\"6,0,0\" data-index-in-node=\"0\">Professionelle Stabilit\u00e4t:<\/b> Die rutschfeste Sohle aus Silikon oder PVC verhindert ein Ausrutschen auf Matten und B\u00f6den.<\/p>\n<\/li>\n<li>\n<p data-path-to-node=\"6,1,0\"><b data-path-to-node=\"6,1,0\" data-index-in-node=\"0\">Hochwertige Materialmischung:<\/b> Mischung aus 80% Baumwolle und 20% Polyamid f\u00fcr Atmungsaktivit\u00e4t, Weichheit und Strapazierf\u00e4higkeit.<\/p>\n<\/li>\n<li>\n<p data-path-to-node=\"6,2,0\"><b data-path-to-node=\"6,2,0\" data-index-in-node=\"0\">Vollst\u00e4ndig anpassbar:<\/b> Gestricktes Design (Jacquard) mit \u00fcber 190 Standardfarben und individuellen Griffmustern (z. B. Ihr Logo als Griff).<\/p>\n<\/li>\n<li>\n<p data-path-to-node=\"6,3,0\"><b data-path-to-node=\"6,3,0\" data-index-in-node=\"0\">Sicherer Sitz:<\/b> Verst\u00e4rkte Rippb\u00fcndchen sorgen daf\u00fcr, dass die Socke auch bei intensiver Bewegung an Ort und Stelle bleibt.<\/p>\n<\/li>\n<\/ul>","protected":false},"featured_media":6869,"comment_status":"closed","ping_status":"closed","template":"","meta":[],"product_brand":[],"product_cat":[118],"product_tag":[],"class_list":{"0":"post-6868","1":"product","2":"type-product","3":"status-publish","4":"has-post-thumbnail","6":"product_cat-sports-fitness","8":"first","9":"instock","10":"shipping-taxable","11":"purchasable","12":"product-type-simple"},"_links":{"self":[{"href":"https:\/\/wristbandfactory.eu\/de\/wp-json\/wp\/v2\/product\/6868","targetHints":{"allow":["GET"]}}],"collection":[{"href":"https:\/\/wristbandfactory.eu\/de\/wp-json\/wp\/v2\/product"}],"about":[{"href":"https:\/\/wristbandfactory.eu\/de\/wp-json\/wp\/v2\/types\/product"}],"replies":[{"embeddable":true,"href":"https:\/\/wristbandfactory.eu\/de\/wp-json\/wp\/v2\/comments?post=6868"}],"wp:featuredmedia":[{"embeddable":true,"href":"https:\/\/wristbandfactory.eu\/de\/wp-json\/wp\/v2\/media\/6869"}],"wp:attachment":[{"href":"https:\/\/wristbandfactory.eu\/de\/wp-json\/wp\/v2\/media?parent=6868"}],"wp:term":[{"taxonomy":"product_brand","embeddable":true,"href":"https:\/\/wristbandfactory.eu\/de\/wp-json\/wp\/v2\/product_brand?post=6868"},{"taxonomy":"product_cat","embeddable":true,"href":"https:\/\/wristbandfactory.eu\/de\/wp-json\/wp\/v2\/product_cat?post=6868"},{"taxonomy":"product_tag","embeddable":true,"href":"https:\/\/wristbandfactory.eu\/de\/wp-json\/wp\/v2\/product_tag?post=6868"}],"curies":[{"name":"wp","href":"https:\/\/api.w.org\/{rel}","templated":true}]}}