{"id":6861,"date":"2026-01-29T16:06:16","date_gmt":"2026-01-29T13:06:16","guid":{"rendered":"https:\/\/wristbandfactory.eu\/?post_type=product&#038;p=6861"},"modified":"2026-01-29T16:06:16","modified_gmt":"2026-01-29T13:06:16","slug":"custom-printed-pasante-condoms-foil-pack-50x50mm","status":"publish","type":"product","link":"https:\/\/wristbandfactory.eu\/de\/p\/custom-printed-pasante-condoms-foil-pack-50x50mm\/","title":{"rendered":"Bedruckte Werbekondome Pasante im Folienbriefchen"},"content":{"rendered":"<p data-path-to-node=\"4\">Steigern Sie Ihre Markenbekanntheit mit einem verantwortungsvollen und wirkungsvollen Werbeartikel. Unser <b data-path-to-node=\"4\" data-index-in-node=\"109\">Individuell bedruckte Pasante-Kondome<\/b> Diese Kondome vereinen Gesundheitssicherheit mit wirkungsvollem Marketing. Sie eignen sich ideal f\u00fcr Kampagnen im Bereich der \u00f6ffentlichen Gesundheit, Nachtclubs, Festivals, Studentenveranstaltungen und Gastronomiebetriebe und bieten eine einzigartige M\u00f6glichkeit, Ihre Botschaft direkt an Ihre Zielgruppe zu \u00fcbermitteln.<\/p>\n<p data-path-to-node=\"5\">Jede Packung enth\u00e4lt ein Original-Kondom von Pasante Neutral, einer weltweit f\u00fcr Sicherheit und Qualit\u00e4t bekannten Marke. Die 50 x 50 mm gro\u00dfe Folienverpackung bietet eine optimale Druckfl\u00e4che. Wir verwenden hochaufl\u00f6senden Offsetdruck, um Ihr Logo, Ihren Slogan oder Ihr Artwork in Vollfarbe (CMYK) auf der Vorderseite darzustellen, w\u00e4hrend die R\u00fcckseite einfarbig und sauber bedruckt wird \u2013 ideal f\u00fcr Anweisungen oder zus\u00e4tzlichen Text.<\/p>\n<h2 data-path-to-node=\"6\">Hauptmerkmale<\/h2>\n<ul data-path-to-node=\"7\">\n<li>\n<p data-path-to-node=\"7,0,0\"><b data-path-to-node=\"7,0,0\" data-index-in-node=\"0\">Premiumqualit\u00e4t:<\/b> Verwendet ausschlie\u00dflich Original-Pasante-Kondome f\u00fcr maximale Zuverl\u00e4ssigkeit und Vertrauen der Nutzer.<\/p>\n<\/li>\n<li>\n<p data-path-to-node=\"7,1,0\"><b data-path-to-node=\"7,1,0\" data-index-in-node=\"0\">Hochwertiger Druck:<\/b> Der professionelle Offsetdruck gew\u00e4hrleistet leuchtende Farben und scharfe Details auf der Folie.<\/p>\n<\/li>\n<li>\n<p data-path-to-node=\"7,2,0\"><b data-path-to-node=\"7,2,0\" data-index-in-node=\"0\">Schnelle Bearbeitung:<\/b> Die Produktionszeit von nur 1-2 Wochen macht es ideal f\u00fcr die kurzfristige Planung von Veranstaltungen.<\/p>\n<\/li>\n<li>\n<p data-path-to-node=\"7,3,0\"><b data-path-to-node=\"7,3,0\" data-index-in-node=\"0\">Vielseitiger Vertrieb:<\/b> Klein, leicht und unbedruckt zu verteilen in Geschenkt\u00fcten, an Verkaufsst\u00e4nden oder \u00fcber Street Teams.<\/p>\n<\/li>\n<\/ul>\n<h2 data-path-to-node=\"8\">Technische Daten<\/h2>\n<ul data-path-to-node=\"9\">\n<li>\n<p data-path-to-node=\"9,0,0\"><b data-path-to-node=\"9,0,0\" data-index-in-node=\"0\">Abmessungen:<\/b> 50 mm x 50 mm (Folienverpackung)<\/p>\n<\/li>\n<li>\n<p data-path-to-node=\"9,1,0\"><b data-path-to-node=\"9,1,0\" data-index-in-node=\"0\">Inhalt:<\/b> 1x Pasante Neutral Kondom<\/p>\n<\/li>\n<li>\n<p data-path-to-node=\"9,2,0\"><b data-path-to-node=\"9,2,0\" data-index-in-node=\"0\">Druckmethode:<\/b> Offsetdruck<\/p>\n<\/li>\n<li>\n<p data-path-to-node=\"9,3,0\"><b data-path-to-node=\"9,3,0\" data-index-in-node=\"0\">Printabdeckung:<\/b> Vorderseite: Vollfarbe (CMYK) | R\u00fcckseite: 1 Farbe<\/p>\n<\/li>\n<li>\n<p data-path-to-node=\"9,4,0\"><b data-path-to-node=\"9,4,0\" data-index-in-node=\"0\">Mindestbestellmenge (MOQ):<\/b> 100 St\u00fcck<\/p>\n<\/li>\n<li>\n<p data-path-to-node=\"9,5,0\"><b data-path-to-node=\"9,5,0\" data-index-in-node=\"0\">Lieferzeit:<\/b> 1 \u2013 2 Wochen<\/p>\n<\/li>\n<\/ul>\n<h2 data-path-to-node=\"10\">Anwendungsf\u00e4lle<\/h2>\n<ul data-path-to-node=\"11\">\n<li>\n<p data-path-to-node=\"11,0,0\"><b data-path-to-node=\"11,0,0\" data-index-in-node=\"0\">Gesundheitsaufkl\u00e4rungskampagnen:<\/b> Ideal f\u00fcr NGOs und Kliniken, die Safer Sex f\u00f6rdern.<\/p>\n<\/li>\n<li>\n<p data-path-to-node=\"11,1,0\"><b data-path-to-node=\"11,1,0\" data-index-in-node=\"0\">Nachtleben &amp; Unterhaltung:<\/b> Nachtclubs, Bars und Festivals, die die Sicherheit der G\u00e4ste gew\u00e4hrleisten und gleichzeitig die Markentreue st\u00e4rken.<\/p>\n<\/li>\n<li>\n<p data-path-to-node=\"11,2,0\"><b data-path-to-node=\"11,2,0\" data-index-in-node=\"0\">Studentenveranstaltungen:<\/b> Orientierungswochen und Gesundheitsmessen der Universit\u00e4t.<\/p>\n<\/li>\n<li>\n<p data-path-to-node=\"11,3,0\"><b data-path-to-node=\"11,3,0\" data-index-in-node=\"0\">Hotel- und Gastgewerbe:<\/b> Eine durchdachte Erg\u00e4nzung zu den Annehmlichkeiten im Zimmer.<\/p>\n<\/li>\n<\/ul>","protected":false},"excerpt":{"rendered":"<ul>\n<li>\n<p data-path-to-node=\"3,0,0\"><b data-path-to-node=\"3,0,0\" data-index-in-node=\"0\">Vertrauensw\u00fcrdige Sicherheit:<\/b> Enth\u00e4lt 1 hochwertiges, CE-zertifiziertes Pasante Neutral Kondom.<\/p>\n<\/li>\n<li>\n<p data-path-to-node=\"3,1,0\"><b data-path-to-node=\"3,1,0\" data-index-in-node=\"0\">Vollst\u00e4ndiges Branding:<\/b> Vollst\u00e4ndiger CMYK-Vollfarb-Offsetdruck auf der Vorderseite der Folienverpackung.<\/p>\n<\/li>\n<li>\n<p data-path-to-node=\"3,2,0\"><b data-path-to-node=\"3,2,0\" data-index-in-node=\"0\">Kompaktes Marketing:<\/b> Die 50x50mm gro\u00dfe quadratische Folienverpackung dient als perfekte Leinwand f\u00fcr Kampagnenbotschaften.<\/p>\n<\/li>\n<li>\n<p data-path-to-node=\"3,3,0\"><b data-path-to-node=\"3,3,0\" data-index-in-node=\"0\">Niedriges Minimum:<\/b> Bestellmengen ab nur 100 St\u00fcck mit schneller Lieferung innerhalb von 1-2 Wochen.<\/p>\n<\/li>\n<\/ul>","protected":false},"featured_media":6862,"comment_status":"closed","ping_status":"closed","template":"","meta":[],"product_brand":[],"product_cat":[122],"product_tag":[],"class_list":{"0":"post-6861","1":"product","2":"type-product","3":"status-publish","4":"has-post-thumbnail","6":"product_cat-promotional-accessories","8":"first","9":"instock","10":"shipping-taxable","11":"purchasable","12":"product-type-simple"},"_links":{"self":[{"href":"https:\/\/wristbandfactory.eu\/de\/wp-json\/wp\/v2\/product\/6861","targetHints":{"allow":["GET"]}}],"collection":[{"href":"https:\/\/wristbandfactory.eu\/de\/wp-json\/wp\/v2\/product"}],"about":[{"href":"https:\/\/wristbandfactory.eu\/de\/wp-json\/wp\/v2\/types\/product"}],"replies":[{"embeddable":true,"href":"https:\/\/wristbandfactory.eu\/de\/wp-json\/wp\/v2\/comments?post=6861"}],"wp:featuredmedia":[{"embeddable":true,"href":"https:\/\/wristbandfactory.eu\/de\/wp-json\/wp\/v2\/media\/6862"}],"wp:attachment":[{"href":"https:\/\/wristbandfactory.eu\/de\/wp-json\/wp\/v2\/media?parent=6861"}],"wp:term":[{"taxonomy":"product_brand","embeddable":true,"href":"https:\/\/wristbandfactory.eu\/de\/wp-json\/wp\/v2\/product_brand?post=6861"},{"taxonomy":"product_cat","embeddable":true,"href":"https:\/\/wristbandfactory.eu\/de\/wp-json\/wp\/v2\/product_cat?post=6861"},{"taxonomy":"product_tag","embeddable":true,"href":"https:\/\/wristbandfactory.eu\/de\/wp-json\/wp\/v2\/product_tag?post=6861"}],"curies":[{"name":"wp","href":"https:\/\/api.w.org\/{rel}","templated":true}]}}